{"id":9982,"date":"2025-09-08T09:04:43","date_gmt":"2025-09-08T09:04:43","guid":{"rendered":"https:\/\/redsea-dream-tours.com\/?post_type=product&#038;p=9982"},"modified":"2025-11-28T15:06:05","modified_gmt":"2025-11-28T15:06:05","slug":"eden-island-trip","status":"publish","type":"product","link":"https:\/\/redsea-dream-tours.com\/pl\/produkt\/eden-island-trip\/","title":{"rendered":"Rajska wyspa: Snorkeling, relaks i all inclusive"},"content":{"rendered":"<p data-start=\"93\" data-end=\"373\">\ud83c\udfdd\ufe0f <strong data-start=\"97\" data-end=\"144\">Ucieczka na wysp\u0119 Eden - raj na Morzu Czerwonym!<\/strong><br data-start=\"144\" data-end=\"147\" \/>Znajduje si\u0119 w osza\u0142amiaj\u0105cym <strong data-start=\"175\" data-end=\"207\">Rezerwat morski na wyspie Giftun<\/strong>tu\u017c przy wybrze\u017cu Hurghady, <strong data-start=\"241\" data-end=\"256\">Wyspa Eden<\/strong> to najlepszy spos\u00f3b na <strong data-start=\"286\" data-end=\"370\">s\u0142o\u0144ce \u2600\ufe0f, krystalicznie czysta woda \ud83c\udf0a i niezapomniane przygody snorkelingowe \ud83e\udd3f<\/strong>.<\/p>\n<p data-start=\"375\" data-end=\"525\">Eden Island oferuje <strong data-start=\"394\" data-end=\"472\">zapieraj\u0105ce dech w piersiach naturalne krajobrazy i relaksuj\u0105cy dzie\u0144 na tej spokojnej wyspie<\/strong>z <strong data-start=\"482\" data-end=\"507\">Program all-inclusive<\/strong>gdzie mo\u017cna:<\/p>\n<ul data-start=\"526\" data-end=\"754\">\n<li data-start=\"526\" data-end=\"567\">\n<p data-start=\"528\" data-end=\"567\"><strong data-start=\"528\" data-end=\"562\">Nielimitowane napoje przez ca\u0142y dzie\u0144<\/strong> \ud83c\udf79<\/p>\n<\/li>\n<li data-start=\"568\" data-end=\"611\">\n<p data-start=\"570\" data-end=\"611\"><strong data-start=\"570\" data-end=\"606\">Zjedz porann\u0105 przek\u0105sk\u0119 i \u015bniadanie<\/strong> \ud83e\udd50<\/p>\n<\/li>\n<li data-start=\"612\" data-end=\"667\">\n<p data-start=\"614\" data-end=\"667\"><strong data-start=\"614\" data-end=\"661\">2-godzinny lunch w formie bufetu do syta<\/strong> \ud83c\udf7d\ufe0f<\/p>\n<\/li>\n<li data-start=\"668\" data-end=\"754\">\n<p data-start=\"670\" data-end=\"754\"><strong data-start=\"670\" data-end=\"749\">We\u017a udzia\u0142 w sesji nurkowania z rurk\u0105, aby odkry\u0107 wspania\u0142e dno Morza Czerwonego.<\/strong> \ud83d\udc20<\/p>\n<\/li>\n<\/ul>\n<p data-start=\"756\" data-end=\"772\">\ud83d\udd57 <strong data-start=\"759\" data-end=\"770\">Program<\/strong><\/p>\n<ul data-start=\"773\" data-end=\"901\">\n<li data-start=\"773\" data-end=\"829\">\n<p data-start=\"775\" data-end=\"829\">Wyjazd oko\u0142o 8:30 rano - Powr\u00f3t oko\u0142o 4:30 po po\u0142udniu.<\/p>\n<\/li>\n<li data-start=\"830\" data-end=\"871\">\n<p data-start=\"832\" data-end=\"871\">Relaks i p\u0142ywanie na wyspie<\/p>\n<\/li>\n<li data-start=\"872\" data-end=\"901\">\n<p data-start=\"874\" data-end=\"901\">Nurkowanie z rurk\u0105 w Morzu Czerwonym<\/p>\n<\/li>\n<\/ul>\n<p data-start=\"903\" data-end=\"927\">\u2693 <strong data-start=\"905\" data-end=\"925\">Do\u0142\u0105czone opcje<\/strong><\/p>\n<ul data-start=\"928\" data-end=\"1125\">\n<li data-start=\"928\" data-end=\"957\">\n<p data-start=\"930\" data-end=\"957\">Transfer do hotelu w obie strony<\/p>\n<\/li>\n<li data-start=\"958\" data-end=\"989\">\n<p data-start=\"960\" data-end=\"989\">Op\u0142aty za wst\u0119p na wysp\u0119<\/p>\n<\/li>\n<li data-start=\"990\" data-end=\"1008\">\n<p data-start=\"992\" data-end=\"1008\">Transport \u0142odzi<\/p>\n<\/li>\n<li data-start=\"1009\" data-end=\"1044\">\n<p data-start=\"1011\" data-end=\"1044\">Sprz\u0119t do snorkelingu<\/p>\n<\/li>\n<li data-start=\"1045\" data-end=\"1062\">\n<p data-start=\"1047\" data-end=\"1062\">Poranna przek\u0105ska<\/p>\n<\/li>\n<li data-start=\"1063\" data-end=\"1096\">\n<p data-start=\"1065\" data-end=\"1096\">2-godzinny bufet all-you-can-eat<\/p>\n<\/li>\n<li data-start=\"1097\" data-end=\"1125\">\n<p data-start=\"1099\" data-end=\"1125\">Nielimitowane napoje przez ca\u0142y dzie\u0144<\/p>\n<\/li>\n<\/ul>\n<p data-start=\"1127\" data-end=\"1186\"><strong data-start=\"1127\" data-end=\"1184\">Zanurz si\u0119 w raju i stw\u00f3rz niezapomniane wspomnienia!<\/strong><\/p>\n<h3 data-start=\"2198\" data-end=\"2225\"><strong data-start=\"2205\" data-end=\"2223\">Cena wycieczki<\/strong><\/h3>\n<p data-start=\"2228\" data-end=\"2260\"><strong data-start=\"2233\" data-end=\"2258\">\u00a0 \u00a0<img decoding=\"async\" class=\"emoji\" role=\"img\" draggable=\"false\" src=\"https:\/\/s.w.org\/images\/core\/emoji\/16.0.1\/svg\/1f64e-1f3fb-200d-2642-fe0f.svg\" alt=\"\ud83d\ude4e\ud83c\udffb\u200d\u2642\ufe0f\" \/> 12 lat i powy\u017cej 65 \u20ac<\/strong><\/p>\n<p data-start=\"2228\" data-end=\"2260\"><strong data-start=\"2263\" data-end=\"2280\">\u00a0 \u00a0<img decoding=\"async\" class=\"emoji\" role=\"img\" draggable=\"false\" src=\"https:\/\/s.w.org\/images\/core\/emoji\/16.0.1\/svg\/1f9cd-1f3fb-200d-2640-fe0f.svg\" alt=\"\ud83e\uddcd\ud83c\udffb\u200d\u2640\ufe0f\" \/> 6\/11 lat 35 \u20ac<\/strong><\/p>\n<p data-start=\"2228\" data-end=\"2260\"><strong data-start=\"2327\" data-end=\"2355\">\u00a0 \u00a0<img decoding=\"async\" class=\"emoji\" role=\"img\" draggable=\"false\" src=\"https:\/\/s.w.org\/images\/core\/emoji\/16.0.1\/svg\/1f47c-1f3fc.svg\" alt=\"\ud83d\udc7c\ud83c\udffc\" \/> - 6 lat Bezp\u0142atnie \u20ac<\/strong><\/p>\n<h3 data-start=\"2198\" data-end=\"2225\"><strong data-start=\"2205\" data-end=\"2223\">P\u0142atno\u015b\u0107 w USD ($ \ud83c\uddfa\ud83c\uddf8) zamiast EUR (\u20ac \ud83c\uddea\ud83c\uddfa) jest dost\u0119pna zgodnie z dziennym kursem wymiany banku.<\/strong><\/h3>\n<p><strong>Book Through WhatsApp:<\/strong><\/p>\n<p><a href=\"https:\/\/api.whatsapp.com\/send\/?phone=01024021616\" target=\"_blank\" rel=\"noopener\">\u00a0<img decoding=\"async\" class=\"alignnone wp-image-2058\" src=\"https:\/\/poehalisnamiegypt.com\/wp-content\/uploads\/2024\/02\/pngwing.com_-300x300.png\" sizes=\"auto, (max-width: 35px) 100vw, 35px\" srcset=\"https:\/\/poehalisnamiegypt.com\/wp-content\/uploads\/2024\/02\/pngwing.com_-300x300.png 300w, https:\/\/poehalisnamiegypt.com\/wp-content\/uploads\/2024\/02\/pngwing.com_-150x150.png 150w, https:\/\/poehalisnamiegypt.com\/wp-content\/uploads\/2024\/02\/pngwing.com_.png 584w\" alt=\"\" width=\"53\" height=\"53\" \/><\/a><\/p>\n<div id=\"gtx-trans\" style=\"position: absolute; left: 303px; top: 1.2px;\">\n<div class=\"gtx-trans-icon\"><\/div>\n<\/div>","protected":false},"excerpt":{"rendered":"<p>\ud83c\udfdd\ufe0f Escape to Eden Island \u2013 A Red Sea Paradise!Located within the stunning Giftun Island Marine Reserve, just off the coast of Hurghada, Eden Island is your ultimate getaway for sunshine \u2600\ufe0f, crystal-clear waters \ud83c\udf0a, and unforgettable snorkeling adventures \ud83e\udd3f. Eden Island offers breathtaking natural landscapes and a relaxing day on this peaceful island, with [&hellip;]<\/p>","protected":false},"featured_media":9986,"comment_status":"open","ping_status":"closed","template":"","meta":{"_monsterinsights_skip_tracking":false,"_monsterinsights_sitenote_active":false,"_monsterinsights_sitenote_note":"","_monsterinsights_sitenote_category":0},"product_brand":[],"product_cat":[68],"product_tag":[],"class_list":{"0":"post-9982","1":"product","2":"type-product","3":"status-publish","4":"has-post-thumbnail","6":"product_cat-sea","8":"first","9":"instock","10":"shipping-taxable","11":"purchasable","12":"product-type-ovabrw_car_rental"},"_links":{"self":[{"href":"https:\/\/redsea-dream-tours.com\/pl\/wp-json\/wp\/v2\/product\/9982","targetHints":{"allow":["GET"]}}],"collection":[{"href":"https:\/\/redsea-dream-tours.com\/pl\/wp-json\/wp\/v2\/product"}],"about":[{"href":"https:\/\/redsea-dream-tours.com\/pl\/wp-json\/wp\/v2\/types\/product"}],"replies":[{"embeddable":true,"href":"https:\/\/redsea-dream-tours.com\/pl\/wp-json\/wp\/v2\/comments?post=9982"}],"wp:featuredmedia":[{"embeddable":true,"href":"https:\/\/redsea-dream-tours.com\/pl\/wp-json\/wp\/v2\/media\/9986"}],"wp:attachment":[{"href":"https:\/\/redsea-dream-tours.com\/pl\/wp-json\/wp\/v2\/media?parent=9982"}],"wp:term":[{"taxonomy":"product_brand","embeddable":true,"href":"https:\/\/redsea-dream-tours.com\/pl\/wp-json\/wp\/v2\/product_brand?post=9982"},{"taxonomy":"product_cat","embeddable":true,"href":"https:\/\/redsea-dream-tours.com\/pl\/wp-json\/wp\/v2\/product_cat?post=9982"},{"taxonomy":"product_tag","embeddable":true,"href":"https:\/\/redsea-dream-tours.com\/pl\/wp-json\/wp\/v2\/product_tag?post=9982"}],"curies":[{"name":"wp","href":"https:\/\/api.w.org\/{rel}","templated":true}]}}