{"id":9963,"date":"2025-09-08T08:12:24","date_gmt":"2025-09-08T08:12:24","guid":{"rendered":"https:\/\/redsea-dream-tours.com\/?post_type=product&#038;p=9963"},"modified":"2025-11-28T15:06:47","modified_gmt":"2025-11-28T15:06:47","slug":"sharm-elnaqa-trip","status":"publish","type":"product","link":"https:\/\/redsea-dream-tours.com\/pl\/produkt\/sharm-elnaqa-trip\/","title":{"rendered":"Sharm El Naga: nurkowanie, pla\u017ce i relaks"},"content":{"rendered":"<h2 data-start=\"123\" data-end=\"191\">\ud83c\udf0a <strong data-start=\"129\" data-end=\"189\">Niezapomniana wycieczka z nurkowaniem i relaksem w Sharm El Naga<\/strong><\/h2>\n<p data-start=\"193\" data-end=\"377\">Wyrusz w podr\u00f3\u017c do <strong data-start=\"216\" data-end=\"233\">Sharm El Naga<\/strong>jeden z najbardziej zapieraj\u0105cych dech w piersiach nadmorskich skarb\u00f3w Egiptu, gdzie <strong data-start=\"293\" data-end=\"364\">krystalicznie czyste wody, \u017cywe rafy koralowe i z\u0142ote piaszczyste pla\u017ce<\/strong> czekamy na Ciebie!<\/p>\n<h3 data-start=\"379\" data-end=\"420\">\ud83c\udfdd <strong data-start=\"386\" data-end=\"418\">Raj naturalnego pi\u0119kna<\/strong><\/h3>\n<p data-start=\"421\" data-end=\"673\">Sharm El Naga s\u0142ynie z <strong data-start=\"455\" data-end=\"487\">dziewicze \u015brodowisko naturalne<\/strong>z dala od zat\u0142oczonych miejsc turystycznych. Dzi\u0119ki spokojnemu, turkusowemu morzu i nietkni\u0119tym ogrodom koralowym, oferuje wyj\u0105tkow\u0105 szans\u0119 na ponowne po\u0142\u0105czenie si\u0119 z natur\u0105 i cieszenie si\u0119 spokojnym urokiem Morza Czerwonego.<\/p>\n<h3 data-start=\"675\" data-end=\"719\">\ud83e\udd3f <strong data-start=\"682\" data-end=\"717\">Snorkeling i podwodne cuda<\/strong><\/h3>\n<p data-start=\"720\" data-end=\"767\">Zanurz si\u0119 w podwodnym raju pe\u0142nym:<\/p>\n<ul data-start=\"768\" data-end=\"870\">\n<li data-start=\"768\" data-end=\"797\">\n<p data-start=\"770\" data-end=\"797\">Kolorowe ryby tropikalne<\/p>\n<\/li>\n<li data-start=\"798\" data-end=\"828\">\n<p data-start=\"800\" data-end=\"828\">\ud83e\udeb8 Spektakularne rafy koralowe<\/p>\n<\/li>\n<\/ul>\n<p data-start=\"872\" data-end=\"1011\">Niezale\u017cnie od tego, czy jeste\u015b pocz\u0105tkuj\u0105cym, czy do\u015bwiadczonym nurkiem, <strong data-start=\"928\" data-end=\"951\">profesjonalni przewodnicy<\/strong> zapewni bezpieczne i niezapomniane wra\u017cenia.<\/p>\n<h3 data-start=\"1013\" data-end=\"1046\">\ud83c\udf1e <strong data-start=\"1020\" data-end=\"1044\">Relaks i komfort<\/strong><\/h3>\n<p data-start=\"1047\" data-end=\"1152\">Po przygodzie z nurkowaniem z rurk\u0105, zrelaksuj si\u0119 na <strong data-start=\"1094\" data-end=\"1114\">Mi\u0119kka piaszczysta pla\u017ca<\/strong> pod ciep\u0142ym egipskim s\u0142o\u0144cem. Mi\u0142ego ogl\u0105dania:<\/p>\n<ul data-start=\"1153\" data-end=\"1269\">\n<li data-start=\"1153\" data-end=\"1191\">\n<p data-start=\"1155\" data-end=\"1191\">Wygodne le\u017caki i parasole przeciws\u0142oneczne<\/p>\n<\/li>\n<li data-start=\"1192\" data-end=\"1216\">\n<p data-start=\"1194\" data-end=\"1216\">Napoje orze\u017awiaj\u0105ce<\/p>\n<\/li>\n<li data-start=\"1217\" data-end=\"1269\">\n<p data-start=\"1219\" data-end=\"1269\">Pyszny lunch w formie bufetu z lokalnymi specja\u0142ami<\/p>\n<\/li>\n<\/ul>\n<h3 data-start=\"1271\" data-end=\"1300\">\ud83d\udea4 <strong data-start=\"1278\" data-end=\"1298\">Bezproblemowa podr\u00f3\u017c<\/strong><\/h3>\n<p data-start=\"1301\" data-end=\"1325\">Podr\u00f3\u017c obejmuje:<\/p>\n<ul data-start=\"1326\" data-end=\"1439\">\n<li data-start=\"1326\" data-end=\"1367\">\n<p data-start=\"1328\" data-end=\"1367\">Odbi\u00f3r i dow\u00f3z z hotelu<\/p>\n<\/li>\n<li data-start=\"1368\" data-end=\"1398\">\n<p data-start=\"1370\" data-end=\"1398\">Do\u015bwiadczeni przewodnicy turystyczni<\/p>\n<\/li>\n<li data-start=\"1399\" data-end=\"1439\">\n<p data-start=\"1401\" data-end=\"1439\">Bezp\u0142atne napoje bezalkoholowe i woda<\/p>\n<\/li>\n<\/ul>\n<h3 data-start=\"1441\" data-end=\"1480\">\ud83c\udfb5 <strong data-start=\"1448\" data-end=\"1478\">Dzie\u0144 zabawy i spokoju<\/strong><\/h3>\n<p data-start=\"1481\" data-end=\"1645\">Relaksuj\u0105c si\u0119 nad morzem lub odkrywaj\u0105c t\u0119tni\u0105cy \u017cyciem podwodny \u015bwiat, ciesz si\u0119 dniem wype\u0142nionym <strong data-start=\"1570\" data-end=\"1609\">Zabawa, relaks i wspania\u0142e widoki<\/strong> kt\u00f3re pozostawi\u0105 trwa\u0142e wspomnienia.<\/p>\n<h3 data-start=\"2198\" data-end=\"2225\"><strong data-start=\"2205\" data-end=\"2223\">Cena wycieczki<\/strong><\/h3>\n<p data-start=\"2228\" data-end=\"2260\"><strong data-start=\"2233\" data-end=\"2258\">\u00a0 \u00a0<img decoding=\"async\" class=\"emoji\" role=\"img\" draggable=\"false\" src=\"https:\/\/s.w.org\/images\/core\/emoji\/16.0.1\/svg\/1f64e-1f3fb-200d-2642-fe0f.svg\" alt=\"\ud83d\ude4e\ud83c\udffb\u200d\u2642\ufe0f\" \/> 10 lat i ponad 50 \u20ac<\/strong><\/p>\n<p data-start=\"2228\" data-end=\"2260\"><strong data-start=\"2263\" data-end=\"2280\">\u00a0 \u00a0<img decoding=\"async\" class=\"emoji\" role=\"img\" draggable=\"false\" src=\"https:\/\/s.w.org\/images\/core\/emoji\/16.0.1\/svg\/1f9cd-1f3fb-200d-2640-fe0f.svg\" alt=\"\ud83e\uddcd\ud83c\udffb\u200d\u2640\ufe0f\" \/> 6\/9 lat 25 \u20ac<\/strong><\/p>\n<p data-start=\"2228\" data-end=\"2260\"><strong data-start=\"2327\" data-end=\"2355\">\u00a0 \u00a0<img decoding=\"async\" class=\"emoji\" role=\"img\" draggable=\"false\" src=\"https:\/\/s.w.org\/images\/core\/emoji\/16.0.1\/svg\/1f47c-1f3fc.svg\" alt=\"\ud83d\udc7c\ud83c\udffc\" \/> -5 lat Bezp\u0142atnie\u00a0<\/strong><\/p>\n<h3 data-start=\"2198\" data-end=\"2225\"><strong data-start=\"2205\" data-end=\"2223\">P\u0142atno\u015b\u0107 w USD ($ \ud83c\uddfa\ud83c\uddf8) zamiast EUR (\u20ac \ud83c\uddea\ud83c\uddfa) jest dost\u0119pna zgodnie z dziennym kursem wymiany banku.<\/strong><\/h3>\n<p><strong>Book Through WhatsApp:<\/strong><\/p>\n<p><a href=\"https:\/\/api.whatsapp.com\/send\/?phone=01021058859\" target=\"_blank\" rel=\"noopener\">\u00a0<img decoding=\"async\" class=\"alignnone wp-image-2058\" src=\"https:\/\/poehalisnamiegypt.com\/wp-content\/uploads\/2024\/02\/pngwing.com_-300x300.png\" sizes=\"auto, (max-width: 35px) 100vw, 35px\" srcset=\"https:\/\/poehalisnamiegypt.com\/wp-content\/uploads\/2024\/02\/pngwing.com_-300x300.png 300w, https:\/\/poehalisnamiegypt.com\/wp-content\/uploads\/2024\/02\/pngwing.com_-150x150.png 150w, https:\/\/poehalisnamiegypt.com\/wp-content\/uploads\/2024\/02\/pngwing.com_.png 584w\" alt=\"\" width=\"53\" height=\"53\" \/><\/a><\/p>","protected":false},"excerpt":{"rendered":"<p>\ud83c\udf0a Unforgettable Sharm El Naga Snorkeling &amp; Relaxation Trip Embark on a journey to Sharm El Naga, one of Egypt\u2019s most breathtaking coastal treasures, where crystal-clear waters, vibrant coral reefs, and golden sandy beaches await you! \ud83c\udfdd A Paradise of Natural Beauty Sharm El Naga is renowned for its pristine natural environment, far from the [&hellip;]<\/p>","protected":false},"featured_media":9971,"comment_status":"open","ping_status":"closed","template":"","meta":{"_monsterinsights_skip_tracking":false,"_monsterinsights_sitenote_active":false,"_monsterinsights_sitenote_note":"","_monsterinsights_sitenote_category":0},"product_brand":[],"product_cat":[68],"product_tag":[],"class_list":{"0":"post-9963","1":"product","2":"type-product","3":"status-publish","4":"has-post-thumbnail","6":"product_cat-sea","8":"first","9":"instock","10":"shipping-taxable","11":"purchasable","12":"product-type-ovabrw_car_rental"},"_links":{"self":[{"href":"https:\/\/redsea-dream-tours.com\/pl\/wp-json\/wp\/v2\/product\/9963","targetHints":{"allow":["GET"]}}],"collection":[{"href":"https:\/\/redsea-dream-tours.com\/pl\/wp-json\/wp\/v2\/product"}],"about":[{"href":"https:\/\/redsea-dream-tours.com\/pl\/wp-json\/wp\/v2\/types\/product"}],"replies":[{"embeddable":true,"href":"https:\/\/redsea-dream-tours.com\/pl\/wp-json\/wp\/v2\/comments?post=9963"}],"wp:featuredmedia":[{"embeddable":true,"href":"https:\/\/redsea-dream-tours.com\/pl\/wp-json\/wp\/v2\/media\/9971"}],"wp:attachment":[{"href":"https:\/\/redsea-dream-tours.com\/pl\/wp-json\/wp\/v2\/media?parent=9963"}],"wp:term":[{"taxonomy":"product_brand","embeddable":true,"href":"https:\/\/redsea-dream-tours.com\/pl\/wp-json\/wp\/v2\/product_brand?post=9963"},{"taxonomy":"product_cat","embeddable":true,"href":"https:\/\/redsea-dream-tours.com\/pl\/wp-json\/wp\/v2\/product_cat?post=9963"},{"taxonomy":"product_tag","embeddable":true,"href":"https:\/\/redsea-dream-tours.com\/pl\/wp-json\/wp\/v2\/product_tag?post=9963"}],"curies":[{"name":"wp","href":"https:\/\/api.w.org\/{rel}","templated":true}]}}