{"id":9937,"date":"2025-09-08T07:40:23","date_gmt":"2025-09-08T07:40:23","guid":{"rendered":"https:\/\/redsea-dream-tours.com\/?post_type=product&#038;p=9937"},"modified":"2026-01-02T18:09:22","modified_gmt":"2026-01-02T18:09:22","slug":"hula-hula-trip","status":"publish","type":"product","link":"https:\/\/redsea-dream-tours.com\/pl\/produkt\/hula-hula-trip\/","title":{"rendered":"Wyspa Hula Hula: Snorkeling, Pokazy"},"content":{"rendered":"<h3 data-start=\"101\" data-end=\"177\"><strong data-start=\"105\" data-end=\"175\">Wycieczka morska na wysp\u0119 Hula Hula - nurkowanie, taniec i odkrywanie raju!<\/strong><\/h3>\n<p data-start=\"179\" data-end=\"433\">Ucieknij od codzienno\u015bci i wyp\u0142y\u0144 na <strong data-start=\"218\" data-end=\"267\">Ca\u0142odniowa przygoda u wybrze\u017cy Hurghady!<\/strong> Ta wyj\u0105tkowa wycieczka do <strong data-start=\"288\" data-end=\"308\">Wyspa Hula Hula<\/strong> mieszanki <strong data-start=\"316\" data-end=\"394\">ekscytuj\u0105ce sporty wodne, t\u0119tni\u0105ce \u017cyciem pokazy kulturalne i relaksuj\u0105ce chwile na pla\u017cy<\/strong>-Wszystko to w jednym niezapomnianym do\u015bwiadczeniu.<\/p>\n<h4 data-start=\"435\" data-end=\"475\"><strong data-start=\"440\" data-end=\"473\">Najwa\u017cniejsze informacje o przygodzie:<\/strong><\/h4>\n<ul data-start=\"476\" data-end=\"1159\">\n<li data-start=\"476\" data-end=\"638\">\n<p data-start=\"478\" data-end=\"638\"><strong data-start=\"478\" data-end=\"509\">Extravaganza nurkowania z rurk\u0105:<\/strong> Odkryj hipnotyzuj\u0105cy podwodny \u015bwiat Morza Czerwonego z <strong data-start=\"571\" data-end=\"596\">zapewniony sprz\u0119t do nurkowania<\/strong>-Kolorowe ryby i \u017cywe koralowce czekaj\u0105!<\/p>\n<\/li>\n<li data-start=\"639\" data-end=\"767\">\n<p data-start=\"641\" data-end=\"767\"><strong data-start=\"641\" data-end=\"671\">\ud83c\udfc4\u200d\u2642\ufe0f Water Fun &amp; Thrills:<\/strong> Poczuj przyp\u0142yw adrenaliny dzi\u0119ki <strong data-start=\"702\" data-end=\"723\">przeja\u017cd\u017cki \u0142odzi\u0105 bananow\u0105<\/strong> i ciesz si\u0119 p\u0142ywaj\u0105cym parkiem wodnym.<\/p>\n<\/li>\n<li data-start=\"768\" data-end=\"922\">\n<p data-start=\"770\" data-end=\"922\"><strong data-start=\"770\" data-end=\"800\">Rozrywka kulturalna:<\/strong> B\u0105d\u017a zahipnotyzowany przez <strong data-start=\"818\" data-end=\"867\">taniec brzucha i tradycyjne pokazy folklorystyczne<\/strong>o\u017cywiaj\u0105c egipsk\u0105 kultur\u0119 nad samym morzem.<\/p>\n<\/li>\n<li data-start=\"923\" data-end=\"1047\">\n<p data-start=\"925\" data-end=\"1047\"><strong data-start=\"925\" data-end=\"956\">Pyszny lunch na pok\u0142adzie:<\/strong> Rozkoszuj si\u0119 <strong data-start=\"966\" data-end=\"991\">\u015bwie\u017co przygotowany posi\u0142ek<\/strong> z napojami orze\u017awiaj\u0105cymi podczas ca\u0142ej podr\u00f3\u017cy.<\/p>\n<\/li>\n<li data-start=\"1048\" data-end=\"1159\">\n<p data-start=\"1050\" data-end=\"1159\"><strong data-start=\"1050\" data-end=\"1079\">Bezproblemowe przelewy:<\/strong> Relaks z <strong data-start=\"1091\" data-end=\"1131\">klimatyzowany transport w obie strony<\/strong> z hotelu w Hurghadzie.<\/p>\n<\/li>\n<\/ul>\n<h4 data-start=\"1161\" data-end=\"1195\"><strong data-start=\"1166\" data-end=\"1193\">Dlaczego warto wybra\u0107 t\u0119 wycieczk\u0119?<\/strong><\/h4>\n<ul data-start=\"1196\" data-end=\"1460\">\n<li data-start=\"1196\" data-end=\"1274\">\n<p data-start=\"1198\" data-end=\"1274\">Kombinacje <strong data-start=\"1207\" data-end=\"1271\">Relaks, przygoda i kultura w jednej ca\u0142odniowej wycieczce<\/strong>.<\/p>\n<\/li>\n<li data-start=\"1275\" data-end=\"1362\">\n<p data-start=\"1277\" data-end=\"1362\">Idealny dla rodzin, par i przyjaci\u00f3\u0142 szukaj\u0105cych <strong data-start=\"1330\" data-end=\"1359\">wype\u0142niony zabaw\u0105 dzie\u0144 w s\u0142o\u0144cu<\/strong>.<\/p>\n<\/li>\n<li data-start=\"1363\" data-end=\"1460\">\n<p data-start=\"1365\" data-end=\"1460\">Ca\u0142a logistyka, sprz\u0119t i posi\u0142ki s\u0105 wliczone w cen\u0119.<strong data-start=\"1414\" data-end=\"1458\">Wystarczy zabra\u0107 ze sob\u0105 str\u00f3j k\u0105pielowy i u\u015bmiech!<\/strong><\/p>\n<\/li>\n<\/ul>\n<p data-start=\"1462\" data-end=\"1542\"><strong data-start=\"1462\" data-end=\"1540\">Pop\u0142y\u0144 na wysp\u0119 Hula Hula i stw\u00f3rz wspomnienia, kt\u00f3re pozostan\u0105 na ca\u0142e \u017cycie!<\/strong><\/p>\n<h3 data-start=\"2198\" data-end=\"2225\"><strong data-start=\"2205\" data-end=\"2223\">Cena wycieczki<\/strong><\/h3>\n<p data-start=\"2228\" data-end=\"2260\"><strong data-start=\"2233\" data-end=\"2258\">\u00a0 \u00a0<img decoding=\"async\" class=\"emoji\" role=\"img\" draggable=\"false\" src=\"https:\/\/s.w.org\/images\/core\/emoji\/16.0.1\/svg\/1f64e-1f3fb-200d-2642-fe0f.svg\" alt=\"\ud83d\ude4e\ud83c\udffb\u200d\u2642\ufe0f\" \/> 11 lat i wi\u0119cej 30 \u20ac<\/strong><\/p>\n<p data-start=\"2228\" data-end=\"2260\"><strong data-start=\"2263\" data-end=\"2280\">\u00a0 \u00a0<img decoding=\"async\" class=\"emoji\" role=\"img\" draggable=\"false\" src=\"https:\/\/s.w.org\/images\/core\/emoji\/16.0.1\/svg\/1f9cd-1f3fb-200d-2640-fe0f.svg\" alt=\"\ud83e\uddcd\ud83c\udffb\u200d\u2640\ufe0f\" \/> 6\/10 lat 15 \u20ac<\/strong><\/p>\n<p data-start=\"2228\" data-end=\"2260\"><strong data-start=\"2327\" data-end=\"2355\">\u00a0 \u00a0<img decoding=\"async\" class=\"emoji\" role=\"img\" draggable=\"false\" src=\"https:\/\/s.w.org\/images\/core\/emoji\/16.0.1\/svg\/1f47c-1f3fc.svg\" alt=\"\ud83d\udc7c\ud83c\udffc\" \/> -6 lat Bezp\u0142atnie<\/strong><\/p>\n<h3 data-start=\"2198\" data-end=\"2225\"><strong data-start=\"2205\" data-end=\"2223\">P\u0142atno\u015b\u0107 w USD ($ \ud83c\uddfa\ud83c\uddf8) zamiast EUR (\u20ac \ud83c\uddea\ud83c\uddfa) jest dost\u0119pna zgodnie z dziennym kursem wymiany banku.<\/strong><\/h3>\n<p><strong>Book Through WhatsApp:<\/strong><\/p>\n<p><a href=\"https:\/\/api.whatsapp.com\/send\/?phone=01021058859\" target=\"_blank\" rel=\"noopener\">\u00a0<img decoding=\"async\" class=\"alignnone wp-image-2058\" src=\"https:\/\/poehalisnamiegypt.com\/wp-content\/uploads\/2024\/02\/pngwing.com_-300x300.png\" sizes=\"auto, (max-width: 35px) 100vw, 35px\" srcset=\"https:\/\/poehalisnamiegypt.com\/wp-content\/uploads\/2024\/02\/pngwing.com_-300x300.png 300w, https:\/\/poehalisnamiegypt.com\/wp-content\/uploads\/2024\/02\/pngwing.com_-150x150.png 150w, https:\/\/poehalisnamiegypt.com\/wp-content\/uploads\/2024\/02\/pngwing.com_.png 584w\" alt=\"\" width=\"53\" height=\"53\" \/><\/a><\/p>","protected":false},"excerpt":{"rendered":"<p>\ud83c\udfd6 Hula Hula Island Sea Trip \u2013 Snorkel, Dance &amp; Discover Paradise! Escape the ordinary and set sail for a full-day adventure off the coast of Hurghada! This unique trip to Hula Hula Island blends thrilling water sports, vibrant cultural shows, and relaxing beach moments\u2014all in one unforgettable experience. \ud83c\udf0a Your Adventure Highlights: \ud83e\udd3f Snorkeling [&hellip;]<\/p>","protected":false},"featured_media":9939,"comment_status":"open","ping_status":"closed","template":"","meta":{"_monsterinsights_skip_tracking":false,"_monsterinsights_sitenote_active":false,"_monsterinsights_sitenote_note":"","_monsterinsights_sitenote_category":0},"product_brand":[],"product_cat":[68],"product_tag":[],"class_list":{"0":"post-9937","1":"product","2":"type-product","3":"status-publish","4":"has-post-thumbnail","6":"product_cat-sea","8":"first","9":"instock","10":"shipping-taxable","11":"purchasable","12":"product-type-ovabrw_car_rental"},"_links":{"self":[{"href":"https:\/\/redsea-dream-tours.com\/pl\/wp-json\/wp\/v2\/product\/9937","targetHints":{"allow":["GET"]}}],"collection":[{"href":"https:\/\/redsea-dream-tours.com\/pl\/wp-json\/wp\/v2\/product"}],"about":[{"href":"https:\/\/redsea-dream-tours.com\/pl\/wp-json\/wp\/v2\/types\/product"}],"replies":[{"embeddable":true,"href":"https:\/\/redsea-dream-tours.com\/pl\/wp-json\/wp\/v2\/comments?post=9937"}],"wp:featuredmedia":[{"embeddable":true,"href":"https:\/\/redsea-dream-tours.com\/pl\/wp-json\/wp\/v2\/media\/9939"}],"wp:attachment":[{"href":"https:\/\/redsea-dream-tours.com\/pl\/wp-json\/wp\/v2\/media?parent=9937"}],"wp:term":[{"taxonomy":"product_brand","embeddable":true,"href":"https:\/\/redsea-dream-tours.com\/pl\/wp-json\/wp\/v2\/product_brand?post=9937"},{"taxonomy":"product_cat","embeddable":true,"href":"https:\/\/redsea-dream-tours.com\/pl\/wp-json\/wp\/v2\/product_cat?post=9937"},{"taxonomy":"product_tag","embeddable":true,"href":"https:\/\/redsea-dream-tours.com\/pl\/wp-json\/wp\/v2\/product_tag?post=9937"}],"curies":[{"name":"wp","href":"https:\/\/api.w.org\/{rel}","templated":true}]}}