{"id":9925,"date":"2025-09-08T07:28:16","date_gmt":"2025-09-08T07:28:16","guid":{"rendered":"https:\/\/redsea-dream-tours.com\/?post_type=product&#038;p=9925"},"modified":"2026-01-02T18:07:03","modified_gmt":"2026-01-02T18:07:03","slug":"orange-bay-trip","status":"publish","type":"product","link":"https:\/\/redsea-dream-tours.com\/pl\/produkt\/orange-bay-trip\/","title":{"rendered":"Orange Bay: Snorkeling, Relaks na pla\u017cy"},"content":{"rendered":"<h3 data-start=\"98\" data-end=\"163\"><strong data-start=\"102\" data-end=\"161\">Przygoda na wyspie Orange Bay - nurkowanie, relaks i zabawa!<\/strong><\/h3>\n<p data-start=\"165\" data-end=\"431\">Odkryj osza\u0142amiaj\u0105ce pi\u0119kno <strong data-start=\"197\" data-end=\"211\">Orange Bay<\/strong>po\u0142o\u017cony w s\u0142ynnym <strong data-start=\"235\" data-end=\"253\">Wyspy Giftun<\/strong>z t\u0105 ca\u0142odniow\u0105 wycieczk\u0105 all inclusive na sporty wodne z Hurghady! Ta niezapomniana wycieczka \u0142\u0105czy w sobie <strong data-start=\"351\" data-end=\"429\">relaks, przygoda i zabawa w krystalicznie czystych wodach Morza Czerwonego.<\/strong><\/p>\n<h4 data-start=\"433\" data-end=\"475\"><strong data-start=\"438\" data-end=\"473\">Co wchodzi w sk\u0142ad Twojego dnia?<\/strong><\/h4>\n<ul data-start=\"476\" data-end=\"1100\">\n<li data-start=\"476\" data-end=\"607\">\n<p data-start=\"478\" data-end=\"607\"><strong data-start=\"478\" data-end=\"507\">Bezproblemowy transport:<\/strong> Ciesz si\u0119 <strong data-start=\"514\" data-end=\"554\">klimatyzowane transfery w obie strony<\/strong> z hotelu, zapewniaj\u0105c ch\u0142\u00f3d i wygod\u0119.<\/p>\n<\/li>\n<li data-start=\"608\" data-end=\"751\">\n<p data-start=\"610\" data-end=\"751\"><strong data-start=\"610\" data-end=\"637\">Raj dla p\u0142etwonurk\u00f3w:<\/strong> Zanurz si\u0119 pod fale z <strong data-start=\"666\" data-end=\"691\">zapewniony sprz\u0119t do nurkowania<\/strong> i odkryj t\u0119tni\u0105ce \u017cyciem rafy koralowe i kolorowe \u017cycie morskie.<\/p>\n<\/li>\n<li data-start=\"752\" data-end=\"864\">\n<p data-start=\"754\" data-end=\"864\"><strong data-start=\"754\" data-end=\"779\">Relaks na wyspie:<\/strong> Zrelaksuj si\u0119 na mi\u0119kkich piaskach Orange Bay z w\u0142asnym <strong data-start=\"833\" data-end=\"861\">Parasol i zacieniony obszar<\/strong>.<\/p>\n<\/li>\n<li data-start=\"865\" data-end=\"987\">\n<p data-start=\"867\" data-end=\"987\"><strong data-start=\"867\" data-end=\"890\">Pyszny lunch:<\/strong> Pomi\u0144 stres zwi\u0105zany z pakowaniem \u017cywno\u015bci -<strong data-start=\"923\" data-end=\"962\">\u015bwie\u017co przygotowany posi\u0142ek wliczony w cen\u0119<\/strong> aby utrzyma\u0107 energi\u0119.<\/p>\n<\/li>\n<li data-start=\"988\" data-end=\"1100\">\n<p data-start=\"990\" data-end=\"1100\"><strong data-start=\"990\" data-end=\"1016\">Banana Boat Thrill:<\/strong> Poczuj p\u0119d, p\u0119dz\u0105c przez fale na <strong data-start=\"1066\" data-end=\"1097\">Pe\u0142na zabawy przeja\u017cd\u017cka \u0142odzi\u0105 bananow\u0105<\/strong>!<\/p>\n<\/li>\n<\/ul>\n<h4 data-start=\"1102\" data-end=\"1137\"><strong data-start=\"1107\" data-end=\"1135\">Dlaczego warto wybra\u0107 Orange Bay?<\/strong><\/h4>\n<ul data-start=\"1138\" data-end=\"1365\">\n<li data-start=\"1138\" data-end=\"1232\">\n<p data-start=\"1140\" data-end=\"1232\">Idealny dla rodzin, par i grup poszukuj\u0105cych <strong data-start=\"1192\" data-end=\"1229\">Po\u0142\u0105czenie przygody i relaksu<\/strong>.<\/p>\n<\/li>\n<li data-start=\"1233\" data-end=\"1309\">\n<p data-start=\"1235\" data-end=\"1309\">Do\u015bwiadczenie jednego z <strong data-start=\"1257\" data-end=\"1306\">Najpi\u0119kniejsze rezerwaty morskie Morza Czerwonego<\/strong>.<\/p>\n<\/li>\n<li data-start=\"1310\" data-end=\"1365\">\n<p data-start=\"1312\" data-end=\"1365\">Ca\u0142y dzie\u0144 s\u0142o\u0144ca, morza i niezapomnianych wspomnie\u0144!<\/p>\n<\/li>\n<\/ul>\n<p data-start=\"1367\" data-end=\"1466\"><strong data-start=\"1367\" data-end=\"1464\">Zarezerwuj swoj\u0105 przygod\u0119 na wyspie Orange Bay i prze\u017cyj magiczne chwile w sercu Morza Czerwonego!<\/strong><\/p>\n<h3 data-start=\"2198\" data-end=\"2225\"><strong data-start=\"2205\" data-end=\"2223\">Cena wycieczki<\/strong><\/h3>\n<p data-start=\"2228\" data-end=\"2260\"><strong data-start=\"2233\" data-end=\"2258\">\u00a0 \u00a0<img decoding=\"async\" class=\"emoji\" role=\"img\" draggable=\"false\" src=\"https:\/\/s.w.org\/images\/core\/emoji\/16.0.1\/svg\/1f64e-1f3fb-200d-2642-fe0f.svg\" alt=\"\ud83d\ude4e\ud83c\udffb\u200d\u2642\ufe0f\" \/> 10 lat i ponad 30 \u20ac<\/strong><\/p>\n<p data-start=\"2228\" data-end=\"2260\"><strong data-start=\"2263\" data-end=\"2280\">\u00a0 \u00a0<img decoding=\"async\" class=\"emoji\" role=\"img\" draggable=\"false\" src=\"https:\/\/s.w.org\/images\/core\/emoji\/16.0.1\/svg\/1f9cd-1f3fb-200d-2640-fe0f.svg\" alt=\"\ud83e\uddcd\ud83c\udffb\u200d\u2640\ufe0f\" \/> 6\/9 lat 15 \u20ac<\/strong><\/p>\n<p data-start=\"2228\" data-end=\"2260\"><strong data-start=\"2327\" data-end=\"2355\">\u00a0 \u00a0<img decoding=\"async\" class=\"emoji\" role=\"img\" draggable=\"false\" src=\"https:\/\/s.w.org\/images\/core\/emoji\/16.0.1\/svg\/1f47c-1f3fc.svg\" alt=\"\ud83d\udc7c\ud83c\udffc\" \/> -6 lat Bezp\u0142atnie<\/strong><\/p>\n<h3 data-start=\"2198\" data-end=\"2225\"><strong data-start=\"2205\" data-end=\"2223\">P\u0142atno\u015b\u0107 w USD ($ \ud83c\uddfa\ud83c\uddf8) zamiast EUR (\u20ac \ud83c\uddea\ud83c\uddfa) jest dost\u0119pna zgodnie z dziennym kursem wymiany banku.<\/strong><\/h3>\n<p><strong>Book Through WhatsApp:<\/strong><\/p>\n<p><a href=\"https:\/\/api.whatsapp.com\/send\/?phone=01021058859\" target=\"_blank\" rel=\"noopener\">\u00a0<img decoding=\"async\" class=\"alignnone wp-image-2058\" src=\"https:\/\/poehalisnamiegypt.com\/wp-content\/uploads\/2024\/02\/pngwing.com_-300x300.png\" sizes=\"auto, (max-width: 35px) 100vw, 35px\" srcset=\"https:\/\/poehalisnamiegypt.com\/wp-content\/uploads\/2024\/02\/pngwing.com_-300x300.png 300w, https:\/\/poehalisnamiegypt.com\/wp-content\/uploads\/2024\/02\/pngwing.com_-150x150.png 150w, https:\/\/poehalisnamiegypt.com\/wp-content\/uploads\/2024\/02\/pngwing.com_.png 584w\" alt=\"\" width=\"53\" height=\"53\" \/><\/a><\/p>\n<div id=\"gtx-trans\" style=\"position: absolute; left: 55px; top: 3.9125px;\">\n<div class=\"gtx-trans-icon\"><\/div>\n<\/div>\n<div id=\"gtx-trans\" style=\"position: absolute; left: 55px; top: 3.9125px;\">\n<div class=\"gtx-trans-icon\"><\/div>\n<\/div>","protected":false},"excerpt":{"rendered":"<p>\ud83c\udfdd Orange Bay Island Adventure \u2013 Snorkel, Relax &amp; Play! Discover the stunning beauty of Orange Bay, nestled in the famous Giftun Islands, with this all-inclusive water sports day trip from Hurghada! This unforgettable escape combines relaxation, adventure, and fun in the crystal-clear waters of the Red Sea. \ud83c\udf0a What\u2019s Included in Your Day? \ud83d\ude90 [&hellip;]<\/p>","protected":false},"featured_media":9928,"comment_status":"open","ping_status":"closed","template":"","meta":{"_monsterinsights_skip_tracking":false,"_monsterinsights_sitenote_active":false,"_monsterinsights_sitenote_note":"","_monsterinsights_sitenote_category":0},"product_brand":[],"product_cat":[68],"product_tag":[],"class_list":{"0":"post-9925","1":"product","2":"type-product","3":"status-publish","4":"has-post-thumbnail","6":"product_cat-sea","8":"first","9":"instock","10":"shipping-taxable","11":"purchasable","12":"product-type-ovabrw_car_rental"},"_links":{"self":[{"href":"https:\/\/redsea-dream-tours.com\/pl\/wp-json\/wp\/v2\/product\/9925","targetHints":{"allow":["GET"]}}],"collection":[{"href":"https:\/\/redsea-dream-tours.com\/pl\/wp-json\/wp\/v2\/product"}],"about":[{"href":"https:\/\/redsea-dream-tours.com\/pl\/wp-json\/wp\/v2\/types\/product"}],"replies":[{"embeddable":true,"href":"https:\/\/redsea-dream-tours.com\/pl\/wp-json\/wp\/v2\/comments?post=9925"}],"wp:featuredmedia":[{"embeddable":true,"href":"https:\/\/redsea-dream-tours.com\/pl\/wp-json\/wp\/v2\/media\/9928"}],"wp:attachment":[{"href":"https:\/\/redsea-dream-tours.com\/pl\/wp-json\/wp\/v2\/media?parent=9925"}],"wp:term":[{"taxonomy":"product_brand","embeddable":true,"href":"https:\/\/redsea-dream-tours.com\/pl\/wp-json\/wp\/v2\/product_brand?post=9925"},{"taxonomy":"product_cat","embeddable":true,"href":"https:\/\/redsea-dream-tours.com\/pl\/wp-json\/wp\/v2\/product_cat?post=9925"},{"taxonomy":"product_tag","embeddable":true,"href":"https:\/\/redsea-dream-tours.com\/pl\/wp-json\/wp\/v2\/product_tag?post=9925"}],"curies":[{"name":"wp","href":"https:\/\/api.w.org\/{rel}","templated":true}]}}