{"id":9906,"date":"2025-09-07T11:52:00","date_gmt":"2025-09-07T11:52:00","guid":{"rendered":"https:\/\/redsea-dream-tours.com\/?post_type=product&#038;p=9906"},"modified":"2025-11-29T14:47:57","modified_gmt":"2025-11-29T14:47:57","slug":"cairo-over-night-trip","status":"publish","type":"product","link":"https:\/\/redsea-dream-tours.com\/pl\/produkt\/cairo-over-night-trip\/","title":{"rendered":"Nocleg w Kairze: piramidy, muzeum i stary Kair"},"content":{"rendered":"<h3 data-start=\"149\" data-end=\"222\">\ud83c\udf0d <strong data-start=\"156\" data-end=\"220\">Odkryj Egipt z niezr\u00f3wnan\u0105 jako\u015bci\u0105 i spersonalizowan\u0105 obs\u0142ug\u0105<\/strong><\/h3>\n<p data-start=\"224\" data-end=\"486\">Przy <strong data-start=\"227\" data-end=\"252\">Kair - wycieczki z noclegiem<\/strong>wierzymy, \u017ce <strong data-start=\"270\" data-end=\"319\">Nigdy nie nale\u017cy rezygnowa\u0107 z doskona\u0142ej jako\u015bci<\/strong>. Z ponad <strong data-start=\"331\" data-end=\"381\">20 lat do\u015bwiadczenia w bran\u017cy turystycznej<\/strong>Nasz\u0105 misj\u0105 jest zapewnienie <strong data-start=\"418\" data-end=\"483\">wyj\u0105tkowe, autentyczne i niezapomniane do\u015bwiadczenia w ca\u0142ym Egipcie<\/strong>.<\/p>\n<p data-start=\"224\" data-end=\"486\">Pierwszego dnia,<\/p>\n<p data-start=\"224\" data-end=\"486\">Sta\u0144 w zachwycie przed legendarnymi piramidami w Gizie i ponadczasowym Sfinksem, a nast\u0119pnie odkryj bezcenne skarby w Muzeum Egipskim. Po zachodzie s\u0142o\u0144ca mo\u017cesz cieszy\u0107 si\u0119 spokojnym spacerem po Nilu przed zameldowaniem si\u0119 w hotelu. Wiecz\u00f3r zako\u0144czy si\u0119 pyszn\u0105 tradycyjn\u0105 kolacj\u0105 i t\u0119tni\u0105cym \u017cyciem urokiem bazaru Khan El Khalili.<\/p>\n<p data-start=\"224\" data-end=\"486\">Nast\u0119pnego ranka,<\/p>\n<p data-start=\"224\" data-end=\"486\">Po obfitym \u015bniadaniu zwied\u017a majestatyczn\u0105 Cytadel\u0119 Salah El-Din, a nast\u0119pnie kontynuuj swoj\u0105 przygod\u0119 w kierunku l\u015bni\u0105cych wybrze\u017cy Hurghady.<\/p>\n<hr data-start=\"488\" data-end=\"491\" \/>\n<h3 data-start=\"493\" data-end=\"529\">\ud83d\udde3\ufe0f <strong data-start=\"501\" data-end=\"527\">M\u00f3wimy w Twoim j\u0119zyku<\/strong><\/h3>\n<ul data-start=\"530\" data-end=\"594\">\n<li>Polski<\/li>\n<li>Francuski<\/li>\n<li>Angielski<\/li>\n<li>Niemiecki<\/li>\n<li>Portugalski<\/li>\n<li>Hiszpa\u0144ski<\/li>\n<li>...i nie tylko!<\/li>\n<\/ul>\n<p data-start=\"596\" data-end=\"678\">Niezale\u017cnie od tego, sk\u0105d pochodzisz, zapewniamy p\u0142ynn\u0105 komunikacj\u0119 i spersonalizowane podej\u015bcie.<\/p>\n<hr data-start=\"680\" data-end=\"683\" \/>\n<h3 data-start=\"685\" data-end=\"719\">\ud83c\udfdb\ufe0f <strong data-start=\"693\" data-end=\"717\">Nasze wycieczki i pakiety<\/strong><\/h3>\n<ul data-start=\"720\" data-end=\"1005\">\n<li data-start=\"720\" data-end=\"797\">\n<p data-start=\"722\" data-end=\"797\"><strong data-start=\"722\" data-end=\"747\">Mi\u0119dzyl\u0105dowanie i codzienne wycieczki<\/strong>: Od 5-godzinnych wycieczek po ca\u0142odniowe przygody.<\/p>\n<\/li>\n<li data-start=\"798\" data-end=\"903\">\n<p data-start=\"800\" data-end=\"903\"><strong data-start=\"800\" data-end=\"822\">Pakiety wielodniowe<\/strong>: Odkryj skarby Egiptu w ci\u0105gu kilku dni dzi\u0119ki starannie opracowanym trasom.<\/p>\n<\/li>\n<li data-start=\"904\" data-end=\"1005\">\n<p data-start=\"906\" data-end=\"1005\"><strong data-start=\"906\" data-end=\"932\">Spersonalizowane do\u015bwiadczenia<\/strong>: Biznes, pomoc medyczna lub prywatne wycieczki zaprojektowane specjalnie dla Ciebie.<\/p>\n<\/li>\n<\/ul>\n<hr data-start=\"1007\" data-end=\"1010\" \/>\n<h3 data-start=\"1012\" data-end=\"1057\">\ud83d\udd0e <strong data-start=\"1019\" data-end=\"1055\">Odkryj ukryte klejnoty Egiptu<\/strong><\/h3>\n<ul data-start=\"1058\" data-end=\"1248\">\n<li data-start=\"1058\" data-end=\"1122\">\n<p data-start=\"1060\" data-end=\"1122\">Spacer po <strong data-start=\"1071\" data-end=\"1087\">tylne ulice<\/strong> i odkryj fascynuj\u0105ce zabytki.<\/p>\n<\/li>\n<li data-start=\"1123\" data-end=\"1175\">\n<p data-start=\"1125\" data-end=\"1175\">Do\u015bwiadczenie <strong data-start=\"1136\" data-end=\"1172\">Lokalne jedzenie, kultura i tradycje<\/strong>.<\/p>\n<\/li>\n<li data-start=\"1176\" data-end=\"1248\">\n<p data-start=\"1178\" data-end=\"1248\">Wsp\u00f3\u0142praca z <strong data-start=\"1190\" data-end=\"1204\">\u017cycie lokalne<\/strong> w spos\u00f3b, kt\u00f3ry mog\u0105 pokaza\u0107 tylko prawdziwi wtajemniczeni.<\/p>\n<\/li>\n<\/ul>\n<hr data-start=\"1250\" data-end=\"1253\" \/>\n<h3 data-start=\"1255\" data-end=\"1292\">\ud83e\udd1d <strong data-start=\"1262\" data-end=\"1290\">Dostosowane specjalnie dla Ciebie<\/strong><\/h3>\n<p data-start=\"1293\" data-end=\"1486\">Nie mo\u017cesz znale\u017a\u0107 dok\u0142adnie tej trasy, kt\u00f3rej szukasz? <strong data-start=\"1344\" data-end=\"1367\">Skontaktuj si\u0119 z nami w ka\u017cdej chwili!<\/strong><br data-start=\"1367\" data-end=\"1370\" \/>Nasi dedykowani specjali\u015bci b\u0119d\u0105 \u015bci\u015ble wsp\u00f3\u0142pracowa\u0107 z Tob\u0105, aby <strong data-start=\"1426\" data-end=\"1469\">dostosowanie, dodanie lub przeprojektowanie planu podr\u00f3\u017cy<\/strong> aby dopasowa\u0107:<\/p>\n<ul data-start=\"1487\" data-end=\"1554\">\n<li data-start=\"1487\" data-end=\"1508\">\n<p data-start=\"1489\" data-end=\"1508\"><strong data-start=\"1489\" data-end=\"1503\">Ramy czasowe<\/strong> \u23f1\ufe0f<\/p>\n<\/li>\n<li data-start=\"1509\" data-end=\"1526\">\n<p data-start=\"1511\" data-end=\"1526\"><strong data-start=\"1511\" data-end=\"1521\">Bud\u017cet<\/strong> \ud83d\udcb0<\/p>\n<\/li>\n<li data-start=\"1527\" data-end=\"1554\">\n<p data-start=\"1529\" data-end=\"1554\"><strong data-start=\"1529\" data-end=\"1549\">Specjalne \u017cyczenia<\/strong> \ud83d\udcdd<\/p>\n<\/li>\n<\/ul>\n<p data-start=\"1556\" data-end=\"1649\">Gwarantujemy odpowied\u017a w ci\u0105gu <strong data-start=\"1587\" data-end=\"1599\">24 godziny<\/strong> aby Twoje wakacje lub podr\u00f3\u017c s\u0142u\u017cbowa przebieg\u0142y bez zak\u0142\u00f3ce\u0144.<\/p>\n<hr data-start=\"1651\" data-end=\"1654\" \/>\n<h3 data-start=\"1656\" data-end=\"1682\">\ud83d\ude90 <strong data-start=\"1663\" data-end=\"1680\">Co oferujemy<\/strong><\/h3>\n<ul data-start=\"1683\" data-end=\"1886\">\n<li data-start=\"1683\" data-end=\"1716\">\n<p data-start=\"1685\" data-end=\"1716\">P\u00f3\u0142- i ca\u0142odniowe prywatne wycieczki<\/p>\n<\/li>\n<li data-start=\"1717\" data-end=\"1750\">\n<p data-start=\"1719\" data-end=\"1750\">Pomoc biznesowa i medyczna<\/p>\n<\/li>\n<li data-start=\"1751\" data-end=\"1818\">\n<p data-start=\"1753\" data-end=\"1818\">Wykwalifikowany, uczciwy i kompetentny <strong data-start=\"1788\" data-end=\"1816\">prywatni przewodnicy i kierowcy<\/strong><\/p>\n<\/li>\n<li data-start=\"1819\" data-end=\"1886\">\n<p data-start=\"1821\" data-end=\"1886\">Elastyczne trasy - nawet <strong data-start=\"1849\" data-end=\"1884\">Zmiany w ostatniej chwili s\u0105 mile widziane<\/strong><\/p>\n<\/li>\n<\/ul>\n<hr data-start=\"1888\" data-end=\"1891\" \/>\n<h3 data-start=\"1893\" data-end=\"1917\">\u2764\ufe0f <strong data-start=\"1900\" data-end=\"1915\">Nasza obietnica<\/strong><\/h3>\n<p data-start=\"1918\" data-end=\"2065\">Ci\u0119\u017cko pracowa\u0142e\u015b i marzy\u0142e\u015b o wizycie w Egipcie - jeste\u015bmy tutaj, aby <strong data-start=\"1986\" data-end=\"2015\">spe\u0142nij swoje marzenie<\/strong>. Niezale\u017cnie od tego, czy jest to wyjazd wypoczynkowy, czy biznesowy:<\/p>\n<ul data-start=\"2066\" data-end=\"2191\">\n<li data-start=\"2066\" data-end=\"2083\">\n<p data-start=\"2068\" data-end=\"2083\">Towarzyszy\u0107 ci<\/p>\n<\/li>\n<li data-start=\"2084\" data-end=\"2108\">\n<p data-start=\"2086\" data-end=\"2108\">Nawigacja i t\u0142umaczenie<\/p>\n<\/li>\n<li data-start=\"2109\" data-end=\"2191\">\n<p data-start=\"2111\" data-end=\"2191\">Upewnij si\u0119, \u017ce Twoje do\u015bwiadczenie jest <strong data-start=\"2137\" data-end=\"2189\">bezproblemowe, uprzywilejowane i prawdziwie spersonalizowane<\/strong><\/p>\n<\/li>\n<\/ul>\n<hr data-start=\"2193\" data-end=\"2196\" \/>\n<h3 data-start=\"2198\" data-end=\"2225\">\ud83c\udf1f <strong data-start=\"2205\" data-end=\"2223\">Dlaczego warto wybra\u0107 nas?<\/strong><\/h3>\n<ul data-start=\"2226\" data-end=\"2413\">\n<li data-start=\"2226\" data-end=\"2260\">\n<p data-start=\"2228\" data-end=\"2260\">Odbi\u00f3r <strong data-start=\"2233\" data-end=\"2258\">20 lat do\u015bwiadczenia<\/strong><\/p>\n<\/li>\n<li data-start=\"2261\" data-end=\"2309\">\n<p data-start=\"2263\" data-end=\"2309\"><strong data-start=\"2263\" data-end=\"2280\">Informacje lokalne<\/strong> od zaufanych profesjonalist\u00f3w<\/p>\n<\/li>\n<li data-start=\"2310\" data-end=\"2357\">\n<p data-start=\"2312\" data-end=\"2357\">Wycieczki, kt\u00f3re pasuj\u0105 <strong data-start=\"2327\" data-end=\"2355\">Harmonogram i bud\u017cet<\/strong><\/p>\n<\/li>\n<li data-start=\"2358\" data-end=\"2413\">\n<p data-start=\"2360\" data-end=\"2413\">Zaanga\u017cowanie w tworzenie <strong data-start=\"2386\" data-end=\"2411\">niezapomniane wakacje<\/strong><\/p>\n<\/li>\n<\/ul>\n<hr data-start=\"2193\" data-end=\"2196\" \/>\n<h3 data-start=\"2198\" data-end=\"2225\"><strong data-start=\"2205\" data-end=\"2223\">Cena wycieczki<\/strong><\/h3>\n<ul data-start=\"2226\" data-end=\"2413\">\n<li data-start=\"2226\" data-end=\"2260\">\n<p data-start=\"2228\" data-end=\"2260\"><strong data-start=\"2233\" data-end=\"2258\"><img decoding=\"async\" class=\"emoji\" role=\"img\" draggable=\"false\" src=\"https:\/\/s.w.org\/images\/core\/emoji\/16.0.1\/svg\/1f64e-1f3fb-200d-2642-fe0f.svg\" alt=\"\ud83d\ude4e\ud83c\udffb\u200d\u2642\ufe0f\" \/> 12 lat i wi\u0119cej 240 \u20ac<\/strong><\/p>\n<\/li>\n<li data-start=\"2261\" data-end=\"2309\">\n<p data-start=\"2263\" data-end=\"2309\"><strong data-start=\"2263\" data-end=\"2280\"><img decoding=\"async\" class=\"emoji\" role=\"img\" draggable=\"false\" src=\"https:\/\/s.w.org\/images\/core\/emoji\/16.0.1\/svg\/1f9cd-1f3fb-200d-2640-fe0f.svg\" alt=\"\ud83e\uddcd\ud83c\udffb\u200d\u2640\ufe0f\" \/> 6\/11 lat 120 \u20ac<\/strong><\/p>\n<\/li>\n<li data-start=\"2310\" data-end=\"2357\">\n<p data-start=\"2312\" data-end=\"2357\"><strong data-start=\"2327\" data-end=\"2355\"><img decoding=\"async\" class=\"emoji\" role=\"img\" draggable=\"false\" src=\"https:\/\/s.w.org\/images\/core\/emoji\/16.0.1\/svg\/1f47c-1f3fc.svg\" alt=\"\ud83d\udc7c\ud83c\udffc\" \/> - 6 lat 20 \u20ac<\/strong><\/p>\n<\/li>\n<\/ul>\n<h3 data-start=\"2198\" data-end=\"2225\"><strong data-start=\"2205\" data-end=\"2223\">P\u0142atno\u015b\u0107 w USD ($ \ud83c\uddfa\ud83c\uddf8) zamiast EUR (\u20ac \ud83c\uddea\ud83c\uddfa) jest dost\u0119pna zgodnie z dziennym kursem wymiany banku.<\/strong><\/h3>\n<p>Egipt - <strong data-start=\"2423\" data-end=\"2446\">Serce Afryki<\/strong> - dzwoni. <strong data-start=\"2461\" data-end=\"2489\">Czy jeste\u015b gotowy odpowiedzie\u0107?<\/strong><\/p>\n<p><strong>Book Through WhatsApp:<\/strong><\/p>\n<p><a href=\"https:\/\/wa.me\/201021058859\" target=\"_blank\" rel=\"noopener\">\u00a0<img decoding=\"async\" class=\"alignnone wp-image-2058\" src=\"https:\/\/poehalisnamiegypt.com\/wp-content\/uploads\/2024\/02\/pngwing.com_-300x300.png\" sizes=\"auto, (max-width: 35px) 100vw, 35px\" srcset=\"https:\/\/poehalisnamiegypt.com\/wp-content\/uploads\/2024\/02\/pngwing.com_-300x300.png 300w, https:\/\/poehalisnamiegypt.com\/wp-content\/uploads\/2024\/02\/pngwing.com_-150x150.png 150w, https:\/\/poehalisnamiegypt.com\/wp-content\/uploads\/2024\/02\/pngwing.com_.png 584w\" alt=\"\" width=\"53\" height=\"53\" \/><\/a><\/p>\n<div id=\"gtx-trans\" style=\"position: absolute; left: 243px; top: 3.9125px;\">\n<div class=\"gtx-trans-icon\"><\/div>\n<\/div>\n<div id=\"gtx-trans\" style=\"position: absolute; left: 243px; top: 3.9125px;\">\n<div class=\"gtx-trans-icon\"><\/div>\n<\/div>","protected":false},"excerpt":{"rendered":"<p>\ud83c\udf0d Discover Egypt with Unmatched Quality &amp; Personalized Service At Cairo-Overnight Tours, we believe that excellent quality should never be compromised. With over 20 years of experience in the tourism industry, our mission is to provide you with unique, authentic, and unforgettable experiences across Egypt. \u2728 On your first day, stand in awe before the [&hellip;]<\/p>","protected":false},"featured_media":9912,"comment_status":"open","ping_status":"closed","template":"","meta":{"_monsterinsights_skip_tracking":false,"_monsterinsights_sitenote_active":false,"_monsterinsights_sitenote_note":"","_monsterinsights_sitenote_category":0},"product_brand":[],"product_cat":[63],"product_tag":[],"class_list":{"0":"post-9906","1":"product","2":"type-product","3":"status-publish","4":"has-post-thumbnail","6":"product_cat-cairo","8":"first","9":"instock","10":"shipping-taxable","11":"purchasable","12":"product-type-ovabrw_car_rental"},"_links":{"self":[{"href":"https:\/\/redsea-dream-tours.com\/pl\/wp-json\/wp\/v2\/product\/9906","targetHints":{"allow":["GET"]}}],"collection":[{"href":"https:\/\/redsea-dream-tours.com\/pl\/wp-json\/wp\/v2\/product"}],"about":[{"href":"https:\/\/redsea-dream-tours.com\/pl\/wp-json\/wp\/v2\/types\/product"}],"replies":[{"embeddable":true,"href":"https:\/\/redsea-dream-tours.com\/pl\/wp-json\/wp\/v2\/comments?post=9906"}],"wp:featuredmedia":[{"embeddable":true,"href":"https:\/\/redsea-dream-tours.com\/pl\/wp-json\/wp\/v2\/media\/9912"}],"wp:attachment":[{"href":"https:\/\/redsea-dream-tours.com\/pl\/wp-json\/wp\/v2\/media?parent=9906"}],"wp:term":[{"taxonomy":"product_brand","embeddable":true,"href":"https:\/\/redsea-dream-tours.com\/pl\/wp-json\/wp\/v2\/product_brand?post=9906"},{"taxonomy":"product_cat","embeddable":true,"href":"https:\/\/redsea-dream-tours.com\/pl\/wp-json\/wp\/v2\/product_cat?post=9906"},{"taxonomy":"product_tag","embeddable":true,"href":"https:\/\/redsea-dream-tours.com\/pl\/wp-json\/wp\/v2\/product_tag?post=9906"}],"curies":[{"name":"wp","href":"https:\/\/api.w.org\/{rel}","templated":true}]}}