{"id":9899,"date":"2025-09-07T11:41:00","date_gmt":"2025-09-07T11:41:00","guid":{"rendered":"https:\/\/redsea-dream-tours.com\/?post_type=product&#038;p=9899"},"modified":"2025-11-28T15:11:49","modified_gmt":"2025-11-28T15:11:49","slug":"cairo-vip-8-pax-trip","status":"publish","type":"product","link":"https:\/\/redsea-dream-tours.com\/pl\/produkt\/cairo-vip-8-pax-trip\/","title":{"rendered":"Wycieczka VIP do Kairu: Prywatny luksus dla 8 os\u00f3b"},"content":{"rendered":"<h3 data-start=\"167\" data-end=\"234\"><strong data-start=\"174\" data-end=\"232\">\u00a0Wycieczka VIP do Kairu - wycieczka dla maksymalnie 8 os\u00f3b<\/strong><\/h3>\n<p data-start=\"236\" data-end=\"535\">Wkrocz w samo serce historii dzi\u0119ki naszym <strong data-start=\"276\" data-end=\"304\">Ekskluzywna wycieczka VIP po Kairze<\/strong>Zaprojektowany dla prywatnych grup do <strong data-start=\"343\" data-end=\"359\">8 pasa\u017cer\u00f3w<\/strong>. luksusowa podr\u00f3\u017c <strong data-start=\"393\" data-end=\"467\">prywatne wskaz\u00f3wki i spersonalizowany plan podr\u00f3\u017cy<\/strong> aby odkrywa\u0107 legendarne skarby Kairu w niezr\u00f3wnanym komforcie.<\/p>\n<hr data-start=\"537\" data-end=\"540\" \/>\n<h3 data-start=\"493\" data-end=\"529\">\ud83d\udde3\ufe0f <strong data-start=\"501\" data-end=\"527\">M\u00f3wimy w Twoim j\u0119zyku<\/strong><\/h3>\n<ul data-start=\"530\" data-end=\"594\">\n<li>Polski<\/li>\n<li>Francuski<\/li>\n<li>Angielski<\/li>\n<li>Niemiecki<\/li>\n<li>Portugalski<\/li>\n<li>Hiszpa\u0144ski<\/li>\n<li>...i nie tylko!<\/li>\n<\/ul>\n<p data-start=\"596\" data-end=\"678\">Niezale\u017cnie od tego, sk\u0105d pochodzisz, zapewniamy p\u0142ynn\u0105 komunikacj\u0119 i spersonalizowane podej\u015bcie.<\/p>\n<hr data-start=\"537\" data-end=\"540\" \/>\n<h3 data-start=\"542\" data-end=\"591\">\ud83c\udf05 <strong data-start=\"549\" data-end=\"589\">Ekskluzywny odbi\u00f3r\u00a0<\/strong><\/h3>\n<ul data-start=\"592\" data-end=\"825\">\n<li data-start=\"592\" data-end=\"717\">\n<p data-start=\"594\" data-end=\"717\"><strong data-start=\"594\" data-end=\"613\">Odbi\u00f3r prywatny<\/strong> \ud83d\ude90: Rozpocznij swoj\u0105 przygod\u0119 od wygodnego, klimatyzowanego transferu.<\/p>\n<\/li>\n<li data-start=\"718\" data-end=\"825\">\n<p data-start=\"720\" data-end=\"825\"><strong data-start=\"720\" data-end=\"745\">Przyspieszona pomoc<\/strong> \ud83d\udeeb: Nasz zesp\u00f3\u0142 VIP zapewnia sprawn\u0105 odpraw\u0119 na lot krajowy do Kairu.<\/p>\n<\/li>\n<\/ul>\n<hr data-start=\"827\" data-end=\"830\" \/>\n<h3 data-start=\"832\" data-end=\"874\">\ud83c\udfdb\ufe0f <strong data-start=\"840\" data-end=\"872\">Piramidy w Gizie i Wielki Sfinks<\/strong><\/h3>\n<ul data-start=\"875\" data-end=\"1142\">\n<li data-start=\"875\" data-end=\"970\">\n<p data-start=\"877\" data-end=\"970\">Zobacz ikon\u0119 <strong data-start=\"896\" data-end=\"916\">Piramidy w Gizie<\/strong>jeden z <strong data-start=\"929\" data-end=\"967\">Siedem cud\u00f3w staro\u017cytnego \u015bwiata<\/strong>.<\/p>\n<\/li>\n<li data-start=\"971\" data-end=\"1045\">\n<p data-start=\"973\" data-end=\"1045\">Poznaj <strong data-start=\"985\" data-end=\"1001\">Wielki Sfinks<\/strong> \ud83e\udd81, mityczny stra\u017cnik p\u0142askowy\u017cu.<\/p>\n<\/li>\n<li data-start=\"1046\" data-end=\"1142\">\n<p data-start=\"1048\" data-end=\"1142\">Opcjonalnie: Wejd\u017a do jednej ze staro\u017cytnych piramid, aby zwiedzi\u0107 jej komnaty (wymagany dodatkowy bilet).<\/p>\n<\/li>\n<\/ul>\n<hr data-start=\"1144\" data-end=\"1147\" \/>\n<h3 data-start=\"1149\" data-end=\"1192\">\ud83c\udffa <strong data-start=\"1156\" data-end=\"1190\">Egipskie Muzeum Staro\u017cytno\u015bci<\/strong><\/h3>\n<ul data-start=\"1193\" data-end=\"1466\">\n<li data-start=\"1193\" data-end=\"1370\">\n<p data-start=\"1195\" data-end=\"1370\">Spacer przez wieki historii w s\u0142ynnym na ca\u0142ym \u015bwiecie <strong data-start=\"1249\" data-end=\"1268\">Muzeum Egipskie<\/strong>domem dla ponad <strong data-start=\"1288\" data-end=\"1309\">120 000 artefakt\u00f3w<\/strong>, w tym skarby Tutenchamona i mumie kr\u00f3lewskie.<\/p>\n<\/li>\n<li data-start=\"1371\" data-end=\"1466\">\n<p data-start=\"1373\" data-end=\"1466\">Ciesz si\u0119 <strong data-start=\"1381\" data-end=\"1411\">prywatny przewodnik egiptologa<\/strong> kt\u00f3ry dostosuje wizyt\u0119 do zainteresowa\u0144 grupy.<\/p>\n<\/li>\n<\/ul>\n<hr data-start=\"1468\" data-end=\"1471\" \/>\n<h3 data-start=\"1473\" data-end=\"1506\">\ud83c\udf74 <strong data-start=\"1480\" data-end=\"1504\">VIP Lunch Experience<\/strong><\/h3>\n<ul data-start=\"1507\" data-end=\"1671\">\n<li data-start=\"1507\" data-end=\"1591\">\n<p data-start=\"1509\" data-end=\"1591\">Delektuj si\u0119 <strong data-start=\"1517\" data-end=\"1534\">wykwintny lunch<\/strong> \ud83c\udf7d\ufe0f .<\/p>\n<\/li>\n<li data-start=\"1592\" data-end=\"1671\">\n<p data-start=\"1594\" data-end=\"1671\">Skosztuj autentycznych da\u0144 kuchni egipskiej z obs\u0142ug\u0105 na najwy\u017cszym poziomie w relaksuj\u0105cej atmosferze.<\/p>\n<\/li>\n<\/ul>\n<hr data-start=\"1673\" data-end=\"1676\" \/>\n<h3 data-start=\"1678\" data-end=\"1727\">\ud83d\udecd\ufe0f <strong data-start=\"1686\" data-end=\"1725\">Ekskluzywne zakupy i przystanki kulturalne<\/strong><\/h3>\n<ul data-start=\"1728\" data-end=\"1887\">\n<li data-start=\"1728\" data-end=\"1822\">\n<p data-start=\"1730\" data-end=\"1822\">Odwied\u017a wybrane <strong data-start=\"1745\" data-end=\"1798\">bazary, instytuty papirusu lub galerie perfum<\/strong> \ud83d\udecd\ufe0f we w\u0142asnym tempie.<\/p>\n<\/li>\n<li data-start=\"1823\" data-end=\"1887\">\n<p data-start=\"1825\" data-end=\"1887\">Ciesz si\u0119 spersonalizowanymi rekomendacjami i bezproblemowymi zakupami.<\/p>\n<\/li>\n<\/ul>\n<hr data-start=\"2076\" data-end=\"2079\" \/>\n<h3 data-start=\"2081\" data-end=\"2127\"><strong data-start=\"2085\" data-end=\"2125\">Dlaczego warto wybra\u0107 wycieczk\u0119 Cairo VIP 8 Pax Tour?<\/strong><\/h3>\n<ul data-start=\"2128\" data-end=\"2396\">\n<li data-start=\"2191\" data-end=\"2240\">\n<p data-start=\"2193\" data-end=\"2240\">\ud83c\udfdb\ufe0f Zwiedzanie kultowych zabytk\u00f3w Kairu z przewodnikiem<\/p>\n<\/li>\n<li data-start=\"2241\" data-end=\"2282\">\n<p data-start=\"2243\" data-end=\"2282\">Wliczone w cen\u0119 do\u015bwiadczenie kulinarne dla smakoszy<\/p>\n<\/li>\n<li data-start=\"2283\" data-end=\"2346\">\n<p data-start=\"2285\" data-end=\"2346\">\ud83e\uddd1\u200d\ud83e\udd1d\u200d\ud83e\uddd1 Idealny dla rodzin, przyjaci\u00f3\u0142 lub grup korporacyjnych<\/p>\n<\/li>\n<li data-start=\"2347\" data-end=\"2396\">\n<p data-start=\"2349\" data-end=\"2396\">\ud83d\udecd\ufe0f Spersonalizowane zakupy i elastyczny harmonogram<\/p>\n<\/li>\n<li data-start=\"2347\" data-end=\"2396\">A co najlepsze - wycieczka obejmuje niezapomniany rejs po Nilu!<\/li>\n<\/ul>\n<hr data-start=\"2076\" data-end=\"2079\" \/>\n<h3 data-start=\"2198\" data-end=\"2225\"><strong data-start=\"2205\" data-end=\"2223\">Cena wycieczki<\/strong><\/h3>\n<ul data-start=\"2226\" data-end=\"2413\">\n<li data-start=\"2226\" data-end=\"2260\">\n<p data-start=\"2228\" data-end=\"2260\"><strong data-start=\"2233\" data-end=\"2258\"><img decoding=\"async\" class=\"emoji\" role=\"img\" draggable=\"false\" src=\"https:\/\/s.w.org\/images\/core\/emoji\/16.0.1\/svg\/1f64e-1f3fb-200d-2642-fe0f.svg\" alt=\"\ud83d\ude4e\ud83c\udffb\u200d\u2642\ufe0f\" \/> 12 lat i wi\u0119cej 80 \u20ac<\/strong><\/p>\n<\/li>\n<li data-start=\"2261\" data-end=\"2309\">\n<p data-start=\"2263\" data-end=\"2309\"><strong data-start=\"2263\" data-end=\"2280\"><img decoding=\"async\" class=\"emoji\" role=\"img\" draggable=\"false\" src=\"https:\/\/s.w.org\/images\/core\/emoji\/16.0.1\/svg\/1f9cd-1f3fb-200d-2640-fe0f.svg\" alt=\"\ud83e\uddcd\ud83c\udffb\u200d\u2640\ufe0f\" \/> 6\/11 lat 40 \u20ac<\/strong><\/p>\n<\/li>\n<li data-start=\"2310\" data-end=\"2357\">\n<p data-start=\"2312\" data-end=\"2357\"><strong data-start=\"2327\" data-end=\"2355\"><img decoding=\"async\" class=\"emoji\" role=\"img\" draggable=\"false\" src=\"https:\/\/s.w.org\/images\/core\/emoji\/16.0.1\/svg\/1f47c-1f3fc.svg\" alt=\"\ud83d\udc7c\ud83c\udffc\" \/> - 6 lat 20 \u20ac<\/strong><\/p>\n<\/li>\n<\/ul>\n<h3 data-start=\"2198\" data-end=\"2225\"><strong data-start=\"2205\" data-end=\"2223\">P\u0142atno\u015b\u0107 w USD ($ \ud83c\uddfa\ud83c\uddf8) zamiast EUR (\u20ac \ud83c\uddea\ud83c\uddfa) jest dost\u0119pna zgodnie z dziennym kursem wymiany banku.<\/strong><\/h3>\n<p><strong>Book Through WhatsApp:<\/strong><\/p>\n<p><a href=\"https:\/\/api.whatsapp.com\/send\/?phone=01021058859\" target=\"_blank\" rel=\"noopener\">\u00a0<img decoding=\"async\" class=\"alignnone wp-image-2058\" src=\"https:\/\/poehalisnamiegypt.com\/wp-content\/uploads\/2024\/02\/pngwing.com_-300x300.png\" sizes=\"auto, (max-width: 35px) 100vw, 35px\" srcset=\"https:\/\/poehalisnamiegypt.com\/wp-content\/uploads\/2024\/02\/pngwing.com_-300x300.png 300w, https:\/\/poehalisnamiegypt.com\/wp-content\/uploads\/2024\/02\/pngwing.com_-150x150.png 150w, https:\/\/poehalisnamiegypt.com\/wp-content\/uploads\/2024\/02\/pngwing.com_.png 584w\" alt=\"\" width=\"53\" height=\"53\" \/><\/a><\/p>\n<div id=\"gtx-trans\" style=\"position: absolute; left: 232px; top: 3.375px;\">\n<div class=\"gtx-trans-icon\"><\/div>\n<\/div>\n<div id=\"gtx-trans\" style=\"position: absolute; left: 232px; top: 3.375px;\">\n<div class=\"gtx-trans-icon\"><\/div>\n<\/div>","protected":false},"excerpt":{"rendered":"<p>\u00a0Cairo VIP Tour \u2013 Trip for Up to 8 Guests Step into the heart of history with our exclusive Cairo VIP Tour, designed for private groups of up to 8 passengers. luxurious journey , private guidance, and a personalized itinerary to explore the legendary treasures of Cairo in unmatched comfort. \ud83d\udde3\ufe0f We Speak Your Language [&hellip;]<\/p>","protected":false},"featured_media":9904,"comment_status":"open","ping_status":"closed","template":"","meta":{"_monsterinsights_skip_tracking":false,"_monsterinsights_sitenote_active":false,"_monsterinsights_sitenote_note":"","_monsterinsights_sitenote_category":0},"product_brand":[],"product_cat":[63],"product_tag":[],"class_list":{"0":"post-9899","1":"product","2":"type-product","3":"status-publish","4":"has-post-thumbnail","6":"product_cat-cairo","8":"first","9":"instock","10":"shipping-taxable","11":"purchasable","12":"product-type-ovabrw_car_rental"},"_links":{"self":[{"href":"https:\/\/redsea-dream-tours.com\/pl\/wp-json\/wp\/v2\/product\/9899","targetHints":{"allow":["GET"]}}],"collection":[{"href":"https:\/\/redsea-dream-tours.com\/pl\/wp-json\/wp\/v2\/product"}],"about":[{"href":"https:\/\/redsea-dream-tours.com\/pl\/wp-json\/wp\/v2\/types\/product"}],"replies":[{"embeddable":true,"href":"https:\/\/redsea-dream-tours.com\/pl\/wp-json\/wp\/v2\/comments?post=9899"}],"wp:featuredmedia":[{"embeddable":true,"href":"https:\/\/redsea-dream-tours.com\/pl\/wp-json\/wp\/v2\/media\/9904"}],"wp:attachment":[{"href":"https:\/\/redsea-dream-tours.com\/pl\/wp-json\/wp\/v2\/media?parent=9899"}],"wp:term":[{"taxonomy":"product_brand","embeddable":true,"href":"https:\/\/redsea-dream-tours.com\/pl\/wp-json\/wp\/v2\/product_brand?post=9899"},{"taxonomy":"product_cat","embeddable":true,"href":"https:\/\/redsea-dream-tours.com\/pl\/wp-json\/wp\/v2\/product_cat?post=9899"},{"taxonomy":"product_tag","embeddable":true,"href":"https:\/\/redsea-dream-tours.com\/pl\/wp-json\/wp\/v2\/product_tag?post=9899"}],"curies":[{"name":"wp","href":"https:\/\/api.w.org\/{rel}","templated":true}]}}