{"id":9895,"date":"2025-09-07T11:31:51","date_gmt":"2025-09-07T11:31:51","guid":{"rendered":"https:\/\/redsea-dream-tours.com\/?post_type=product&#038;p=9895"},"modified":"2025-11-28T15:12:08","modified_gmt":"2025-11-28T15:12:08","slug":"cairo-plane-2-pax-trip","status":"publish","type":"product","link":"https:\/\/redsea-dream-tours.com\/pl\/produkt\/cairo-plane-2-pax-trip\/","title":{"rendered":"Wycieczka samolotem do Kairu: Prywatny luksus dla dwojga"},"content":{"rendered":"<h3 data-start=\"245\" data-end=\"308\">\u2708\ufe0f <strong data-start=\"252\" data-end=\"306\">Wycieczka samolotem do Kairu - prywatne do\u015bwiadczenie dla 2 os\u00f3b<\/strong><\/h3>\n<p data-start=\"310\" data-end=\"605\">Odkryj skarby Kairu dzi\u0119ki wycieczce <strong data-start=\"349\" data-end=\"381\">luksusowa podr\u00f3\u017c prywatnym samolotem<\/strong>idealnie zaprojektowany dla dw\u00f3ch os\u00f3b, kt\u00f3re ceni\u0105 <strong data-start=\"427\" data-end=\"472\">komfort, ekskluzywno\u015b\u0107 i oszcz\u0119dno\u015b\u0107 czasu<\/strong>. Pomi\u0144 d\u0142ug\u0105 podr\u00f3\u017c autobusem i wznie\u015b si\u0119 ponad egipski krajobraz, zapewniaj\u0105c sobie <strong data-start=\"545\" data-end=\"602\">wi\u0119cej czasu na odkrywanie cud\u00f3w staro\u017cytnego \u015bwiata<\/strong>.<\/p>\n<hr data-start=\"607\" data-end=\"610\" \/>\n<h3 data-start=\"493\" data-end=\"529\">\ud83d\udde3\ufe0f <strong data-start=\"501\" data-end=\"527\">M\u00f3wimy w Twoim j\u0119zyku<\/strong><\/h3>\n<ul data-start=\"530\" data-end=\"594\">\n<li>Polski<\/li>\n<li>Francuski<\/li>\n<li>Angielski<\/li>\n<li>Niemiecki<\/li>\n<li>Portugalski<\/li>\n<li>Hiszpa\u0144ski<\/li>\n<li>...i nie tylko!<\/li>\n<\/ul>\n<p data-start=\"596\" data-end=\"678\">Niezale\u017cnie od tego, sk\u0105d pochodzisz, zapewniamy p\u0142ynn\u0105 komunikacj\u0119 i spersonalizowane podej\u015bcie.<\/p>\n<hr data-start=\"607\" data-end=\"610\" \/>\n<h3 data-start=\"612\" data-end=\"661\">\ud83c\udf05 <strong data-start=\"619\" data-end=\"659\">Ekskluzywny odbi\u00f3r i transfer lotniskowy<\/strong><\/h3>\n<ul data-start=\"662\" data-end=\"912\">\n<li data-start=\"662\" data-end=\"781\">\n<p data-start=\"664\" data-end=\"781\"><strong data-start=\"664\" data-end=\"683\">Odbi\u00f3r prywatny<\/strong> \ud83d\ude90: Rozpocznij dzie\u0144 od wygodnego, klimatyzowanego transferu z hotelu na lotnisko.<\/p>\n<\/li>\n<li data-start=\"782\" data-end=\"912\">\n<p data-start=\"784\" data-end=\"912\"><strong data-start=\"784\" data-end=\"822\">Pomoc w formalno\u015bciach zwi\u0105zanych z lotem<\/strong> \ud83d\udeeb: Nasz zesp\u00f3\u0142 zapewni bezproblemowy proces odprawy na lot krajowy do Kairu.<\/p>\n<\/li>\n<\/ul>\n<hr data-start=\"914\" data-end=\"917\" \/>\n<h3 data-start=\"919\" data-end=\"961\">\ud83c\udfdb\ufe0f <strong data-start=\"927\" data-end=\"959\">Piramidy w Gizie i Wielki Sfinks<\/strong><\/h3>\n<ul data-start=\"962\" data-end=\"1211\">\n<li data-start=\"962\" data-end=\"1065\">\n<p data-start=\"964\" data-end=\"1065\">Sta\u0144 przed legendarnym <strong data-start=\"991\" data-end=\"1011\">Piramidy w Gizie<\/strong>jeden z <strong data-start=\"1024\" data-end=\"1062\">Siedem cud\u00f3w staro\u017cytnego \u015bwiata<\/strong>.<\/p>\n<\/li>\n<li data-start=\"1066\" data-end=\"1132\">\n<p data-start=\"1068\" data-end=\"1132\">Podziwiaj <strong data-start=\"1079\" data-end=\"1095\">Wielki Sfinks<\/strong> \ud83e\udd81, symbol tajemniczo\u015bci i mocy.<\/p>\n<\/li>\n<li data-start=\"1133\" data-end=\"1211\">\n<p data-start=\"1135\" data-end=\"1211\">Opcjonalnie: Wejd\u017a do jednej ze staro\u017cytnych piramid (wymagany dodatkowy bilet).<\/p>\n<\/li>\n<\/ul>\n<hr data-start=\"1213\" data-end=\"1216\" \/>\n<h3 data-start=\"1218\" data-end=\"1261\">\ud83c\udffa <strong data-start=\"1225\" data-end=\"1259\">Egipskie Muzeum Staro\u017cytno\u015bci<\/strong><\/h3>\n<ul data-start=\"1262\" data-end=\"1488\">\n<li data-start=\"1262\" data-end=\"1378\">\n<p data-start=\"1264\" data-end=\"1378\">Poznaj muzeum <strong data-start=\"1285\" data-end=\"1313\">Skarby Tutenchamona<\/strong>kr\u00f3lewskie mumie i wi\u0119cej ni\u017c <strong data-start=\"1344\" data-end=\"1375\">120 000 bezcennych artefakt\u00f3w<\/strong>.<\/p>\n<\/li>\n<li data-start=\"1379\" data-end=\"1488\">\n<p data-start=\"1381\" data-end=\"1488\">Tw\u00f3j prywatny przewodnik egiptolog podzieli si\u0119 urzekaj\u0105cymi historiami o staro\u017cytnych faraonach i ich dziedzictwie.<\/p>\n<\/li>\n<\/ul>\n<hr data-start=\"1490\" data-end=\"1493\" \/>\n<h3 data-start=\"1495\" data-end=\"1528\">\ud83c\udf74 <strong data-start=\"1502\" data-end=\"1526\">VIP Lunch Experience<\/strong><\/h3>\n<ul data-start=\"1529\" data-end=\"1650\">\n<li data-start=\"1529\" data-end=\"1650\">\n<p data-start=\"1531\" data-end=\"1650\">Ciesz si\u0119 <strong data-start=\"1539\" data-end=\"1565\">Egipski lunch dla smakoszy<\/strong> \ud83c\udf7d\ufe0f , oferuj\u0105c spokojn\u0105 atmosfer\u0119 i autentyczne smaki.<\/p>\n<\/li>\n<\/ul>\n<hr data-start=\"1652\" data-end=\"1655\" \/>\n<h3 data-start=\"1657\" data-end=\"1704\">\ud83d\udecd\ufe0f <strong data-start=\"1665\" data-end=\"1702\">Prywatne zakupy i przystanki kulturalne<\/strong><\/h3>\n<ul data-start=\"1705\" data-end=\"1825\">\n<li data-start=\"1705\" data-end=\"1825\">\n<p data-start=\"1707\" data-end=\"1825\">Spacer po <strong data-start=\"1724\" data-end=\"1765\">tradycyjny bazar lub galeria papirus\u00f3w<\/strong> \ud83d\udecd\ufe0f we w\u0142asnym tempie, z przewodnikiem po wybranych autentycznych sklepach.<\/p>\n<\/li>\n<\/ul>\n<hr data-start=\"1827\" data-end=\"1830\" \/>\n<h3 data-start=\"1832\" data-end=\"1868\">\ud83c\udf07 <strong data-start=\"1839\" data-end=\"1866\">Podr\u00f3\u017c powrotna samolotem<\/strong><\/h3>\n<ul data-start=\"1869\" data-end=\"2013\">\n<li data-start=\"1869\" data-end=\"1949\">\n<p data-start=\"1871\" data-end=\"1949\">Po ca\u0142ym dniu zwiedzania wr\u00f3\u0107 na lotnisko, aby odby\u0107 lot powrotny.<\/p>\n<\/li>\n<li data-start=\"1950\" data-end=\"2013\">\n<p data-start=\"1952\" data-end=\"2013\"><strong data-start=\"1952\" data-end=\"1972\">Prywatny transfer<\/strong> \ud83d\ude90 czeka, aby odprowadzi\u0107 Ci\u0119 do hotelu.<\/p>\n<\/li>\n<\/ul>\n<hr data-start=\"2015\" data-end=\"2018\" \/>\n<h3 data-start=\"2020\" data-end=\"2068\"><strong data-start=\"2024\" data-end=\"2066\">Dlaczego warto wybra\u0107 wycieczk\u0119 samolotem do Kairu dla 2 os\u00f3b?<\/strong><\/h3>\n<ul data-start=\"2069\" data-end=\"2369\">\n<li data-start=\"2069\" data-end=\"2134\">\n<p data-start=\"2071\" data-end=\"2134\">\u2708\ufe0f <strong data-start=\"2074\" data-end=\"2102\">Szybka i wygodna podr\u00f3\u017c<\/strong> - Maksymalne wykorzystanie czasu w Kairze<\/p>\n<\/li>\n<li data-start=\"2135\" data-end=\"2195\">\n<p data-start=\"2137\" data-end=\"2195\">\ud83c\udfdb\ufe0f Prywatna wycieczka z przewodnikiem po najbardziej znanych zabytkach Egiptu<\/p>\n<\/li>\n<li data-start=\"2196\" data-end=\"2248\">\n<p data-start=\"2198\" data-end=\"2248\">\ud83c\udf74 <strong data-start=\"2201\" data-end=\"2230\">Do\u015bwiadczenie kulinarne klasy premium<\/strong><\/p>\n<\/li>\n<li data-start=\"2249\" data-end=\"2316\">\n<p data-start=\"2251\" data-end=\"2316\">\ud83e\uddd1\u200d\ud83e\udd1d\u200d\ud83e\uddd1 Idealny dla par, nowo\u017ce\u0144c\u00f3w lub os\u00f3b podr\u00f3\u017cuj\u0105cych w luksusowych warunkach.<\/p>\n<\/li>\n<li data-start=\"2317\" data-end=\"2369\">\n<p data-start=\"2319\" data-end=\"2369\">\ud83d\udecd\ufe0f Dostosowane przystanki na zakupy i elastyczny plan podr\u00f3\u017cy<\/p>\n<\/li>\n<li>A co najlepsze - wycieczka obejmuje niezapomniany rejs po Nilu!<\/li>\n<\/ul>\n<article class=\"text-token-text-primary w-full focus:outline-none scroll-mt-(--header-height)\" dir=\"auto\" tabindex=\"-1\" data-turn-id=\"307d3d07-6d21-424c-bca4-db7c002607fb\" data-testid=\"conversation-turn-13\" data-scroll-anchor=\"false\" data-turn=\"user\">\n<div class=\"text-base my-auto mx-auto pt-12 [--thread-content-margin:--spacing(4)] thread-sm:[--thread-content-margin:--spacing(6)] thread-lg:[--thread-content-margin:--spacing(16)] px-(--thread-content-margin)\">\n<div class=\"[--thread-content-max-width:40rem] thread-lg:[--thread-content-max-width:48rem] mx-auto max-w-(--thread-content-max-width) flex-1 group\/turn-messages focus-visible:outline-hidden relative flex w-full min-w-0 flex-col\" tabindex=\"-1\">\n<div class=\"flex max-w-full flex-col grow\"><\/div>\n<\/div>\n<\/div>\n<\/article>\n<hr data-start=\"2015\" data-end=\"2018\" \/>\n<article class=\"text-token-text-primary w-full focus:outline-none scroll-mt-(--header-height)\" dir=\"auto\" tabindex=\"-1\" data-turn-id=\"307d3d07-6d21-424c-bca4-db7c002607fb\" data-testid=\"conversation-turn-13\" data-scroll-anchor=\"false\" data-turn=\"user\">\n<div class=\"text-base my-auto mx-auto pt-12 [--thread-content-margin:--spacing(4)] thread-sm:[--thread-content-margin:--spacing(6)] thread-lg:[--thread-content-margin:--spacing(16)] px-(--thread-content-margin)\">\n<div class=\"[--thread-content-max-width:40rem] thread-lg:[--thread-content-max-width:48rem] mx-auto max-w-(--thread-content-max-width) flex-1 group\/turn-messages focus-visible:outline-hidden relative flex w-full min-w-0 flex-col\" tabindex=\"-1\">\n<div class=\"flex max-w-full flex-col grow\">\n<div class=\"min-h-8 text-message relative flex w-full flex-col items-end gap-2 text-start break-words whitespace-normal [.text-message+&amp;]:mt-5\" dir=\"auto\" data-message-author-role=\"user\" data-message-id=\"307d3d07-6d21-424c-bca4-db7c002607fb\">\n<div class=\"flex w-full flex-col gap-1 empty:hidden items-end rtl:items-start\">\n<div class=\"user-message-bubble-color relative rounded-[18px] px-4 py-1.5 data-[multiline]:py-3 max-w-[var(--user-chat-width,70%)]\">\n<div>\n<article class=\"text-token-text-primary w-full focus:outline-none scroll-mt-(--header-height)\" dir=\"auto\" tabindex=\"-1\" data-turn-id=\"307d3d07-6d21-424c-bca4-db7c002607fb\" data-testid=\"conversation-turn-13\" data-scroll-anchor=\"false\" data-turn=\"user\">\n<div class=\"text-base my-auto mx-auto pt-12 [--thread-content-margin:--spacing(4)] thread-sm:[--thread-content-margin:--spacing(6)] thread-lg:[--thread-content-margin:--spacing(16)] px-(--thread-content-margin)\">\n<div class=\"[--thread-content-max-width:40rem] thread-lg:[--thread-content-max-width:48rem] mx-auto max-w-(--thread-content-max-width) flex-1 group\/turn-messages focus-visible:outline-hidden relative flex w-full min-w-0 flex-col\" tabindex=\"-1\">\n<div><strong data-start=\"56\" data-end=\"76\">\u26a0\ufe0f\"Wa\u017cna uwaga\"<\/strong><\/div>\n<\/div>\n<\/div>\n<\/article>\n<div><strong data-start=\"56\" data-end=\"76\">\"Ta podr\u00f3\u017c nie podlega zwrotowi w \u017cadnych okoliczno\u015bciach (choroba, podr\u00f3\u017c lub nieprzybycie)\".<\/strong><\/div>\n<\/div>\n<div class=\"whitespace-pre-wrap\"><strong data-start=\"927\" data-end=\"959\">Cena wycieczki<\/strong><\/div>\n<\/div>\n<\/div>\n<\/div>\n<\/div>\n<div class=\"flex justify-end\">\ud83d\ude4e\ud83c\udffb\u200d\u2642\ufe0f 12 lat i wi\u0119cej 240 \u20ac<\/div>\n<div><strong><img decoding=\"async\" class=\"emoji\" role=\"img\" draggable=\"false\" src=\"https:\/\/s.w.org\/images\/core\/emoji\/16.0.1\/svg\/1f9cd-1f3fb-200d-2640-fe0f.svg\" alt=\"\ud83e\uddcd\ud83c\udffb\u200d\u2640\ufe0f\" \/><\/strong>\u00a0 2\/11 lat 180 \u20ac<\/div>\n<div><strong><img decoding=\"async\" class=\"emoji\" role=\"img\" draggable=\"false\" src=\"https:\/\/s.w.org\/images\/core\/emoji\/16.0.1\/svg\/1f47c-1f3fc.svg\" alt=\"\ud83d\udc7c\ud83c\udffc\" \/><\/strong> \u00a0 -2 lata 40 \u20ac<\/div>\n<\/div>\n<\/div>\n<\/article>\n<div>\n<h3 data-start=\"2198\" data-end=\"2225\"><strong data-start=\"2205\" data-end=\"2223\">P\u0142atno\u015b\u0107 w USD ($ \ud83c\uddfa\ud83c\uddf8) zamiast EUR (\u20ac \ud83c\uddea\ud83c\uddfa) jest dost\u0119pna zgodnie z dziennym kursem wymiany banku.<\/strong><\/h3>\n<\/div>\n<article class=\"text-token-text-primary w-full focus:outline-none scroll-mt-(--header-height)\" dir=\"auto\" tabindex=\"-1\" data-turn-id=\"307d3d07-6d21-424c-bca4-db7c002607fb\" data-testid=\"conversation-turn-13\" data-scroll-anchor=\"false\" data-turn=\"user\">\n<div class=\"text-base my-auto mx-auto pt-12 [--thread-content-margin:--spacing(4)] thread-sm:[--thread-content-margin:--spacing(6)] thread-lg:[--thread-content-margin:--spacing(16)] px-(--thread-content-margin)\">\n<div class=\"[--thread-content-max-width:40rem] thread-lg:[--thread-content-max-width:48rem] mx-auto max-w-(--thread-content-max-width) flex-1 group\/turn-messages focus-visible:outline-hidden relative flex w-full min-w-0 flex-col\" tabindex=\"-1\">\n<div>\n<hr data-start=\"2015\" data-end=\"2018\" \/>\n<\/div>\n<div><strong>Book Through WhatsApp:<\/strong><\/div>\n<\/div>\n<\/div>\n<\/article>\n<p><a href=\"https:\/\/api.whatsapp.com\/send\/?phone=01021058859\" target=\"_blank\" rel=\"noopener\">\u00a0<img decoding=\"async\" class=\"alignnone wp-image-2058\" src=\"https:\/\/poehalisnamiegypt.com\/wp-content\/uploads\/2024\/02\/pngwing.com_-300x300.png\" sizes=\"auto, (max-width: 35px) 100vw, 35px\" srcset=\"https:\/\/poehalisnamiegypt.com\/wp-content\/uploads\/2024\/02\/pngwing.com_-300x300.png 300w, https:\/\/poehalisnamiegypt.com\/wp-content\/uploads\/2024\/02\/pngwing.com_-150x150.png 150w, https:\/\/poehalisnamiegypt.com\/wp-content\/uploads\/2024\/02\/pngwing.com_.png 584w\" alt=\"\" width=\"53\" height=\"53\" \/><\/a><\/p>","protected":false},"excerpt":{"rendered":"<p>\u2708\ufe0f Cairo Plane Trip \u2013 Private Experience for 2 Guests Discover the treasures of Cairo with a luxurious private plane trip, perfectly designed for two people who value comfort, exclusivity, and time efficiency. Skip the long bus journey and soar above Egypt\u2019s landscape, giving you more time to explore the wonders of the ancient world. [&hellip;]<\/p>","protected":false},"featured_media":9897,"comment_status":"open","ping_status":"closed","template":"","meta":{"_monsterinsights_skip_tracking":false,"_monsterinsights_sitenote_active":false,"_monsterinsights_sitenote_note":"","_monsterinsights_sitenote_category":0},"product_brand":[],"product_cat":[63],"product_tag":[],"class_list":{"0":"post-9895","1":"product","2":"type-product","3":"status-publish","4":"has-post-thumbnail","6":"product_cat-cairo","8":"first","9":"instock","10":"shipping-taxable","11":"purchasable","12":"product-type-ovabrw_car_rental"},"_links":{"self":[{"href":"https:\/\/redsea-dream-tours.com\/pl\/wp-json\/wp\/v2\/product\/9895","targetHints":{"allow":["GET"]}}],"collection":[{"href":"https:\/\/redsea-dream-tours.com\/pl\/wp-json\/wp\/v2\/product"}],"about":[{"href":"https:\/\/redsea-dream-tours.com\/pl\/wp-json\/wp\/v2\/types\/product"}],"replies":[{"embeddable":true,"href":"https:\/\/redsea-dream-tours.com\/pl\/wp-json\/wp\/v2\/comments?post=9895"}],"wp:featuredmedia":[{"embeddable":true,"href":"https:\/\/redsea-dream-tours.com\/pl\/wp-json\/wp\/v2\/media\/9897"}],"wp:attachment":[{"href":"https:\/\/redsea-dream-tours.com\/pl\/wp-json\/wp\/v2\/media?parent=9895"}],"wp:term":[{"taxonomy":"product_brand","embeddable":true,"href":"https:\/\/redsea-dream-tours.com\/pl\/wp-json\/wp\/v2\/product_brand?post=9895"},{"taxonomy":"product_cat","embeddable":true,"href":"https:\/\/redsea-dream-tours.com\/pl\/wp-json\/wp\/v2\/product_cat?post=9895"},{"taxonomy":"product_tag","embeddable":true,"href":"https:\/\/redsea-dream-tours.com\/pl\/wp-json\/wp\/v2\/product_tag?post=9895"}],"curies":[{"name":"wp","href":"https:\/\/api.w.org\/{rel}","templated":true}]}}