{"id":9880,"date":"2025-09-07T11:07:34","date_gmt":"2025-09-07T11:07:34","guid":{"rendered":"https:\/\/redsea-dream-tours.com\/?post_type=product&#038;p=9880"},"modified":"2026-01-02T17:50:50","modified_gmt":"2026-01-02T17:50:50","slug":"luxor-ballon-trip","status":"publish","type":"product","link":"https:\/\/redsea-dream-tours.com\/pl\/produkt\/luxor-ballon-trip\/","title":{"rendered":"Lot balonem do Luksoru: widoki o wschodzie s\u0142o\u0144ca i wycieczka po Zachodnim Brzegu"},"content":{"rendered":"<h3 data-start=\"212\" data-end=\"291\">\ud83c\udf88 <strong data-start=\"219\" data-end=\"289\">Lot balonem w Luksorze - magiczna podr\u00f3\u017c nad staro\u017cytnym Egiptem<\/strong><\/h3>\n<p data-start=\"293\" data-end=\"599\">Do\u015bwiadczenie <strong data-start=\"308\" data-end=\"341\">Ostateczna przygoda o wschodzie s\u0142o\u0144ca<\/strong> z zapieraj\u0105cym dech w piersiach <strong data-start=\"362\" data-end=\"397\">lot balonem na ogrzane powietrze nad Luksorem<\/strong>najwi\u0119ksze na \u015bwiecie muzeum pod go\u0142ym niebem. Uno\u015b si\u0119 w ciszy nad ponadczasowymi krajobrazami, w kt\u00f3rych niegdy\u015b rz\u0105dzili pot\u0119\u017cni faraonowie, i b\u0105d\u017a \u015bwiadkiem <strong data-start=\"535\" data-end=\"596\">Nil, \u015bwi\u0105tynie i doliny sk\u0105pane w z\u0142otym \u015bwietle poranka<\/strong>.<\/p>\n<hr data-start=\"601\" data-end=\"604\" \/>\n<h3 data-start=\"606\" data-end=\"659\"><strong data-start=\"610\" data-end=\"657\">Wczesny poranny start - idealny pocz\u0105tek<\/strong><\/h3>\n<ul data-start=\"660\" data-end=\"959\">\n<li data-start=\"660\" data-end=\"773\">\n<p data-start=\"662\" data-end=\"773\"><strong data-start=\"662\" data-end=\"681\">Us\u0142uga odbioru<\/strong> \ud83d\ude90: Rozpocznij dzie\u0144 od wczesnego porannego odbioru z hotelu lub statku wycieczkowego w Luksorze.<\/p>\n<\/li>\n<li data-start=\"774\" data-end=\"853\">\n<p data-start=\"776\" data-end=\"853\"><strong data-start=\"776\" data-end=\"798\">Lekki pocz\u0119stunek<\/strong> \u2615: Ciesz si\u0119 herbat\u0105 lub kaw\u0105 przed rozpocz\u0119ciem przygody.<\/p>\n<\/li>\n<li data-start=\"854\" data-end=\"959\">\n<p data-start=\"856\" data-end=\"959\"><strong data-start=\"856\" data-end=\"878\">Transfer \u0142odzi\u0105 po Nilu<\/strong> \u26f4\ufe0f: Przeprawa przez spokojn\u0105 rzek\u0119 Nil na Zachodni Brzeg, gdzie czeka balon.<\/p>\n<\/li>\n<\/ul>\n<hr data-start=\"961\" data-end=\"964\" \/>\n<h3 data-start=\"966\" data-end=\"997\"><strong data-start=\"970\" data-end=\"995\">Do\u015bwiadczenie lotu<\/strong><\/h3>\n<ul data-start=\"998\" data-end=\"1430\">\n<li data-start=\"998\" data-end=\"1132\">\n<p data-start=\"1000\" data-end=\"1132\"><strong data-start=\"1000\" data-end=\"1023\">Start o wschodzie s\u0142o\u0144ca<\/strong> \ud83c\udf05: Gdy pierwsze promienie s\u0142o\u0144ca o\u015bwietlaj\u0105 horyzont, balon zaczyna delikatnie wznosi\u0107 si\u0119 w niebo.<\/p>\n<\/li>\n<li data-start=\"1133\" data-end=\"1295\">\n<p data-start=\"1135\" data-end=\"1295\"><strong data-start=\"1135\" data-end=\"1157\">Zapieraj\u0105ce dech w piersiach widoki<\/strong> \ud83c\udfdc\ufe0f: Szybuj nad kultowymi punktami orientacyjnymi, takimi jak <strong data-start=\"1203\" data-end=\"1226\">Dolina Kr\u00f3l\u00f3w<\/strong>, <strong data-start=\"1228\" data-end=\"1249\">\u015awi\u0105tynia Hatszepsut<\/strong>i bujne pola uprawne doliny Nilu.<\/p>\n<\/li>\n<li data-start=\"1296\" data-end=\"1430\">\n<p data-start=\"1298\" data-end=\"1430\"><strong data-start=\"1298\" data-end=\"1324\">Piloci eksperci i bezpiecze\u0144stwo<\/strong> \ud83e\uddd1\u200d\u2708\ufe0f: Lataj z do\u015bwiadczonymi, licencjonowanymi pilotami zapewniaj\u0105cymi zar\u00f3wno bezpiecze\u0144stwo, jak i niezapomniane wra\u017cenia.<\/p>\n<\/li>\n<\/ul>\n<hr data-start=\"1432\" data-end=\"1435\" \/>\n<h3 data-start=\"1437\" data-end=\"1466\"><strong data-start=\"1441\" data-end=\"1464\">Czas trwania i wspomnienia<\/strong><\/h3>\n<ul data-start=\"1467\" data-end=\"1798\">\n<li data-start=\"1467\" data-end=\"1571\">\n<p data-start=\"1469\" data-end=\"1571\"><strong data-start=\"1469\" data-end=\"1484\">Czas lotu<\/strong> \u23f1\ufe0f: Przeja\u017cd\u017cka trwa oko\u0142o 45 minut do 1 godziny, w zale\u017cno\u015bci od warunk\u00f3w wietrznych.<\/p>\n<\/li>\n<li data-start=\"1572\" data-end=\"1707\">\n<p data-start=\"1574\" data-end=\"1707\"><strong data-start=\"1574\" data-end=\"1596\">Niebo fotografii<\/strong> \ud83d\udcf8: Uchwy\u0107 jedyne w swoim rodzaju widoki na staro\u017cytne \u015bwi\u0105tynie, kr\u0119t\u0105 \u015bcie\u017ck\u0119 Nilu i z\u0142ot\u0105 pustyni\u0119 Luksoru.<\/p>\n<\/li>\n<li data-start=\"1708\" data-end=\"1798\">\n<p data-start=\"1710\" data-end=\"1798\"><strong data-start=\"1710\" data-end=\"1730\">Ceremonia l\u0105dowania<\/strong> \ud83c\udf89: Uczcij sw\u00f3j lot tradycyjnym certyfikatem l\u0105dowania.<\/p>\n<\/li>\n<\/ul>\n<hr data-start=\"1800\" data-end=\"1803\" \/>\n<h3 data-start=\"902\" data-end=\"950\">\ud83c\udfdc\ufe0f <strong data-start=\"910\" data-end=\"948\">Odkryj ponadczasowy Zachodni Brzeg Luksoru po locie balonem\u00a0 \u00a0\u00a0<\/strong><\/h3>\n<p data-start=\"951\" data-end=\"1049\">Tw\u00f3j prywatny przewodnik egiptolog zaprowadzi Ci\u0119 do najbardziej znanych skarb\u00f3w Egiptu. <strong data-start=\"1033\" data-end=\"1046\">Zachodni Brzeg<\/strong>:<\/p>\n<ul data-start=\"1050\" data-end=\"1384\">\n<li data-start=\"1050\" data-end=\"1151\">\n<p data-start=\"1052\" data-end=\"1151\"><strong data-start=\"1052\" data-end=\"1075\">Dolina Kr\u00f3l\u00f3w<\/strong> \ud83c\udfdb\ufe0f - Poznaj staro\u017cytne miejsca poch\u00f3wku najs\u0142ynniejszych egipskich faraon\u00f3w.<\/p>\n<\/li>\n<li data-start=\"1152\" data-end=\"1263\">\n<p data-start=\"1154\" data-end=\"1263\"><strong data-start=\"1154\" data-end=\"1175\">\u015awi\u0105tynia Hatszepsut<\/strong> \u26e9\ufe0f - Podziwiaj eleganck\u0105 architektur\u0119 jedynej \u015bwi\u0105tyni grobowej faraona p\u0142ci \u017ce\u0144skiej.<\/p>\n<\/li>\n<li data-start=\"1264\" data-end=\"1384\">\n<p data-start=\"1266\" data-end=\"1384\"><strong data-start=\"1266\" data-end=\"1287\">Kolosy Memnona<\/strong> \ud83d\uddff - Zr\u00f3b niezapomniane zdj\u0119cia obok tych kolosalnych pos\u0105g\u00f3w, kt\u00f3re stoj\u0105 od tysi\u0105cleci.<\/p>\n<\/li>\n<\/ul>\n<hr data-start=\"1386\" data-end=\"1389\" \/>\n<h3 data-start=\"1391\" data-end=\"1433\">\ud83c\udffa <strong data-start=\"1398\" data-end=\"1431\">Najwa\u017cniejsze atrakcje East Bank w dobrym stylu<\/strong><\/h3>\n<ul data-start=\"1434\" data-end=\"1664\">\n<li data-start=\"1434\" data-end=\"1539\">\n<p data-start=\"1436\" data-end=\"1539\">Odwied\u017a wspania\u0142e <strong data-start=\"1458\" data-end=\"1483\">Kompleks \u015bwi\u0105tynny Karnak<\/strong> - jedna z najwi\u0119kszych struktur religijnych, jakie kiedykolwiek zbudowano.<\/p>\n<\/li>\n<li data-start=\"1540\" data-end=\"1664\">\n<p data-start=\"1542\" data-end=\"1664\">Spaceruj staro\u017cytnymi alejami sfinks\u00f3w i wysokich filar\u00f3w, podczas gdy przewodnik dzieli si\u0119 fascynuj\u0105cymi tajemnicami z przesz\u0142o\u015bci.<\/p>\n<\/li>\n<\/ul>\n<hr data-start=\"1386\" data-end=\"1389\" \/>\n<h3 data-start=\"1805\" data-end=\"1831\"><strong data-start=\"1809\" data-end=\"1829\">Po locie<\/strong><\/h3>\n<ul data-start=\"1832\" data-end=\"2012\">\n<li data-start=\"1832\" data-end=\"1915\">\n<p data-start=\"1834\" data-end=\"1915\"><strong data-start=\"1834\" data-end=\"1853\">Przelew zwrotny<\/strong> \ud83d\ude90: Zrelaksuj si\u0119, gdy zabierzemy Ci\u0119 z powrotem do hotelu lub na statek wycieczkowy.<\/p>\n<\/li>\n<li data-start=\"1916\" data-end=\"2012\">\n<p data-start=\"1918\" data-end=\"2012\"><strong data-start=\"1918\" data-end=\"1940\">Opcjonalne \u015bniadanie<\/strong> \ud83c\udf74: Dodaj obfite egipskie \u015bniadanie, aby zako\u0144czy\u0107 sw\u00f3j magiczny poranek.<\/p>\n<\/li>\n<\/ul>\n<hr data-start=\"2014\" data-end=\"2017\" \/>\n<h3 data-start=\"2019\" data-end=\"2072\"><strong data-start=\"2023\" data-end=\"2070\">Dlaczego warto wybra\u0107 lot balonem na ogrzane powietrze w Luksorze?<\/strong><\/h3>\n<ul data-start=\"2073\" data-end=\"2354\">\n<li data-start=\"2073\" data-end=\"2146\">\n<p data-start=\"2075\" data-end=\"2146\">Unikalny widok z lotu ptaka na najs\u0142ynniejsze stanowiska archeologiczne na \u015bwiecie<\/p>\n<\/li>\n<li data-start=\"2147\" data-end=\"2194\">\n<p data-start=\"2149\" data-end=\"2194\">Spektakularny wsch\u00f3d s\u0142o\u0144ca nad dolin\u0105 Nilu<\/p>\n<\/li>\n<li data-start=\"2195\" data-end=\"2249\">\n<p data-start=\"2197\" data-end=\"2249\">\ud83e\uddd1\u200d\u2708\ufe0f Profesjonalni piloci i najwy\u017csze standardy bezpiecze\u0144stwa<\/p>\n<\/li>\n<li data-start=\"2250\" data-end=\"2309\">\n<p data-start=\"2252\" data-end=\"2309\">Idealny dla mi\u0142o\u015bnik\u00f3w fotografii i na specjalne okazje<\/p>\n<\/li>\n<li data-start=\"2310\" data-end=\"2354\">\n<p data-start=\"2312\" data-end=\"2354\">Wygodny odbi\u00f3r i dow\u00f3z do hotelu<\/p>\n<\/li>\n<\/ul>\n<hr data-start=\"2014\" data-end=\"2017\" \/>\n<h3 data-start=\"493\" data-end=\"529\">\ud83d\udde3\ufe0f <strong data-start=\"501\" data-end=\"527\">M\u00f3wimy w Twoim j\u0119zyku<\/strong><\/h3>\n<ul data-start=\"530\" data-end=\"594\">\n<li>Polski<\/li>\n<li>Francuski<\/li>\n<li>Angielski<\/li>\n<li>Niemiecki<\/li>\n<li>Portugalski<\/li>\n<li>Hiszpa\u0144ski<\/li>\n<li>...i nie tylko!<\/li>\n<\/ul>\n<p data-start=\"596\" data-end=\"678\">Niezale\u017cnie od tego, sk\u0105d pochodzisz, zapewniamy p\u0142ynn\u0105 komunikacj\u0119 i spersonalizowane podej\u015bcie.<\/p>\n<hr data-start=\"2014\" data-end=\"2017\" \/>\n<h3 data-start=\"2198\" data-end=\"2225\"><strong data-start=\"2205\" data-end=\"2223\">Cena wycieczki<\/strong><\/h3>\n<table style=\"height: 189px;\" width=\"596\">\n<tbody>\n<tr>\n<td width=\"64\"><strong>pax<\/strong><\/td>\n<td width=\"66\"><strong><img decoding=\"async\" class=\"emoji\" role=\"img\" draggable=\"false\" src=\"https:\/\/s.w.org\/images\/core\/emoji\/16.0.1\/svg\/1f64e-1f3fb-200d-2642-fe0f.svg\" alt=\"\ud83d\ude4e\ud83c\udffb\u200d\u2642\ufe0f\" \/> 12 lat i wi\u0119cej<\/strong><\/td>\n<td width=\"80\"><strong><img decoding=\"async\" class=\"emoji\" role=\"img\" draggable=\"false\" src=\"https:\/\/s.w.org\/images\/core\/emoji\/16.0.1\/svg\/1f9cd-1f3fb-200d-2640-fe0f.svg\" alt=\"\ud83e\uddcd\ud83c\udffb\u200d\u2640\ufe0f\" \/> 6\/11 lat<\/strong><\/td>\n<\/tr>\n<tr>\n<td style=\"text-align: center;\"><strong>2<\/strong><\/td>\n<td style=\"text-align: center;\"><strong>\u00a0\u20ac\u00a0\u00a0 230.00<\/strong><\/td>\n<td style=\"text-align: center;\"><strong>\u00a0\u20ac\u00a0\u00a0\u00a0\u00a0\u00a0\u00a0\u00a0\u00a0\u00a0\u00a0\u00a0\u00a0 130<\/strong><\/td>\n<\/tr>\n<tr>\n<td style=\"text-align: center;\"><strong>3<\/strong><\/td>\n<td style=\"text-align: center;\"><strong>\u00a0\u20ac\u00a0\u00a0 210.00<\/strong><\/td>\n<td style=\"text-align: center;\"><strong>\u00a0\u20ac\u00a0\u00a0\u00a0\u00a0\u00a0\u00a0\u00a0\u00a0\u00a0\u00a0\u00a0\u00a0 130<\/strong><\/td>\n<\/tr>\n<tr>\n<td style=\"text-align: center;\"><strong>4<\/strong><\/td>\n<td style=\"text-align: center;\"><strong>\u00a0\u20ac\u00a0\u00a0 185.00<\/strong><\/td>\n<td style=\"text-align: center;\"><strong>\u00a0\u20ac\u00a0\u00a0\u00a0\u00a0\u00a0\u00a0\u00a0\u00a0\u00a0\u00a0\u00a0\u00a0 130<\/strong><\/td>\n<\/tr>\n<tr>\n<td style=\"text-align: center;\"><strong>5<\/strong><\/td>\n<td style=\"text-align: center;\"><strong>\u00a0\u20ac\u00a0\u00a0 175.00<\/strong><\/td>\n<td style=\"text-align: center;\"><strong>\u00a0\u20ac\u00a0\u00a0\u00a0\u00a0\u00a0\u00a0\u00a0\u00a0\u00a0\u00a0\u00a0\u00a0 130<\/strong><\/td>\n<\/tr>\n<tr>\n<td style=\"text-align: center;\"><strong>6<\/strong><\/td>\n<td style=\"text-align: center;\"><strong>\u00a0\u20ac\u00a0\u00a0 165.00<\/strong><\/td>\n<td style=\"text-align: center;\"><strong>\u00a0\u20ac\u00a0\u00a0\u00a0\u00a0\u00a0\u00a0\u00a0\u00a0\u00a0\u00a0\u00a0\u00a0 130<\/strong><\/td>\n<\/tr>\n<\/tbody>\n<\/table>\n<p data-start=\"2228\" data-end=\"2260\"><strong data-start=\"2327\" data-end=\"2355\"> \u00a0<img decoding=\"async\" class=\"emoji\" role=\"img\" draggable=\"false\" src=\"https:\/\/s.w.org\/images\/core\/emoji\/16.0.1\/svg\/1f47c-1f3fc.svg\" alt=\"\ud83d\udc7c\ud83c\udffc\" \/> -5 lat Zakazane<\/strong><\/p>\n<h3 data-start=\"2198\" data-end=\"2225\"><strong data-start=\"2205\" data-end=\"2223\">P\u0142atno\u015b\u0107 w USD ($ \ud83c\uddfa\ud83c\uddf8) zamiast EUR (\u20ac \ud83c\uddea\ud83c\uddfa) jest dost\u0119pna zgodnie z dziennym kursem wymiany banku.<\/strong><\/h3>\n<p><strong>Book Through WhatsApp:<\/strong><\/p>\n<p><a href=\"https:\/\/api.whatsapp.com\/send\/?phone=01021058859\" target=\"_blank\" rel=\"noopener\">\u00a0<img decoding=\"async\" class=\"alignnone wp-image-2058\" src=\"https:\/\/poehalisnamiegypt.com\/wp-content\/uploads\/2024\/02\/pngwing.com_-300x300.png\" sizes=\"auto, (max-width: 35px) 100vw, 35px\" srcset=\"https:\/\/poehalisnamiegypt.com\/wp-content\/uploads\/2024\/02\/pngwing.com_-300x300.png 300w, https:\/\/poehalisnamiegypt.com\/wp-content\/uploads\/2024\/02\/pngwing.com_-150x150.png 150w, https:\/\/poehalisnamiegypt.com\/wp-content\/uploads\/2024\/02\/pngwing.com_.png 584w\" alt=\"\" width=\"53\" height=\"53\" \/><\/a><\/p>\n<div id=\"gtx-trans\" style=\"position: absolute; left: 297px; top: 3.375px;\">\n<div class=\"gtx-trans-icon\"><\/div>\n<\/div>","protected":false},"excerpt":{"rendered":"<p>\ud83c\udf88 Luxor Hot Air Balloon Ride \u2013 A Magical Journey Above Ancient Egypt Experience the ultimate adventure at sunrise with a breathtaking hot air balloon ride over Luxor, the world\u2019s largest open-air museum. Float silently above the timeless landscapes where the mighty pharaohs once ruled, and witness the Nile, temples, and valleys bathed in golden [&hellip;]<\/p>","protected":false},"featured_media":9887,"comment_status":"open","ping_status":"closed","template":"","meta":{"_monsterinsights_skip_tracking":false,"_monsterinsights_sitenote_active":false,"_monsterinsights_sitenote_note":"","_monsterinsights_sitenote_category":0},"product_brand":[],"product_cat":[65],"product_tag":[],"class_list":{"0":"post-9880","1":"product","2":"type-product","3":"status-publish","4":"has-post-thumbnail","6":"product_cat-luxor","8":"first","9":"instock","10":"shipping-taxable","11":"purchasable","12":"product-type-ovabrw_car_rental"},"_links":{"self":[{"href":"https:\/\/redsea-dream-tours.com\/pl\/wp-json\/wp\/v2\/product\/9880","targetHints":{"allow":["GET"]}}],"collection":[{"href":"https:\/\/redsea-dream-tours.com\/pl\/wp-json\/wp\/v2\/product"}],"about":[{"href":"https:\/\/redsea-dream-tours.com\/pl\/wp-json\/wp\/v2\/types\/product"}],"replies":[{"embeddable":true,"href":"https:\/\/redsea-dream-tours.com\/pl\/wp-json\/wp\/v2\/comments?post=9880"}],"wp:featuredmedia":[{"embeddable":true,"href":"https:\/\/redsea-dream-tours.com\/pl\/wp-json\/wp\/v2\/media\/9887"}],"wp:attachment":[{"href":"https:\/\/redsea-dream-tours.com\/pl\/wp-json\/wp\/v2\/media?parent=9880"}],"wp:term":[{"taxonomy":"product_brand","embeddable":true,"href":"https:\/\/redsea-dream-tours.com\/pl\/wp-json\/wp\/v2\/product_brand?post=9880"},{"taxonomy":"product_cat","embeddable":true,"href":"https:\/\/redsea-dream-tours.com\/pl\/wp-json\/wp\/v2\/product_cat?post=9880"},{"taxonomy":"product_tag","embeddable":true,"href":"https:\/\/redsea-dream-tours.com\/pl\/wp-json\/wp\/v2\/product_tag?post=9880"}],"curies":[{"name":"wp","href":"https:\/\/api.w.org\/{rel}","templated":true}]}}