{"id":9873,"date":"2025-09-07T11:01:15","date_gmt":"2025-09-07T11:01:15","guid":{"rendered":"https:\/\/redsea-dream-tours.com\/?post_type=product&#038;p=9873"},"modified":"2025-12-28T17:53:56","modified_gmt":"2025-12-28T17:53:56","slug":"luxor-over-night-trip","status":"publish","type":"product","link":"https:\/\/redsea-dream-tours.com\/pl\/produkt\/luxor-over-night-trip\/","title":{"rendered":"Nocleg w Luksorze: Najwa\u017cniejsze atrakcje Wschodniego i Zachodniego Brzegu"},"content":{"rendered":"<h3 data-start=\"176\" data-end=\"256\">\ud83c\udf19 <strong data-start=\"183\" data-end=\"254\">Luxor Overnight Trip - dwa dni staro\u017cytnych cud\u00f3w i ponadczasowego uroku<\/strong><\/h3>\n<p data-start=\"258\" data-end=\"629\">Odkryj sekrety staro\u017cytnego Egiptu z naszym <strong data-start=\"304\" data-end=\"328\">Luxor Overnight Tour<\/strong>Zaprojektowany dla podr\u00f3\u017cnych, kt\u00f3rzy chc\u0105 do\u015bwiadczy\u0107 skarb\u00f3w Luksoru w atrakcyjnej cenie. <strong data-start=\"404\" data-end=\"425\">bardziej zrelaksowane tempo<\/strong>. Ta dwudniowa podr\u00f3\u017c pozwala odkry\u0107 cuda zar\u00f3wno wschodniego, jak i zachodniego wybrze\u017ca, cieszy\u0107 si\u0119 autentyczn\u0105 egipsk\u0105 go\u015bcinno\u015bci\u0105 i zanurzy\u0107 si\u0119 w czaruj\u0105cej atmosferze tego skansenu.<\/p>\n<hr data-start=\"631\" data-end=\"634\" \/>\n<h3 data-start=\"636\" data-end=\"693\"><strong data-start=\"640\" data-end=\"691\">Dzie\u0144 1: Podr\u00f3\u017c do Luksoru i zwiedzanie Wschodniego Brzegu<\/strong><\/h3>\n<h4 data-start=\"695\" data-end=\"729\">\ud83d\ude90 <strong data-start=\"703\" data-end=\"727\">Wygodny transfer<\/strong><\/h4>\n<ul data-start=\"730\" data-end=\"888\">\n<li data-start=\"730\" data-end=\"820\">\n<p data-start=\"732\" data-end=\"820\">Rozpocznij od <strong data-start=\"745\" data-end=\"764\">poranny odbi\u00f3r<\/strong> z hotelu nowoczesnym, klimatyzowanym pojazdem.<\/p>\n<\/li>\n<li data-start=\"821\" data-end=\"888\">\n<p data-start=\"823\" data-end=\"888\">Podziwiaj malownicze widoki na pustyni\u0119 i dolin\u0119 Nilu w drodze do Luksoru.<\/p>\n<\/li>\n<\/ul>\n<h4 data-start=\"890\" data-end=\"926\">\ud83c\udfdb\ufe0f <strong data-start=\"899\" data-end=\"924\">Kompleks \u015bwi\u0105tynny Karnak<\/strong><\/h4>\n<ul data-start=\"927\" data-end=\"1148\">\n<li data-start=\"927\" data-end=\"1054\">\n<p data-start=\"929\" data-end=\"1054\">Odkryj inspiruj\u0105ce <strong data-start=\"955\" data-end=\"972\">\u015awi\u0105tynia Karnak<\/strong> \u26e9\ufe0f, jedno z najwi\u0119kszych i najwa\u017cniejszych miejsc kultu religijnego w staro\u017cytnym \u015bwiecie.<\/p>\n<\/li>\n<li data-start=\"1055\" data-end=\"1148\">\n<p data-start=\"1057\" data-end=\"1148\">Przejd\u017a si\u0119 po wielkiej sali hypostylowej i podziwiaj kolosalne kolumny oraz \u015bwi\u0119te jezioro.<\/p>\n<\/li>\n<\/ul>\n<h4 data-start=\"1150\" data-end=\"1181\">\ud83c\udf74 <strong data-start=\"1158\" data-end=\"1179\">Lunch z widokiem<\/strong><\/h4>\n<ul data-start=\"1182\" data-end=\"1277\">\n<li data-start=\"1182\" data-end=\"1277\">\n<p data-start=\"1184\" data-end=\"1277\">Delektuj si\u0119 pysznym <strong data-start=\"1203\" data-end=\"1221\">Egipski lunch<\/strong> \ud83c\udf7d\ufe0f w tradycyjnej restauracji z widokiem na Nil.<\/p>\n<\/li>\n<\/ul>\n<h4 data-start=\"1660\" data-end=\"1694\">\ud83c\udfdc\ufe0f <strong data-start=\"1669\" data-end=\"1692\">Dolina Kr\u00f3l\u00f3w<\/strong><\/h4>\n<ul data-start=\"1695\" data-end=\"1798\">\n<li data-start=\"1695\" data-end=\"1798\">\n<p data-start=\"1697\" data-end=\"1798\">Odkryj staro\u017cytne grobowce legendarnych egipskich faraon\u00f3w, w tym s\u0142ynny grobowiec Tutenchamona.<\/p>\n<\/li>\n<\/ul>\n<h4 data-start=\"1800\" data-end=\"1840\">\u26e9\ufe0f <strong data-start=\"1808\" data-end=\"1838\">\u015awi\u0105tynia kr\u00f3lowej Hatszepsut<\/strong><\/h4>\n<ul data-start=\"1841\" data-end=\"1924\">\n<li data-start=\"1841\" data-end=\"1924\">\n<p data-start=\"1843\" data-end=\"1924\">Podziwiaj wyj\u0105tkow\u0105 architektur\u0119 i histori\u0119 tej wspania\u0142ej \u015bwi\u0105tyni grobowej.<\/p>\n<\/li>\n<\/ul>\n<h4 data-start=\"1926\" data-end=\"1957\"><strong data-start=\"1934\" data-end=\"1955\">\ud83c\udfdb\ufe0f \u015awi\u0105tynia Luksorska\u00a0<\/strong><\/h4>\n<ul data-start=\"1958\" data-end=\"2076\">\n<li data-start=\"1958\" data-end=\"2076\">\n<p data-start=\"1960\" data-end=\"2076\">Jedna z najpi\u0119kniejszych \u015bwi\u0105ty\u0144 staro\u017cytnego Egiptu, zbudowana dla boga Amona i s\u0142yn\u0105ca z majestatycznej architektury nad Nilem \u2728<\/p>\n<\/li>\n<\/ul>\n<h4 data-start=\"1926\" data-end=\"1957\">\ud83d\uddff <strong data-start=\"1934\" data-end=\"1955\">Kolosy Memnona<\/strong><\/h4>\n<ul data-start=\"1958\" data-end=\"2076\">\n<li data-start=\"1958\" data-end=\"2076\">\n<p data-start=\"1960\" data-end=\"2076\">Zr\u00f3b niezapomniane zdj\u0119cia obok tych kultowych pos\u0105g\u00f3w, kt\u00f3re strzeg\u0105 teba\u0144skiej nekropolii od ponad 3000 lat.<\/p>\n<\/li>\n<\/ul>\n<h4 data-start=\"1279\" data-end=\"1316\">\ud83c\udfe8 <strong data-start=\"1287\" data-end=\"1314\">Nocleg w Luksorze<\/strong><\/h4>\n<ul data-start=\"1317\" data-end=\"1482\">\n<li data-start=\"1317\" data-end=\"1369\">\n<p data-start=\"1319\" data-end=\"1369\">Zameldowanie w <strong data-start=\"1333\" data-end=\"1363\">komfortowy hotel 4\u2605 lub 5\u2605<\/strong> \ud83c\udfe8.<\/p>\n<\/li>\n<li data-start=\"1370\" data-end=\"1482\">\n<p data-start=\"1372\" data-end=\"1482\">Czas wolny na spacer wzd\u0142u\u017c nabrze\u017ca Nilu, odwiedzenie lokalnych targ\u00f3w \ud83d\udecd\ufe0f lub relaks w hotelu.<\/p>\n<\/li>\n<\/ul>\n<hr data-start=\"1484\" data-end=\"1487\" \/>\n<h3 data-start=\"1489\" data-end=\"1536\"><strong data-start=\"1493\" data-end=\"1534\">Dzie\u0144 2: Eksploracja Zachodniego Brzegu i powr\u00f3t<\/strong><\/h3>\n<h4 data-start=\"1538\" data-end=\"1569\">\ud83c\udf04 <strong data-start=\"1546\" data-end=\"1567\">Poranna przygoda<\/strong><\/h4>\n<ul data-start=\"1570\" data-end=\"1658\">\n<li data-start=\"1570\" data-end=\"1658\">\n<p data-start=\"1572\" data-end=\"1658\">Po \u015bniadaniu \u2615 przepraw si\u0119 przez Nil, aby odkry\u0107 fascynuj\u0105ce <strong data-start=\"1633\" data-end=\"1655\">Zachodni brzeg Luksoru z balonem <\/strong>.<\/p>\n<\/li>\n<\/ul>\n<h4 data-start=\"2179\" data-end=\"2208\">\ud83d\ude90 <strong data-start=\"2187\" data-end=\"2206\">Przelew zwrotny<\/strong><\/h4>\n<ul data-start=\"2209\" data-end=\"2297\">\n<li data-start=\"2209\" data-end=\"2297\">\n<p data-start=\"2211\" data-end=\"2297\">Wr\u00f3\u0107 do hotelu z niezapomnianymi wspomnieniami z historii i pi\u0119kna Luksoru.<\/p>\n<\/li>\n<\/ul>\n<hr data-start=\"2299\" data-end=\"2302\" \/>\n<h3 data-start=\"2304\" data-end=\"2329\"><strong data-start=\"2308\" data-end=\"2327\">Najwa\u017cniejsze informacje o wycieczce<\/strong><\/h3>\n<ul data-start=\"2330\" data-end=\"2581\">\n<li data-start=\"2330\" data-end=\"2394\">\n<p data-start=\"2332\" data-end=\"2394\">Transfery w obie strony nowoczesnym, klimatyzowanym pojazdem<\/p>\n<\/li>\n<li data-start=\"2395\" data-end=\"2448\">\n<p data-start=\"2397\" data-end=\"2448\">\ud83c\udfdb\ufe0f Wycieczki z przewodnikiem i profesjonalnym egiptologiem<\/p>\n<\/li>\n<li data-start=\"2449\" data-end=\"2494\">\n<p data-start=\"2451\" data-end=\"2494\">2 obiady w wysokiej jako\u015bci lokalnych restauracjach<\/p>\n<\/li>\n<li data-start=\"2495\" data-end=\"2545\">\n<p data-start=\"2497\" data-end=\"2545\">Nocleg w Luksorze (4\u2605 lub 5\u2605)<\/p>\n<\/li>\n<li data-start=\"2546\" data-end=\"2581\">\n<p data-start=\"2548\" data-end=\"2581\">\u26f4\ufe0f Przeprawa przez rzek\u0119 Nil w cenie<\/p>\n<\/li>\n<\/ul>\n<hr data-start=\"2299\" data-end=\"2302\" \/>\n<h3 data-start=\"493\" data-end=\"529\">\ud83d\udde3\ufe0f <strong data-start=\"501\" data-end=\"527\">M\u00f3wimy w Twoim j\u0119zyku<\/strong><\/h3>\n<ul data-start=\"530\" data-end=\"594\">\n<li>Polski<\/li>\n<li>Francuski<\/li>\n<li>Angielski<\/li>\n<li>Niemiecki<\/li>\n<li>Portugalski<\/li>\n<li>Hiszpa\u0144ski<\/li>\n<li>...i nie tylko!<\/li>\n<\/ul>\n<p data-start=\"596\" data-end=\"678\">Niezale\u017cnie od tego, sk\u0105d pochodzisz, zapewniamy p\u0142ynn\u0105 komunikacj\u0119 i spersonalizowane podej\u015bcie.<\/p>\n<hr data-start=\"2299\" data-end=\"2302\" \/>\n<h3 data-start=\"2198\" data-end=\"2225\"><strong data-start=\"2205\" data-end=\"2223\">Cena wycieczki<\/strong><\/h3>\n<p data-start=\"2228\" data-end=\"2260\"><strong data-start=\"2233\" data-end=\"2258\">\u00a0 \u00a0<img decoding=\"async\" class=\"emoji\" role=\"img\" draggable=\"false\" src=\"https:\/\/s.w.org\/images\/core\/emoji\/16.0.1\/svg\/1f64e-1f3fb-200d-2642-fe0f.svg\" alt=\"\ud83d\ude4e\ud83c\udffb\u200d\u2642\ufe0f\" \/> 12 lat i wi\u0119cej 260 \u20ac<\/strong><\/p>\n<p data-start=\"2228\" data-end=\"2260\"><strong data-start=\"2263\" data-end=\"2280\">\u00a0 \u00a0<img decoding=\"async\" class=\"emoji\" role=\"img\" draggable=\"false\" src=\"https:\/\/s.w.org\/images\/core\/emoji\/16.0.1\/svg\/1f9cd-1f3fb-200d-2640-fe0f.svg\" alt=\"\ud83e\uddcd\ud83c\udffb\u200d\u2640\ufe0f\" \/> 4\/11 lat 150 \u20ac<\/strong><\/p>\n<p data-start=\"2228\" data-end=\"2260\"><strong data-start=\"2327\" data-end=\"2355\">\u00a0 \u00a0<img decoding=\"async\" class=\"emoji\" role=\"img\" draggable=\"false\" src=\"https:\/\/s.w.org\/images\/core\/emoji\/16.0.1\/svg\/1f47c-1f3fc.svg\" alt=\"\ud83d\udc7c\ud83c\udffc\" \/> -4 lata 20 \u20ac<\/strong><\/p>\n<h3 data-start=\"2198\" data-end=\"2225\"><strong data-start=\"2205\" data-end=\"2223\">P\u0142atno\u015b\u0107 w USD ($ \ud83c\uddfa\ud83c\uddf8) zamiast EUR (\u20ac \ud83c\uddea\ud83c\uddfa) jest dost\u0119pna zgodnie z dziennym kursem wymiany banku.<\/strong><\/h3>\n<p><strong>Book Through WhatsApp:<\/strong><\/p>\n<p><a href=\"https:\/\/api.whatsapp.com\/send\/?phone=01021058859\" target=\"_blank\" rel=\"noopener\">\u00a0<img decoding=\"async\" class=\"alignnone wp-image-2058\" src=\"https:\/\/poehalisnamiegypt.com\/wp-content\/uploads\/2024\/02\/pngwing.com_-300x300.png\" sizes=\"auto, (max-width: 35px) 100vw, 35px\" srcset=\"https:\/\/poehalisnamiegypt.com\/wp-content\/uploads\/2024\/02\/pngwing.com_-300x300.png 300w, https:\/\/poehalisnamiegypt.com\/wp-content\/uploads\/2024\/02\/pngwing.com_-150x150.png 150w, https:\/\/poehalisnamiegypt.com\/wp-content\/uploads\/2024\/02\/pngwing.com_.png 584w\" alt=\"\" width=\"53\" height=\"53\" \/><\/a><\/p>","protected":false},"excerpt":{"rendered":"<p>\ud83c\udf19 Luxor Overnight Trip \u2013 Two Days of Ancient Wonders &amp; Timeless Charm Uncover the secrets of ancient Egypt with our Luxor Overnight Tour, designed for travelers who wish to experience the treasures of Luxor at a more relaxed pace. This two-day journey allows you to explore the wonders of both the East and West [&hellip;]<\/p>","protected":false},"featured_media":9876,"comment_status":"open","ping_status":"closed","template":"","meta":{"_monsterinsights_skip_tracking":false,"_monsterinsights_sitenote_active":false,"_monsterinsights_sitenote_note":"","_monsterinsights_sitenote_category":0},"product_brand":[],"product_cat":[65],"product_tag":[],"class_list":{"0":"post-9873","1":"product","2":"type-product","3":"status-publish","4":"has-post-thumbnail","6":"product_cat-luxor","8":"first","9":"instock","10":"shipping-taxable","11":"purchasable","12":"product-type-ovabrw_car_rental"},"_links":{"self":[{"href":"https:\/\/redsea-dream-tours.com\/pl\/wp-json\/wp\/v2\/product\/9873","targetHints":{"allow":["GET"]}}],"collection":[{"href":"https:\/\/redsea-dream-tours.com\/pl\/wp-json\/wp\/v2\/product"}],"about":[{"href":"https:\/\/redsea-dream-tours.com\/pl\/wp-json\/wp\/v2\/types\/product"}],"replies":[{"embeddable":true,"href":"https:\/\/redsea-dream-tours.com\/pl\/wp-json\/wp\/v2\/comments?post=9873"}],"wp:featuredmedia":[{"embeddable":true,"href":"https:\/\/redsea-dream-tours.com\/pl\/wp-json\/wp\/v2\/media\/9876"}],"wp:attachment":[{"href":"https:\/\/redsea-dream-tours.com\/pl\/wp-json\/wp\/v2\/media?parent=9873"}],"wp:term":[{"taxonomy":"product_brand","embeddable":true,"href":"https:\/\/redsea-dream-tours.com\/pl\/wp-json\/wp\/v2\/product_brand?post=9873"},{"taxonomy":"product_cat","embeddable":true,"href":"https:\/\/redsea-dream-tours.com\/pl\/wp-json\/wp\/v2\/product_cat?post=9873"},{"taxonomy":"product_tag","embeddable":true,"href":"https:\/\/redsea-dream-tours.com\/pl\/wp-json\/wp\/v2\/product_tag?post=9873"}],"curies":[{"name":"wp","href":"https:\/\/api.w.org\/{rel}","templated":true}]}}