{"id":9871,"date":"2025-09-07T10:54:13","date_gmt":"2025-09-07T10:54:13","guid":{"rendered":"https:\/\/redsea-dream-tours.com\/?post_type=product&#038;p=9871"},"modified":"2025-11-28T15:13:54","modified_gmt":"2025-11-28T15:13:54","slug":"luxor-vip-8-pax","status":"publish","type":"product","link":"https:\/\/redsea-dream-tours.com\/pl\/produkt\/luxor-vip-8-pax\/","title":{"rendered":"Luxor VIP Tour: Prywatny luksus dla 8 os\u00f3b"},"content":{"rendered":"<h3 data-start=\"209\" data-end=\"276\">\ud83d\ude90 <strong data-start=\"216\" data-end=\"274\">Luxor VIP Tour - prywatne do\u015bwiadczenie dla maksymalnie 8 os\u00f3b<\/strong><\/h3>\n<p data-start=\"278\" data-end=\"557\">Zanurz si\u0119 w <strong data-start=\"293\" data-end=\"329\">Luksusowa podr\u00f3\u017c do Luksoru<\/strong>gdzie historia o\u017cywa w\u015br\u00f3d staro\u017cytnych \u015bwi\u0105ty\u0144, kr\u00f3lewskich grobowc\u00f3w i ponadczasowych krajobraz\u00f3w Nilu. To <strong data-start=\"428\" data-end=\"467\">Prywatna wycieczka VIP dla maksymalnie 8 os\u00f3b<\/strong> jest przeznaczony dla podr\u00f3\u017cnych, kt\u00f3rzy ceni\u0105 <strong data-start=\"504\" data-end=\"554\">Komfort, ekskluzywno\u015b\u0107 i spersonalizowana obs\u0142uga<\/strong>.<\/p>\n<hr data-start=\"559\" data-end=\"562\" \/>\n<h3 data-start=\"564\" data-end=\"613\">\ud83c\udf05 <strong data-start=\"571\" data-end=\"611\">Ekskluzywny odbi\u00f3r i prywatny transfer<\/strong><\/h3>\n<ul data-start=\"614\" data-end=\"895\">\n<li data-start=\"614\" data-end=\"727\">\n<p data-start=\"616\" data-end=\"727\">Ciesz si\u0119 <strong data-start=\"624\" data-end=\"643\">odbi\u00f3r prywatny<\/strong> bezpo\u015brednio z hotelu lub o\u015brodka w <strong data-start=\"684\" data-end=\"721\">luksusowy klimatyzowany minibus<\/strong> \ud83d\ude90.<\/p>\n<\/li>\n<li data-start=\"728\" data-end=\"811\">\n<p data-start=\"730\" data-end=\"811\">Zrelaksuj si\u0119 w <strong data-start=\"739\" data-end=\"759\">Przestronne siedzenia<\/strong> zaprojektowany z my\u015bl\u0105 o komforcie podczas ca\u0142ej podr\u00f3\u017cy.<\/p>\n<\/li>\n<li data-start=\"812\" data-end=\"895\">\n<p data-start=\"814\" data-end=\"895\">Bezp\u0142atnie <strong data-start=\"828\" data-end=\"862\">przek\u0105ski i woda butelkowana<\/strong> \ud83d\udca7 s\u0105 dostarczane po drodze.<\/p>\n<\/li>\n<\/ul>\n<hr data-start=\"897\" data-end=\"900\" \/>\n<h3 data-start=\"902\" data-end=\"950\">\ud83c\udfdc\ufe0f <strong data-start=\"910\" data-end=\"948\">Odkryj ponadczasowy Zachodni Brzeg Luksoru<\/strong><\/h3>\n<p data-start=\"951\" data-end=\"1049\">Tw\u00f3j prywatny przewodnik egiptolog zaprowadzi Ci\u0119 do najbardziej znanych skarb\u00f3w Egiptu. <strong data-start=\"1033\" data-end=\"1046\">Zachodni Brzeg<\/strong>:<\/p>\n<ul data-start=\"1050\" data-end=\"1384\">\n<li data-start=\"1050\" data-end=\"1151\">\n<p data-start=\"1052\" data-end=\"1151\"><strong data-start=\"1052\" data-end=\"1075\">Dolina Kr\u00f3l\u00f3w<\/strong> \ud83c\udfdb\ufe0f - Poznaj staro\u017cytne miejsca poch\u00f3wku najs\u0142ynniejszych egipskich faraon\u00f3w.<\/p>\n<\/li>\n<li data-start=\"1152\" data-end=\"1263\">\n<p data-start=\"1154\" data-end=\"1263\"><strong data-start=\"1154\" data-end=\"1175\">\u015awi\u0105tynia Hatszepsut<\/strong> \u26e9\ufe0f - Podziwiaj eleganck\u0105 architektur\u0119 jedynej \u015bwi\u0105tyni grobowej faraona p\u0142ci \u017ce\u0144skiej.<\/p>\n<\/li>\n<li data-start=\"1264\" data-end=\"1384\">\n<p data-start=\"1266\" data-end=\"1384\"><strong data-start=\"1266\" data-end=\"1287\">Kolosy Memnona<\/strong> \ud83d\uddff - Zr\u00f3b niezapomniane zdj\u0119cia obok tych kolosalnych pos\u0105g\u00f3w, kt\u00f3re stoj\u0105 od tysi\u0105cleci.<\/p>\n<\/li>\n<\/ul>\n<hr data-start=\"1386\" data-end=\"1389\" \/>\n<h3 data-start=\"1391\" data-end=\"1433\">\ud83c\udffa <strong data-start=\"1398\" data-end=\"1431\">Najwa\u017cniejsze atrakcje East Bank w dobrym stylu<\/strong><\/h3>\n<ul data-start=\"1434\" data-end=\"1664\">\n<li data-start=\"1434\" data-end=\"1539\">\n<p data-start=\"1436\" data-end=\"1539\">Odwied\u017a wspania\u0142e <strong data-start=\"1458\" data-end=\"1483\">Kompleks \u015bwi\u0105tynny Karnak<\/strong> - jedna z najwi\u0119kszych struktur religijnych, jakie kiedykolwiek zbudowano.<\/p>\n<\/li>\n<li data-start=\"1540\" data-end=\"1664\">\n<p data-start=\"1542\" data-end=\"1664\">Spaceruj staro\u017cytnymi alejami sfinks\u00f3w i wysokich filar\u00f3w, podczas gdy przewodnik dzieli si\u0119 fascynuj\u0105cymi tajemnicami z przesz\u0142o\u015bci.<\/p>\n<\/li>\n<\/ul>\n<hr data-start=\"1666\" data-end=\"1669\" \/>\n<h3 data-start=\"1671\" data-end=\"1704\">\ud83c\udf74 <strong data-start=\"1678\" data-end=\"1702\">VIP Lunch Experience<\/strong><\/h3>\n<p data-start=\"1705\" data-end=\"1880\">Delektuj si\u0119 <strong data-start=\"1713\" data-end=\"1730\">wykwintny lunch<\/strong> \ud83c\udf7d\ufe0f w starannie wybranej restauracji nad Nilem. Rozkoszuj si\u0119 autentyczn\u0105 egipsk\u0105 kuchni\u0105 z zapieraj\u0105cymi dech w piersiach widokami, kt\u00f3re dodadz\u0105 magii Twojemu posi\u0142kowi.<\/p>\n<hr data-start=\"1882\" data-end=\"1885\" \/>\n<h3 data-start=\"1887\" data-end=\"1931\">\ud83d\udecd\ufe0f <strong data-start=\"1895\" data-end=\"1929\">Spersonalizowane do\u015bwiadczenie zakupowe<\/strong><\/h3>\n<p data-start=\"1932\" data-end=\"2078\">Zatrzymaj si\u0119 w ekskluzywnych sklepach i na bazarach \ud83d\udecd\ufe0f. <strong data-start=\"1983\" data-end=\"2053\">r\u0119cznie robione pami\u0105tki, sztuka alabastrowa i autentyczne egipskie towary<\/strong>A wszystko to we w\u0142asnym tempie.<\/p>\n<hr data-start=\"2080\" data-end=\"2083\" \/>\n<h3 data-start=\"2085\" data-end=\"2121\">\ud83c\udf07 <strong data-start=\"2092\" data-end=\"2119\">Bezproblemowa podr\u00f3\u017c powrotna<\/strong><\/h3>\n<p data-start=\"2122\" data-end=\"2296\">Zako\u0144cz sw\u00f3j dzie\u0144 z <strong data-start=\"2142\" data-end=\"2175\">komfortowy prywatny przejazd powrotny<\/strong> do hotelu, ze wspomnieniami z prawdziwie <strong data-start=\"2216\" data-end=\"2269\">luksusowa, bezproblemowa i niezapomniana podr\u00f3\u017c<\/strong> przez cuda Luksoru.<\/p>\n<hr data-start=\"2298\" data-end=\"2301\" \/>\n<h3 data-start=\"493\" data-end=\"529\">\ud83d\udde3\ufe0f <strong data-start=\"501\" data-end=\"527\">M\u00f3wimy w Twoim j\u0119zyku<\/strong><\/h3>\n<ul data-start=\"530\" data-end=\"594\">\n<li>Polski<\/li>\n<li>Francuski<\/li>\n<li>Angielski<\/li>\n<li>Niemiecki<\/li>\n<li>Portugalski<\/li>\n<li>Hiszpa\u0144ski<\/li>\n<li>...i nie tylko!<\/li>\n<\/ul>\n<p data-start=\"596\" data-end=\"678\">Niezale\u017cnie od tego, sk\u0105d pochodzisz, zapewniamy p\u0142ynn\u0105 komunikacj\u0119 i spersonalizowane podej\u015bcie.<\/p>\n<hr data-start=\"2298\" data-end=\"2301\" \/>\n<h3 data-start=\"2303\" data-end=\"2343\"><strong data-start=\"2307\" data-end=\"2341\">Dlaczego warto wybra\u0107 VIP Experience?<\/strong><\/h3>\n<ul data-start=\"2344\" data-end=\"2584\">\n<li data-start=\"2344\" data-end=\"2398\">\n<p data-start=\"2346\" data-end=\"2398\">Prywatny luksusowy transport dla maksymalnie 8 pasa\u017cer\u00f3w<\/p>\n<\/li>\n<li data-start=\"2399\" data-end=\"2446\">\n<p data-start=\"2401\" data-end=\"2446\">\ud83c\udfdb\ufe0f Us\u0142uga spersonalizowanego przewodnika egiptologa<\/p>\n<\/li>\n<li data-start=\"2447\" data-end=\"2490\">\n<p data-start=\"2449\" data-end=\"2490\">Lunch premium w malowniczej restauracji<\/p>\n<\/li>\n<li data-start=\"2491\" data-end=\"2538\">\n<p data-start=\"2493\" data-end=\"2538\">\u23f1\ufe0f Elastyczny harmonogram dostosowany do potrzeb grupy<\/p>\n<\/li>\n<li data-start=\"2539\" data-end=\"2584\">\n<p data-start=\"2541\" data-end=\"2584\">\ud83d\udecd\ufe0f Ekskluzywne przystanki na zakupy na \u017cyczenie<\/p>\n<\/li>\n<\/ul>\n<hr data-start=\"2298\" data-end=\"2301\" \/>\n<h3 data-start=\"2198\" data-end=\"2225\"><strong data-start=\"2205\" data-end=\"2223\">Cena wycieczki<\/strong><\/h3>\n<p data-start=\"2228\" data-end=\"2260\"><strong data-start=\"2233\" data-end=\"2258\">\u00a0 \u00a0<img decoding=\"async\" class=\"emoji\" role=\"img\" draggable=\"false\" src=\"https:\/\/s.w.org\/images\/core\/emoji\/16.0.1\/svg\/1f64e-1f3fb-200d-2642-fe0f.svg\" alt=\"\ud83d\ude4e\ud83c\udffb\u200d\u2642\ufe0f\" \/> 12 lat i wi\u0119cej 80 \u20ac<\/strong><\/p>\n<p data-start=\"2228\" data-end=\"2260\"><strong data-start=\"2263\" data-end=\"2280\">\u00a0 \u00a0<img decoding=\"async\" class=\"emoji\" role=\"img\" draggable=\"false\" src=\"https:\/\/s.w.org\/images\/core\/emoji\/16.0.1\/svg\/1f9cd-1f3fb-200d-2640-fe0f.svg\" alt=\"\ud83e\uddcd\ud83c\udffb\u200d\u2640\ufe0f\" \/> 6\/11 lat 40 \u20ac<\/strong><\/p>\n<p data-start=\"2228\" data-end=\"2260\"><strong data-start=\"2327\" data-end=\"2355\">\u00a0 \u00a0<img decoding=\"async\" class=\"emoji\" role=\"img\" draggable=\"false\" src=\"https:\/\/s.w.org\/images\/core\/emoji\/16.0.1\/svg\/1f47c-1f3fc.svg\" alt=\"\ud83d\udc7c\ud83c\udffc\" \/> - 6 lat 20 \u20ac<\/strong><\/p>\n<h3 data-start=\"2198\" data-end=\"2225\"><strong data-start=\"2205\" data-end=\"2223\">P\u0142atno\u015b\u0107 w USD ($ \ud83c\uddfa\ud83c\uddf8) zamiast EUR (\u20ac \ud83c\uddea\ud83c\uddfa) jest dost\u0119pna zgodnie z dziennym kursem wymiany banku.<\/strong><\/h3>\n<p data-start=\"2228\" data-end=\"2260\"><strong>W przypadku go\u015bci zatrzymuj\u0105cych si\u0119 poza miastem Hurghada (Safaga - Makadi - Sahl Hasheesh - El Gouna) niewielka dodatkowa op\u0142ata za transfer zapewnia sprawne i wygodne dotarcie do celu.<\/strong><\/p>\n<p><strong>Book Through WhatsApp:<\/strong><\/p>\n<p><a href=\"https:\/\/api.whatsapp.com\/send\/?phone=01021058859\" target=\"_blank\" rel=\"noopener\">\u00a0<img decoding=\"async\" class=\"alignnone wp-image-2058\" src=\"https:\/\/poehalisnamiegypt.com\/wp-content\/uploads\/2024\/02\/pngwing.com_-300x300.png\" sizes=\"auto, (max-width: 35px) 100vw, 35px\" srcset=\"https:\/\/poehalisnamiegypt.com\/wp-content\/uploads\/2024\/02\/pngwing.com_-300x300.png 300w, https:\/\/poehalisnamiegypt.com\/wp-content\/uploads\/2024\/02\/pngwing.com_-150x150.png 150w, https:\/\/poehalisnamiegypt.com\/wp-content\/uploads\/2024\/02\/pngwing.com_.png 584w\" alt=\"\" width=\"53\" height=\"53\" \/><\/a><\/p>\n<div id=\"gtx-trans\" style=\"position: absolute; left: 299px; top: 3.375px;\">\n<div class=\"gtx-trans-icon\"><\/div>\n<\/div>","protected":false},"excerpt":{"rendered":"<p>\ud83d\ude90 Luxor VIP Tour \u2013 Private Experience for up to 8 Guests Indulge in the ultimate luxury journey to Luxor, where history comes alive among ancient temples, royal tombs, and timeless Nile landscapes. This VIP private tour for up to 8 guests is designed for travelers who value comfort, exclusivity, and personalized service. \ud83c\udf05 Exclusive [&hellip;]<\/p>","protected":false},"featured_media":9868,"comment_status":"open","ping_status":"closed","template":"","meta":{"_monsterinsights_skip_tracking":false,"_monsterinsights_sitenote_active":false,"_monsterinsights_sitenote_note":"","_monsterinsights_sitenote_category":0},"product_brand":[],"product_cat":[65],"product_tag":[],"class_list":{"0":"post-9871","1":"product","2":"type-product","3":"status-publish","4":"has-post-thumbnail","6":"product_cat-luxor","8":"first","9":"instock","10":"shipping-taxable","11":"purchasable","12":"product-type-ovabrw_car_rental"},"_links":{"self":[{"href":"https:\/\/redsea-dream-tours.com\/pl\/wp-json\/wp\/v2\/product\/9871","targetHints":{"allow":["GET"]}}],"collection":[{"href":"https:\/\/redsea-dream-tours.com\/pl\/wp-json\/wp\/v2\/product"}],"about":[{"href":"https:\/\/redsea-dream-tours.com\/pl\/wp-json\/wp\/v2\/types\/product"}],"replies":[{"embeddable":true,"href":"https:\/\/redsea-dream-tours.com\/pl\/wp-json\/wp\/v2\/comments?post=9871"}],"wp:featuredmedia":[{"embeddable":true,"href":"https:\/\/redsea-dream-tours.com\/pl\/wp-json\/wp\/v2\/media\/9868"}],"wp:attachment":[{"href":"https:\/\/redsea-dream-tours.com\/pl\/wp-json\/wp\/v2\/media?parent=9871"}],"wp:term":[{"taxonomy":"product_brand","embeddable":true,"href":"https:\/\/redsea-dream-tours.com\/pl\/wp-json\/wp\/v2\/product_brand?post=9871"},{"taxonomy":"product_cat","embeddable":true,"href":"https:\/\/redsea-dream-tours.com\/pl\/wp-json\/wp\/v2\/product_cat?post=9871"},{"taxonomy":"product_tag","embeddable":true,"href":"https:\/\/redsea-dream-tours.com\/pl\/wp-json\/wp\/v2\/product_tag?post=9871"}],"curies":[{"name":"wp","href":"https:\/\/api.w.org\/{rel}","templated":true}]}}