{"id":9853,"date":"2025-09-07T10:15:10","date_gmt":"2025-09-07T10:15:10","guid":{"rendered":"https:\/\/redsea-dream-tours.com\/?post_type=product&#038;p=9853"},"modified":"2025-11-28T15:21:15","modified_gmt":"2025-11-28T15:21:15","slug":"dolphin-world-trip","status":"publish","type":"product","link":"https:\/\/redsea-dream-tours.com\/pl\/produkt\/dolphin-world-trip\/","title":{"rendered":"Dolphin World Adventure Show"},"content":{"rendered":"<h3 data-start=\"127\" data-end=\"195\">\ud83d\udc2c <strong data-start=\"134\" data-end=\"193\">Witamy w Dolphin World - gdzie magia spotyka si\u0119 z oceanem!<\/strong><\/h3>\n<p data-start=\"197\" data-end=\"314\">Do\u015bwiadcz jednego z najnowocze\u015bniejszych <strong data-start=\"231\" data-end=\"259\">delphiniums na \u015bwiecie<\/strong> i przygotuj si\u0119 na niezapomnian\u0105 morsk\u0105 przygod\u0119!<\/p>\n<h3 data-start=\"316\" data-end=\"364\">\ud83c\udfad <strong data-start=\"323\" data-end=\"362\">Spektakularny pokaz delfin\u00f3w i \u017cycia morskiego<\/strong><\/h3>\n<p data-start=\"365\" data-end=\"673\">Daj si\u0119 zaskoczy\u0107 naszym niesamowitym <strong data-start=\"393\" data-end=\"430\">delfiny, lwy morskie i koty morskie<\/strong> gdy wykonuj\u0105 ol\u015bniewaj\u0105cy wachlarz <strong data-start=\"467\" data-end=\"495\">salta, skoki i obroty<\/strong> - nawet <em data-start=\"508\" data-end=\"514\">\u015bpiewa\u0107<\/em> oraz <em data-start=\"519\" data-end=\"525\">rozmowa<\/em>!<br data-start=\"526\" data-end=\"529\" \/>Nasi do\u015bwiadczeni trenerzy zanurz\u0105 si\u0119 w wodzie, p\u0142ywaj\u0105c rami\u0119 w rami\u0119 z tymi wdzi\u0119cznymi stworzeniami, prezentuj\u0105c ich <strong data-start=\"639\" data-end=\"670\">czu\u0142o\u015b\u0107 i inteligencja<\/strong>.<\/p>\n<h3 data-start=\"675\" data-end=\"713\">\ud83c\udfdb\ufe0f <strong data-start=\"683\" data-end=\"711\">Do\u015bwiadczenie teatru rzymskiego<\/strong><\/h3>\n<p data-start=\"714\" data-end=\"948\">Zajmij miejsce w naszym <strong data-start=\"736\" data-end=\"770\">Teatr w stylu rzymskim na 1 288 miejsc<\/strong> i przygotuj si\u0119 na pluski, fale i czyst\u0105 pozytywn\u0105 energi\u0119!<\/p>\n<p data-start=\"714\" data-end=\"948\">Wielu odwiedzaj\u0105cych przyje\u017cd\u017ca dla delfin\u00f3w, ale ostatecznie zakochuje si\u0119 w naszych figlarnych delfinach. <strong data-start=\"915\" data-end=\"941\">lwy morskie i koty morskie<\/strong> te\u017c.<\/p>\n<h3 data-start=\"675\" data-end=\"713\"><strong data-start=\"683\" data-end=\"711\">\ud83d\udc2c Uchwy\u0107 niezapomniany moment z delfinem<\/strong><\/h3>\n<p data-start=\"86\" data-end=\"91\">Podziel si\u0119 wyj\u0105tkow\u0105 chwil\u0105 z\u00a0<strong>delfiny<\/strong>\u00a0. Mo\u017cesz cieszy\u0107 si\u0119\u00a0<strong>sesja zdj\u0119ciowa na brzegu basenu<\/strong>\u00a0. Nie zabraknie u\u015bcisk\u00f3w i poca\u0142unk\u00f3w. Wyb\u00f3r nale\u017cy do ciebie\u00a0<strong>10 zdj\u0119\u0107<\/strong>\u00a0z ca\u0142ej sesji.<\/p>\n<h3 data-start=\"950\" data-end=\"988\">\ud83c\udfca\u200d\u2642\ufe0f <strong data-start=\"960\" data-end=\"986\">P\u0142ywanie z delfinami 5 m<\/strong><\/h3>\n<p data-start=\"989\" data-end=\"1213\">Dolphin World jest jednym z niewielu miejsc, w kt\u00f3rych mo\u017cna <strong data-start=\"1041\" data-end=\"1063\">p\u0142ywa\u0107 z delfinami<\/strong>!<br data-start=\"1064\" data-end=\"1067\" \/>W wodzie o g\u0142\u0119boko\u015bci od pasa do klatki piersiowej poczujesz <strong data-start=\"1113\" data-end=\"1146\">moc, zabawa i magia<\/strong> tych niesamowitych ssak\u00f3w w bezpiecznym i niezapomnianym do\u015bwiadczeniu.<\/p>\n<article class=\"text-token-text-primary w-full focus:outline-none scroll-mt-[calc(var(--header-height)+min(200px,max(70px,20svh)))]\" dir=\"auto\" tabindex=\"-1\" data-turn-id=\"request-68cf1740-f044-8320-b794-7b729d41709a-28\" data-testid=\"conversation-turn-48\" data-scroll-anchor=\"true\" data-turn=\"assistant\">\n<div class=\"text-base my-auto mx-auto pb-10 [--thread-content-margin:--spacing(4)] thread-sm:[--thread-content-margin:--spacing(6)] thread-lg:[--thread-content-margin:--spacing(16)] px-(--thread-content-margin)\">\n<div class=\"[--thread-content-max-width:40rem] thread-lg:[--thread-content-max-width:48rem] mx-auto max-w-(--thread-content-max-width) flex-1 group\/turn-messages focus-visible:outline-hidden relative flex w-full min-w-0 flex-col agent-turn\" tabindex=\"-1\">\n<div class=\"flex max-w-full flex-col grow\">\n<div class=\"min-h-8 text-message relative flex w-full flex-col items-end gap-2 text-start break-words whitespace-normal [.text-message+&amp;]:mt-5\" dir=\"auto\" data-message-author-role=\"assistant\" data-message-id=\"a00ddcf7-a768-4e46-b96f-a3ad63f6293d\" data-message-model-slug=\"gpt-5-mini\">\n<div class=\"flex w-full flex-col gap-1 empty:hidden first:pt-[3px]\">\n<div class=\"markdown prose dark:prose-invert w-full break-words light markdown-new-styling\">\n<p data-start=\"47\" data-end=\"69\" data-is-last-node=\"\" data-is-only-node=\"\"><strong data-start=\"47\" data-end=\"69\" data-is-last-node=\"\">Cena aktywno\u015bci:<\/strong><\/p>\n<\/div>\n<\/div>\n<\/div>\n<\/div>\n<\/div>\n<\/div>\n<\/article>\n<table width=\"433\">\n<tbody>\n<tr>\n<td width=\"126\"><strong>\u00a0\u20ac\u00a0\u00a0\u00a0 40.00<\/strong><\/td>\n<td width=\"307\"><strong>Zdj\u0119cie delfina<\/strong><\/td>\n<\/tr>\n<tr>\n<td><strong>\u00a0\u20ac\u00a0\u00a0\u00a0 50.00<\/strong><\/td>\n<td width=\"307\"><strong>P\u0142ywanie z delfinami<\/strong><\/td>\n<\/tr>\n<tr>\n<td><strong>\u00a0\u20ac\u00a0\u00a0\u00a0 15.00<\/strong><\/td>\n<td width=\"307\"><strong>Pokaz delfin\u00f3w<\/strong><\/td>\n<\/tr>\n<tr>\n<td><strong>\u00a0\u20ac\u00a0\u00a0\u00a0 10.00<\/strong><\/td>\n<td width=\"307\"><strong> Towarzysz <\/strong><\/td>\n<\/tr>\n<\/tbody>\n<\/table>\n<h3 data-start=\"2198\" data-end=\"2225\"><strong data-start=\"2205\" data-end=\"2223\">P\u0142atno\u015b\u0107 w USD ($ \ud83c\uddfa\ud83c\uddf8) zamiast EUR (\u20ac \ud83c\uddea\ud83c\uddfa) jest dost\u0119pna zgodnie z dziennym kursem wymiany banku.<\/strong><\/h3>\n<p><strong>Book Through WhatsApp:<\/strong><\/p>\n<p><a href=\"https:\/\/api.whatsapp.com\/send\/?phone=01021058859\" target=\"_blank\" rel=\"noopener\">\u00a0<img decoding=\"async\" class=\"alignnone wp-image-2058\" src=\"https:\/\/poehalisnamiegypt.com\/wp-content\/uploads\/2024\/02\/pngwing.com_-300x300.png\" sizes=\"auto, (max-width: 35px) 100vw, 35px\" srcset=\"https:\/\/poehalisnamiegypt.com\/wp-content\/uploads\/2024\/02\/pngwing.com_-300x300.png 300w, https:\/\/poehalisnamiegypt.com\/wp-content\/uploads\/2024\/02\/pngwing.com_-150x150.png 150w, https:\/\/poehalisnamiegypt.com\/wp-content\/uploads\/2024\/02\/pngwing.com_.png 584w\" alt=\"\" width=\"53\" height=\"53\" \/><\/a><\/p>\n<div id=\"gtx-trans\" style=\"position: absolute; left: 279px; top: 3.375px;\">\n<div class=\"gtx-trans-icon\"><\/div>\n<\/div>","protected":false},"excerpt":{"rendered":"<p>\ud83d\udc2c Welcome to Dolphin World \u2013 Where Magic Meets the Ocean! Experience one of the most modern delphiniums in the world and get ready for an unforgettable marine adventure! \ud83c\udfad Spectacular Dolphin &amp; Sea Life Show Be amazed by our incredible dolphins, sea lions, and sea cats as they perform a dazzling array of flips, [&hellip;]<\/p>","protected":false},"featured_media":9859,"comment_status":"open","ping_status":"closed","template":"","meta":{"_monsterinsights_skip_tracking":false,"_monsterinsights_sitenote_active":false,"_monsterinsights_sitenote_note":"","_monsterinsights_sitenote_category":0},"product_brand":[],"product_cat":[64],"product_tag":[],"class_list":{"0":"post-9853","1":"product","2":"type-product","3":"status-publish","4":"has-post-thumbnail","6":"product_cat-entertaining","8":"first","9":"instock","10":"shipping-taxable","11":"purchasable","12":"product-type-ovabrw_car_rental"},"_links":{"self":[{"href":"https:\/\/redsea-dream-tours.com\/pl\/wp-json\/wp\/v2\/product\/9853","targetHints":{"allow":["GET"]}}],"collection":[{"href":"https:\/\/redsea-dream-tours.com\/pl\/wp-json\/wp\/v2\/product"}],"about":[{"href":"https:\/\/redsea-dream-tours.com\/pl\/wp-json\/wp\/v2\/types\/product"}],"replies":[{"embeddable":true,"href":"https:\/\/redsea-dream-tours.com\/pl\/wp-json\/wp\/v2\/comments?post=9853"}],"wp:featuredmedia":[{"embeddable":true,"href":"https:\/\/redsea-dream-tours.com\/pl\/wp-json\/wp\/v2\/media\/9859"}],"wp:attachment":[{"href":"https:\/\/redsea-dream-tours.com\/pl\/wp-json\/wp\/v2\/media?parent=9853"}],"wp:term":[{"taxonomy":"product_brand","embeddable":true,"href":"https:\/\/redsea-dream-tours.com\/pl\/wp-json\/wp\/v2\/product_brand?post=9853"},{"taxonomy":"product_cat","embeddable":true,"href":"https:\/\/redsea-dream-tours.com\/pl\/wp-json\/wp\/v2\/product_cat?post=9853"},{"taxonomy":"product_tag","embeddable":true,"href":"https:\/\/redsea-dream-tours.com\/pl\/wp-json\/wp\/v2\/product_tag?post=9853"}],"curies":[{"name":"wp","href":"https:\/\/api.w.org\/{rel}","templated":true}]}}