{"id":9845,"date":"2025-09-07T09:16:55","date_gmt":"2025-09-07T09:16:55","guid":{"rendered":"https:\/\/redsea-dream-tours.com\/?post_type=product&#038;p=9845"},"modified":"2025-11-28T15:21:57","modified_gmt":"2025-11-28T15:21:57","slug":"speed-boot-2-pax","status":"publish","type":"product","link":"https:\/\/redsea-dream-tours.com\/pl\/produkt\/speed-boot-2-pax\/","title":{"rendered":"Prywatna wycieczka \u0142odzi\u0105 po Morzu Czerwonym"},"content":{"rendered":"<h2 data-start=\"90\" data-end=\"148\">\ud83d\udea4 <strong data-start=\"96\" data-end=\"146\">Prywatna przygoda z \u0142odzi\u0105 motorow\u0105\u00a0<\/strong><\/h2>\n<p data-start=\"150\" data-end=\"326\">Szukam <strong data-start=\"165\" data-end=\"203\">Ekskluzywne i ekscytuj\u0105ce do\u015bwiadczenie<\/strong> na Morzu Czerwonym? Wskocz na pok\u0142ad naszego <strong data-start=\"235\" data-end=\"259\">\u0141\u00f3d\u017a motorowa RIB o mocy 200 KM<\/strong> na prywatn\u0105 wycieczk\u0119 zaprojektowan\u0105 specjalnie dla Ciebie i do <strong data-start=\"311\" data-end=\"323\">7 go\u015bci<\/strong>!<\/p>\n<hr data-start=\"328\" data-end=\"331\" \/>\n<h3 data-start=\"333\" data-end=\"367\">\u23f0 <strong data-start=\"339\" data-end=\"365\">Elastyczny czas trwania podr\u00f3\u017cy<\/strong><\/h3>\n<ul data-start=\"368\" data-end=\"608\">\n<li data-start=\"368\" data-end=\"485\">\n<p data-start=\"370\" data-end=\"485\"><strong data-start=\"370\" data-end=\"390\">Minimum: 4 godziny<\/strong> - Idealny do odkrywania osza\u0142amiaj\u0105cych kilku wysp \ud83c\udfdd\ufe0f z czasem na p\u0142ywanie lub nurkowanie z rurk\u0105.<\/p>\n<\/li>\n<li data-start=\"486\" data-end=\"608\">\n<p data-start=\"488\" data-end=\"608\"><strong data-start=\"488\" data-end=\"515\">Dost\u0119pne kr\u00f3tsze podr\u00f3\u017ce<\/strong> - Idealny dla <strong data-start=\"530\" data-end=\"555\">szybki przyp\u0142yw adrenaliny<\/strong> lub <strong data-start=\"561\" data-end=\"589\">kr\u00f3tki wypad na snorkeling<\/strong> do pobliskich lokalizacji.<\/p>\n<\/li>\n<\/ul>\n<hr data-start=\"610\" data-end=\"613\" \/>\n<h3 data-start=\"615\" data-end=\"657\">\ud83c\udfca <strong data-start=\"622\" data-end=\"655\">Co obejmuje podr\u00f3\u017c?<\/strong><\/h3>\n<ul data-start=\"658\" data-end=\"829\">\n<li data-start=\"658\" data-end=\"718\">\n<p data-start=\"660\" data-end=\"718\"><strong data-start=\"660\" data-end=\"691\">Przystanki p\u0142ywania i nurkowania<\/strong> w zapieraj\u0105cych dech w piersiach miejscach \ud83c\udf0a<\/p>\n<\/li>\n<li data-start=\"719\" data-end=\"767\">\n<p data-start=\"721\" data-end=\"767\"><strong data-start=\"721\" data-end=\"746\">Kamizelki ratunkowe zapewnione<\/strong> dla Twojego bezpiecze\u0144stwa \ud83e\uddba<\/p>\n<\/li>\n<li data-start=\"768\" data-end=\"829\">\n<p data-start=\"770\" data-end=\"829\"><strong data-start=\"770\" data-end=\"794\">Profesjonalny kapitan<\/strong> Zapewnienie zabawy i bezpiecze\u0144stwa \ud83d\udc68\u200d\u2708\ufe0f<\/p>\n<\/li>\n<\/ul>\n<hr data-start=\"831\" data-end=\"834\" \/>\n<h3 data-start=\"836\" data-end=\"860\">\ud83e\udd6a <strong data-start=\"843\" data-end=\"858\">\u017bywno\u015b\u0107 i sprz\u0119t<\/strong><\/h3>\n<ul data-start=\"861\" data-end=\"971\">\n<li data-start=\"861\" data-end=\"917\">\n<p data-start=\"863\" data-end=\"917\">Przynie\u015b sw\u00f3j <strong data-start=\"874\" data-end=\"896\">w\u0142asny zestaw do snorkelingu<\/strong> \ud83e\udd3f (je\u015bli wolisz)<\/p>\n<\/li>\n<li data-start=\"918\" data-end=\"971\">\n<p data-start=\"920\" data-end=\"971\">Spakuj <strong data-start=\"930\" data-end=\"943\">w\u0142asny lunch<\/strong> lub przek\u0105ski na podr\u00f3\u017c \ud83c\udf71<\/p>\n<\/li>\n<\/ul>\n<hr data-start=\"973\" data-end=\"976\" \/>\n<h3 data-start=\"978\" data-end=\"1009\">\ud83d\ude8c <strong data-start=\"985\" data-end=\"1007\">Odbi\u00f3r i dow\u00f3z<\/strong><\/h3>\n<ul data-start=\"1010\" data-end=\"1116\">\n<li data-start=\"1010\" data-end=\"1066\">\n<p data-start=\"1012\" data-end=\"1066\"><strong data-start=\"1012\" data-end=\"1038\">Odbi\u00f3r i zwrot z hotelu<\/strong> w preferowanym czasie \ud83c\udfe8<\/p>\n<\/li>\n<li data-start=\"1067\" data-end=\"1116\">\n<p data-start=\"1069\" data-end=\"1116\">Wygodny transfer na molo i z powrotem \ud83d\ude90<\/p>\n<\/li>\n<\/ul>\n<hr data-start=\"1118\" data-end=\"1121\" \/>\n<h3 data-start=\"1123\" data-end=\"1163\">\ud83c\udf1f <strong data-start=\"1130\" data-end=\"1161\">Dlaczego warto wybra\u0107 to do\u015bwiadczenie?<\/strong><\/h3>\n<ul data-start=\"1164\" data-end=\"1310\">\n<li data-start=\"1164\" data-end=\"1203\">\n<p data-start=\"1166\" data-end=\"1203\">Prywatne i spersonalizowane - bez t\u0142um\u00f3w!<\/p>\n<\/li>\n<li data-start=\"1204\" data-end=\"1255\">\n<p data-start=\"1206\" data-end=\"1255\">Elastyczny harmonogram - Twoja przygoda, Twoje zasady!<\/p>\n<\/li>\n<li data-start=\"1256\" data-end=\"1310\">\n<p data-start=\"1258\" data-end=\"1310\">Idealny dla <strong data-start=\"1270\" data-end=\"1308\">rodziny, pary lub ma\u0142e grupy<\/strong><\/p>\n<\/li>\n<\/ul>\n<p><strong>Pr\u0119dko\u015b\u0107 przy wje\u017adzie na dowoln\u0105 wysp\u0119. Cena jest doliczana do ka\u017cdej osoby.<\/strong><\/p>\n<hr data-start=\"1118\" data-end=\"1121\" \/>\n<article class=\"text-token-text-primary w-full focus:outline-none scroll-mt-[calc(var(--header-height)+min(200px,max(70px,20svh)))]\" dir=\"auto\" tabindex=\"-1\" data-turn-id=\"request-WEB:03ee36ad-4c16-45a2-a255-2a64e427af84-13\" data-testid=\"conversation-turn-28\" data-scroll-anchor=\"false\" data-turn=\"assistant\">\n<div class=\"text-base my-auto mx-auto [--thread-content-margin:--spacing(4)] thread-sm:[--thread-content-margin:--spacing(6)] thread-lg:[--thread-content-margin:--spacing(16)] px-(--thread-content-margin)\">\n<div class=\"[--thread-content-max-width:40rem] thread-lg:[--thread-content-max-width:48rem] mx-auto max-w-(--thread-content-max-width) flex-1 group\/turn-messages focus-visible:outline-hidden relative flex w-full min-w-0 flex-col agent-turn\" tabindex=\"-1\">\n<div class=\"flex min-h-[46px] justify-start\">\u2728 <strong data-start=\"73\" data-end=\"113\">Opcjonalne wycieczki na wyspy (dodatkowa op\u0142ata)<\/strong><\/div>\n<div>Dolphin House<\/div>\n<\/div>\n<\/div>\n<\/article>\n<div>\ud83c\udfdd\ufe0fEden Wst\u0119p na wysp\u0119 przez ca\u0142y dzie\u0144 + lunch<\/div>\n<div>\ud83c\udfdd\ufe0fEden Ca\u0142odniowy wst\u0119p na wysp\u0119 (tylko korzystanie z pla\u017cy)<\/div>\n<div>\ud83c\udfdd\ufe0fOrange Ca\u0142odniowy wst\u0119p na wysp\u0119 (tylko korzystanie z pla\u017cy)<\/div>\n<div>\ud83c\udfdd\ufe0fOzaria Wst\u0119p na wysp\u0119 przez ca\u0142y dzie\u0144 + lunch<\/div>\n<div>\ud83c\udfdd\ufe0fOzaria Ca\u0142odniowy wst\u0119p na wysp\u0119 (tylko korzystanie z pla\u017cy)<\/div>\n<div>\ud83c\udfdd\ufe0fHula Ca\u0142odniowy wst\u0119p na wysp\u0119 Hula (tylko korzystanie z pla\u017cy)<\/div>\n<div>\n<hr data-start=\"1118\" data-end=\"1121\" \/>\n<\/div>\n<article class=\"text-token-text-primary w-full focus:outline-none scroll-mt-[calc(var(--header-height)+min(200px,max(70px,20svh)))]\" dir=\"auto\" tabindex=\"-1\" data-turn-id=\"request-WEB:03ee36ad-4c16-45a2-a255-2a64e427af84-13\" data-testid=\"conversation-turn-28\" data-scroll-anchor=\"false\" data-turn=\"assistant\">\n<div class=\"text-base my-auto mx-auto [--thread-content-margin:--spacing(4)] thread-sm:[--thread-content-margin:--spacing(6)] thread-lg:[--thread-content-margin:--spacing(16)] px-(--thread-content-margin)\">\n<div class=\"[--thread-content-max-width:40rem] thread-lg:[--thread-content-max-width:48rem] mx-auto max-w-(--thread-content-max-width) flex-1 group\/turn-messages focus-visible:outline-hidden relative flex w-full min-w-0 flex-col agent-turn\" tabindex=\"-1\">\n<div class=\"flex max-w-full flex-col grow\">\n<div class=\"min-h-8 text-message relative flex w-full flex-col items-end gap-2 text-start break-words whitespace-normal [.text-message+&amp;]:mt-5\" dir=\"auto\" data-message-author-role=\"assistant\" data-message-id=\"760e0008-4ee9-469d-a373-6afec52afb60\" data-message-model-slug=\"gpt-5\">\n<div class=\"flex w-full flex-col gap-1 empty:hidden first:pt-[3px]\">\n<div class=\"markdown prose dark:prose-invert w-full break-words light markdown-new-styling\">\n<p data-start=\"35\" data-end=\"59\">\ud83e\udd11 <strong data-start=\"38\" data-end=\"57\">Cena wycieczki<\/strong><\/p>\n<p data-start=\"61\" data-end=\"126\" data-is-last-node=\"\" data-is-only-node=\"\">\ud83d\ude4e\ud83c\udffb\u200d\u2642\ufe0f <strong data-start=\"69\" data-end=\"82\">2 osoby:<\/strong> \u20ac 140<br data-start=\"87\" data-end=\"90\" \/>\ud83d\udc64 <strong data-start=\"93\" data-end=\"120\">Ka\u017cda dodatkowa osoba:<\/strong> \u20ac 15<\/p>\n<h3 data-start=\"2198\" data-end=\"2225\"><strong data-start=\"2205\" data-end=\"2223\">P\u0142atno\u015b\u0107 w USD ($ \ud83c\uddfa\ud83c\uddf8) zamiast EUR (\u20ac \ud83c\uddea\ud83c\uddfa) jest dost\u0119pna zgodnie z dziennym kursem wymiany banku.<\/strong><\/h3>\n<\/div>\n<\/div>\n<\/div>\n<\/div>\n<\/div>\n<\/div>\n<\/article>\n<p><strong>Book Through WhatsApp:<\/strong><\/p>\n<p><a href=\"https:\/\/api.whatsapp.com\/send\/?phone=01021058859\" target=\"_blank\" rel=\"noopener\">\u00a0<img decoding=\"async\" class=\"alignnone wp-image-2058\" src=\"https:\/\/poehalisnamiegypt.com\/wp-content\/uploads\/2024\/02\/pngwing.com_-300x300.png\" sizes=\"auto, (max-width: 35px) 100vw, 35px\" srcset=\"https:\/\/poehalisnamiegypt.com\/wp-content\/uploads\/2024\/02\/pngwing.com_-300x300.png 300w, https:\/\/poehalisnamiegypt.com\/wp-content\/uploads\/2024\/02\/pngwing.com_-150x150.png 150w, https:\/\/poehalisnamiegypt.com\/wp-content\/uploads\/2024\/02\/pngwing.com_.png 584w\" alt=\"\" width=\"53\" height=\"53\" \/><\/a><\/p>","protected":false},"excerpt":{"rendered":"<p>\ud83d\udea4 Private Speed Boat Adventure\u00a0 Looking for an exclusive and thrilling experience on the Red Sea? Hop aboard our 200HP RIB speed boat for a private trip designed just for you and up to 7 guests! \u23f0 Flexible Trip Duration Minimum: 4 hours \u2013 Perfect to explore the stunning Several islands\u00a0\ud83c\udfdd\ufe0f with time for swimming [&hellip;]<\/p>","protected":false},"featured_media":10912,"comment_status":"open","ping_status":"closed","template":"","meta":{"_monsterinsights_skip_tracking":false,"_monsterinsights_sitenote_active":false,"_monsterinsights_sitenote_note":"","_monsterinsights_sitenote_category":0},"product_brand":[],"product_cat":[68],"product_tag":[],"class_list":{"0":"post-9845","1":"product","2":"type-product","3":"status-publish","4":"has-post-thumbnail","6":"product_cat-sea","8":"first","9":"instock","10":"shipping-taxable","11":"purchasable","12":"product-type-ovabrw_car_rental"},"_links":{"self":[{"href":"https:\/\/redsea-dream-tours.com\/pl\/wp-json\/wp\/v2\/product\/9845","targetHints":{"allow":["GET"]}}],"collection":[{"href":"https:\/\/redsea-dream-tours.com\/pl\/wp-json\/wp\/v2\/product"}],"about":[{"href":"https:\/\/redsea-dream-tours.com\/pl\/wp-json\/wp\/v2\/types\/product"}],"replies":[{"embeddable":true,"href":"https:\/\/redsea-dream-tours.com\/pl\/wp-json\/wp\/v2\/comments?post=9845"}],"wp:featuredmedia":[{"embeddable":true,"href":"https:\/\/redsea-dream-tours.com\/pl\/wp-json\/wp\/v2\/media\/10912"}],"wp:attachment":[{"href":"https:\/\/redsea-dream-tours.com\/pl\/wp-json\/wp\/v2\/media?parent=9845"}],"wp:term":[{"taxonomy":"product_brand","embeddable":true,"href":"https:\/\/redsea-dream-tours.com\/pl\/wp-json\/wp\/v2\/product_brand?post=9845"},{"taxonomy":"product_cat","embeddable":true,"href":"https:\/\/redsea-dream-tours.com\/pl\/wp-json\/wp\/v2\/product_cat?post=9845"},{"taxonomy":"product_tag","embeddable":true,"href":"https:\/\/redsea-dream-tours.com\/pl\/wp-json\/wp\/v2\/product_tag?post=9845"}],"curies":[{"name":"wp","href":"https:\/\/api.w.org\/{rel}","templated":true}]}}