{"id":9829,"date":"2025-09-07T01:35:41","date_gmt":"2025-09-07T01:35:41","guid":{"rendered":"https:\/\/redsea-dream-tours.com\/?post_type=product&#038;p=9829"},"modified":"2025-11-28T15:22:52","modified_gmt":"2025-11-28T15:22:52","slug":"one-trip-to-luxor-private","status":"publish","type":"product","link":"https:\/\/redsea-dream-tours.com\/pl\/produkt\/one-trip-to-luxor-private\/","title":{"rendered":"Ca\u0142odniowa prywatna wycieczka do Luksoru"},"content":{"rendered":"<h3 data-start=\"78\" data-end=\"138\">\u2708\ufe0f <strong data-start=\"85\" data-end=\"138\">Prywatny ca\u0142odniowy pobyt w Luksorze<\/strong><\/h3>\n<p data-start=\"140\" data-end=\"378\">Odkryj cuda staro\u017cytnego Egiptu w zaledwie jeden dzie\u0144! Nawet je\u015bli <strong data-start=\"207\" data-end=\"250\">Luksor i Kair oddalone s\u0105 o ponad 400 mil (644 km).<\/strong> poza tym, ten ekskluzywny <strong data-start=\"273\" data-end=\"298\">prywatna wycieczka<\/strong>\u00a0umo\u017cliwia odkrywanie skarb\u00f3w Luksoru bez utraty ani chwili.<\/p>\n<h4 data-start=\"380\" data-end=\"418\">\ud83c\udfdb <strong data-start=\"388\" data-end=\"418\">Najwa\u017cniejsze momenty podr\u00f3\u017cy<\/strong><\/h4>\n<ul data-start=\"419\" data-end=\"834\">\n<li data-start=\"419\" data-end=\"525\">\n<p data-start=\"421\" data-end=\"525\"><strong data-start=\"421\" data-end=\"444\">Dolina Kr\u00f3l\u00f3w<\/strong> - Przejd\u017a do historii, w kt\u00f3rej legendarny <strong data-start=\"485\" data-end=\"507\">Grobowiec Tutenchamona<\/strong> zosta\u0142 odkryty.<\/p>\n<\/li>\n<li data-start=\"526\" data-end=\"629\">\n<p data-start=\"528\" data-end=\"629\"><strong data-start=\"528\" data-end=\"552\">\u015awi\u0105tynia Hatszepsut<\/strong> - Podziwiaj osza\u0142amiaj\u0105c\u0105 \u015bwi\u0105tyni\u0119 grobow\u0105 kultowej egipskiej kobiety-faraona.<\/p>\n<\/li>\n<li data-start=\"630\" data-end=\"735\">\n<p data-start=\"632\" data-end=\"735\"><strong data-start=\"632\" data-end=\"658\">\u015awi\u0105tynie w Karnaku i Luksorze<\/strong> - W\u0119druj przez kolosalne kolumny, \u015bwi\u0119te hale i staro\u017cytne inskrypcje.<\/p>\n<\/li>\n<li data-start=\"736\" data-end=\"834\">\n<p data-start=\"738\" data-end=\"834\"><strong data-start=\"738\" data-end=\"759\">Kolosy Memnona<\/strong> - Sp\u00f3jrz na wysokie pos\u0105gi, kt\u00f3re strzeg\u0142y Teb przez tysi\u0105clecia.<\/p>\n<\/li>\n<\/ul>\n<h4 data-start=\"836\" data-end=\"866\">\ud83d\udc68\u200d\ud83c\udfeb <strong data-start=\"847\" data-end=\"866\">Wskaz\u00f3wki ekspert\u00f3w<\/strong><\/h4>\n<p data-start=\"867\" data-end=\"987\">Tw\u00f3j <strong data-start=\"872\" data-end=\"903\">osobisty przewodnik egiptologa<\/strong> podzieli si\u0119 fascynuj\u0105cymi opowie\u015bciami, sekretami i ukryt\u0105 histori\u0105 kryj\u0105c\u0105 si\u0119 za ka\u017cdym z miejsc.<\/p>\n<h4 data-start=\"989\" data-end=\"1025\">\ud83c\udf74 <strong data-start=\"997\" data-end=\"1025\">Pyszny egipski lunch<\/strong><\/h4>\n<p data-start=\"1026\" data-end=\"1128\">Zjedz autentyczny posi\u0142ek w lokalnej restauracji, delektuj\u0105c si\u0119 smakami tradycyjnej egipskiej kuchni.<\/p>\n<h3 data-start=\"493\" data-end=\"529\">\ud83d\udde3\ufe0f <strong data-start=\"501\" data-end=\"527\">M\u00f3wimy w Twoim j\u0119zyku<\/strong><\/h3>\n<ul data-start=\"530\" data-end=\"594\">\n<li>Polski<\/li>\n<li>Francuski<\/li>\n<li>Angielski<\/li>\n<li>Niemiecki<\/li>\n<li>Portugalski<\/li>\n<li>Hiszpa\u0144ski<\/li>\n<li>...i nie tylko!<\/li>\n<\/ul>\n<p data-start=\"596\" data-end=\"678\">Niezale\u017cnie od tego, sk\u0105d pochodzisz, zapewniamy p\u0142ynn\u0105 komunikacj\u0119 i spersonalizowane podej\u015bcie.<\/p>\n<h3 data-start=\"2303\" data-end=\"2343\"><strong data-start=\"2307\" data-end=\"2341\">Dlaczego warto wybra\u0107 VIP Experience?<\/strong><\/h3>\n<ul data-start=\"2344\" data-end=\"2584\">\n<li data-start=\"2344\" data-end=\"2398\">\n<p data-start=\"2346\" data-end=\"2398\">Prywatny luksusowy transport<\/p>\n<\/li>\n<li data-start=\"2399\" data-end=\"2446\">\n<p data-start=\"2401\" data-end=\"2446\">\ud83c\udfdb\ufe0f Us\u0142uga spersonalizowanego przewodnika egiptologa<\/p>\n<\/li>\n<li data-start=\"2447\" data-end=\"2490\">\n<p data-start=\"2449\" data-end=\"2490\">Lunch premium w malowniczej restauracji<\/p>\n<\/li>\n<li data-start=\"2491\" data-end=\"2538\">\n<p data-start=\"2493\" data-end=\"2538\">\u23f1\ufe0f Elastyczny harmonogram dostosowany do potrzeb grupy<\/p>\n<\/li>\n<li data-start=\"2539\" data-end=\"2584\">\n<p data-start=\"2541\" data-end=\"2584\">\ud83d\udecd\ufe0f Ekskluzywne przystanki na zakupy na \u017cyczenie<\/p>\n<\/li>\n<\/ul>\n<p data-start=\"1311\" data-end=\"1432\">Ta wycieczka jest idealna dla podr\u00f3\u017cnych, kt\u00f3rzy maj\u0105 ma\u0142o czasu, ale chc\u0105 <strong data-start=\"1373\" data-end=\"1430\">Odhacz legendarne cuda Luksoru na swojej li\u015bcie \u017cycze\u0144!<\/strong><\/p>\n<table style=\"height: 395px;\" width=\"844\">\n<tbody>\n<tr>\n<td width=\"126\"><strong>\u00a0\u20ac 300.00<\/strong><\/td>\n<td width=\"307\"><strong>luxor Private 2 pax<\/strong><\/td>\n<\/tr>\n<tr>\n<td><strong>\u00a0\u20ac\u00a0 450.00<\/strong><\/td>\n<td><strong>Luxor Private 3 do 4 os\u00f3b<\/strong><\/td>\n<\/tr>\n<tr>\n<td><strong>\u00a0\u20ac\u00a0 510.00<\/strong><\/td>\n<td><strong>luxor Private 5 pax<\/strong><\/td>\n<\/tr>\n<tr>\n<td><strong>\u00a0\u20ac\u00a0 560.00<\/strong><\/td>\n<td><strong>luxor Private 6 pax<\/strong><\/td>\n<\/tr>\n<tr>\n<td><\/td>\n<td><\/td>\n<\/tr>\n<\/tbody>\n<\/table>\n<h3 data-start=\"2198\" data-end=\"2225\"><strong data-start=\"2205\" data-end=\"2223\">P\u0142atno\u015b\u0107 w USD ($ \ud83c\uddfa\ud83c\uddf8) zamiast EUR (\u20ac \ud83c\uddea\ud83c\uddfa) jest dost\u0119pna zgodnie z dziennym kursem wymiany banku.<\/strong><\/h3>\n<p><strong>Book Through WhatsApp:<\/strong><\/p>\n<p><a href=\"https:\/\/api.whatsapp.com\/send\/?phone=01021058859\" target=\"_blank\" rel=\"noopener\">\u00a0<img decoding=\"async\" class=\"alignnone wp-image-2058\" src=\"https:\/\/poehalisnamiegypt.com\/wp-content\/uploads\/2024\/02\/pngwing.com_-300x300.png\" sizes=\"auto, (max-width: 35px) 100vw, 35px\" srcset=\"https:\/\/poehalisnamiegypt.com\/wp-content\/uploads\/2024\/02\/pngwing.com_-300x300.png 300w, https:\/\/poehalisnamiegypt.com\/wp-content\/uploads\/2024\/02\/pngwing.com_-150x150.png 150w, https:\/\/poehalisnamiegypt.com\/wp-content\/uploads\/2024\/02\/pngwing.com_.png 584w\" alt=\"\" width=\"53\" height=\"53\" \/><\/a><\/p>\n<div id=\"simple-translate\" class=\"simple-translate-system-theme\">\n<div>\n<div class=\"simple-translate-button isShow\" style=\"background-image: url('chrome-extension:\/\/cllnohpbfenopiakdcjmjcbaeapmkcdl\/icons\/512.png'); height: 22px; width: 22px; top: 1106px; left: 28px;\"><\/div>\n<div class=\"simple-translate-panel\" style=\"width: 300px; height: 200px; top: 0px; left: 0px; font-size: 13px;\">\n<div class=\"simple-translate-result-wrapper\" style=\"overflow: hidden;\">\n<div class=\"simple-translate-move\" draggable=\"true\"><\/div>\n<div class=\"simple-translate-result-contents\">\n<p class=\"simple-translate-candidate\" dir=\"auto\">\n<\/div>\n<\/div>\n<\/div>\n<\/div>\n<\/div>\n<div id=\"gtx-trans\" style=\"position: absolute; left: 141px; top: 3.375px;\">\n<div class=\"gtx-trans-icon\"><\/div>\n<\/div>","protected":false},"excerpt":{"rendered":"<p>\u2708\ufe0f Luxor Full-Day Private Discover the wonders of ancient Egypt in just one day! Even though Luxor and Cairo are 400+ miles (644 km) apart, this exclusive private tour\u00a0makes it possible to explore the treasures of Luxor without missing a moment. \ud83c\udfdb Highlights of Your Journey Valley of the Kings \u2013 Step into history where [&hellip;]<\/p>","protected":false},"featured_media":9835,"comment_status":"open","ping_status":"closed","template":"","meta":{"_monsterinsights_skip_tracking":false,"_monsterinsights_sitenote_active":false,"_monsterinsights_sitenote_note":"","_monsterinsights_sitenote_category":0},"product_brand":[],"product_cat":[65],"product_tag":[],"class_list":{"0":"post-9829","1":"product","2":"type-product","3":"status-publish","4":"has-post-thumbnail","6":"product_cat-luxor","8":"first","9":"instock","10":"shipping-taxable","11":"purchasable","12":"product-type-ovabrw_car_rental"},"_links":{"self":[{"href":"https:\/\/redsea-dream-tours.com\/pl\/wp-json\/wp\/v2\/product\/9829","targetHints":{"allow":["GET"]}}],"collection":[{"href":"https:\/\/redsea-dream-tours.com\/pl\/wp-json\/wp\/v2\/product"}],"about":[{"href":"https:\/\/redsea-dream-tours.com\/pl\/wp-json\/wp\/v2\/types\/product"}],"replies":[{"embeddable":true,"href":"https:\/\/redsea-dream-tours.com\/pl\/wp-json\/wp\/v2\/comments?post=9829"}],"wp:featuredmedia":[{"embeddable":true,"href":"https:\/\/redsea-dream-tours.com\/pl\/wp-json\/wp\/v2\/media\/9835"}],"wp:attachment":[{"href":"https:\/\/redsea-dream-tours.com\/pl\/wp-json\/wp\/v2\/media?parent=9829"}],"wp:term":[{"taxonomy":"product_brand","embeddable":true,"href":"https:\/\/redsea-dream-tours.com\/pl\/wp-json\/wp\/v2\/product_brand?post=9829"},{"taxonomy":"product_cat","embeddable":true,"href":"https:\/\/redsea-dream-tours.com\/pl\/wp-json\/wp\/v2\/product_cat?post=9829"},{"taxonomy":"product_tag","embeddable":true,"href":"https:\/\/redsea-dream-tours.com\/pl\/wp-json\/wp\/v2\/product_tag?post=9829"}],"curies":[{"name":"wp","href":"https:\/\/api.w.org\/{rel}","templated":true}]}}