{"id":9819,"date":"2025-09-07T01:00:43","date_gmt":"2025-09-07T01:00:43","guid":{"rendered":"https:\/\/redsea-dream-tours.com\/?post_type=product&#038;p=9819"},"modified":"2025-11-28T15:23:33","modified_gmt":"2025-11-28T15:23:33","slug":"one-way-cairo-private-trip","status":"publish","type":"product","link":"https:\/\/redsea-dream-tours.com\/pl\/produkt\/one-way-cairo-private-trip\/","title":{"rendered":"Prywatna wycieczka do Kairu - piramidy i muzeum"},"content":{"rendered":"<h3 data-start=\"116\" data-end=\"187\">\u2728 <strong data-start=\"122\" data-end=\"185\">Prywatne wycieczki po Kairze - Twoja brama do cud\u00f3w Egiptu!<\/strong><\/h3>\n<p data-start=\"189\" data-end=\"326\">Wyrusz w niezapomnian\u0105 podr\u00f3\u017c z <strong data-start=\"229\" data-end=\"252\">Prywatne wycieczki po Kairze<\/strong>to najlepszy wyb\u00f3r do tworzenia <strong data-start=\"292\" data-end=\"319\">wymarzone wakacje w Egipcie<\/strong>! \ud83c\udf0d\u2728<\/p>\n<h3 data-start=\"520\" data-end=\"556\">\ud83c\udf05 <strong data-start=\"527\" data-end=\"554\">Odlot wcze\u015bnie rano<\/strong><\/h3>\n<ul data-start=\"557\" data-end=\"808\">\n<li data-start=\"557\" data-end=\"675\">\n<p data-start=\"559\" data-end=\"675\"><strong data-start=\"559\" data-end=\"576\">Odbi\u00f3r z hotelu<\/strong> \ud83d\ude90: Rozpocznij swoj\u0105 przygod\u0119 od wczesnego odbioru z hotelu nowoczesnym, klimatyzowanym autobusem.<\/p>\n<\/li>\n<li data-start=\"676\" data-end=\"808\">\n<p data-start=\"678\" data-end=\"808\"><strong data-start=\"678\" data-end=\"701\">Scenic Desert Drive <\/strong>\ud83c\udfdc\ufe0f: Zrelaksuj si\u0119 i podziwiaj zmieniaj\u0105ce si\u0119 krajobrazy podczas podr\u00f3\u017cy przez z\u0142ote pustynie Egiptu w kierunku Kairu.<\/p>\n<\/li>\n<\/ul>\n<h3 data-start=\"815\" data-end=\"857\">\ud83c\udfdb\ufe0f <strong data-start=\"823\" data-end=\"855\">Piramidy w Gizie i Wielki Sfinks<\/strong><\/h3>\n<ul data-start=\"858\" data-end=\"1187\">\n<li data-start=\"858\" data-end=\"968\">\n<p data-start=\"860\" data-end=\"968\">Sta\u0144 w zachwycie przed legendarnym <strong data-start=\"894\" data-end=\"914\">Piramidy w Gizie<\/strong>jeden z <strong data-start=\"927\" data-end=\"965\">Siedem cud\u00f3w staro\u017cytnego \u015bwiata<\/strong>.<\/p>\n<\/li>\n<li data-start=\"969\" data-end=\"1079\">\n<p data-start=\"971\" data-end=\"1079\">Poznaj <strong data-start=\"983\" data-end=\"999\">Wielki Sfinks<\/strong> \ud83e\udd81, tajemniczego stra\u017cnika p\u0142askowy\u017cu, i zr\u00f3b niezapomniane zdj\u0119cia.<\/p>\n<\/li>\n<li data-start=\"1080\" data-end=\"1187\">\n<p data-start=\"1082\" data-end=\"1187\">Opcjonalnie: Wejd\u017a do jednej z piramid, aby lepiej pozna\u0107 staro\u017cytn\u0105 in\u017cynieri\u0119 (wymagany dodatkowy bilet).<\/p>\n<\/li>\n<\/ul>\n<h3 data-start=\"1194\" data-end=\"1237\">\ud83c\udffa <strong data-start=\"1201\" data-end=\"1235\">Egipskie Muzeum Staro\u017cytno\u015bci<\/strong><\/h3>\n<ul data-start=\"1238\" data-end=\"1473\">\n<li data-start=\"1238\" data-end=\"1372\">\n<p data-start=\"1240\" data-end=\"1372\">Odkryj ponad <strong data-start=\"1254\" data-end=\"1275\">120 000 artefakt\u00f3w<\/strong> w s\u0142ynnym na ca\u0142ym \u015bwiecie muzeum, w tym skarby <strong data-start=\"1327\" data-end=\"1349\">Grobowiec Tutenchamona<\/strong> i staro\u017cytne mumie.<\/p>\n<\/li>\n<li data-start=\"1373\" data-end=\"1473\">\n<p data-start=\"1375\" data-end=\"1473\">Tw\u00f3j przewodnik egiptolog ujawni sekrety bezcennych relikwii i kr\u00f3lewskich skarb\u00f3w.<\/p>\n<\/li>\n<\/ul>\n<h3 data-start=\"1480\" data-end=\"1515\">\ud83c\udf74\u00a0<strong data-start=\"1480\" data-end=\"1504\">VIP Lunch Experience<\/strong><\/h3>\n<ul data-start=\"1516\" data-end=\"1669\">\n<li data-start=\"1516\" data-end=\"1610\">\n<p data-start=\"1518\" data-end=\"1610\">Ciesz si\u0119 <strong data-start=\"1526\" data-end=\"1554\">Pyszny egipski lunch<\/strong> \ud83c\udf7d\ufe0f .<\/p>\n<\/li>\n<li data-start=\"1611\" data-end=\"1669\">\n<p data-start=\"1613\" data-end=\"1669\">Od\u015bwie\u017c si\u0119 i na\u0142aduj przed kontynuowaniem przygody<\/p>\n<\/li>\n<\/ul>\n<h3 data-start=\"1676\" data-end=\"1718\">\ud83d\udecd\ufe0f <strong data-start=\"1684\" data-end=\"1716\">Zakupy i lokalne do\u015bwiadczenia<\/strong><\/h3>\n<ul data-start=\"1719\" data-end=\"1863\">\n<li data-start=\"1719\" data-end=\"1863\">\n<p data-start=\"1721\" data-end=\"1863\">Spacer po tradycyjnym <strong data-start=\"1750\" data-end=\"1779\">bazar lub galeria papirus\u00f3w<\/strong> \ud83d\udecd\ufe0f, gdzie mo\u017cna znale\u017a\u0107 wyj\u0105tkowe pami\u0105tki, perfumy i autentyczne egipskie r\u0119kodzie\u0142o.<\/p>\n<\/li>\n<\/ul>\n<h3 data-start=\"1870\" data-end=\"1897\">\ud83c\udf07 <strong data-start=\"1877\" data-end=\"1895\">Podr\u00f3\u017c powrotna<\/strong><\/h3>\n<ul data-start=\"1898\" data-end=\"2041\">\n<li data-start=\"1898\" data-end=\"2041\">\n<p data-start=\"1900\" data-end=\"2041\">Po dniu pe\u0142nym eksploracji, wsi\u0105d\u017a do autobusu na <strong data-start=\"1954\" data-end=\"1981\">komfortowa podr\u00f3\u017c powrotna<\/strong> do hotelu z magicznymi wspomnieniami skarb\u00f3w Kairu.<\/p>\n<\/li>\n<\/ul>\n<h4 data-start=\"328\" data-end=\"356\">\ud83c\udf1f <strong data-start=\"336\" data-end=\"354\">Dlaczego warto wybra\u0107 nas?<\/strong><\/h4>\n<ul data-start=\"357\" data-end=\"728\">\n<li data-start=\"357\" data-end=\"482\">\n<p data-start=\"359\" data-end=\"482\"><strong data-start=\"359\" data-end=\"385\">Przygody szyte na miar\u0119<\/strong>: Dostosuj plan podr\u00f3\u017cy do swoich pasji - historii, kultury, relaksu lub przygody.<\/p>\n<\/li>\n<li data-start=\"483\" data-end=\"597\">\n<p data-start=\"485\" data-end=\"597\"><strong data-start=\"485\" data-end=\"512\">Bezkonkurencyjne oferty podr\u00f3\u017cy<\/strong>: Korzystaj z ekskluzywnych ofert na <strong data-start=\"540\" data-end=\"565\">Pakiety podr\u00f3\u017cne do Egiptu<\/strong> zaprojektowane tak, aby pasowa\u0142y do ka\u017cdego bud\u017cetu.<\/p>\n<\/li>\n<li data-start=\"598\" data-end=\"728\">\n<p data-start=\"600\" data-end=\"728\"><strong data-start=\"600\" data-end=\"619\">Wskaz\u00f3wki ekspert\u00f3w<\/strong>: Nasz zesp\u00f3\u0142 <strong data-start=\"633\" data-end=\"682\">Profesjonalni organizatorzy wycieczek i licencjonowani przewodnicy<\/strong> zapewni\u0107 p\u0142ynne i wzbogacaj\u0105ce do\u015bwiadczenie.<\/p>\n<\/li>\n<\/ul>\n<h4 data-start=\"730\" data-end=\"778\">\ud83c\udfc6 <strong data-start=\"738\" data-end=\"776\">Nasze ekskluzywne do\u015bwiadczenia obejmuj\u0105:<\/strong><\/h4>\n<ul data-start=\"779\" data-end=\"1178\">\n<li data-start=\"779\" data-end=\"886\">\n<p data-start=\"781\" data-end=\"886\"><strong data-start=\"781\" data-end=\"805\">Prywatne wycieczki z przewodnikiem<\/strong> \ud83d\uddfa\ufe0f: Odkryj majestatyczne piramidy, staro\u017cytne \u015bwi\u0105tynie i ukryte skarby Egiptu.<\/p>\n<\/li>\n<li data-start=\"887\" data-end=\"973\"><strong data-start=\"976\" data-end=\"1001\">Rejsy po Nilu Dahabiya<\/strong> \u26f5: Do\u015bwiadcz luksusu na tradycyjnej \u0142odzi \u017caglowej ze spersonalizowan\u0105 obs\u0142ug\u0105.<\/li>\n<li data-start=\"1078\" data-end=\"1178\">\n<p data-start=\"1080\" data-end=\"1178\"><strong data-start=\"1080\" data-end=\"1104\">Pustynne safari w Egipcie<\/strong> \ud83c\udfdc\ufe0f: Odkryj magi\u0119 Sahary dzi\u0119ki ekscytuj\u0105cym pustynnym przygodom.<\/p>\n<\/li>\n<\/ul>\n<h4 data-start=\"1180\" data-end=\"1221\">\ud83c\udf0d <strong data-start=\"1188\" data-end=\"1219\">Twoja przygoda zaczyna si\u0119 tutaj!<\/strong><\/h4>\n<p data-start=\"1222\" data-end=\"1413\">Dzi\u0119ki Cairo Private Tours ka\u017cda podr\u00f3\u017c jest przygotowana tak, aby stworzy\u0107 <strong data-start=\"1283\" data-end=\"1309\">niezapomniane wspomnienia<\/strong>. Niezale\u017cnie od tego, czy szukasz historii, luksusu czy przygody, zapewniamy, \u017ce Twoja podr\u00f3\u017c b\u0119dzie niczym innym jak <strong data-start=\"1399\" data-end=\"1410\">niesamowity<\/strong>.<\/p>\n<p data-start=\"1415\" data-end=\"1467\"><strong data-start=\"1415\" data-end=\"1461\">Przygotuj si\u0119 na przygod\u0119 \u017cycia!<\/strong> \ud83e\uddf3\u2728<\/p>\n<table style=\"height: 140px;\" width=\"770\">\n<tbody>\n<tr>\n<td width=\"126\"><strong>\u00a0\u20ac\u00a0 300.00<\/strong><\/td>\n<td width=\"307\"><strong>Kair prywatnie 2 osoby<\/strong><\/td>\n<\/tr>\n<tr>\n<td><strong>\u00a0\u20ac\u00a0 450.00<\/strong><\/td>\n<td><strong>Kair Prywatne 3 do 4 os\u00f3b<\/strong><\/td>\n<\/tr>\n<tr>\n<td><strong>\u00a0\u20ac\u00a0 510.00<\/strong><\/td>\n<td><strong>Kair prywatnie 5 os\u00f3b<\/strong><\/td>\n<\/tr>\n<tr>\n<td><strong>\u00a0\u20ac\u00a0 560.00<\/strong><\/td>\n<td><strong>Kair Prywatne 6 os\u00f3b<\/strong><\/td>\n<\/tr>\n<\/tbody>\n<\/table>\n<h3 data-start=\"2198\" data-end=\"2225\"><strong data-start=\"2205\" data-end=\"2223\">P\u0142atno\u015b\u0107 w USD ($ \ud83c\uddfa\ud83c\uddf8) zamiast EUR (\u20ac \ud83c\uddea\ud83c\uddfa) jest dost\u0119pna zgodnie z dziennym kursem wymiany banku.<\/strong><\/h3>\n<p><strong>Book Through WhatsApp:<\/strong><\/p>\n<p><a href=\"https:\/\/api.whatsapp.com\/send\/?phone=01021058859\" target=\"_blank\" rel=\"noopener\">\u00a0<img decoding=\"async\" class=\"alignnone wp-image-2058\" src=\"https:\/\/poehalisnamiegypt.com\/wp-content\/uploads\/2024\/02\/pngwing.com_-300x300.png\" sizes=\"auto, (max-width: 35px) 100vw, 35px\" srcset=\"https:\/\/poehalisnamiegypt.com\/wp-content\/uploads\/2024\/02\/pngwing.com_-300x300.png 300w, https:\/\/poehalisnamiegypt.com\/wp-content\/uploads\/2024\/02\/pngwing.com_-150x150.png 150w, https:\/\/poehalisnamiegypt.com\/wp-content\/uploads\/2024\/02\/pngwing.com_.png 584w\" alt=\"\" width=\"53\" height=\"53\" \/><\/a><\/p>\n<div id=\"gtx-trans\" style=\"position: absolute; left: 76px; top: 3.375px;\">\n<div class=\"gtx-trans-icon\"><\/div>\n<\/div>","protected":false},"excerpt":{"rendered":"<p>\u2728 Cairo Private Tours \u2013 Your Gateway to the Wonders of Egypt! Embark on an unforgettable journey with Cairo Private Tours, the ultimate choice for creating your dream vacation in Egypt! \ud83c\udf0d\u2728 \ud83c\udf05 Early Morning Departure Hotel Pick-up \ud83d\ude90: Start your adventure with an early pick-up from your hotel in a modern, air-conditioned bus. Scenic [&hellip;]<\/p>","protected":false},"featured_media":9823,"comment_status":"open","ping_status":"closed","template":"","meta":{"_monsterinsights_skip_tracking":false,"_monsterinsights_sitenote_active":false,"_monsterinsights_sitenote_note":"","_monsterinsights_sitenote_category":0},"product_brand":[],"product_cat":[63],"product_tag":[],"class_list":{"0":"post-9819","1":"product","2":"type-product","3":"status-publish","4":"has-post-thumbnail","6":"product_cat-cairo","8":"first","9":"instock","10":"shipping-taxable","11":"purchasable","12":"product-type-ovabrw_car_rental"},"_links":{"self":[{"href":"https:\/\/redsea-dream-tours.com\/pl\/wp-json\/wp\/v2\/product\/9819","targetHints":{"allow":["GET"]}}],"collection":[{"href":"https:\/\/redsea-dream-tours.com\/pl\/wp-json\/wp\/v2\/product"}],"about":[{"href":"https:\/\/redsea-dream-tours.com\/pl\/wp-json\/wp\/v2\/types\/product"}],"replies":[{"embeddable":true,"href":"https:\/\/redsea-dream-tours.com\/pl\/wp-json\/wp\/v2\/comments?post=9819"}],"wp:featuredmedia":[{"embeddable":true,"href":"https:\/\/redsea-dream-tours.com\/pl\/wp-json\/wp\/v2\/media\/9823"}],"wp:attachment":[{"href":"https:\/\/redsea-dream-tours.com\/pl\/wp-json\/wp\/v2\/media?parent=9819"}],"wp:term":[{"taxonomy":"product_brand","embeddable":true,"href":"https:\/\/redsea-dream-tours.com\/pl\/wp-json\/wp\/v2\/product_brand?post=9819"},{"taxonomy":"product_cat","embeddable":true,"href":"https:\/\/redsea-dream-tours.com\/pl\/wp-json\/wp\/v2\/product_cat?post=9819"},{"taxonomy":"product_tag","embeddable":true,"href":"https:\/\/redsea-dream-tours.com\/pl\/wp-json\/wp\/v2\/product_tag?post=9819"}],"curies":[{"name":"wp","href":"https:\/\/api.w.org\/{rel}","templated":true}]}}