{"id":11233,"date":"2025-11-17T18:20:03","date_gmt":"2025-11-17T18:20:03","guid":{"rendered":"https:\/\/redsea-dream-tours.com\/?post_type=product&#038;p=11233"},"modified":"2025-11-28T14:14:26","modified_gmt":"2025-11-28T14:14:26","slug":"cairo-emc-marsa-alam","status":"publish","type":"product","link":"https:\/\/redsea-dream-tours.com\/pl\/produkt\/cairo-emc-marsa-alam\/","title":{"rendered":"Wycieczka autobusowa do Kairu: Piramidy, Sfinks i przygoda w muzeum"},"content":{"rendered":"<h3 data-start=\"187\" data-end=\"250\">\ud83d\ude8c <strong data-start=\"194\" data-end=\"248\">Jednodniowa wycieczka autobusem do Kairu - poznaj serce Egiptu<\/strong><\/h3>\n<p data-start=\"252\" data-end=\"513\">Wyrusz w niezapomnian\u0105 podr\u00f3\u017c do <strong data-start=\"290\" data-end=\"299\">Kair<\/strong>T\u0119tni\u0105ca \u017cyciem stolica, w kt\u00f3rej staro\u017cytne cuda spotykaj\u0105 si\u0119 z nowoczesnym \u017cyciem. Ta ca\u0142odniowa wycieczka autobusowa jest przeznaczona dla podr\u00f3\u017cnych, kt\u00f3rzy chc\u0105 odkry\u0107 <strong data-start=\"431\" data-end=\"464\">Najbardziej charakterystyczne zabytki Egiptu<\/strong> ciesz\u0105c si\u0119 komfortem, wskaz\u00f3wkami i kultur\u0105.<\/p>\n<hr data-start=\"515\" data-end=\"518\" \/>\n<h3 data-start=\"493\" data-end=\"529\">\ud83d\udde3\ufe0f <strong data-start=\"501\" data-end=\"527\">M\u00f3wimy w Twoim j\u0119zyku<\/strong><\/h3>\n<ul data-start=\"530\" data-end=\"594\">\n<li>Polski<\/li>\n<li>Francuski<\/li>\n<li>Angielski<\/li>\n<li>Niemiecki<\/li>\n<li>Portugalski<\/li>\n<li>Hiszpa\u0144ski<\/li>\n<li>...i nie tylko!<\/li>\n<\/ul>\n<p data-start=\"596\" data-end=\"678\">Niezale\u017cnie od tego, sk\u0105d pochodzisz, zapewniamy p\u0142ynn\u0105 komunikacj\u0119 i spersonalizowane podej\u015bcie.<\/p>\n<hr data-start=\"515\" data-end=\"518\" \/>\n<h3 data-start=\"520\" data-end=\"556\">\ud83c\udf05 <strong data-start=\"527\" data-end=\"554\">Odlot wcze\u015bnie rano<\/strong><\/h3>\n<ul data-start=\"557\" data-end=\"808\">\n<li data-start=\"557\" data-end=\"675\">\n<p data-start=\"559\" data-end=\"675\"><strong data-start=\"559\" data-end=\"576\">Odbi\u00f3r z hotelu<\/strong> \ud83d\ude90: Rozpocznij swoj\u0105 przygod\u0119 od wczesnego odbioru z hotelu nowoczesnym, klimatyzowanym autobusem.<\/p>\n<\/li>\n<li data-start=\"676\" data-end=\"808\">\n<p data-start=\"678\" data-end=\"808\"><strong data-start=\"678\" data-end=\"701\">Sceniczny autobus pustynny <\/strong>\ud83c\udfdc\ufe0f: Zrelaksuj si\u0119 i podziwiaj zmieniaj\u0105ce si\u0119 krajobrazy podczas podr\u00f3\u017cy przez z\u0142ote pustynie Egiptu w kierunku Kairu.<\/p>\n<\/li>\n<\/ul>\n<hr data-start=\"810\" data-end=\"813\" \/>\n<h3 data-start=\"815\" data-end=\"857\">\ud83c\udfdb\ufe0f <strong data-start=\"823\" data-end=\"855\">Piramidy w Gizie i Wielki Sfinks<\/strong><\/h3>\n<ul data-start=\"858\" data-end=\"1187\">\n<li data-start=\"858\" data-end=\"968\">\n<p data-start=\"860\" data-end=\"968\">Sta\u0144 w zachwycie przed legendarnym <strong data-start=\"894\" data-end=\"914\">Piramidy w Gizie<\/strong>jeden z <strong data-start=\"927\" data-end=\"965\">Siedem cud\u00f3w staro\u017cytnego \u015bwiata<\/strong>.<\/p>\n<\/li>\n<li data-start=\"969\" data-end=\"1079\">\n<p data-start=\"971\" data-end=\"1079\">Poznaj <strong data-start=\"983\" data-end=\"999\">Wielki Sfinks<\/strong> \ud83e\udd81, tajemniczego stra\u017cnika p\u0142askowy\u017cu, i zr\u00f3b niezapomniane zdj\u0119cia.<\/p>\n<\/li>\n<li data-start=\"1080\" data-end=\"1187\">\n<p data-start=\"1082\" data-end=\"1187\">Opcjonalnie: Wejd\u017a do jednej z piramid, aby lepiej pozna\u0107 staro\u017cytn\u0105 in\u017cynieri\u0119 (wymagany dodatkowy bilet).<\/p>\n<\/li>\n<\/ul>\n<hr data-start=\"1189\" data-end=\"1192\" \/>\n<h3 data-start=\"1194\" data-end=\"1237\">\ud83c\udffa <strong data-start=\"1201\" data-end=\"1235\">Egipskie Muzeum Staro\u017cytno\u015bci<\/strong><\/h3>\n<ul data-start=\"1238\" data-end=\"1473\">\n<li data-start=\"1238\" data-end=\"1372\">\n<p data-start=\"1240\" data-end=\"1372\">Odkryj ponad <strong data-start=\"1254\" data-end=\"1275\">120 000 artefakt\u00f3w<\/strong> w s\u0142ynnym na ca\u0142ym \u015bwiecie muzeum, w tym skarby <strong data-start=\"1327\" data-end=\"1349\">Grobowiec Tutenchamona<\/strong> i staro\u017cytne mumie.<\/p>\n<\/li>\n<li data-start=\"1373\" data-end=\"1473\">\n<p data-start=\"1375\" data-end=\"1473\">Tw\u00f3j przewodnik egiptolog ujawni sekrety bezcennych relikwii i kr\u00f3lewskich skarb\u00f3w.<\/p>\n<\/li>\n<\/ul>\n<hr data-start=\"1475\" data-end=\"1478\" \/>\n<h3 data-start=\"1480\" data-end=\"1515\">\ud83c\udf74 <strong data-start=\"1487\" data-end=\"1513\">Lunch w wysokiej jako\u015bci lokalnej restauracji<\/strong><\/h3>\n<ul data-start=\"1516\" data-end=\"1669\">\n<li data-start=\"1516\" data-end=\"1610\">\n<p data-start=\"1518\" data-end=\"1610\">Ciesz si\u0119 <strong data-start=\"1526\" data-end=\"1554\">Pyszny egipski lunch<\/strong> \ud83c\udf7d\ufe0f .<\/p>\n<\/li>\n<li data-start=\"1611\" data-end=\"1669\">\n<p data-start=\"1613\" data-end=\"1669\">Od\u015bwie\u017c si\u0119 i na\u0142aduj przed kontynuowaniem przygody.<\/p>\n<\/li>\n<\/ul>\n<hr data-start=\"1671\" data-end=\"1674\" \/>\n<h3 data-start=\"1676\" data-end=\"1718\">\ud83d\udecd\ufe0f <strong data-start=\"1684\" data-end=\"1716\">Zakupy i lokalne do\u015bwiadczenia<\/strong><\/h3>\n<ul data-start=\"1719\" data-end=\"1863\">\n<li data-start=\"1719\" data-end=\"1863\">\n<p data-start=\"1721\" data-end=\"1863\">Spacer po tradycyjnym <strong data-start=\"1750\" data-end=\"1779\">bazar lub galeria papirus\u00f3w<\/strong> \ud83d\udecd\ufe0f, gdzie mo\u017cna znale\u017a\u0107 wyj\u0105tkowe pami\u0105tki, perfumy i autentyczne egipskie r\u0119kodzie\u0142o.<\/p>\n<\/li>\n<\/ul>\n<hr data-start=\"1865\" data-end=\"1868\" \/>\n<h3 data-start=\"1870\" data-end=\"1897\">\ud83c\udf07 <strong data-start=\"1877\" data-end=\"1895\">Podr\u00f3\u017c powrotna<\/strong><\/h3>\n<ul data-start=\"1898\" data-end=\"2041\">\n<li data-start=\"1898\" data-end=\"2041\">\n<p data-start=\"1900\" data-end=\"2041\">Po dniu pe\u0142nym eksploracji, wsi\u0105d\u017a do autobusu na <strong data-start=\"1954\" data-end=\"1981\">komfortowa podr\u00f3\u017c powrotna<\/strong> do hotelu z magicznymi wspomnieniami skarb\u00f3w Kairu.<\/p>\n<\/li>\n<\/ul>\n<hr data-start=\"2043\" data-end=\"2046\" \/>\n<h3 data-start=\"2048\" data-end=\"2073\"><strong data-start=\"2052\" data-end=\"2071\">Najwa\u017cniejsze informacje o wycieczce<\/strong><\/h3>\n<ul data-start=\"2074\" data-end=\"2327\">\n<li data-start=\"2074\" data-end=\"2129\">\n<p data-start=\"2076\" data-end=\"2129\">Transport w obie strony klimatyzowanym autobusem<\/p>\n<\/li>\n<li data-start=\"2130\" data-end=\"2186\">\n<p data-start=\"2132\" data-end=\"2186\">\ud83c\udfdb\ufe0f Zwiedzanie piramid w Gizie, Sfinksa i Muzeum Egipskiego<\/p>\n<\/li>\n<li data-start=\"2187\" data-end=\"2230\">\n<p data-start=\"2189\" data-end=\"2230\">\ud83c\udf7d\ufe0f Lunch w wysokiej jako\u015bci lokalnej restauracji<\/p>\n<\/li>\n<li data-start=\"2231\" data-end=\"2269\">\n<p data-start=\"2233\" data-end=\"2269\">Profesjonalny przewodnik egiptologiczny<\/p>\n<\/li>\n<li data-start=\"2270\" data-end=\"2327\">\n<p data-start=\"2272\" data-end=\"2327\">\ud83d\udecd\ufe0f Mo\u017cliwo\u015bci zakup\u00f3w na autentycznych lokalnych bazarach<\/p>\n<\/li>\n<\/ul>\n<h3 data-start=\"2198\" data-end=\"2225\"><strong data-start=\"2205\" data-end=\"2223\">Cena wycieczki<\/strong><\/h3>\n<ul data-start=\"2226\" data-end=\"2413\">\n<li data-start=\"2226\" data-end=\"2260\">\n<p data-start=\"2228\" data-end=\"2260\"><strong data-start=\"2233\" data-end=\"2258\"><img decoding=\"async\" class=\"emoji\" role=\"img\" draggable=\"false\" src=\"https:\/\/s.w.org\/images\/core\/emoji\/16.0.1\/svg\/1f64e-1f3fb-200d-2642-fe0f.svg\" alt=\"\ud83d\ude4e\ud83c\udffb\u200d\u2642\ufe0f\" \/> 12 lat i ponad 100 \u20ac<\/strong><\/p>\n<\/li>\n<li data-start=\"2261\" data-end=\"2309\">\n<p data-start=\"2263\" data-end=\"2309\"><strong data-start=\"2263\" data-end=\"2280\"><img decoding=\"async\" class=\"emoji\" role=\"img\" draggable=\"false\" src=\"https:\/\/s.w.org\/images\/core\/emoji\/16.0.1\/svg\/1f9cd-1f3fb-200d-2640-fe0f.svg\" alt=\"\ud83e\uddcd\ud83c\udffb\u200d\u2640\ufe0f\" \/> 6\/11 lat 55 \u20ac<\/strong><\/p>\n<\/li>\n<li data-start=\"2310\" data-end=\"2357\">\n<p data-start=\"2312\" data-end=\"2357\"><strong data-start=\"2327\" data-end=\"2355\"><img decoding=\"async\" class=\"emoji\" role=\"img\" draggable=\"false\" src=\"https:\/\/s.w.org\/images\/core\/emoji\/16.0.1\/svg\/1f47c-1f3fc.svg\" alt=\"\ud83d\udc7c\ud83c\udffc\" \/> -6 lat 20 \u20ac<\/strong><\/p>\n<\/li>\n<\/ul>\n<h3 data-start=\"2198\" data-end=\"2225\"><strong data-start=\"2205\" data-end=\"2223\">P\u0142atno\u015b\u0107 w USD ($ \ud83c\uddfa\ud83c\uddf8) zamiast EUR (\u20ac \ud83c\uddea\ud83c\uddfa) jest dost\u0119pna zgodnie z dziennym kursem wymiany banku.<\/strong><\/h3>","protected":false},"excerpt":{"rendered":"<p>\ud83d\ude8c Cairo Day Trip by Bus \u2013 Explore the Heart of Egypt Embark on an unforgettable journey to Cairo, the bustling capital where ancient wonders meet modern life. This full-day bus tour is designed for travelers who want to explore Egypt\u2019s most iconic landmarks while enjoying comfort, guidance, and culture. \ud83d\udde3\ufe0f We Speak Your Language [&hellip;]<\/p>","protected":false},"featured_media":11246,"comment_status":"open","ping_status":"closed","template":"","meta":{"_monsterinsights_skip_tracking":false,"_monsterinsights_sitenote_active":false,"_monsterinsights_sitenote_note":"","_monsterinsights_sitenote_category":0},"product_brand":[],"product_cat":[66],"product_tag":[],"class_list":{"0":"post-11233","1":"product","2":"type-product","3":"status-publish","4":"has-post-thumbnail","6":"product_cat-marsa-alam","8":"first","9":"instock","10":"shipping-taxable","11":"purchasable","12":"product-type-ovabrw_car_rental"},"_links":{"self":[{"href":"https:\/\/redsea-dream-tours.com\/pl\/wp-json\/wp\/v2\/product\/11233","targetHints":{"allow":["GET"]}}],"collection":[{"href":"https:\/\/redsea-dream-tours.com\/pl\/wp-json\/wp\/v2\/product"}],"about":[{"href":"https:\/\/redsea-dream-tours.com\/pl\/wp-json\/wp\/v2\/types\/product"}],"replies":[{"embeddable":true,"href":"https:\/\/redsea-dream-tours.com\/pl\/wp-json\/wp\/v2\/comments?post=11233"}],"wp:featuredmedia":[{"embeddable":true,"href":"https:\/\/redsea-dream-tours.com\/pl\/wp-json\/wp\/v2\/media\/11246"}],"wp:attachment":[{"href":"https:\/\/redsea-dream-tours.com\/pl\/wp-json\/wp\/v2\/media?parent=11233"}],"wp:term":[{"taxonomy":"product_brand","embeddable":true,"href":"https:\/\/redsea-dream-tours.com\/pl\/wp-json\/wp\/v2\/product_brand?post=11233"},{"taxonomy":"product_cat","embeddable":true,"href":"https:\/\/redsea-dream-tours.com\/pl\/wp-json\/wp\/v2\/product_cat?post=11233"},{"taxonomy":"product_tag","embeddable":true,"href":"https:\/\/redsea-dream-tours.com\/pl\/wp-json\/wp\/v2\/product_tag?post=11233"}],"curies":[{"name":"wp","href":"https:\/\/api.w.org\/{rel}","templated":true}]}}