{"id":11184,"date":"2025-11-05T21:41:45","date_gmt":"2025-11-05T21:41:45","guid":{"rendered":"https:\/\/redsea-dream-tours.com\/?post_type=product&#038;p=11184"},"modified":"2025-11-28T14:17:03","modified_gmt":"2025-11-28T14:17:03","slug":"nile-cruise-aswan-luxor","status":"publish","type":"product","link":"https:\/\/redsea-dream-tours.com\/pl\/produkt\/nile-cruise-aswan-luxor\/","title":{"rendered":"Rejs po Nilu: \u015awi\u0105tynie Luksoru-Aswan i Magia Rzeki"},"content":{"rendered":"<p data-start=\"122\" data-end=\"224\">\ud83d\udea2\u2728 <strong data-start=\"126\" data-end=\"218\">Rejs po Nilu mi\u0119dzy Asuanem a Luksorem - podr\u00f3\u017c przez histori\u0119 i magi\u0119 Nilu!<\/strong> \u2728\ud83c\udf05<\/p>\n<p data-start=\"226\" data-end=\"414\">Wyrusz na jedno z najbardziej urzekaj\u0105cych do\u015bwiadcze\u0144 w Egipcie - wycieczk\u0119 <strong data-start=\"283\" data-end=\"333\">Luksusowa podr\u00f3\u017c wzd\u0142u\u017c ponadczasowej rzeki Nil<\/strong>gdzie historia, kultura i elegancja p\u0142yn\u0105 razem w doskona\u0142ej harmonii. \ud83c\udf0a\ud83c\uddea\ud83c\uddec<\/p>\n<p data-start=\"416\" data-end=\"730\">Wejd\u017a na pok\u0142ad <strong data-start=\"430\" data-end=\"455\">luksusowy p\u0142ywaj\u0105cy hotel<\/strong> \ud83d\udef3\ufe0f i budzi\u0107 si\u0119 ka\u017cdego ranka z zapieraj\u0105cym dech w piersiach widokiem na <strong data-start=\"514\" data-end=\"537\">z\u0142ote pustynne wzg\u00f3rza<\/strong>, <strong data-start=\"539\" data-end=\"558\">bujne palmy<\/strong>i <strong data-start=\"568\" data-end=\"597\">spokojne wody Nilu<\/strong> \ud83c\udf34\u2600\ufe0f.<br data-start=\"603\" data-end=\"606\" \/>Podczas rejsu b\u0119dziesz \u015bwiadkiem \u015bwi\u0105ty\u0144 i zabytk\u00f3w, kt\u00f3re sta\u0142y przez tysi\u0105clecia - milcz\u0105cych stra\u017cnik\u00f3w chwalebnej przesz\u0142o\u015bci Egiptu. \ud83c\udfdb\ufe0f\u2728<\/p>\n<hr data-start=\"732\" data-end=\"735\" \/>\n<h3 data-start=\"493\" data-end=\"529\">\ud83d\udde3\ufe0f <strong data-start=\"501\" data-end=\"527\">M\u00f3wimy w Twoim j\u0119zyku<\/strong><\/h3>\n<ul data-start=\"530\" data-end=\"594\">\n<li>Polski<\/li>\n<li>Francuski<\/li>\n<li>Angielski<\/li>\n<li>Niemiecki<\/li>\n<li>Portugalski<\/li>\n<li>Hiszpa\u0144ski<\/li>\n<li>...i nie tylko!<\/li>\n<\/ul>\n<p data-start=\"596\" data-end=\"678\">Niezale\u017cnie od tego, sk\u0105d pochodzisz, zapewniamy p\u0142ynn\u0105 komunikacj\u0119 i spersonalizowane podej\u015bcie.<\/p>\n<hr data-start=\"732\" data-end=\"735\" \/>\n<h3 data-start=\"737\" data-end=\"769\">\ud83d\udd50 <strong data-start=\"744\" data-end=\"767\">Sugerowany plan podr\u00f3\u017cy<\/strong><\/h3>\n<p data-start=\"770\" data-end=\"824\"><em data-start=\"770\" data-end=\"822\">(W pe\u0142ni konfigurowalny zgodnie z preferencjami u\u017cytkownika)<\/em><\/p>\n<p data-start=\"826\" data-end=\"846\">\ud83d\udd39 <strong data-start=\"829\" data-end=\"841\">W Luksorze<\/strong> \ud83c\udf07<\/p>\n<ul data-start=\"847\" data-end=\"1574\">\n<li data-start=\"847\" data-end=\"950\">\n<p data-start=\"849\" data-end=\"950\"><strong data-start=\"849\" data-end=\"866\">\u015awi\u0105tynia Karnak<\/strong> - Najwi\u0119kszy kompleks \u015bwi\u0105tynny na \u015bwiecie, arcydzie\u0142o staro\u017cytnej architektury.<\/p>\n<\/li>\n<li data-start=\"951\" data-end=\"1033\">\n<p data-start=\"953\" data-end=\"1033\"><strong data-start=\"953\" data-end=\"969\">\u015awi\u0105tynia Luksorska<\/strong> - Wspania\u0142y zabytek pi\u0119knie o\u015bwietlony noc\u0105 \ud83c\udf19.<\/p>\n<\/li>\n<li data-start=\"1034\" data-end=\"1141\">\n<p data-start=\"1036\" data-end=\"1141\"><strong data-start=\"1036\" data-end=\"1059\">Dolina Kr\u00f3l\u00f3w<\/strong> - Miejsce wiecznego spoczynku najwi\u0119kszych egipskich faraon\u00f3w, w tym Tutenchamona \ud83d\udc51.<\/p>\n<\/li>\n<li data-start=\"1142\" data-end=\"1229\">\n<p data-start=\"1144\" data-end=\"1229\"><strong data-start=\"1144\" data-end=\"1168\">Dolina Kr\u00f3lowych<\/strong> - Odkryj elegancko zdobione grobowce kr\u00f3lewskich kobiet \ud83d\udcab.<\/p>\n<\/li>\n<li data-start=\"1230\" data-end=\"1361\">\n<p data-start=\"1232\" data-end=\"1361\"><strong data-start=\"1232\" data-end=\"1256\">\u015awi\u0105tynia Hatszepsut<\/strong> - Majestatyczne sanktuarium najpot\u0119\u017cniejszej kr\u00f3lowej Egiptu, wykute w klifach Deir el-Bahari \ud83c\udfdc\ufe0f.<\/p>\n<\/li>\n<li data-start=\"1362\" data-end=\"1468\">\n<p data-start=\"1364\" data-end=\"1468\"><strong data-start=\"1364\" data-end=\"1385\">Kolosy Memnona<\/strong> - Dw\u00f3ch gigantycznych wartownik\u00f3w strzeg\u0105cych teba\u0144skiej nekropolii od tysi\u0119cy lat.<\/p>\n<\/li>\n<li data-start=\"1469\" data-end=\"1574\">\n<p data-start=\"1471\" data-end=\"1574\"><strong data-start=\"1471\" data-end=\"1493\">Warsztat Alabaster<\/strong> - Zobacz, jak wykwalifikowani rzemie\u015blnicy rze\u017abi\u0105 ten staro\u017cytny kamie\u0144, tak jak kiedy\u015b robili to ich przodkowie.<\/p>\n<\/li>\n<\/ul>\n<p data-start=\"1576\" data-end=\"1703\">\ud83c\udf88 <strong data-start=\"1579\" data-end=\"1603\">Lot balonem na ogrzane powietrze<\/strong> - Wznie\u015b si\u0119 ponad \u015bwi\u0105tynie Luksoru i Nil o wschodzie s\u0142o\u0144ca, aby podziwia\u0107 magiczny, jedyny w swoim rodzaju widok! \u2600\ufe0f\ud83c\udf88<\/p>\n<p data-start=\"1705\" data-end=\"1725\">\ud83d\udd39 <strong data-start=\"1708\" data-end=\"1720\">W Asuanie<\/strong> \ud83c\udf34<\/p>\n<ul data-start=\"1726\" data-end=\"2178\">\n<li data-start=\"1726\" data-end=\"1808\">\n<p data-start=\"1728\" data-end=\"1808\"><strong data-start=\"1728\" data-end=\"1745\">\u015awi\u0105tynia Philae<\/strong> - Wyspiarska \u015bwi\u0105tynia mi\u0142o\u015bci i oddania bogini Izydzie \ud83d\udc95.<\/p>\n<\/li>\n<li data-start=\"1809\" data-end=\"1885\">\n<p data-start=\"1811\" data-end=\"1885\"><strong data-start=\"1811\" data-end=\"1823\">Wysoka zapora<\/strong> - Symbol nowoczesnego Egiptu i triumf in\u017cynierii \u2699\ufe0f.<\/p>\n<\/li>\n<li data-start=\"1886\" data-end=\"1988\">\n<p data-start=\"1888\" data-end=\"1988\"><strong data-start=\"1888\" data-end=\"1910\">\u015awi\u0105tynie Abu Simbel<\/strong> - Kolosalne arcydzie\u0142o Ramzesa II, wykute w zboczu g\u00f3ry \ud83c\udfd4\ufe0f\u2728.<\/p>\n<\/li>\n<li data-start=\"1989\" data-end=\"2084\">\n<p data-start=\"1991\" data-end=\"2084\"><strong data-start=\"1991\" data-end=\"2010\">\u015awi\u0105tynia Kom Ombo<\/strong> - Rzadka podw\u00f3jna \u015bwi\u0105tynia po\u015bwi\u0119cona dw\u00f3m bogom, idealnie symetryczna \u2696\ufe0f.<\/p>\n<\/li>\n<li data-start=\"2085\" data-end=\"2178\">\n<p data-start=\"2087\" data-end=\"2178\"><strong data-start=\"2087\" data-end=\"2102\">\u015awi\u0105tynia Edfu<\/strong> - \u015awi\u0105tynia Horusa, jedno z najlepiej zachowanych sanktuari\u00f3w w Egipcie \ud83e\udd85.<\/p>\n<\/li>\n<\/ul>\n<hr data-start=\"2180\" data-end=\"2183\" \/>\n<h3 data-start=\"2185\" data-end=\"2213\">\ud83c\udf1f <strong data-start=\"2192\" data-end=\"2211\">Najwa\u017cniejsze wydarzenia z podr\u00f3\u017cy<\/strong><\/h3>\n<ul data-start=\"2214\" data-end=\"2639\">\n<li data-start=\"2214\" data-end=\"2302\">\n<p data-start=\"2216\" data-end=\"2302\">W pe\u0142ni <strong data-start=\"2224\" data-end=\"2249\">Konfigurowalne programy<\/strong> - wybra\u0107 tras\u0119 (Luksor \u279d Asuan lub odwrotnie).<\/p>\n<\/li>\n<li data-start=\"2303\" data-end=\"2384\">\n<p data-start=\"2305\" data-end=\"2384\">Cena r\u00f3\u017cni si\u0119 w zale\u017cno\u015bci od <strong data-start=\"2330\" data-end=\"2381\">czas trwania, kategoria rejsu i \u015bwi\u0105tynie wliczone w cen\u0119<\/strong>.<\/p>\n<\/li>\n<li data-start=\"2385\" data-end=\"2468\">\n<p data-start=\"2387\" data-end=\"2468\">Prowadzony przez <strong data-start=\"2402\" data-end=\"2431\">profesjonalny egiptolog<\/strong>o\u017cywiaj\u0105c histori\u0119.<\/p>\n<\/li>\n<li data-start=\"2469\" data-end=\"2558\">\n<p data-start=\"2471\" data-end=\"2558\">\ud83c\udf7d\ufe0f <strong data-start=\"2475\" data-end=\"2510\">Luksusowe zakwaterowanie z pe\u0142nym wy\u017cywieniem<\/strong>serwowane s\u0105 dania kuchni mi\u0119dzynarodowej i orientalnej.<\/p>\n<\/li>\n<li data-start=\"2559\" data-end=\"2639\">\n<p data-start=\"2561\" data-end=\"2639\">\ud83c\udfb6 <strong data-start=\"2564\" data-end=\"2589\">Wieczorna rozrywka<\/strong> z nubijsk\u0105 muzyk\u0105 i orientalnymi pokazami folklorystycznymi \ud83d\udc83.<\/p>\n<\/li>\n<\/ul>\n<hr data-start=\"2641\" data-end=\"2644\" \/>\n<p data-start=\"2646\" data-end=\"2916\">\ud83c\udf05 <strong data-start=\"2649\" data-end=\"2690\">Rejs po Nilu to nie tylko wycieczka...<\/strong><br data-start=\"2690\" data-end=\"2693\" \/>To <strong data-start=\"2700\" data-end=\"2736\">podr\u00f3\u017c mi\u0119dzy przesz\u0142o\u015bci\u0105 a tera\u017aniejszo\u015bci\u0105<\/strong>gdzie ka\u017cdy wsch\u00f3d s\u0142o\u0144ca o\u017cywia histori\u0119, a ka\u017cdy zach\u00f3d szepcze historie faraon\u00f3w.<br data-start=\"2835\" data-end=\"2838\" \/>Poczuj rytm Nilu - \ud83d\udc9b Poczuj rytm Nilu. <strong data-start=\"2871\" data-end=\"2908\">wieczny, majestatyczny, niezapomniany.<\/strong> \ud83c\uddea\ud83c\uddec\u2728<\/p>\n<hr data-start=\"2641\" data-end=\"2644\" \/>\n<p data-start=\"2646\" data-end=\"2916\"><strong data-start=\"50\" data-end=\"59\">Cena wycieczki<\/strong><br data-start=\"59\" data-end=\"62\" \/>Cena zale\u017cy od programu wybranego przez go\u015bcia, czy obejmuje on wizyty w \u015bwi\u0105tyniach lub rodzaj kabiny na rejsie.<\/p>\n<hr data-start=\"2641\" data-end=\"2644\" \/>\n<h3 data-start=\"2198\" data-end=\"2225\"><strong data-start=\"2205\" data-end=\"2223\">P\u0142atno\u015b\u0107 w USD ($ \ud83c\uddfa\ud83c\uddf8) zamiast EUR (\u20ac \ud83c\uddea\ud83c\uddfa) jest dost\u0119pna zgodnie z dziennym kursem wymiany banku.<\/strong><\/h3>\n<div id=\"gtx-trans\" style=\"position: absolute; left: 230px; top: 47.8px;\">\n<div class=\"gtx-trans-icon\"><\/div>\n<\/div>\n<div id=\"gtx-trans\" style=\"position: absolute; left: 230px; top: 47.8px;\">\n<div class=\"gtx-trans-icon\"><\/div>\n<\/div>","protected":false},"excerpt":{"rendered":"<p>\ud83d\udea2\u2728 Nile Cruise between Aswan &amp; Luxor \u2013 A Journey Through History and the Magic of the Nile! \u2728\ud83c\udf05 Embark on one of Egypt\u2019s most enchanting experiences \u2014 a luxurious voyage along the timeless Nile River, where history, culture, and elegance flow together in perfect harmony. \ud83c\udf0a\ud83c\uddea\ud83c\uddec Step aboard a deluxe floating hotel \ud83d\udef3\ufe0f and [&hellip;]<\/p>","protected":false},"featured_media":11178,"comment_status":"open","ping_status":"closed","template":"","meta":{"_monsterinsights_skip_tracking":false,"_monsterinsights_sitenote_active":false,"_monsterinsights_sitenote_note":"","_monsterinsights_sitenote_category":0},"product_brand":[],"product_cat":[65],"product_tag":[],"class_list":{"0":"post-11184","1":"product","2":"type-product","3":"status-publish","4":"has-post-thumbnail","6":"product_cat-luxor","8":"first","9":"instock","10":"shipping-taxable","11":"product-type-ovabrw_car_rental"},"_links":{"self":[{"href":"https:\/\/redsea-dream-tours.com\/pl\/wp-json\/wp\/v2\/product\/11184","targetHints":{"allow":["GET"]}}],"collection":[{"href":"https:\/\/redsea-dream-tours.com\/pl\/wp-json\/wp\/v2\/product"}],"about":[{"href":"https:\/\/redsea-dream-tours.com\/pl\/wp-json\/wp\/v2\/types\/product"}],"replies":[{"embeddable":true,"href":"https:\/\/redsea-dream-tours.com\/pl\/wp-json\/wp\/v2\/comments?post=11184"}],"wp:featuredmedia":[{"embeddable":true,"href":"https:\/\/redsea-dream-tours.com\/pl\/wp-json\/wp\/v2\/media\/11178"}],"wp:attachment":[{"href":"https:\/\/redsea-dream-tours.com\/pl\/wp-json\/wp\/v2\/media?parent=11184"}],"wp:term":[{"taxonomy":"product_brand","embeddable":true,"href":"https:\/\/redsea-dream-tours.com\/pl\/wp-json\/wp\/v2\/product_brand?post=11184"},{"taxonomy":"product_cat","embeddable":true,"href":"https:\/\/redsea-dream-tours.com\/pl\/wp-json\/wp\/v2\/product_cat?post=11184"},{"taxonomy":"product_tag","embeddable":true,"href":"https:\/\/redsea-dream-tours.com\/pl\/wp-json\/wp\/v2\/product_tag?post=11184"}],"curies":[{"name":"wp","href":"https:\/\/api.w.org\/{rel}","templated":true}]}}