{"id":11011,"date":"2025-09-21T22:57:44","date_gmt":"2025-09-21T22:57:44","guid":{"rendered":"https:\/\/redsea-dream-tours.com\/?post_type=product&#038;p=11011"},"modified":"2025-11-28T14:23:27","modified_gmt":"2025-11-28T14:23:27","slug":"mini-safari","status":"publish","type":"product","link":"https:\/\/redsea-dream-tours.com\/pl\/produkt\/mini-safari\/","title":{"rendered":"Quad Adventure: Pustynna przeja\u017cd\u017cka i do\u015bwiadczenie Beduin\u00f3w"},"content":{"rendered":"<p data-start=\"0\" data-end=\"46\">\ud83c\udfcd\ufe0f <strong data-start=\"4\" data-end=\"41\">Przygoda na quadach w Marsa Alam<\/strong> \ud83c\udf05<\/p>\n<p data-start=\"48\" data-end=\"264\">Przygotuj si\u0119 na pompuj\u0105ce adrenalin\u0119 prze\u017cycie przez z\u0142ote piaski i wzd\u0142u\u017c osza\u0142amiaj\u0105cego wybrze\u017ca Morza Czerwonego! Niezale\u017cnie od tego, czy wolisz kr\u00f3tk\u0105 przygod\u0119, czy pe\u0142n\u0105 pustynn\u0105 podr\u00f3\u017c - mamy dla Ciebie idealn\u0105 przeja\u017cd\u017ck\u0119. \ud83c\udfdc\ufe0f\u2728<\/p>\n<hr data-start=\"266\" data-end=\"269\" \/>\n<p data-start=\"271\" data-end=\"315\">\ud83d\udeb4\u200d\u2642\ufe0f <strong data-start=\"277\" data-end=\"313\">Program 1: 2-godzinna wycieczka quadem<\/strong><\/p>\n<p data-start=\"317\" data-end=\"424\">Szybkie, ekscytuj\u0105ce do\u015bwiadczenie zaprojektowane dla poszukiwaczy przyg\u00f3d, kt\u00f3rzy chc\u0105 poczu\u0107 dzikiego ducha pustyni! \ud83d\udca8<\/p>\n<p data-start=\"426\" data-end=\"841\"><strong data-start=\"426\" data-end=\"447\">Program obejmuje:<\/strong><br data-start=\"447\" data-end=\"450\" \/>Odbi\u00f3r z hotelu klimatyzowanym pojazdem (minibus, autokar, jeep, limuzyna).<br data-start=\"542\" data-end=\"545\" \/>Miejsce spotkania pod adresem <strong data-start=\"564\" data-end=\"582\">The Camel Yard<\/strong>.<br data-start=\"583\" data-end=\"586\" \/>Jazda quadem przez pustynne wydmy i wzd\u0142u\u017c wybrze\u017ca Morza Czerwonego przez 2 godziny.<br data-start=\"664\" data-end=\"667\" \/>Relaksuj\u0105cy post\u00f3j w bedui\u0144skim namiocie - delektuj si\u0119 tradycyjn\u0105 bedui\u0144sk\u0105 herbat\u0105 i spokojn\u0105 pustynn\u0105 atmosfer\u0105.<br data-start=\"765\" data-end=\"768\" \/>Transfer powrotny do hotelu po tej ekscytuj\u0105cej i niezapomnianej przeja\u017cd\u017cce.<\/p>\n<p data-start=\"843\" data-end=\"993\">\ud83d\udca7 <em data-start=\"846\" data-end=\"857\">Zawiera:<\/em> 1 butelka wody mineralnej + herbata bedui\u0144ska<br data-start=\"897\" data-end=\"900\" \/>\ud83d\udd52 <em data-start=\"903\" data-end=\"913\">Godziny:<\/em> Rano i po po\u0142udniu<br data-start=\"933\" data-end=\"936\" \/>\ud83d\udcc5 <em data-start=\"939\" data-end=\"991\">Dost\u0119pne codziennie - minimalna liczba uczestnik\u00f3w nie jest wymagana<\/em><\/p>\n<hr data-start=\"995\" data-end=\"998\" \/>\n<p data-start=\"1000\" data-end=\"1050\">\ud83c\udfdc\ufe0f <strong data-start=\"1004\" data-end=\"1046\">Program 2: 5-godzinna przygoda z super quadem<\/strong> \u2728<\/p>\n<p data-start=\"1052\" data-end=\"1185\">Wyjd\u017a poza przeci\u0119tno\u015b\u0107! Ta rozszerzona przygoda \u0142\u0105czy w sobie adrenalin\u0119, kultur\u0119 Beduin\u00f3w i magiczny pustynny zach\u00f3d s\u0142o\u0144ca pod gwiazdami. \ud83c\udf0c<\/p>\n<p data-start=\"1187\" data-end=\"1669\"><strong data-start=\"1187\" data-end=\"1208\">Program obejmuje:<\/strong><br data-start=\"1208\" data-end=\"1211\" \/>Jazda quadem przez 40 km przez pustyni\u0119 i wzd\u0142u\u017c wybrze\u017ca Marsa Alam.<br data-start=\"1289\" data-end=\"1292\" \/>Autentyczna przeja\u017cd\u017cka na wielb\u0142\u0105dzie dla prawdziwego bedui\u0144skiego do\u015bwiadczenia.<br data-start=\"1346\" data-end=\"1349\" \/>Zach\u00f3d s\u0142o\u0144ca nad g\u00f3rami Pustyni Wschodniej.<br data-start=\"1402\" data-end=\"1405\" \/>\ud83c\udf7d\ufe0f Bedui\u0144ska kolacja w formie otwartego bufetu pod rozgwie\u017cd\u017conym niebem.<br data-start=\"1457\" data-end=\"1460\" \/>Rozrywka na \u017cywo z tancerk\u0105 brzucha \ud83d\udc83 i pokazem Tanoura \ud83c\udf00.<br data-start=\"1525\" data-end=\"1528\" \/>\u2728 Obserwacja gwiazd w czyst\u0105 pustynn\u0105 noc.<br data-start=\"1567\" data-end=\"1570\" \/>Transfer powrotny do hotelu po niezapomnianym wieczorze pe\u0142nym przyg\u00f3d i cud\u00f3w.<\/p>\n<p data-start=\"1671\" data-end=\"1805\" data-is-last-node=\"\" data-is-only-node=\"\">\ud83d\udca7 <em data-start=\"1674\" data-end=\"1685\">Zawiera:<\/em> 2 butelki wody mineralnej + herbata bedui\u0144ska + kolacja w formie bufetu<br data-start=\"1747\" data-end=\"1750\" \/>\ud83d\udcc5 <em data-start=\"1753\" data-end=\"1805\" data-is-last-node=\"\">Dost\u0119pne codziennie - minimalna liczba uczestnik\u00f3w nie jest wymagana<\/em><\/p>\n<div class=\"st-highlight\">\n<article class=\"text-token-text-primary w-full focus:outline-none scroll-mt-[calc(var(--header-height)+min(200px,max(70px,20svh)))]\" dir=\"auto\" tabindex=\"-1\" data-turn-id=\"request-WEB:5e64c979-49d4-4b32-829a-7378032eeeb2-11\" data-testid=\"conversation-turn-24\" data-scroll-anchor=\"true\" data-turn=\"assistant\">\n<div class=\"text-base my-auto mx-auto pb-10 [--thread-content-margin:--spacing(4)] thread-sm:[--thread-content-margin:--spacing(6)] thread-lg:[--thread-content-margin:--spacing(16)] px-(--thread-content-margin)\">\n<div class=\"[--thread-content-max-width:40rem] thread-lg:[--thread-content-max-width:48rem] mx-auto max-w-(--thread-content-max-width) flex-1 group\/turn-messages focus-visible:outline-hidden relative flex w-full min-w-0 flex-col agent-turn\" tabindex=\"-1\">\n<div class=\"flex max-w-full flex-col grow\">\n<div class=\"min-h-8 text-message relative flex w-full flex-col items-end gap-2 text-start break-words whitespace-normal [.text-message+&amp;]:mt-5\" dir=\"auto\" data-message-author-role=\"assistant\" data-message-id=\"a753eb81-c995-4692-bb09-97f133a6e4b6\" data-message-model-slug=\"gpt-5-mini\">\n<div class=\"flex w-full flex-col gap-1 empty:hidden first:pt-[3px]\">\n<div class=\"markdown prose dark:prose-invert w-full break-words light markdown-new-styling\">\n<p data-start=\"46\" data-end=\"197\" data-is-last-node=\"\" data-is-only-node=\"\">\ud83e\udd11 <strong data-start=\"49\" data-end=\"68\">Ceny aktywno\u015bci Program Poranna 2-godzinna wycieczka quadem<\/strong><br data-start=\"68\" data-end=\"71\" \/>\ud83d\ude4e\ud83c\udffb\u200d\u2642\ufe0f od 16 lat: 25 \u20ac<br data-start=\"101\" data-end=\"104\" \/>\ud83e\uddcd\ud83c\udffb\u200d\u2640\ufe0f Od 5 do 15 lat: 15 \u20ac (tylko pasa\u017cer)<br data-start=\"156\" data-end=\"159\" \/>\ud83d\udc7c\ud83c\udffc Poni\u017cej 5 lat: \ud83d\udeab Niedozwolone<\/p>\n<p data-start=\"46\" data-end=\"197\" data-is-last-node=\"\" data-is-only-node=\"\">\ud83e\udd11 <strong data-start=\"49\" data-end=\"68\">Ceny aktywno\u015bci Program Wiecz\u00f3r 5-godzinna przygoda na super quadzie<\/strong><br data-start=\"68\" data-end=\"71\" \/>\ud83d\ude4e\ud83c\udffb\u200d\u2642\ufe0f Od 16 lat: 30 \u20ac<br data-start=\"101\" data-end=\"104\" \/>\ud83e\uddcd\ud83c\udffb\u200d\u2640\ufe0f Od 5 do 15 lat: 20 \u20ac (tylko pasa\u017cer)<br data-start=\"156\" data-end=\"159\" \/>\ud83d\udc7c\ud83c\udffc Poni\u017cej 5 lat: \ud83d\udeab Niedozwolone<\/p>\n<h3 data-start=\"2198\" data-end=\"2225\"><strong data-start=\"2205\" data-end=\"2223\">P\u0142atno\u015b\u0107 w USD ($ \ud83c\uddfa\ud83c\uddf8) zamiast EUR (\u20ac \ud83c\uddea\ud83c\uddfa) jest dost\u0119pna zgodnie z dziennym kursem wymiany banku.<\/strong><\/h3>\n<\/div>\n<\/div>\n<\/div>\n<\/div>\n<\/div>\n<\/div>\n<\/article>\n<\/div>\n<div class=\"st-hr large\"><\/div>\n<div id=\"gtx-trans\" style=\"position: absolute; left: 224px; top: 47.8px;\">\n<div class=\"gtx-trans-icon\"><\/div>\n<\/div>","protected":false},"excerpt":{"rendered":"<p>\ud83c\udfcd\ufe0f Quad Bike Adventure in Marsa Alam \ud83c\udf05 Get ready for an adrenaline-pumping experience through the golden sands and along the stunning Red Sea coast! Whether you prefer a short adventure or a full desert journey \u2014 we\u2019ve got the perfect ride for you. \ud83c\udfdc\ufe0f\u2728 \ud83d\udeb4\u200d\u2642\ufe0f Program 1: 2-Hour Quad Bike Trip A fast, thrilling [&hellip;]<\/p>","protected":false},"featured_media":11012,"comment_status":"open","ping_status":"closed","template":"","meta":{"_monsterinsights_skip_tracking":false,"_monsterinsights_sitenote_active":false,"_monsterinsights_sitenote_note":"","_monsterinsights_sitenote_category":0},"product_brand":[],"product_cat":[66],"product_tag":[],"class_list":{"0":"post-11011","1":"product","2":"type-product","3":"status-publish","4":"has-post-thumbnail","6":"product_cat-marsa-alam","8":"first","9":"instock","10":"shipping-taxable","11":"purchasable","12":"product-type-ovabrw_car_rental"},"_links":{"self":[{"href":"https:\/\/redsea-dream-tours.com\/pl\/wp-json\/wp\/v2\/product\/11011","targetHints":{"allow":["GET"]}}],"collection":[{"href":"https:\/\/redsea-dream-tours.com\/pl\/wp-json\/wp\/v2\/product"}],"about":[{"href":"https:\/\/redsea-dream-tours.com\/pl\/wp-json\/wp\/v2\/types\/product"}],"replies":[{"embeddable":true,"href":"https:\/\/redsea-dream-tours.com\/pl\/wp-json\/wp\/v2\/comments?post=11011"}],"wp:featuredmedia":[{"embeddable":true,"href":"https:\/\/redsea-dream-tours.com\/pl\/wp-json\/wp\/v2\/media\/11012"}],"wp:attachment":[{"href":"https:\/\/redsea-dream-tours.com\/pl\/wp-json\/wp\/v2\/media?parent=11011"}],"wp:term":[{"taxonomy":"product_brand","embeddable":true,"href":"https:\/\/redsea-dream-tours.com\/pl\/wp-json\/wp\/v2\/product_brand?post=11011"},{"taxonomy":"product_cat","embeddable":true,"href":"https:\/\/redsea-dream-tours.com\/pl\/wp-json\/wp\/v2\/product_cat?post=11011"},{"taxonomy":"product_tag","embeddable":true,"href":"https:\/\/redsea-dream-tours.com\/pl\/wp-json\/wp\/v2\/product_tag?post=11011"}],"curies":[{"name":"wp","href":"https:\/\/api.w.org\/{rel}","templated":true}]}}