{"id":10986,"date":"2025-09-21T22:01:46","date_gmt":"2025-09-21T22:01:46","guid":{"rendered":"https:\/\/redsea-dream-tours.com\/?post_type=product&#038;p=10986"},"modified":"2025-12-17T17:03:16","modified_gmt":"2025-12-17T17:03:16","slug":"sataya-overnight-trip","status":"publish","type":"product","link":"https:\/\/redsea-dream-tours.com\/pl\/produkt\/sataya-overnight-trip\/","title":{"rendered":"Nocleg w Sataya: Delfiny, nurkowanie i magia rafy"},"content":{"rendered":"<h1 data-start=\"147\" data-end=\"187\">\ud83d\udc2c\u2728 Sataya Overnight Trip Report \u2728\ud83d\udc2c<\/h1>\n<h2 data-start=\"189\" data-end=\"209\">Wprowadzenie<\/h2>\n<p data-start=\"210\" data-end=\"465\"><strong data-start=\"210\" data-end=\"225\">Rafa Sataya<\/strong>, znany r\u00f3wnie\u017c jako <strong data-start=\"245\" data-end=\"261\">Rafa delfin\u00f3w<\/strong>Jest to jedno z najbardziej magicznych miejsc na Morzu Czerwonym w pobli\u017cu Marsa Alam. Jest domem dla du\u017cych str\u0105k\u00f3w figlarnych <strong data-start=\"364\" data-end=\"387\">delfiny b\u0105czki \ud83d\udc2c<\/strong>T\u0119tni\u0105ce \u017cyciem rafy koralowe \ud83d\udc20, krystalicznie czyste wody i bogaty ekosystem morski.<\/p>\n<p data-start=\"467\" data-end=\"698\">The <strong data-start=\"471\" data-end=\"491\">Rejs z noclegiem<\/strong> daje wyj\u0105tkow\u0105 szans\u0119 na sp\u0119dzenie <strong data-start=\"529\" data-end=\"570\">Pe\u0142na noc na \u015brodku morza<\/strong> na pok\u0142adzie komfortowego jachtu, \u0142\u0105cz\u0105c nurkowanie, snorkeling, relaks i niezapomnian\u0105 rozrywk\u0119 pod rozgwie\u017cd\u017conym niebem. \ud83c\udf0c\u2728<\/p>\n<hr data-start=\"700\" data-end=\"703\" \/>\n<h2 data-start=\"705\" data-end=\"723\">\ud83d\udee5\ufe0f Plan podr\u00f3\u017cy<\/h2>\n<h3 data-start=\"725\" data-end=\"740\"><strong data-start=\"729\" data-end=\"738\">Dzie\u0144 1<\/strong><\/h3>\n<ul data-start=\"741\" data-end=\"1687\">\n<li data-start=\"741\" data-end=\"854\">\n<p data-start=\"743\" data-end=\"854\"><strong data-start=\"743\" data-end=\"766\">Odbi\u00f3r i transfer:<\/strong> Poranny transfer z hotelu do przystani, a nast\u0119pnie wej\u015bcie na pok\u0142ad w pe\u0142ni wyposa\u017conego jachtu.<\/p>\n<\/li>\n<li data-start=\"855\" data-end=\"931\">\n<p data-start=\"857\" data-end=\"931\"><strong data-start=\"857\" data-end=\"879\">\u017begluga do Sataya:<\/strong> Ciesz si\u0119 malownicz\u0105 przeja\u017cd\u017ck\u0105 \u0142odzi\u0105 po Morzu Czerwonym. \ud83d\udea4<\/p>\n<\/li>\n<li data-start=\"932\" data-end=\"1064\">\n<p data-start=\"934\" data-end=\"1064\"><strong data-start=\"934\" data-end=\"955\">Sesja informacyjna:<\/strong> Instrukcje bezpiecze\u0144stwa, wytyczne dotycz\u0105ce nurkowania\/snorkelingu oraz wprowadzenie do delfin\u00f3w i ekosystemu rafy.<\/p>\n<\/li>\n<li data-start=\"1065\" data-end=\"1178\">\n<p data-start=\"1067\" data-end=\"1178\"><strong data-start=\"1067\" data-end=\"1085\">Pierwsze nurkowanie \ud83e\udd3f:<\/strong> Poznaj magiczny podwodny \u015bwiat Sataya - kolorowe ogrody koralowe i tropikalne ryby.<\/p>\n<\/li>\n<li data-start=\"1179\" data-end=\"1283\">\n<p data-start=\"1181\" data-end=\"1283\"><strong data-start=\"1181\" data-end=\"1213\">Snorkeling z delfinami \ud83d\udc2c:<\/strong> P\u0142ywaj i nurkuj obok delfin\u00f3w w ich naturalnym \u015brodowisku.<\/p>\n<\/li>\n<li data-start=\"1284\" data-end=\"1351\">\n<p data-start=\"1286\" data-end=\"1351\"><strong data-start=\"1286\" data-end=\"1308\">Lunch na pok\u0142adzie \ud83c\udf74:<\/strong> Pyszny lunch w formie bufetu z napojami bezalkoholowymi.<\/p>\n<\/li>\n<li data-start=\"1352\" data-end=\"1459\">\n<p data-start=\"1354\" data-end=\"1459\"><strong data-start=\"1354\" data-end=\"1395\">Drugie nurkowanie lub eksploracja rafy \ud83e\udd3f\ud83d\udc20:<\/strong> Kolejne nurkowanie na innej rafie pe\u0142nej morskich cud\u00f3w.<\/p>\n<\/li>\n<li data-start=\"1460\" data-end=\"1583\">\n<p data-start=\"1462\" data-end=\"1583\"><strong data-start=\"1462\" data-end=\"1502\">Wieczorna rozrywka (Interwa) \ud83c\udfb6\u2728:<\/strong> Muzyka, zabawy i ma\u0142e przyj\u0119cie na pok\u0142adzie podczas ogl\u0105dania zachodu s\u0142o\u0144ca. \ud83c\udf05<\/p>\n<\/li>\n<li data-start=\"1584\" data-end=\"1687\">\n<p data-start=\"1586\" data-end=\"1687\"><strong data-start=\"1586\" data-end=\"1614\">Kolacja i nocleg:<\/strong> Ciesz si\u0119 przytuln\u0105 kolacj\u0105, zrelaksuj si\u0119 na pok\u0142adzie lub obserwuj gwiazdy pod go\u0142ym niebem. \ud83c\udf0c<\/p>\n<\/li>\n<\/ul>\n<h3 data-start=\"1689\" data-end=\"1704\"><strong data-start=\"1693\" data-end=\"1702\">Dzie\u0144 2<\/strong><\/h3>\n<ul data-start=\"1705\" data-end=\"2024\">\n<li data-start=\"1705\" data-end=\"1768\">\n<p data-start=\"1707\" data-end=\"1768\"><strong data-start=\"1707\" data-end=\"1731\">Wczesne \u015bniadanie \u2615\ud83e\udd50:<\/strong> Nowy pocz\u0105tek kolejnej przygody.<\/p>\n<\/li>\n<li data-start=\"1769\" data-end=\"1860\">\n<p data-start=\"1771\" data-end=\"1860\"><strong data-start=\"1771\" data-end=\"1791\">Morning Dive \ud83e\udd3f:<\/strong> Odkryj nowe miejsce do nurkowania w Sataya z osza\u0142amiaj\u0105cymi formacjami koralowymi.<\/p>\n<\/li>\n<li data-start=\"1861\" data-end=\"1940\">\n<p data-start=\"1863\" data-end=\"1940\"><strong data-start=\"1863\" data-end=\"1895\">Fina\u0142owa sesja snorkelingu \ud83d\udc20:<\/strong> Odkryj wi\u0119cej rafy przed wyp\u0142yni\u0119ciem.<\/p>\n<\/li>\n<li data-start=\"1941\" data-end=\"2024\">\n<p data-start=\"1943\" data-end=\"2024\"><strong data-start=\"1943\" data-end=\"1975\">Powr\u00f3t do przystani i transfer:<\/strong> Powr\u00f3t do portu i transfer do hotelu.<\/p>\n<\/li>\n<\/ul>\n<hr data-start=\"2026\" data-end=\"2029\" \/>\n<h2 data-start=\"2031\" data-end=\"2060\">Najwa\u017cniejsze wydarzenia z podr\u00f3\u017cy<\/h2>\n<ul data-start=\"2061\" data-end=\"2416\">\n<li data-start=\"2061\" data-end=\"2113\">\n<p data-start=\"2063\" data-end=\"2113\"><strong data-start=\"2063\" data-end=\"2088\">Nocleg na morzu<\/strong> na pok\u0142adzie luksusowego jachtu.<\/p>\n<\/li>\n<li data-start=\"2114\" data-end=\"2161\">\n<p data-start=\"2116\" data-end=\"2161\"><strong data-start=\"2116\" data-end=\"2134\">Nurkowanie wielokrotne<\/strong> w r\u00f3\u017cnych miejscach rafy.<\/p>\n<\/li>\n<li data-start=\"2162\" data-end=\"2224\">\n<p data-start=\"2164\" data-end=\"2224\"><strong data-start=\"2164\" data-end=\"2192\">Snorkeling z delfinami<\/strong> w ich naturalnym \u015brodowisku.<\/p>\n<\/li>\n<li data-start=\"2225\" data-end=\"2306\">\n<p data-start=\"2227\" data-end=\"2306\"><strong data-start=\"2227\" data-end=\"2263\">Rozrywka na pok\u0142adzie (Interwa)<\/strong> z muzyk\u0105, ta\u0144cami i zabawnymi zaj\u0119ciami.<\/p>\n<\/li>\n<li data-start=\"2307\" data-end=\"2416\">\n<p data-start=\"2309\" data-end=\"2416\">Idealny dla <strong data-start=\"2321\" data-end=\"2380\">pary \ud83d\udc91, rodziny \ud83d\udc68\u200d\ud83d\udc69\u200d\ud83d\udc67\u200d\ud83d\udc66 i grupy przyjaci\u00f3\u0142<\/strong> szukaj\u0105cych przyg\u00f3d i relaksu.<\/p>\n<\/li>\n<\/ul>\n<hr data-start=\"2418\" data-end=\"2421\" \/>\n<h2 data-start=\"2423\" data-end=\"2442\">Wskaz\u00f3wki dotycz\u0105ce podr\u00f3\u017cy<\/h2>\n<ul data-start=\"2443\" data-end=\"2766\">\n<li data-start=\"2443\" data-end=\"2541\">\n<p data-start=\"2445\" data-end=\"2541\">Zabierz ze sob\u0105 niezb\u0119dne rzeczy: okulary przeciws\u0142oneczne \ud83d\udd76\ufe0f, bezpieczny dla raf filtr przeciws\u0142oneczny \ud83e\uddf4 i wodoodporny aparat fotograficzny \ud83d\udcf7.<\/p>\n<\/li>\n<li data-start=\"2542\" data-end=\"2645\">\n<p data-start=\"2544\" data-end=\"2645\">Nurkowanie jest zalecane dla certyfikowanych nurk\u00f3w (PADI, NAUI), podczas gdy snorkeling jest idealny dla pocz\u0105tkuj\u0105cych.<\/p>\n<\/li>\n<li data-start=\"2646\" data-end=\"2700\">\n<p data-start=\"2648\" data-end=\"2700\">Odpocznij wcze\u015bnie, aby cieszy\u0107 si\u0119 magicznym wschodem s\u0142o\u0144ca na morzu. \ud83c\udf05<\/p>\n<\/li>\n<li data-start=\"2701\" data-end=\"2766\">\n<p data-start=\"2703\" data-end=\"2766\">Do\u0142\u0105cz do programu rozrywkowego i prze\u017cyj niezapomnian\u0105 noc. \ud83c\udfb6<\/p>\n<\/li>\n<\/ul>\n<hr data-start=\"2768\" data-end=\"2771\" \/>\n<h2 data-start=\"2773\" data-end=\"2791\">Podsumowanie<\/h2>\n<p data-start=\"2792\" data-end=\"3062\">The <strong data-start=\"2796\" data-end=\"2823\">Sataya Overnight Cruise<\/strong> to jedyne w swoim rodzaju do\u015bwiadczenie, kt\u00f3re \u0142\u0105czy w sobie <strong data-start=\"2873\" data-end=\"2907\">Przygoda, relaks i zabawa<\/strong>. \ud83d\udc2c\ud83e\udd3f<br data-start=\"2913\" data-end=\"2916\" \/>P\u0142ywaj z delfinami, nurkuj w t\u0119tni\u0105cych \u017cyciem rafach, ciesz si\u0119 rozrywk\u0105 na \u017cywo i sp\u0119d\u017a senn\u0105 noc pod gwiazdami w sercu Morza Czerwonego. \u2728\ud83c\udf0c<\/p>\n<p data-start=\"1518\" data-end=\"1574\">\ud83e\udd11 <strong data-start=\"44\" data-end=\"63\">Ceny aktywno\u015bci (nurkowanie z rurk\u0105)<\/strong><br data-start=\"63\" data-end=\"66\" \/>\ud83d\udc68\ud83c\udffb\u200d\ud83e\uddb1 Doro\u015bli (od 12 lat): <strong data-start=\"103\" data-end=\"110\">200 \u20ac<\/strong><br data-start=\"110\" data-end=\"113\" \/>\ud83e\uddcd\ud83c\udffb\u200d\u2640\ufe0f Dzieci (do 12 lat): <strong data-start=\"148\" data-end=\"155\">135 \u20ac<\/strong><\/p>\n<p data-start=\"1518\" data-end=\"1574\">\ud83e\udd11 <strong data-start=\"44\" data-end=\"63\">Ceny aktywno\u015bci ( Intro nurkowania )<\/strong><br data-start=\"63\" data-end=\"66\" \/>\ud83d\udc68\ud83c\udffb\u200d\ud83e\uddb1 Doro\u015bli : <strong data-start=\"103\" data-end=\"110\">230 \u20ac<\/strong><\/p>\n<p data-start=\"1518\" data-end=\"1574\">\ud83e\udd11 <strong data-start=\"44\" data-end=\"63\">Ceny aktywno\u015bci (nurkowanie codziennie)<\/strong><br data-start=\"63\" data-end=\"66\" \/>\ud83d\udc68\ud83c\udffb\u200d\ud83e\uddb1 Doro\u015bli : <strong data-start=\"103\" data-end=\"110\">280 \u20ac<\/strong><\/p>\n<h3 data-start=\"2198\" data-end=\"2225\"><strong data-start=\"2205\" data-end=\"2223\">P\u0142atno\u015b\u0107 w USD ($ \ud83c\uddfa\ud83c\uddf8) zamiast EUR (\u20ac \ud83c\uddea\ud83c\uddfa) jest dost\u0119pna zgodnie z dziennym kursem wymiany banku.<\/strong><\/h3>","protected":false},"excerpt":{"rendered":"<p>\ud83d\udc2c\u2728 Sataya Overnight Trip Report \u2728\ud83d\udc2c \ud83d\udccd Introduction Sataya Reef, also known as the Dolphin Reef, is one of the most magical spots in the Red Sea near Marsa Alam. It is home to large pods of playful spinner dolphins \ud83d\udc2c, vibrant coral reefs \ud83d\udc20, crystal-clear waters, and a rich marine ecosystem. The Overnight Cruise [&hellip;]<\/p>","protected":false},"featured_media":10988,"comment_status":"open","ping_status":"closed","template":"","meta":{"_monsterinsights_skip_tracking":false,"_monsterinsights_sitenote_active":false,"_monsterinsights_sitenote_note":"","_monsterinsights_sitenote_category":0},"product_brand":[],"product_cat":[66],"product_tag":[],"class_list":{"0":"post-10986","1":"product","2":"type-product","3":"status-publish","4":"has-post-thumbnail","6":"product_cat-marsa-alam","8":"first","9":"instock","10":"shipping-taxable","11":"purchasable","12":"product-type-ovabrw_car_rental"},"_links":{"self":[{"href":"https:\/\/redsea-dream-tours.com\/pl\/wp-json\/wp\/v2\/product\/10986","targetHints":{"allow":["GET"]}}],"collection":[{"href":"https:\/\/redsea-dream-tours.com\/pl\/wp-json\/wp\/v2\/product"}],"about":[{"href":"https:\/\/redsea-dream-tours.com\/pl\/wp-json\/wp\/v2\/types\/product"}],"replies":[{"embeddable":true,"href":"https:\/\/redsea-dream-tours.com\/pl\/wp-json\/wp\/v2\/comments?post=10986"}],"wp:featuredmedia":[{"embeddable":true,"href":"https:\/\/redsea-dream-tours.com\/pl\/wp-json\/wp\/v2\/media\/10988"}],"wp:attachment":[{"href":"https:\/\/redsea-dream-tours.com\/pl\/wp-json\/wp\/v2\/media?parent=10986"}],"wp:term":[{"taxonomy":"product_brand","embeddable":true,"href":"https:\/\/redsea-dream-tours.com\/pl\/wp-json\/wp\/v2\/product_brand?post=10986"},{"taxonomy":"product_cat","embeddable":true,"href":"https:\/\/redsea-dream-tours.com\/pl\/wp-json\/wp\/v2\/product_cat?post=10986"},{"taxonomy":"product_tag","embeddable":true,"href":"https:\/\/redsea-dream-tours.com\/pl\/wp-json\/wp\/v2\/product_tag?post=10986"}],"curies":[{"name":"wp","href":"https:\/\/api.w.org\/{rel}","templated":true}]}}