{"id":10811,"date":"2025-09-13T18:12:03","date_gmt":"2025-09-13T18:12:03","guid":{"rendered":"https:\/\/redsea-dream-tours.com\/?post_type=product&#038;p=10811"},"modified":"2025-12-17T17:30:35","modified_gmt":"2025-12-17T17:30:35","slug":"el-qulan-sharm-el-luli-beach","status":"publish","type":"product","link":"https:\/\/redsea-dream-tours.com\/pl\/produkt\/el-qulan-sharm-el-luli-beach\/","title":{"rendered":"Wycieczka na pla\u017c\u0119 w Sharm El Luli"},"content":{"rendered":"<p data-start=\"0\" data-end=\"110\"><strong data-start=\"0\" data-end=\"37\">\ud83c\udfd6\ufe0f Sharm El Luli Trip<\/strong><br data-start=\"37\" data-end=\"40\" \/>\u2728 Ciesz si\u0119 jedn\u0105 z najpi\u0119kniejszych pla\u017c na \u015bwiecie w <strong data-start=\"93\" data-end=\"107\">Marsa Alam<\/strong>!<\/p>\n<p data-start=\"112\" data-end=\"445\">\ud83c\udf0a Do\u0142\u0105cz do nas na niezapomnianej wycieczce do <strong data-start=\"156\" data-end=\"179\">Pla\u017ca w Sharm El Luli<\/strong>w g\u0142osowaniu w\u015br\u00f3d \ud83c\udf0d <em data-start=\"200\" data-end=\"237\">najpi\u0119kniejsze pla\u017ce na \u015bwiecie<\/em> przez trzy kolejne lata.<br data-start=\"266\" data-end=\"269\" \/>Relaks na <strong data-start=\"285\" data-end=\"305\">mi\u0119kkie bia\u0142e piaski<\/strong>p\u0142ywa\u0107 w <strong data-start=\"319\" data-end=\"353\">krystalicznie czyste turkusowe wody<\/strong>i odkryj zapieraj\u0105ce dech w piersiach naturalne pi\u0119kno, kt\u00f3re sprawia, \u017ce Sharm El Luli jest prawdziwym ukrytym klejnotem.<\/p>\n<p data-start=\"447\" data-end=\"780\">\ud83d\udccd <strong data-start=\"450\" data-end=\"475\">Lokalizacja i t\u0142o<\/strong><br data-start=\"475\" data-end=\"478\" \/>Pla\u017ca Sharm El Luli znajduje si\u0119 ok. <strong data-start=\"515\" data-end=\"544\">50 km na po\u0142udnie od Marsa Alam<\/strong>w po\u0142owie drogi mi\u0119dzy <strong data-start=\"562\" data-end=\"587\">Marsa Alam i Hamata<\/strong>i jest najwi\u0119ksz\u0105 pla\u017c\u0105 w obr\u0119bie <strong data-start=\"625\" data-end=\"656\">Park Narodowy Wadi El-Gamal<\/strong>.<br data-start=\"657\" data-end=\"660\" \/>Ta dziewicza pla\u017ca, zarz\u0105dzana przez Egipskie Rezerwaty Przyrody, jest domem dla kolorowego \u017cycia morskiego i nietkni\u0119tych raf koralowych.<\/p>\n<p data-start=\"782\" data-end=\"1216\">\ud83d\udcab <strong data-start=\"785\" data-end=\"823\">Dlaczego warto wybra\u0107 wycieczk\u0119 do Sharm El Luli?<\/strong><br data-start=\"823\" data-end=\"826\" \/>\ud83c\udfdd\ufe0f Sharm El Luli s\u0142ynie z nast\u0119puj\u0105cych atrakcji <strong data-start=\"862\" data-end=\"924\">Rozleg\u0142a linia brzegowa, mi\u0119kkie bia\u0142e piaski i kolorowe rafy koralowe<\/strong> pe\u0142ne \u017cycia morskiego.<br data-start=\"945\" data-end=\"948\" \/>\ud83c\udf05 Osza\u0142amiaj\u0105ca sceneria doskonale si\u0119 \u0142\u0105czy <strong data-start=\"989\" data-end=\"1007\">morze i pustynia<\/strong>, tworz\u0105c magiczny widok, kt\u00f3ry urzeka ka\u017cdego odwiedzaj\u0105cego.<br data-start=\"1063\" data-end=\"1066\" \/>Mo\u017cesz <strong data-start=\"1077\" data-end=\"1109\">nurkowanie w\u015br\u00f3d ol\u015bniewaj\u0105cych raf koralowych<\/strong>, <strong data-start=\"1111\" data-end=\"1133\">relaks na pla\u017cy<\/strong>lub <strong data-start=\"1138\" data-end=\"1162\">wybra\u0107 si\u0119 na spokojny spacer<\/strong> z rodzin\u0105 i przyjaci\u00f3\u0142mi w spokojnym, naturalnym otoczeniu.<\/p>\n<p data-start=\"1218\" data-end=\"1239\">\ud83d\udd52 <strong data-start=\"1221\" data-end=\"1237\">Szczeg\u00f3\u0142y wycieczki<\/strong><\/p>\n<ul data-start=\"1240\" data-end=\"1466\">\n<li data-start=\"1240\" data-end=\"1330\">\n<p data-start=\"1242\" data-end=\"1330\"><strong data-start=\"1242\" data-end=\"1255\">Czas trwania:<\/strong> Wycieczka p\u00f3\u0142dniowa - od \u23f0 8:30 do 13:00 (dost\u0119pna trzy razy w tygodniu)<\/p>\n<\/li>\n<li data-start=\"1331\" data-end=\"1466\">\n<p data-start=\"1333\" data-end=\"1466\"><strong data-start=\"1333\" data-end=\"1346\">Lokalizacja:<\/strong><br data-start=\"1346\" data-end=\"1349\" \/>50 km od Marsa Alam<br data-start=\"1375\" data-end=\"1378\" \/>80 km od mi\u0119dzynarodowego lotniska Marsa Alam<br data-start=\"1426\" data-end=\"1429\" \/>160 km na p\u00f3\u0142noc od miasta El Quseir<\/p>\n<\/li>\n<\/ul>\n<p data-start=\"1468\" data-end=\"1705\">\ud83d\udcbc <strong data-start=\"1471\" data-end=\"1499\">Zawarte w programie:<\/strong><br data-start=\"1499\" data-end=\"1502\" \/>Transfery hotelowe w obie strony<br data-start=\"1530\" data-end=\"1533\" \/>Certyfikowany przewodnik snorkelingowy<br data-start=\"1561\" data-end=\"1564\" \/>\ud83c\udf7d\ufe0f Pyszny lunch na pok\u0142adzie<br data-start=\"1594\" data-end=\"1597\" \/>Gor\u0105ce i zimne napoje przez ca\u0142y dzie\u0144<br data-start=\"1637\" data-end=\"1640\" data-is-only-node=\"\" \/>\ud83c\udf9f\ufe0f Op\u0142aty za wst\u0119p do park\u00f3w narodowych<br data-start=\"1670\" data-end=\"1673\" \/>\u2705 \ud83e\udd3f Pe\u0142ny sprz\u0119t do snorkelingu<\/p>\n<p data-start=\"1707\" data-end=\"2009\" data-is-last-node=\"\" data-is-only-node=\"\">\ud83c\udf1e <strong data-start=\"1710\" data-end=\"1772\">Przygotuj si\u0119 na niesamowit\u0105 przygod\u0119 na pla\u017cy Sharm El Luli!<\/strong><br data-start=\"1772\" data-end=\"1775\" \/>Ciesz si\u0119 dniem pe\u0142nym <strong data-start=\"1795\" data-end=\"1829\">Relaks, zabawa i odkrywanie<\/strong> w jednym z najbardziej osza\u0142amiaj\u0105cych naturalnych miejsc w Marsa Alam.<br data-start=\"1881\" data-end=\"1884\" \/>Czy wolisz <strong data-start=\"1903\" data-end=\"1943\">snorkeling, opalanie lub zwiedzanie<\/strong>ta podr\u00f3\u017c zapowiada si\u0119 naprawd\u0119 <strong data-start=\"1972\" data-end=\"2008\">wyj\u0105tkowe i niezapomniane do\u015bwiadczenie<\/strong>.<\/p>\n<p data-start=\"1556\" data-end=\"1583\"><strong data-start=\"1556\" data-end=\"1581\">Wskaz\u00f3wki dotycz\u0105ce podr\u00f3\u017cy \ud83d\udcdd:<\/strong><\/p>\n<ul data-start=\"1585\" data-end=\"1789\">\n<li data-start=\"1585\" data-end=\"1635\">\n<p data-start=\"1587\" data-end=\"1635\">Nale\u017cy zabra\u0107 ze sob\u0105 krem przeciws\u0142oneczny \ud83e\uddf4, okulary przeciws\u0142oneczne \ud83d\udd76\ufe0f i kapelusz.<\/p>\n<\/li>\n<li data-start=\"1636\" data-end=\"1668\">\n<p data-start=\"1638\" data-end=\"1668\">We\u017a wodoodporny aparat \ud83d\udcf7.<\/p>\n<\/li>\n<li data-start=\"1669\" data-end=\"1726\">\n<p data-start=\"1671\" data-end=\"1726\">Podczas spaceru po lagunie nale\u017cy nosi\u0107 wygodne buty.<\/p>\n<\/li>\n<li data-start=\"1727\" data-end=\"1789\">\n<p data-start=\"1729\" data-end=\"1789\">Szanuj \u015brodowisko naturalne, zw\u0142aszcza lasy namorzynowe.<\/p>\n<\/li>\n<\/ul>\n<p>\ud83e\udd11 <strong data-start=\"44\" data-end=\"63\">Ceny aktywno\u015bci Pe\u0142ny dzie\u0144\u00a0<\/strong><br data-start=\"63\" data-end=\"66\" \/>\ud83d\udc68\ud83c\udffb\u200d\ud83e\uddb1 Doro\u015bli (od 12 lat): <strong data-start=\"103\" data-end=\"110\">60 \u20ac<\/strong><br data-start=\"110\" data-end=\"113\" \/>\ud83e\uddcd\ud83c\udffb\u200d\u2640\ufe0f Dzieci (do 12 lat): <strong data-start=\"148\" data-end=\"155\">35 \u20ac<\/strong><br data-start=\"155\" data-end=\"158\" \/>\ud83d\udc7c\ud83c\udffc Dzieci (do 5 lat): <strong data-start=\"189\" data-end=\"197\">Darmowy<\/strong><\/p>\n<p>\ud83e\udd11 <strong data-start=\"44\" data-end=\"63\">Ceny aktywno\u015bci P\u00f3\u0142 dnia\u00a0<\/strong><br data-start=\"63\" data-end=\"66\" \/>\ud83d\udc68\ud83c\udffb\u200d\ud83e\uddb1 Doro\u015bli (od 12 lat): <strong data-start=\"103\" data-end=\"110\">45 \u20ac<\/strong><br data-start=\"110\" data-end=\"113\" \/>\ud83e\uddcd\ud83c\udffb\u200d\u2640\ufe0f Dzieci (do 12 lat): <strong data-start=\"148\" data-end=\"155\">30 \u20ac<\/strong><br data-start=\"155\" data-end=\"158\" \/>\ud83d\udc7c\ud83c\udffc Dzieci (do 5 lat): <strong data-start=\"189\" data-end=\"197\">Darmowy<\/strong><\/p>\n<div id=\"gtx-trans\" style=\"position: absolute; left: 275px; top: 1.2px;\">\n<div class=\"gtx-trans-icon\"><\/div>\n<\/div>","protected":false},"excerpt":{"rendered":"<p>\ud83c\udfd6\ufe0f Sharm El Luli\u00a0 Trip\u2728 Enjoy one of the world\u2019s most beautiful beaches in Marsa Alam! \ud83c\udf0a Join us on an unforgettable excursion to Sharm El Luli Beach, voted among the \ud83c\udf0d most beautiful beaches in the world for three consecutive years.\ud83d\udc8e Relax on the soft white sands, swim in the crystal-clear turquoise waters, and [&hellip;]<\/p>","protected":false},"featured_media":10818,"comment_status":"open","ping_status":"closed","template":"","meta":{"_monsterinsights_skip_tracking":false,"_monsterinsights_sitenote_active":false,"_monsterinsights_sitenote_note":"","_monsterinsights_sitenote_category":0},"product_brand":[],"product_cat":[66],"product_tag":[],"class_list":{"0":"post-10811","1":"product","2":"type-product","3":"status-publish","4":"has-post-thumbnail","6":"product_cat-marsa-alam","8":"first","9":"instock","10":"shipping-taxable","11":"purchasable","12":"product-type-ovabrw_car_rental"},"_links":{"self":[{"href":"https:\/\/redsea-dream-tours.com\/pl\/wp-json\/wp\/v2\/product\/10811","targetHints":{"allow":["GET"]}}],"collection":[{"href":"https:\/\/redsea-dream-tours.com\/pl\/wp-json\/wp\/v2\/product"}],"about":[{"href":"https:\/\/redsea-dream-tours.com\/pl\/wp-json\/wp\/v2\/types\/product"}],"replies":[{"embeddable":true,"href":"https:\/\/redsea-dream-tours.com\/pl\/wp-json\/wp\/v2\/comments?post=10811"}],"wp:featuredmedia":[{"embeddable":true,"href":"https:\/\/redsea-dream-tours.com\/pl\/wp-json\/wp\/v2\/media\/10818"}],"wp:attachment":[{"href":"https:\/\/redsea-dream-tours.com\/pl\/wp-json\/wp\/v2\/media?parent=10811"}],"wp:term":[{"taxonomy":"product_brand","embeddable":true,"href":"https:\/\/redsea-dream-tours.com\/pl\/wp-json\/wp\/v2\/product_brand?post=10811"},{"taxonomy":"product_cat","embeddable":true,"href":"https:\/\/redsea-dream-tours.com\/pl\/wp-json\/wp\/v2\/product_cat?post=10811"},{"taxonomy":"product_tag","embeddable":true,"href":"https:\/\/redsea-dream-tours.com\/pl\/wp-json\/wp\/v2\/product_tag?post=10811"}],"curies":[{"name":"wp","href":"https:\/\/api.w.org\/{rel}","templated":true}]}}