{"id":10802,"date":"2025-09-13T18:01:37","date_gmt":"2025-09-13T18:01:37","guid":{"rendered":"https:\/\/redsea-dream-tours.com\/?post_type=product&#038;p=10802"},"modified":"2025-12-17T17:32:41","modified_gmt":"2025-12-17T17:32:41","slug":"samadai-dolphin-reef","status":"publish","type":"product","link":"https:\/\/redsea-dream-tours.com\/pl\/produkt\/samadai-dolphin-reef\/","title":{"rendered":"Rafa delfin\u00f3w Samadai: Nurkowanie z rurk\u0105 i morska przygoda"},"content":{"rendered":"<p data-start=\"52\" data-end=\"88\">\ud83d\udc2c\u2728 <strong data-start=\"56\" data-end=\"82\">Samadai - Rafa delfin\u00f3w<\/strong> \u2728\ud83d\udc2c<\/p>\n<p data-start=\"175\" data-end=\"551\">Prze\u017cyj niesamowit\u0105 przygod\u0119 p\u0142ywania z dzikimi delfinami w Samadai, znanej jako Rafa Delfin\u00f3w. \ud83c\udf0a<br data-start=\"304\" data-end=\"307\" \/>Ten chroniony obszar morski jest domem dla stada figlarnych delfin\u00f3w b\u0142ystkowych \ud83d\udc2c i szczyci si\u0119 \u017cywymi rafami koralowymi \ud83d\udc20, krystalicznie czystymi wodami i obfitym \u017cyciem morskim \ud83d\udc22. Jest to idealne miejsce dla mi\u0142o\u015bnik\u00f3w snorkelingu, kt\u00f3rzy chc\u0105 prze\u017cy\u0107 jedyne w swoim rodzaju spotkanie z natur\u0105. \ud83c\udf34<\/p>\n<hr data-start=\"553\" data-end=\"556\" \/>\n<p data-start=\"558\" data-end=\"587\"><strong data-start=\"558\" data-end=\"585\">Najwa\u017cniejsze wydarzenia z podr\u00f3\u017cy:<\/strong><\/p>\n<ul data-start=\"589\" data-end=\"981\">\n<li data-start=\"589\" data-end=\"688\">\n<p data-start=\"591\" data-end=\"688\"><strong data-start=\"591\" data-end=\"623\">Snorkeling z delfinami \ud83e\udd3f:<\/strong> P\u0142ywaj obok stada dzikich delfin\u00f3w w ich naturalnym \u015brodowisku.<\/p>\n<\/li>\n<li data-start=\"640\" data-end=\"741\">\n<p data-start=\"642\" data-end=\"741\"><strong data-start=\"642\" data-end=\"658\">Nurkowanie \ud83e\udd3f\ud83d\udc20:<\/strong> Odkryj magiczny podwodny \u015bwiat i poznaj z bliska wspania\u0142e rafy koralowe.<\/p>\n<\/li>\n<li data-start=\"689\" data-end=\"792\">\n<p data-start=\"691\" data-end=\"792\"><strong data-start=\"691\" data-end=\"724\">Rafy koralowe i \u017cycie morskie \ud83d\udc20:<\/strong> Odkryj kolorowe koralowce, tropikalne ryby, a czasami \u017c\u00f3\u0142wie.<\/p>\n<\/li>\n<li data-start=\"793\" data-end=\"877\">\n<p data-start=\"795\" data-end=\"877\"><strong data-start=\"795\" data-end=\"819\">Malownicza przeja\u017cd\u017cka \u0142odzi\u0105 \ud83d\udea4:<\/strong> Ciesz si\u0119 jazd\u0105 do Samadai z pi\u0119knymi widokami na Morze Czerwone.<\/p>\n<\/li>\n<li data-start=\"878\" data-end=\"981\">\n<p data-start=\"880\" data-end=\"981\"><strong data-start=\"880\" data-end=\"912\">Fotografia i relaks \ud83d\udcf8:<\/strong> Uchwy\u0107 niezapomniane chwile i zrelaksuj si\u0119 na pok\u0142adzie podczas przerw.<\/p>\n<\/li>\n<\/ul>\n<hr data-start=\"1354\" data-end=\"1357\" \/>\n<p data-start=\"1359\" data-end=\"1386\"><strong data-start=\"1359\" data-end=\"1384\">Wskaz\u00f3wki dotycz\u0105ce podr\u00f3\u017cy \ud83d\udcdd:<\/strong><\/p>\n<ul data-start=\"1388\" data-end=\"1574\">\n<li data-start=\"1388\" data-end=\"1420\">\n<p data-start=\"1390\" data-end=\"1420\">Nosi\u0107 filtr przeciws\u0142oneczny \ud83e\uddf4 i kapelusz.<\/p>\n<\/li>\n<li data-start=\"1421\" data-end=\"1454\">\n<p data-start=\"1423\" data-end=\"1454\">We\u017a ze sob\u0105 wodoodporny aparat \ud83d\udcf7.<\/p>\n<\/li>\n<li data-start=\"1455\" data-end=\"1515\">\n<p data-start=\"1457\" data-end=\"1515\">U\u017cywaj filtr\u00f3w przeciws\u0142onecznych bezpiecznych dla rafy, aby chroni\u0107 ekosystem morski.<\/p>\n<\/li>\n<li data-start=\"1516\" data-end=\"1574\">\n<p data-start=\"1518\" data-end=\"1574\">Post\u0119puj zgodnie z instrukcjami przewodnika, aby bezpiecznie spotka\u0107 delfiny.<\/p>\n<\/li>\n<\/ul>\n<p data-start=\"1518\" data-end=\"1574\">\ud83e\udd11 <strong data-start=\"44\" data-end=\"63\">Ceny aktywno\u015bci (nurkowanie z rurk\u0105)<\/strong><br data-start=\"63\" data-end=\"66\" \/>\ud83d\udc68\ud83c\udffb\u200d\ud83e\uddb1 Doro\u015bli (od 12 lat): <strong data-start=\"103\" data-end=\"110\">65 \u20ac<\/strong><br data-start=\"110\" data-end=\"113\" \/>\ud83e\uddcd\ud83c\udffb\u200d\u2640\ufe0f Dzieci (do 12 lat): <strong data-start=\"148\" data-end=\"155\">40 \u20ac<\/strong><br data-start=\"155\" data-end=\"158\" \/>\ud83d\udc7c\ud83c\udffc Dzieci (do 5 lat): <strong data-start=\"189\" data-end=\"197\">Darmowy<\/strong><\/p>\n<p data-start=\"1518\" data-end=\"1574\">\ud83e\udd11 <strong data-start=\"44\" data-end=\"63\">Ceny aktywno\u015bci ( Intro nurkowania )<\/strong><br data-start=\"63\" data-end=\"66\" \/>\ud83d\udc68\ud83c\udffb\u200d\ud83e\uddb1 Doro\u015bli: 8<strong data-start=\"103\" data-end=\"110\">5 \u20ac<\/strong><\/p>\n<p data-start=\"1518\" data-end=\"1574\">\ud83e\udd11 <strong data-start=\"44\" data-end=\"63\">Ceny aktywno\u015bci (nurkowanie codziennie)<\/strong><br data-start=\"63\" data-end=\"66\" \/>\ud83d\udc68\ud83c\udffb\u200d\ud83e\uddb1 Doro\u015bli : <strong data-start=\"103\" data-end=\"110\">110 \u20ac<\/strong><\/p>\n<h3 data-start=\"2198\" data-end=\"2225\"><strong data-start=\"2205\" data-end=\"2223\">P\u0142atno\u015b\u0107 w USD ($ \ud83c\uddfa\ud83c\uddf8) zamiast EUR (\u20ac \ud83c\uddea\ud83c\uddfa) jest dost\u0119pna zgodnie z dziennym kursem wymiany banku.<\/strong><\/h3>\n<ul data-start=\"1388\" data-end=\"1574\">\n<li data-start=\"1516\" data-end=\"1574\"><strong>Book Through WhatsApp:<\/strong><\/li>\n<li data-start=\"1516\" data-end=\"1574\"><a href=\"https:\/\/wa.me\/201021058859\" target=\"_blank\" rel=\"noopener\"><img decoding=\"async\" class=\"alignnone wp-image-2058\" src=\"https:\/\/poehalisnamiegypt.com\/wp-content\/uploads\/2024\/02\/pngwing.com_-300x300.png\" sizes=\"auto, (max-width: 35px) 100vw, 35px\" srcset=\"https:\/\/poehalisnamiegypt.com\/wp-content\/uploads\/2024\/02\/pngwing.com_-300x300.png 300w, https:\/\/poehalisnamiegypt.com\/wp-content\/uploads\/2024\/02\/pngwing.com_-150x150.png 150w, https:\/\/poehalisnamiegypt.com\/wp-content\/uploads\/2024\/02\/pngwing.com_.png 584w\" alt=\"\" width=\"53\" height=\"53\" \/><\/a><\/li>\n<\/ul>\n<div id=\"gtx-trans\" style=\"position: absolute; left: 147px; top: 1.2px;\">\n<div class=\"gtx-trans-icon\"><\/div>\n<\/div>","protected":false},"excerpt":{"rendered":"<p>\ud83d\udc2c\u2728 Samadai \u2013 Dolphin Reef \u2728\ud83d\udc2c Experience the incredible adventure of swimming with wild dolphins at Samadai, famously known as Dolphin Reef. \ud83c\udf0aThis protected marine area is home to pods of playful spinner dolphins \ud83d\udc2c and boasts vibrant coral reefs \ud83d\udc20, crystal-clear waters, and abundant marine life \ud83d\udc22. It\u2019s perfect for snorkelers seeking a once-in-a-lifetime [&hellip;]<\/p>","protected":false},"featured_media":10806,"comment_status":"open","ping_status":"closed","template":"","meta":{"_monsterinsights_skip_tracking":false,"_monsterinsights_sitenote_active":false,"_monsterinsights_sitenote_note":"","_monsterinsights_sitenote_category":0},"product_brand":[],"product_cat":[66],"product_tag":[],"class_list":{"0":"post-10802","1":"product","2":"type-product","3":"status-publish","4":"has-post-thumbnail","6":"product_cat-marsa-alam","8":"first","9":"instock","10":"shipping-taxable","11":"purchasable","12":"product-type-ovabrw_car_rental"},"_links":{"self":[{"href":"https:\/\/redsea-dream-tours.com\/pl\/wp-json\/wp\/v2\/product\/10802","targetHints":{"allow":["GET"]}}],"collection":[{"href":"https:\/\/redsea-dream-tours.com\/pl\/wp-json\/wp\/v2\/product"}],"about":[{"href":"https:\/\/redsea-dream-tours.com\/pl\/wp-json\/wp\/v2\/types\/product"}],"replies":[{"embeddable":true,"href":"https:\/\/redsea-dream-tours.com\/pl\/wp-json\/wp\/v2\/comments?post=10802"}],"wp:featuredmedia":[{"embeddable":true,"href":"https:\/\/redsea-dream-tours.com\/pl\/wp-json\/wp\/v2\/media\/10806"}],"wp:attachment":[{"href":"https:\/\/redsea-dream-tours.com\/pl\/wp-json\/wp\/v2\/media?parent=10802"}],"wp:term":[{"taxonomy":"product_brand","embeddable":true,"href":"https:\/\/redsea-dream-tours.com\/pl\/wp-json\/wp\/v2\/product_brand?post=10802"},{"taxonomy":"product_cat","embeddable":true,"href":"https:\/\/redsea-dream-tours.com\/pl\/wp-json\/wp\/v2\/product_cat?post=10802"},{"taxonomy":"product_tag","embeddable":true,"href":"https:\/\/redsea-dream-tours.com\/pl\/wp-json\/wp\/v2\/product_tag?post=10802"}],"curies":[{"name":"wp","href":"https:\/\/api.w.org\/{rel}","templated":true}]}}