{"id":10786,"date":"2025-09-13T17:19:20","date_gmt":"2025-09-13T17:19:20","guid":{"rendered":"https:\/\/redsea-dream-tours.com\/?post_type=product&#038;p=10786"},"modified":"2025-12-03T17:39:22","modified_gmt":"2025-12-03T17:39:22","slug":"nefertari","status":"publish","type":"product","link":"https:\/\/redsea-dream-tours.com\/pl\/produkt\/nefertari\/","title":{"rendered":"Nefertari Royal Sunset: Nurkowanie z rurk\u0105 i widoki na koralowce"},"content":{"rendered":"<ul data-start=\"1304\" data-end=\"1495\">\n<li data-start=\"1432\" data-end=\"1495\"><img decoding=\"async\" class=\"emoji\" role=\"img\" draggable=\"false\" src=\"https:\/\/s.w.org\/images\/core\/emoji\/16.0.1\/svg\/1f305.svg\" alt=\"\ud83c\udf05\" \/>\u00a0Kr\u00f3lewska wycieczka o zachodzie s\u0142o\u0144ca \u0142odzi\u0105 Nefertari Farao\u0144skie do\u015bwiadczenie w Marsa Mubarak (\u017c\u00f3\u0142wie morskie i krowy morskie)-<img decoding=\"async\" class=\"emoji\" role=\"img\" draggable=\"false\" src=\"https:\/\/s.w.org\/images\/core\/emoji\/16.0.1\/svg\/1f4d6.svg\" alt=\"\ud83d\udcd6\" \/>\u00a0Informacje o wycieczceWejd\u017a na niezapomnian\u0105 przygod\u0119 na pok\u0142adzie \u0142odzi Nefertari, zaprojektowanej w duchu staro\u017cytnych faraon\u00f3w, gdzie historia spotyka si\u0119 z magi\u0105 Morza Czerwonego.<img decoding=\"async\" class=\"emoji\" role=\"img\" draggable=\"false\" src=\"https:\/\/s.w.org\/images\/core\/emoji\/16.0.1\/svg\/2728.svg\" alt=\"\u2728\" \/>\u00a0Przez panoramiczne podwodne okna mo\u017cna podziwia\u0107 kolorowe rafy koralowe i tropikalne ryby.<br \/>\n<img decoding=\"async\" class=\"emoji\" role=\"img\" draggable=\"false\" src=\"https:\/\/s.w.org\/images\/core\/emoji\/16.0.1\/svg\/2728.svg\" alt=\"\u2728\" \/>\u00a0P\u0142ywanie i nurkowanie w s\u0142ynnym rezerwacie przyrody Marsa Mubarak, w kt\u00f3rym \u017cyj\u0105 \u017c\u00f3\u0142wie morskie i krowy morskie.Wyjazd: Port Ghalib Marina, 14:00\u017beglowanie: do zachodu s\u0142o\u0144ca w lagunieObiad: Pyszny posi\u0142ek na pok\u0142adzie pod gwiazdamiPo rejsie: Czas wolny na zwiedzanie miasta Port Ghalib-...<\/p>\n<p><img decoding=\"async\" class=\"emoji\" role=\"img\" draggable=\"false\" src=\"https:\/\/s.w.org\/images\/core\/emoji\/16.0.1\/svg\/1f31f.svg\" alt=\"\ud83c\udf1f\" \/>\u00a0Najwa\u017cniejsze wydarzenia<\/p>\n<p>Wyj\u0105tkowa farao\u0144ska atmosfera na pok\u0142adzie\u00a0<img decoding=\"async\" class=\"emoji\" role=\"img\" draggable=\"false\" src=\"https:\/\/s.w.org\/images\/core\/emoji\/16.0.1\/svg\/269c.svg\" alt=\"\u269c\" \/><\/p>\n<p>Klimatyzowana sekcja ze szklanym dnem do ogl\u0105dania koralowc\u00f3w\u00a0<img decoding=\"async\" class=\"emoji\" role=\"img\" draggable=\"false\" src=\"https:\/\/s.w.org\/images\/core\/emoji\/16.0.1\/svg\/1f308.svg\" alt=\"\ud83c\udf08\" \/><\/p>\n<p>Snorkeling dla wszystkich poziom\u00f3w do\u015bwiadczenia\u00a0<img decoding=\"async\" class=\"emoji\" role=\"img\" draggable=\"false\" src=\"https:\/\/s.w.org\/images\/core\/emoji\/16.0.1\/svg\/1f93f.svg\" alt=\"\ud83e\udd3f\" \/><\/p>\n<p>Kr\u00f3lewska sesja zdj\u0119ciowa w farao\u0144skich strojach\u00a0<img decoding=\"async\" class=\"emoji\" role=\"img\" draggable=\"false\" src=\"https:\/\/s.w.org\/images\/core\/emoji\/16.0.1\/svg\/1f4f8.svg\" alt=\"\ud83d\udcf8\" \/><\/p>\n<p>Odpowiedni dla rodzin, par, dzieci i senior\u00f3w\u00a0<img decoding=\"async\" class=\"emoji\" role=\"img\" draggable=\"false\" src=\"https:\/\/s.w.org\/images\/core\/emoji\/16.0.1\/svg\/1f468-200d-1f469-200d-1f467-200d-1f466.svg\" alt=\"\ud83d\udc68\u200d\ud83d\udc69\u200d\ud83d\udc67\u200d\ud83d\udc66\" \/><\/p>\n<p>&nbsp;<\/p>\n<p>-<\/p>\n<p><img decoding=\"async\" class=\"emoji\" role=\"img\" draggable=\"false\" src=\"https:\/\/s.w.org\/images\/core\/emoji\/16.0.1\/svg\/1f468-200d-1f469-200d-1f467.svg\" alt=\"\ud83d\udc68\u200d\ud83d\udc69\u200d\ud83d\udc67\" \/>\u00a0Przyjazny rodzinie<\/p>\n<p>Dzieci w wieku 5-12 lat p\u0142ac\u0105 tylko po\u0142ow\u0119 ceny.<\/p>\n<p>Bezpieczne, edukacyjne i zabawne dla dzieci<\/li>\n<li data-start=\"1432\" data-end=\"1495\">\n<div class=\"st-highlight\">\n<h2 class=\"st-heading-section\">Program<\/h2>\n<ul>\n<li>Wyjazd oko\u0142o godziny 13:30<\/li>\n<li>1 godzina od Seascope<\/li>\n<li>2 sesje nurkowania z rurk\u0105<\/li>\n<li>Czas wolny w Port Ghalib<\/li>\n<li>Zach\u00f3d s\u0142o\u0144ca<\/li>\n<\/ul>\n<\/div>\n<div class=\"st-hr large\">\n<h2 class=\"st-heading-section\">Dost\u0119pne opcje<\/h2>\n<\/div>\n<div class=\"accordion-item\">\n<div id=\"collapseInExClude\" class=\"accordion-collapse collapse show\" aria-labelledby=\"headingInExClude\" data-bs-parent=\"#headingInExClude\">\n<div class=\"accordion-body\">\n<div class=\"row\">\n<div class=\"col-lg-6\">\n<ul class=\"include\">\n<li>Transfer do hotelu w obie strony<\/li>\n<li>Lunch wliczony w cen\u0119<\/li>\n<li>Sprz\u0119t do snorkelingu\/nurkowania<\/li>\n<\/ul>\n<\/div>\n<\/div>\n<\/div>\n<\/div>\n<\/div>\n<h5><img decoding=\"async\" class=\"emoji\" role=\"img\" draggable=\"false\" src=\"https:\/\/s.w.org\/images\/core\/emoji\/16.0.1\/svg\/1f4dd.svg\" alt=\"\ud83d\udcdd\" \/> Ocena<\/h5>\n<ul>\n<li><img decoding=\"async\" class=\"emoji\" role=\"img\" draggable=\"false\" src=\"https:\/\/s.w.org\/images\/core\/emoji\/16.0.1\/svg\/26a0.svg\" alt=\"\u26a0\ufe0f\" \/>\u00a0Cena ustalona z Marsa Alam. Z Hurghady obowi\u0105zuje dop\u0142ata za transfer<\/li>\n<\/ul>\n<\/li>\n<\/ul>\n<h3 data-start=\"56\" data-end=\"80\">Cena wycieczki<\/h3>\n<ul data-start=\"82\" data-end=\"222\">\n<li data-start=\"82\" data-end=\"129\">\n<p data-start=\"84\" data-end=\"129\">\ud83d\ude4e\ud83c\udffb\u200d\u2642\ufe0f Doro\u015bli (od 11 lat): <strong data-start=\"120\" data-end=\"127\">80 \u20ac<\/strong><\/p>\n<\/li>\n<li data-start=\"130\" data-end=\"180\">\n<p data-start=\"132\" data-end=\"180\">\ud83e\uddcd\ud83c\udffb\u200d\u2640\ufe0f Dzieci (do 11 lat): <strong data-start=\"171\" data-end=\"178\">40\u20ac<\/strong><\/p>\n<\/li>\n<li data-start=\"181\" data-end=\"222\">\n<p data-start=\"183\" data-end=\"222\">\ud83d\udc7c\ud83c\udffc Dzieci poni\u017cej -5 lat: <strong data-start=\"212\" data-end=\"220\">Darmowy<\/strong><\/p>\n<\/li>\n<\/ul>\n<article class=\"text-token-text-primary w-full focus:outline-none [--shadow-height:45px] has-data-writing-block:pointer-events-none has-data-writing-block:-mt-(--shadow-height) has-data-writing-block:pt-(--shadow-height) [&amp;:has([data-writing-block])&gt;*]:pointer-events-auto scroll-mt-[calc(var(--header-height)+min(200px,max(70px,20svh)))]\" dir=\"auto\" tabindex=\"-1\" data-turn-id=\"request-WEB:199560a9-4006-4083-ad71-35d46ac899d7-2\" data-testid=\"conversation-turn-6\" data-scroll-anchor=\"false\" data-turn=\"assistant\">\n<div class=\"text-base my-auto mx-auto [--thread-content-margin:--spacing(4)] thread-sm:[--thread-content-margin:--spacing(6)] thread-lg:[--thread-content-margin:--spacing(16)] px-(--thread-content-margin)\">\n<div class=\"[--thread-content-max-width:40rem] thread-lg:[--thread-content-max-width:48rem] mx-auto max-w-(--thread-content-max-width) flex-1 group\/turn-messages focus-visible:outline-hidden relative flex w-full min-w-0 flex-col agent-turn\" tabindex=\"-1\">\n<div class=\"flex max-w-full flex-col grow\">\n<div class=\"min-h-8 text-message relative flex w-full flex-col items-end gap-2 text-start break-words whitespace-normal [.text-message+&amp;]:mt-1\" dir=\"auto\" data-message-author-role=\"assistant\" data-message-id=\"d0ca6ef4-29cd-4ac4-bc5c-08d8463cd8f3\" data-message-model-slug=\"gpt-5-1\">\n<div class=\"flex w-full flex-col gap-1 empty:hidden first:pt-[1px]\">\n<div class=\"markdown prose dark:prose-invert w-full break-words light markdown-new-styling\">\n<p data-start=\"38\" data-end=\"179\" data-is-last-node=\"\" data-is-only-node=\"\">\u2728 <strong data-start=\"40\" data-end=\"179\" data-is-last-node=\"\">Dodatkowe 5 \u20ac za wypo\u017cyczenie maski i kolejne 5 \u20ac za wypo\u017cyczenie p\u0142etw - wszystko, czego potrzebujesz do idealnej podwodnej przygody!<\/strong><\/p>\n<\/div>\n<\/div>\n<\/div>\n<\/div>\n<div class=\"z-0 flex min-h-[46px] justify-start\"><\/div>\n<\/div>\n<\/div>\n<\/article>\n<h3 data-start=\"2198\" data-end=\"2225\"><strong data-start=\"2205\" data-end=\"2223\">P\u0142atno\u015b\u0107 w USD ($ \ud83c\uddfa\ud83c\uddf8) zamiast EUR (\u20ac \ud83c\uddea\ud83c\uddfa) jest dost\u0119pna zgodnie z dziennym kursem wymiany banku.<\/strong><\/h3>\n<p><strong>Book Through WhatsApp:<\/strong><\/p>\n<p><a href=\"https:\/\/wa.me\/201021058859\" target=\"_blank\" rel=\"noopener\"><img decoding=\"async\" class=\"alignnone wp-image-2058\" src=\"https:\/\/poehalisnamiegypt.com\/wp-content\/uploads\/2024\/02\/pngwing.com_-300x300.png\" sizes=\"auto, (max-width: 35px) 100vw, 35px\" srcset=\"https:\/\/poehalisnamiegypt.com\/wp-content\/uploads\/2024\/02\/pngwing.com_-300x300.png 300w, https:\/\/poehalisnamiegypt.com\/wp-content\/uploads\/2024\/02\/pngwing.com_-150x150.png 150w, https:\/\/poehalisnamiegypt.com\/wp-content\/uploads\/2024\/02\/pngwing.com_.png 584w\" alt=\"\" width=\"53\" height=\"53\" \/><\/a><\/p>\n<p>&nbsp;<\/p>\n<div id=\"gtx-trans\" style=\"position: absolute; left: 231px; top: 1.2px;\">\n<div class=\"gtx-trans-icon\"><\/div>\n<\/div>\n<div id=\"gtx-trans\" style=\"position: absolute; left: 231px; top: 1.2px;\">\n<div class=\"gtx-trans-icon\"><\/div>\n<\/div>","protected":false},"excerpt":{"rendered":"<p>\u00a0Royal Sunset Excursion with the Nefertari BoatA Pharaonic Experience in Marsa Mubarak (Sea Turtles &amp; Dugongs)\u2014\u00a0About the TripEmbark on an unforgettable adventure aboard the Nefertari Boat, designed in the spirit of the ancient Pharaohs, where history meets the magic of the Red Sea.\u00a0Through panoramic underwater windows, admire colorful coral reefs and tropical fish. \u00a0Swim and [&hellip;]<\/p>","protected":false},"featured_media":10794,"comment_status":"open","ping_status":"closed","template":"","meta":{"_monsterinsights_skip_tracking":false,"_monsterinsights_sitenote_active":false,"_monsterinsights_sitenote_note":"","_monsterinsights_sitenote_category":0},"product_brand":[],"product_cat":[66],"product_tag":[],"class_list":{"0":"post-10786","1":"product","2":"type-product","3":"status-publish","4":"has-post-thumbnail","6":"product_cat-marsa-alam","8":"first","9":"instock","10":"shipping-taxable","11":"purchasable","12":"product-type-ovabrw_car_rental"},"_links":{"self":[{"href":"https:\/\/redsea-dream-tours.com\/pl\/wp-json\/wp\/v2\/product\/10786","targetHints":{"allow":["GET"]}}],"collection":[{"href":"https:\/\/redsea-dream-tours.com\/pl\/wp-json\/wp\/v2\/product"}],"about":[{"href":"https:\/\/redsea-dream-tours.com\/pl\/wp-json\/wp\/v2\/types\/product"}],"replies":[{"embeddable":true,"href":"https:\/\/redsea-dream-tours.com\/pl\/wp-json\/wp\/v2\/comments?post=10786"}],"wp:featuredmedia":[{"embeddable":true,"href":"https:\/\/redsea-dream-tours.com\/pl\/wp-json\/wp\/v2\/media\/10794"}],"wp:attachment":[{"href":"https:\/\/redsea-dream-tours.com\/pl\/wp-json\/wp\/v2\/media?parent=10786"}],"wp:term":[{"taxonomy":"product_brand","embeddable":true,"href":"https:\/\/redsea-dream-tours.com\/pl\/wp-json\/wp\/v2\/product_brand?post=10786"},{"taxonomy":"product_cat","embeddable":true,"href":"https:\/\/redsea-dream-tours.com\/pl\/wp-json\/wp\/v2\/product_cat?post=10786"},{"taxonomy":"product_tag","embeddable":true,"href":"https:\/\/redsea-dream-tours.com\/pl\/wp-json\/wp\/v2\/product_tag?post=10786"}],"curies":[{"name":"wp","href":"https:\/\/api.w.org\/{rel}","templated":true}]}}