{"id":10780,"date":"2025-09-13T17:03:30","date_gmt":"2025-09-13T17:03:30","guid":{"rendered":"https:\/\/redsea-dream-tours.com\/?post_type=product&#038;p=10780"},"modified":"2025-12-17T17:07:59","modified_gmt":"2025-12-17T17:07:59","slug":"sataya-dolphin-house","status":"publish","type":"product","link":"https:\/\/redsea-dream-tours.com\/pl\/produkt\/sataya-dolphin-house\/","title":{"rendered":"Sataya Dolphin House: Snorkeling z delfinami"},"content":{"rendered":"<p data-start=\"169\" data-end=\"526\">Do\u015bwiadcz magii p\u0142ywania obok figlarnych delfin\u00f3w w Sataya, znanym jako \"Dom Delfin\u00f3w\". \ud83c\udf0a<br data-start=\"297\" data-end=\"300\" \/>To osza\u0142amiaj\u0105ce sanktuarium morskie jest cz\u0119\u015bci\u0105 chronionych raf Morza Czerwonego, z krystalicznie czystymi wodami, t\u0119tni\u0105cymi \u017cyciem ogrodami koralowymi \ud83d\udc20 i obfitym \u017cyciem morskim. To wymarzone miejsce dla mi\u0142o\u015bnik\u00f3w snorkelingu i przyrody. \ud83c\udf34<\/p>\n<hr data-start=\"528\" data-end=\"531\" \/>\n<p data-start=\"533\" data-end=\"562\"><strong data-start=\"533\" data-end=\"560\">Najwa\u017cniejsze wydarzenia z podr\u00f3\u017cy:<\/strong><\/p>\n<ul data-start=\"564\" data-end=\"1217\">\n<li data-start=\"564\" data-end=\"758\">\n<p data-start=\"566\" data-end=\"758\"><strong data-start=\"566\" data-end=\"598\">Snorkeling z delfinami \ud83e\udd3f:<\/strong><br data-start=\"598\" data-end=\"601\" \/>P\u0142ywaj lub p\u0142ywaj w pobli\u017cu stad dzikich delfin\u00f3w b\u0105czastych \ud83d\udc2c w ich naturalnym \u015brodowisku. Rafa jest pe\u0142na kolorowych ryb, mi\u0119kkich koralowc\u00f3w i ma\u0142ych jaski\u0144 do odkrycia.<\/p>\n<\/li>\n<li data-start=\"760\" data-end=\"900\">\n<p data-start=\"762\" data-end=\"900\"><strong data-start=\"762\" data-end=\"795\">Rafy koralowe i \u017cycie morskie \ud83d\udc20:<\/strong><br data-start=\"795\" data-end=\"798\" \/>Odkryj \u017cywe koralowce, ryby rafowe, a czasami \u017c\u00f3\u0142wie \ud83d\udc22 pas\u0105ce si\u0119 w pobli\u017cu \u0142\u0105k trawy morskiej.<\/p>\n<\/li>\n<li data-start=\"902\" data-end=\"1060\">\n<p data-start=\"904\" data-end=\"1060\"><strong data-start=\"904\" data-end=\"928\">Malownicza przeja\u017cd\u017cka \u0142odzi\u0105 \ud83d\udea4:<\/strong><br data-start=\"928\" data-end=\"931\" \/>Ciesz si\u0119 przeja\u017cd\u017ck\u0105 z Hamata lub Marsa Alam, podziwiaj\u0105c wspania\u0142e wybrze\u017ce i obserwuj\u0105c inne morskie stworzenia po drodze.<\/p>\n<\/li>\n<li data-start=\"1062\" data-end=\"1217\">\n<p data-start=\"1064\" data-end=\"1217\"><strong data-start=\"1064\" data-end=\"1096\">Fotografia i relaks \ud83d\udcf8:<\/strong><br data-start=\"1096\" data-end=\"1099\" \/>Uchwy\u0107 niezapomniane chwile z delfinami i zrelaksuj si\u0119 na pok\u0142adzie, podczas gdy \u0142\u00f3d\u017a zakotwiczy w spokojnych miejscach do snorkelingu.<\/p>\n<\/li>\n<\/ul>\n<hr data-start=\"1219\" data-end=\"1222\" \/>\n<p data-start=\"1224\" data-end=\"1251\"><strong data-start=\"1224\" data-end=\"1249\">Sugestia dotycz\u0105ca planu podr\u00f3\u017cy:<\/strong><\/p>\n<ul data-start=\"1253\" data-end=\"1624\">\n<li data-start=\"1253\" data-end=\"1318\">\n<p data-start=\"1255\" data-end=\"1318\"><strong data-start=\"1255\" data-end=\"1276\">Poranny odbi\u00f3r \u23f0:<\/strong> Transfer z hotelu do przystani.<\/p>\n<ul>\n<li>Wyjazd oko\u0142o godziny 5:30 (w przybli\u017ceniu)<\/li>\n<li>Powr\u00f3t oko\u0142o godziny 16:30 (w przybli\u017ceniu)<\/li>\n<\/ul>\n<\/li>\n<li data-start=\"1319\" data-end=\"1381\">\n<p data-start=\"1321\" data-end=\"1381\"><strong data-start=\"1321\" data-end=\"1343\">Odlot \u0142odzi\u0105 \ud83d\udea4:<\/strong> Udaj si\u0119 na raf\u0119 Dolphin House.<\/p>\n<\/li>\n<li data-start=\"1382\" data-end=\"1473\">\n<p data-start=\"1384\" data-end=\"1473\"><strong data-start=\"1384\" data-end=\"1410\">Sesja nurkowania z rurk\u0105 \ud83e\udd3f:<\/strong> P\u0142ywanie z delfinami i odkrywanie rafy (ok. 2-3 godziny).<\/p>\n<\/li>\n<li data-start=\"1474\" data-end=\"1558\">\n<p data-start=\"1476\" data-end=\"1558\"><strong data-start=\"1476\" data-end=\"1498\">Lunch na pok\u0142adzie \ud83e\udd57:<\/strong> Ciesz si\u0119 lekkim posi\u0142kiem i napojami, podziwiaj\u0105c widoki.<\/p>\n<\/li>\n<li data-start=\"1559\" data-end=\"1624\">\n<p data-start=\"1561\" data-end=\"1624\"><strong data-start=\"1561\" data-end=\"1575\">Zwrot \ud83d\udea4:<\/strong> Powr\u00f3t do przystani i transfer do hotelu.<\/p>\n<\/li>\n<\/ul>\n<hr data-start=\"1626\" data-end=\"1629\" \/>\n<h5><img decoding=\"async\" class=\"emoji\" role=\"img\" draggable=\"false\" src=\"https:\/\/s.w.org\/images\/core\/emoji\/16.0.1\/svg\/1f4dd.svg\" alt=\"\ud83d\udcdd\" \/>\u00a0Ocena<\/h5>\n<ul>\n<li><img decoding=\"async\" class=\"emoji\" role=\"img\" draggable=\"false\" src=\"https:\/\/s.w.org\/images\/core\/emoji\/16.0.1\/svg\/26a0.svg\" alt=\"\u26a0\ufe0f\" \/>\u00a0Cena ustalona z Marsa Alam. Z Hurghady obowi\u0105zuje dop\u0142ata za transfer<\/li>\n<\/ul>\n<hr data-start=\"1626\" data-end=\"1629\" \/>\n<p data-start=\"1631\" data-end=\"1658\"><strong data-start=\"1631\" data-end=\"1656\">Wskaz\u00f3wki dotycz\u0105ce podr\u00f3\u017cy \ud83d\udcdd:<\/strong><\/p>\n<ul data-start=\"1660\" data-end=\"1907\">\n<li data-start=\"1660\" data-end=\"1716\">\n<p data-start=\"1662\" data-end=\"1716\">Nosi\u0107 filtr przeciws\u0142oneczny \ud83e\uddf4 i kapelusz, aby chroni\u0107 si\u0119 przed s\u0142o\u0144cem.<\/p>\n<\/li>\n<li data-start=\"1717\" data-end=\"1783\">\n<p data-start=\"1719\" data-end=\"1783\">Przynie\u015b wodoodporny aparat \ud83d\udcf7, aby uchwyci\u0107 spotkania z delfinami.<\/p>\n<\/li>\n<li data-start=\"1784\" data-end=\"1835\">\n<p data-start=\"1786\" data-end=\"1835\">Aby chroni\u0107 \u017cycie morskie, u\u017cywaj filtr\u00f3w przeciws\u0142onecznych bezpiecznych dla raf koralowych.<\/p>\n<\/li>\n<li data-start=\"1836\" data-end=\"1907\">\n<p data-start=\"1838\" data-end=\"1907\">Podczas p\u0142ywania w pobli\u017cu delfin\u00f3w nale\u017cy zawsze post\u0119powa\u0107 zgodnie z instrukcjami przewodnika.<\/p>\n<hr data-start=\"1626\" data-end=\"1629\" \/>\n<h3 data-start=\"54\" data-end=\"78\">Cena wycieczki<\/h3>\n<ul data-start=\"79\" data-end=\"219\">\n<li data-start=\"79\" data-end=\"126\">\n<p data-start=\"81\" data-end=\"126\">\ud83d\ude4e\ud83c\udffb\u200d\u2642\ufe0f Doro\u015bli (od 12 lat): <strong data-start=\"117\" data-end=\"124\">70\u20ac<\/strong><\/p>\n<\/li>\n<li data-start=\"127\" data-end=\"177\">\n<p data-start=\"129\" data-end=\"177\">\ud83e\uddcd\ud83c\udffb\u200d\u2640\ufe0f Dzieci (do 12 lat): 40 <strong data-start=\"168\" data-end=\"175\">\u20ac<\/strong><\/p>\n<\/li>\n<li data-start=\"178\" data-end=\"219\">\n<p data-start=\"180\" data-end=\"219\">\ud83d\udc7c\ud83c\udffc Dzieci poni\u017cej 5 lat: <strong data-start=\"209\" data-end=\"217\">Darmowy<\/strong><\/p>\n<\/li>\n<\/ul>\n<\/li>\n<\/ul>\n<h3 data-start=\"2198\" data-end=\"2225\"><strong data-start=\"2205\" data-end=\"2223\">P\u0142atno\u015b\u0107 w USD ($ \ud83c\uddfa\ud83c\uddf8) zamiast EUR (\u20ac \ud83c\uddea\ud83c\uddfa) jest dost\u0119pna zgodnie z dziennym kursem wymiany banku.<\/strong><\/h3>\n<p><strong>Book Through WhatsApp:<\/strong><\/p>\n<p><a href=\"https:\/\/wa.me\/201021058859\" target=\"_blank\" rel=\"noopener\"><img decoding=\"async\" class=\"alignnone wp-image-2058\" src=\"https:\/\/poehalisnamiegypt.com\/wp-content\/uploads\/2024\/02\/pngwing.com_-300x300.png\" sizes=\"auto, (max-width: 35px) 100vw, 35px\" srcset=\"https:\/\/poehalisnamiegypt.com\/wp-content\/uploads\/2024\/02\/pngwing.com_-300x300.png 300w, https:\/\/poehalisnamiegypt.com\/wp-content\/uploads\/2024\/02\/pngwing.com_-150x150.png 150w, https:\/\/poehalisnamiegypt.com\/wp-content\/uploads\/2024\/02\/pngwing.com_.png 584w\" alt=\"\" width=\"53\" height=\"53\" \/><\/a><\/p>","protected":false},"excerpt":{"rendered":"<p>Experience the magic of swimming alongside playful dolphins at Sataya, famously known as the &#8220;Dolphin House.&#8221; \ud83c\udf0aThis stunning marine sanctuary is part of the Red Sea\u2019s protected reefs, featuring crystal-clear waters, vibrant coral gardens \ud83d\udc20, and abundant marine life. It\u2019s a dream destination for snorkelers and nature lovers alike. \ud83c\udf34 Highlights of the Trip: Snorkeling [&hellip;]<\/p>","protected":false},"featured_media":10781,"comment_status":"open","ping_status":"closed","template":"","meta":{"_monsterinsights_skip_tracking":false,"_monsterinsights_sitenote_active":false,"_monsterinsights_sitenote_note":"","_monsterinsights_sitenote_category":0},"product_brand":[],"product_cat":[66],"product_tag":[],"class_list":{"0":"post-10780","1":"product","2":"type-product","3":"status-publish","4":"has-post-thumbnail","6":"product_cat-marsa-alam","8":"first","9":"instock","10":"shipping-taxable","11":"purchasable","12":"product-type-ovabrw_car_rental"},"_links":{"self":[{"href":"https:\/\/redsea-dream-tours.com\/pl\/wp-json\/wp\/v2\/product\/10780","targetHints":{"allow":["GET"]}}],"collection":[{"href":"https:\/\/redsea-dream-tours.com\/pl\/wp-json\/wp\/v2\/product"}],"about":[{"href":"https:\/\/redsea-dream-tours.com\/pl\/wp-json\/wp\/v2\/types\/product"}],"replies":[{"embeddable":true,"href":"https:\/\/redsea-dream-tours.com\/pl\/wp-json\/wp\/v2\/comments?post=10780"}],"wp:featuredmedia":[{"embeddable":true,"href":"https:\/\/redsea-dream-tours.com\/pl\/wp-json\/wp\/v2\/media\/10781"}],"wp:attachment":[{"href":"https:\/\/redsea-dream-tours.com\/pl\/wp-json\/wp\/v2\/media?parent=10780"}],"wp:term":[{"taxonomy":"product_brand","embeddable":true,"href":"https:\/\/redsea-dream-tours.com\/pl\/wp-json\/wp\/v2\/product_brand?post=10780"},{"taxonomy":"product_cat","embeddable":true,"href":"https:\/\/redsea-dream-tours.com\/pl\/wp-json\/wp\/v2\/product_cat?post=10780"},{"taxonomy":"product_tag","embeddable":true,"href":"https:\/\/redsea-dream-tours.com\/pl\/wp-json\/wp\/v2\/product_tag?post=10780"}],"curies":[{"name":"wp","href":"https:\/\/api.w.org\/{rel}","templated":true}]}}