{"id":10774,"date":"2025-09-13T16:56:57","date_gmt":"2025-09-13T16:56:57","guid":{"rendered":"https:\/\/redsea-dream-tours.com\/?post_type=product&#038;p=10774"},"modified":"2025-12-17T17:17:45","modified_gmt":"2025-12-17T17:17:45","slug":"hamata-islands","status":"publish","type":"product","link":"https:\/\/redsea-dream-tours.com\/pl\/produkt\/hamata-islands\/","title":{"rendered":"Wyspy Hamata: Snorkeling, przyroda i raj"},"content":{"rendered":"<h3 data-start=\"83\" data-end=\"141\">\ud83c\udfdd\ufe0f <strong data-start=\"91\" data-end=\"139\">Niezapomniana jednodniowa wycieczka na wyspy Hamata<\/strong><\/h3>\n<p data-start=\"55\" data-end=\"430\">Wybierz si\u0119 na niezapomnian\u0105 jednodniow\u0105 wycieczk\u0119 na dziewicze wyspy Hamata, po\u0142o\u017cone oko\u0142o 130 km na po\u0142udnie od Marsa Alam. Ten odosobniony raj, b\u0119d\u0105cy cz\u0119\u015bci\u0105 Parku Narodowego Wadi El Gemal, s\u0142ynie z nietkni\u0119tego pi\u0119kna, \u017cywych raf koralowych i r\u00f3\u017cnorodnego \u017cycia morskiego. Cz\u0119sto nazywane \"egipskimi Malediwami\", wyspy te oferuj\u0105 spokojn\u0105 ucieczk\u0119 na \u0142ono natury.<\/p>\n<hr data-start=\"432\" data-end=\"435\" \/>\n<h2 data-start=\"437\" data-end=\"463\">\ud83c\udf0a <strong data-start=\"443\" data-end=\"463\">Najwa\u017cniejsze wydarzenia:<\/strong><\/h2>\n<ul data-start=\"465\" data-end=\"1418\">\n<li data-start=\"465\" data-end=\"815\">\n<p data-start=\"467\" data-end=\"815\"><strong data-start=\"467\" data-end=\"506\">Snorkeling na Trzech Wyspach Dziewiczych:<\/strong><br data-start=\"506\" data-end=\"509\" \/>Odkryj krystalicznie czyste wody otaczaj\u0105ce wyspy Siyal, Shawarit i Umm al-Shaykh. Spotkaj kolorowe rafy koralowe i r\u00f3\u017cnorodne tropikalne ryby unikalne dla tego regionu. Bior\u00f3\u017cnorodno\u015b\u0107 tego obszaru obejmuje ponad 450 gatunk\u00f3w koralowc\u00f3w i ponad 1200 gatunk\u00f3w ryb.<\/p>\n<\/li>\n<li data-start=\"817\" data-end=\"1023\">\n<p data-start=\"819\" data-end=\"1023\"><strong data-start=\"819\" data-end=\"855\">Spacery po pla\u017cy i obserwowanie ptak\u00f3w:<\/strong><br data-start=\"855\" data-end=\"858\" \/>Zacumuj na jednej z wysp, aby cieszy\u0107 si\u0119 spokojnym spacerem wzd\u0142u\u017c bia\u0142ych piaszczystych pla\u017c. Obserwuj bogate \u017cycie ptak\u00f3w, kt\u00f3re zamieszkuje ten obszar, dodaj\u0105c wyspom uroku.<\/p>\n<\/li>\n<li data-start=\"1025\" data-end=\"1202\">\n<p data-start=\"1027\" data-end=\"1202\"><strong data-start=\"1027\" data-end=\"1045\">Lunch na pok\u0142adzie:<\/strong><br data-start=\"1045\" data-end=\"1048\" \/>Delektuj si\u0119 pysznym, \u015bwie\u017co przygotowanym lunchem na \u0142odzi, w towarzystwie napoj\u00f3w bezalkoholowych i du\u017cej ilo\u015bci wody butelkowanej, podziwiaj\u0105c wspania\u0142e otoczenie.<\/p>\n<\/li>\n<li data-start=\"1204\" data-end=\"1418\">\n<p data-start=\"1206\" data-end=\"1418\"><strong data-start=\"1206\" data-end=\"1233\">Spotkania z \u017cyciem morskim:<\/strong><br data-start=\"1233\" data-end=\"1236\" \/>Wyspy s\u0105 domem dla kr\u00f3w morskich, delfin\u00f3w, p\u0142aszczek i \u017c\u00f3\u0142wi b\u0142otnych, kt\u00f3re cz\u0119sto pas\u0105 si\u0119 na \u0142\u0105kach trawy morskiej otaczaj\u0105cych wyspy.<\/p>\n<h5><img decoding=\"async\" class=\"emoji\" role=\"img\" draggable=\"false\" src=\"https:\/\/s.w.org\/images\/core\/emoji\/16.0.1\/svg\/1f4dd.svg\" alt=\"\ud83d\udcdd\" \/>\u00a0Ocena<\/h5>\n<ul>\n<li><img decoding=\"async\" class=\"emoji\" role=\"img\" draggable=\"false\" src=\"https:\/\/s.w.org\/images\/core\/emoji\/16.0.1\/svg\/26a0.svg\" alt=\"\u26a0\ufe0f\" \/>\u00a0Cena ustalona z Marsa Alam. Z Hurghady obowi\u0105zuje dop\u0142ata za transfer<\/li>\n<\/ul>\n<h3 data-start=\"54\" data-end=\"78\">Cena wycieczki<\/h3>\n<ul data-start=\"79\" data-end=\"219\">\n<li data-start=\"79\" data-end=\"126\">\n<p data-start=\"81\" data-end=\"126\">\ud83d\ude4e\ud83c\udffb\u200d\u2642\ufe0f Doro\u015bli (od 12 lat): <strong data-start=\"117\" data-end=\"124\">65 \u20ac<\/strong><\/p>\n<\/li>\n<li data-start=\"127\" data-end=\"177\">\n<p data-start=\"129\" data-end=\"177\">\ud83e\uddcd\ud83c\udffb\u200d\u2640\ufe0f Dzieci (do 12 lat): <strong data-start=\"168\" data-end=\"175\">40 \u20ac<\/strong><\/p>\n<\/li>\n<li data-start=\"178\" data-end=\"219\">\n<p data-start=\"180\" data-end=\"219\">\ud83d\udc7c\ud83c\udffc Dzieci poni\u017cej 5 lat: <strong data-start=\"209\" data-end=\"217\">Darmowy<\/strong><\/p>\n<\/li>\n<\/ul>\n<\/li>\n<\/ul>\n<h3 data-start=\"2198\" data-end=\"2225\"><strong data-start=\"2205\" data-end=\"2223\">P\u0142atno\u015b\u0107 w USD ($ \ud83c\uddfa\ud83c\uddf8) zamiast EUR (\u20ac \ud83c\uddea\ud83c\uddfa) jest dost\u0119pna zgodnie z dziennym kursem wymiany banku.<\/strong><\/h3>\n<ul data-start=\"465\" data-end=\"1418\">\n<li data-start=\"1204\" data-end=\"1418\"><strong>Book Through WhatsApp:<\/strong><a href=\"https:\/\/wa.me\/201021058859\" target=\"_blank\" rel=\"noopener\"><img decoding=\"async\" class=\"alignnone wp-image-2058\" src=\"https:\/\/poehalisnamiegypt.com\/wp-content\/uploads\/2024\/02\/pngwing.com_-300x300.png\" sizes=\"auto, (max-width: 35px) 100vw, 35px\" srcset=\"https:\/\/poehalisnamiegypt.com\/wp-content\/uploads\/2024\/02\/pngwing.com_-300x300.png 300w, https:\/\/poehalisnamiegypt.com\/wp-content\/uploads\/2024\/02\/pngwing.com_-150x150.png 150w, https:\/\/poehalisnamiegypt.com\/wp-content\/uploads\/2024\/02\/pngwing.com_.png 584w\" alt=\"\" width=\"53\" height=\"53\" \/><\/a><\/li>\n<\/ul>\n<div id=\"gtx-trans\" style=\"position: absolute; left: 269px; top: 53.7125px;\">\n<div class=\"gtx-trans-icon\"><\/div>\n<\/div>\n<div id=\"gtx-trans\" style=\"position: absolute; left: 269px; top: 53.7125px;\">\n<div class=\"gtx-trans-icon\"><\/div>\n<\/div>","protected":false},"excerpt":{"rendered":"<p>\ud83c\udfdd\ufe0f Unforgettable Day Trip to the Hamata Islands Embark on an unforgettable day trip to the pristine Hamata Islands, located approximately 130 km south of Marsa Alam. This secluded paradise, part of the Wadi El Gemal National Park, is renowned for its untouched beauty, vibrant coral reefs, and diverse marine life. Often referred to as [&hellip;]<\/p>","protected":false},"featured_media":10779,"comment_status":"open","ping_status":"closed","template":"","meta":{"_monsterinsights_skip_tracking":false,"_monsterinsights_sitenote_active":false,"_monsterinsights_sitenote_note":"","_monsterinsights_sitenote_category":0},"product_brand":[],"product_cat":[66],"product_tag":[],"class_list":{"0":"post-10774","1":"product","2":"type-product","3":"status-publish","4":"has-post-thumbnail","6":"product_cat-marsa-alam","8":"first","9":"instock","10":"shipping-taxable","11":"purchasable","12":"product-type-ovabrw_car_rental"},"_links":{"self":[{"href":"https:\/\/redsea-dream-tours.com\/pl\/wp-json\/wp\/v2\/product\/10774","targetHints":{"allow":["GET"]}}],"collection":[{"href":"https:\/\/redsea-dream-tours.com\/pl\/wp-json\/wp\/v2\/product"}],"about":[{"href":"https:\/\/redsea-dream-tours.com\/pl\/wp-json\/wp\/v2\/types\/product"}],"replies":[{"embeddable":true,"href":"https:\/\/redsea-dream-tours.com\/pl\/wp-json\/wp\/v2\/comments?post=10774"}],"wp:featuredmedia":[{"embeddable":true,"href":"https:\/\/redsea-dream-tours.com\/pl\/wp-json\/wp\/v2\/media\/10779"}],"wp:attachment":[{"href":"https:\/\/redsea-dream-tours.com\/pl\/wp-json\/wp\/v2\/media?parent=10774"}],"wp:term":[{"taxonomy":"product_brand","embeddable":true,"href":"https:\/\/redsea-dream-tours.com\/pl\/wp-json\/wp\/v2\/product_brand?post=10774"},{"taxonomy":"product_cat","embeddable":true,"href":"https:\/\/redsea-dream-tours.com\/pl\/wp-json\/wp\/v2\/product_cat?post=10774"},{"taxonomy":"product_tag","embeddable":true,"href":"https:\/\/redsea-dream-tours.com\/pl\/wp-json\/wp\/v2\/product_tag?post=10774"}],"curies":[{"name":"wp","href":"https:\/\/api.w.org\/{rel}","templated":true}]}}