{"id":10761,"date":"2025-09-13T16:37:26","date_gmt":"2025-09-13T16:37:26","guid":{"rendered":"https:\/\/redsea-dream-tours.com\/?post_type=product&#038;p=10761"},"modified":"2025-12-20T15:41:01","modified_gmt":"2025-12-20T15:41:01","slug":"abu-dabbab-beach","status":"publish","type":"product","link":"https:\/\/redsea-dream-tours.com\/pl\/produkt\/abu-dabbab-beach\/","title":{"rendered":"Przygoda na pla\u017cy Abu Dabbab - raj w Marsa Alam"},"content":{"rendered":"<p data-start=\"87\" data-end=\"157\">\ud83c\udfd6\ufe0f\u2728 <strong data-start=\"92\" data-end=\"150\">Przygoda na pla\u017cy Abu Dabbab - raj w Marsa Alam!<\/strong> \u2728\ud83c\udfd6\ufe0f<\/p>\n<p data-start=\"193\" data-end=\"603\">Pla\u017ca Abu Dabbab to jedno z najs\u0142ynniejszych miejsc do snorkelingu i nurkowania na Morzu Czerwonym, po\u0142o\u017cone w pobli\u017cu Marsa Alam. Dzi\u0119ki mi\u0119kkim bia\u0142ym piaskom i krystalicznie czystym turkusowym wodom jest to raj dla mi\u0142o\u015bnik\u00f3w wody. Pla\u017ca znana jest z podwodnych \u0142\u0105k trawy morskiej, kt\u00f3re przyci\u0105gaj\u0105 zielone \u017c\u00f3\u0142wie \ud83d\udc22, a czasami mo\u017cna nawet dostrzec rzadkiego dugonga (krow\u0119 morsk\u0105) z gracj\u0105 p\u0142ywaj\u0105c\u0105 w pobli\u017cu. \ud83d\udc0b<\/p>\n<hr data-start=\"605\" data-end=\"608\" \/>\n<p data-start=\"610\" data-end=\"637\"><strong data-start=\"610\" data-end=\"635\">Dost\u0119pne aktywno\u015bci:<\/strong><\/p>\n<ul data-start=\"639\" data-end=\"1240\">\n<li data-start=\"639\" data-end=\"803\">\n<p data-start=\"641\" data-end=\"803\"><strong data-start=\"641\" data-end=\"659\">Snorkeling \ud83e\udd3f:<\/strong><br data-start=\"659\" data-end=\"662\" \/>Nurkowanie prosto z pla\u017cy w p\u0142ytkich wodach pe\u0142nych kolorowych ryb \ud83d\udc20 i pobliskich raf koralowych. Idealne dla pocz\u0105tkuj\u0105cych i rodzin!<\/p>\n<\/li>\n<li data-start=\"805\" data-end=\"976\">\n<p data-start=\"807\" data-end=\"976\"><strong data-start=\"807\" data-end=\"821\">Nurkowanie \ud83e\udd3f:<\/strong><br data-start=\"821\" data-end=\"824\" \/>Abu Dabbab to najlepsze miejsce dla p\u0142etwonurk\u00f3w do odkrywania \u017cycia morskiego, w tym kr\u00f3w morskich \ud83d\udc0b i \u017c\u00f3\u0142wi morskich \ud83d\udc22. Rafy koralowe s\u0105 \u017cywe i pe\u0142ne \u017cycia.<\/p>\n<\/li>\n<li data-start=\"978\" data-end=\"1106\">\n<p data-start=\"980\" data-end=\"1106\"><strong data-start=\"980\" data-end=\"1009\">Relaks na pla\u017cy \ud83c\udf1e:<\/strong><br data-start=\"1009\" data-end=\"1012\" \/>Opalaj si\u0119 na mi\u0119kkim piasku, ciesz si\u0119 \u0142agodnymi falami i podziwiaj wspania\u0142e widoki na wybrze\u017ce.<\/p>\n<\/li>\n<li data-start=\"1108\" data-end=\"1240\">\n<p data-start=\"1110\" data-end=\"1240\"><strong data-start=\"1110\" data-end=\"1141\">Wycieczki \u0142odzi\u0105 ze szklanym dnem \ud83d\udea4:<\/strong><br data-start=\"1141\" data-end=\"1144\" \/>Ci, kt\u00f3rzy wol\u0105 pozosta\u0107 w suchym miejscu, mog\u0105 podziwia\u0107 \u017cycie morskie podczas rejs\u00f3w \u0142odzi\u0105 ze szklanym dnem.<\/p>\n<\/li>\n<\/ul>\n<hr data-start=\"1242\" data-end=\"1245\" \/>\n<p data-start=\"1247\" data-end=\"1270\"><strong data-start=\"1247\" data-end=\"1268\">Jak si\u0119 tam dosta\u0107:<\/strong><\/p>\n<ul data-start=\"1272\" data-end=\"1503\">\n<li data-start=\"1272\" data-end=\"1380\">\n<p data-start=\"1274\" data-end=\"1380\"><strong data-start=\"1274\" data-end=\"1288\">Samochodem \ud83d\ude97:<\/strong><br data-start=\"1288\" data-end=\"1291\" \/>Pla\u017ca Abu Dabbab znajduje si\u0119 oko\u0142o 30 km na p\u00f3\u0142noc od Marsa Alam i mo\u017cna do niej \u0142atwo dojecha\u0107 samochodem.<\/p>\n<\/li>\n<li data-start=\"1382\" data-end=\"1503\">\n<p data-start=\"1384\" data-end=\"1503\"><strong data-start=\"1384\" data-end=\"1407\">Wycieczki zorganizowane \ud83d\ude8c:<\/strong><br data-start=\"1407\" data-end=\"1410\" \/>Wiele codziennych wycieczek rozpoczyna si\u0119 w Marsa Alam i obejmuje transport, lunch i sprz\u0119t do nurkowania.<\/p>\n<\/li>\n<\/ul>\n<hr data-start=\"1624\" data-end=\"1627\" \/>\n<p data-start=\"1629\" data-end=\"1651\"><strong data-start=\"1629\" data-end=\"1649\">Wskaz\u00f3wki i uwagi \ud83d\udcdd:<\/strong><\/p>\n<ul data-start=\"1653\" data-end=\"1885\">\n<li data-start=\"1653\" data-end=\"1721\">\n<p data-start=\"1655\" data-end=\"1721\">U\u017cywaj filtr\u00f3w przeciws\u0142onecznych \ud83e\uddf4 i no\u015b okulary przeciws\u0142oneczne \ud83d\ude0e, aby chroni\u0107 si\u0119 przed s\u0142o\u0144cem.<\/p>\n<\/li>\n<li data-start=\"1722\" data-end=\"1809\">\n<p data-start=\"1724\" data-end=\"1809\">Buty do wody \ud83d\udc63 s\u0105 zalecane, aby chroni\u0107 stopy przed ska\u0142ami lub stworzeniami morskimi.<\/p>\n<\/li>\n<li data-start=\"1810\" data-end=\"1885\">\n<p data-start=\"1812\" data-end=\"1885\">Unikaj dotykania trawy morskiej \ud83c\udf3f, aby uszanowa\u0107 \u017cycie morskie i zapobiec wszelkim szkodom.<\/p>\n<\/li>\n<\/ul>\n<hr data-start=\"1887\" data-end=\"1890\" \/>\n<p data-start=\"1892\" data-end=\"1905\"><strong data-start=\"1892\" data-end=\"1903\">Dodatki:<\/strong><\/p>\n<ul data-start=\"1907\" data-end=\"2140\">\n<li data-start=\"1907\" data-end=\"2002\">\n<p data-start=\"1909\" data-end=\"2002\"><strong data-start=\"1909\" data-end=\"1947\">Aktualna pogoda w Marsa Alam \ud83c\udf21\ufe0f:<\/strong><br data-start=\"1947\" data-end=\"1950\" \/>Cz\u0119\u015bciowe zachmurzenie z temperatur\u0105 oko\u0142o 32\u00b0C.<\/p>\n<\/li>\n<li data-start=\"2004\" data-end=\"2140\">\n<p data-start=\"2006\" data-end=\"2140\"><strong data-start=\"2006\" data-end=\"2036\">Dzika przyroda i \u017cycie morskie \ud83d\udc20:<\/strong><br data-start=\"2036\" data-end=\"2039\" \/>Zielone \u017c\u00f3\u0142wie, krowy morskie i kolorowe ryby rafowe sprawiaj\u0105, \u017ce Abu Dabbab jest magicznym do\u015bwiadczeniem dla wszystkich grup wiekowych.<\/p>\n<\/li>\n<\/ul>\n<div class=\"st-highlight\">\n<h2 class=\"st-heading-section\"><strong data-start=\"0\" data-end=\"50\" data-is-only-node=\"\">Opcje programu dost\u0119pne z hoteli w Hurghadzie:<\/strong><\/h2>\n<ul>\n<li>D\u00e9part vers 5h30<\/li>\n<li>Powr\u00f3t o 18:30<\/li>\n<li>Recherche des tortues<\/li>\n<li>Poszukiwanie \u015blad\u00f3w koronawirusa<\/li>\n<\/ul>\n<h2 class=\"st-heading-section\"><strong data-start=\"0\" data-end=\"50\" data-is-only-node=\"\">Opcje programu zawarte w hotelach Marsa Alam:<\/strong><\/h2>\n<ul>\n<li>Start o 8:30<\/li>\n<li>Powr\u00f3t o 16:30<\/li>\n<li>Recherche des tortues<\/li>\n<li>Poszukiwanie \u015blad\u00f3w koronawirusa<\/li>\n<\/ul>\n<\/div>\n<div class=\"st-hr large\">\n<h2 class=\"st-heading-section\">Opcje obejmuj\u0105<\/h2>\n<\/div>\n<div class=\"accordion-item\">\n<div id=\"collapseInExClude\" class=\"accordion-collapse collapse show\" aria-labelledby=\"headingInExClude\" data-bs-parent=\"#headingInExClude\">\n<div class=\"accordion-body\">\n<div class=\"row\">\n<div class=\"col-lg-6\">\n<ul class=\"include\">\n<li><i class=\"input-icon st-border-radius field-icon fa\"><\/i>D\u00e9jeuner inclus<\/li>\n<li><i class=\"input-icon st-border-radius field-icon fa\"><\/i>Sprz\u0119t do snorkelingu w cenie<\/li>\n<li><i class=\"input-icon st-border-radius field-icon fa\"><\/i>Czas wolny na pla\u017cy<\/li>\n<\/ul>\n<h5><img decoding=\"async\" class=\"emoji\" role=\"img\" draggable=\"false\" src=\"https:\/\/s.w.org\/images\/core\/emoji\/16.0.1\/svg\/1f4dd.svg\" alt=\"\ud83d\udcdd\" \/>\u00a0Uwaga<\/h5>\n<ul>\n<li>Po\u0142\u0105czenie lokalizacji 3\u20ac<\/li>\n<li>3\u20ac lokalizacja gilet de sauvetage<\/li>\n<\/ul>\n<p data-start=\"41\" data-end=\"199\">\ud83e\udd11 <strong data-start=\"44\" data-end=\"63\">Ceny aktywno\u015bci ( <\/strong><strong data-start=\"28\" data-end=\"70\">Ceny dla go\u015bci mieszkaj\u0105cych w Hurghadzie )<\/strong><\/p>\n<p data-start=\"28\" data-end=\"72\">\ud83d\ude4e\ud83c\udffb\u200d\u2642\ufe0f Doro\u015bli (od 12 lat): 90 \u20ac<br data-start=\"101\" data-end=\"104\" \/>\ud83e\uddcd\ud83c\udffb\u200d\u2640\ufe0f Dzieci (do 12 lat): 50 \u20ac<br data-start=\"156\" data-end=\"159\" \/>\ud83d\udc7c\ud83c\udffc Poni\u017cej 5 lat: 20 \u20ac<\/p>\n<p data-start=\"41\" data-end=\"199\">\ud83e\udd11 <strong data-start=\"44\" data-end=\"63\">Ceny aktywno\u015bci ( <\/strong><strong data-start=\"28\" data-end=\"70\">Ceny dla go\u015bci mieszkaj\u0105cych w Marsa Alam )<\/strong><\/p>\n<p data-start=\"28\" data-end=\"72\">\u00a0 \u00a0 \u00a0 \u00a0\ud83d\udc68\ud83c\udffb\u200d\ud83e\uddb1 Doro\u015bli (od 12 lat): <strong data-start=\"103\" data-end=\"110\">70 \u20ac<\/strong><br data-start=\"110\" data-end=\"113\" \/>\u00a0 \u00a0 \u00a0 \u00a0\ud83e\uddcd\ud83c\udffb\u200d\u2640\ufe0f Dzieci (do 12 lat): <strong data-start=\"148\" data-end=\"155\">40 \u20ac<\/strong><\/p>\n<h3 data-start=\"2198\" data-end=\"2225\"><strong data-start=\"2205\" data-end=\"2223\">P\u0142atno\u015b\u0107 w USD ($ \ud83c\uddfa\ud83c\uddf8) zamiast EUR (\u20ac \ud83c\uddea\ud83c\uddfa) jest dost\u0119pna zgodnie z dziennym kursem wymiany banku.<\/strong><\/h3>\n<\/div>\n<\/div>\n<\/div>\n<\/div>\n<\/div>\n<ul data-start=\"1907\" data-end=\"2140\">\n<li data-start=\"2004\" data-end=\"2140\"><strong>Book Through WhatsApp:<\/strong><\/li>\n<li data-start=\"2004\" data-end=\"2140\"><a href=\"https:\/\/wa.me\/201021058859\" target=\"_blank\" rel=\"noopener\"><img decoding=\"async\" class=\"alignnone wp-image-2058\" src=\"https:\/\/poehalisnamiegypt.com\/wp-content\/uploads\/2024\/02\/pngwing.com_-300x300.png\" sizes=\"auto, (max-width: 35px) 100vw, 35px\" srcset=\"https:\/\/poehalisnamiegypt.com\/wp-content\/uploads\/2024\/02\/pngwing.com_-300x300.png 300w, https:\/\/poehalisnamiegypt.com\/wp-content\/uploads\/2024\/02\/pngwing.com_-150x150.png 150w, https:\/\/poehalisnamiegypt.com\/wp-content\/uploads\/2024\/02\/pngwing.com_.png 584w\" alt=\"\" width=\"53\" height=\"53\" \/><\/a><\/li>\n<\/ul>\n<div id=\"gtx-trans\" style=\"position: absolute; left: 517px; top: 1.2px;\">\n<div class=\"gtx-trans-icon\"><\/div>\n<\/div>","protected":false},"excerpt":{"rendered":"<p>\ud83c\udfd6\ufe0f\u2728 Abu Dabbab Beach Adventure \u2013 A Paradise in Marsa Alam! \u2728\ud83c\udfd6\ufe0f Abu Dabbab Beach is one of the most famous snorkeling and diving spots in the Red Sea, located near Marsa Alam. \ud83c\udf0a With its soft white sands and crystal-clear turquoise waters, it\u2019s a paradise for water lovers. The beach is known for its [&hellip;]<\/p>","protected":false},"featured_media":10762,"comment_status":"open","ping_status":"closed","template":"","meta":{"_monsterinsights_skip_tracking":false,"_monsterinsights_sitenote_active":false,"_monsterinsights_sitenote_note":"","_monsterinsights_sitenote_category":0},"product_brand":[],"product_cat":[66,68],"product_tag":[],"class_list":{"0":"post-10761","1":"product","2":"type-product","3":"status-publish","4":"has-post-thumbnail","6":"product_cat-marsa-alam","7":"product_cat-sea","9":"first","10":"instock","11":"shipping-taxable","12":"purchasable","13":"product-type-ovabrw_car_rental"},"_links":{"self":[{"href":"https:\/\/redsea-dream-tours.com\/pl\/wp-json\/wp\/v2\/product\/10761","targetHints":{"allow":["GET"]}}],"collection":[{"href":"https:\/\/redsea-dream-tours.com\/pl\/wp-json\/wp\/v2\/product"}],"about":[{"href":"https:\/\/redsea-dream-tours.com\/pl\/wp-json\/wp\/v2\/types\/product"}],"replies":[{"embeddable":true,"href":"https:\/\/redsea-dream-tours.com\/pl\/wp-json\/wp\/v2\/comments?post=10761"}],"wp:featuredmedia":[{"embeddable":true,"href":"https:\/\/redsea-dream-tours.com\/pl\/wp-json\/wp\/v2\/media\/10762"}],"wp:attachment":[{"href":"https:\/\/redsea-dream-tours.com\/pl\/wp-json\/wp\/v2\/media?parent=10761"}],"wp:term":[{"taxonomy":"product_brand","embeddable":true,"href":"https:\/\/redsea-dream-tours.com\/pl\/wp-json\/wp\/v2\/product_brand?post=10761"},{"taxonomy":"product_cat","embeddable":true,"href":"https:\/\/redsea-dream-tours.com\/pl\/wp-json\/wp\/v2\/product_cat?post=10761"},{"taxonomy":"product_tag","embeddable":true,"href":"https:\/\/redsea-dream-tours.com\/pl\/wp-json\/wp\/v2\/product_tag?post=10761"}],"curies":[{"name":"wp","href":"https:\/\/api.w.org\/{rel}","templated":true}]}}