{"id":10237,"date":"2025-09-09T11:09:40","date_gmt":"2025-09-09T11:09:40","guid":{"rendered":"https:\/\/redsea-dream-tours.com\/?post_type=product&#038;p=10237"},"modified":"2025-10-20T21:37:08","modified_gmt":"2025-10-20T21:37:08","slug":"safaga-airport-transfer-by-hiace-car","status":"publish","type":"product","link":"https:\/\/redsea-dream-tours.com\/pl\/produkt\/safaga-airport-transfer-by-hiace-car\/","title":{"rendered":"Safaga transfer lotniskowy samochodem Hiace"},"content":{"rendered":"<h3 data-start=\"110\" data-end=\"155\">\u2708\ufe0f Transfer z lotniska Safaga samochodem Hiace<\/h3>\n<p data-start=\"157\" data-end=\"447\">Ciesz si\u0119 <strong data-start=\"165\" data-end=\"218\">wygodny i niezawodny transfer lotniskowy<\/strong> pomi\u0119dzy <strong data-start=\"227\" data-end=\"272\">Mi\u0119dzynarodowe lotnisko Hurghada i Safaga<\/strong> z naszym przestronnym <strong data-start=\"291\" data-end=\"311\">Toyota Hiace van<\/strong>. Us\u0142uga ta jest idealna dla rodzin, grup i os\u00f3b podr\u00f3\u017cuj\u0105cych z dodatkowym baga\u017cem. <strong data-start=\"400\" data-end=\"423\">bezstresowa podr\u00f3\u017c<\/strong> od pocz\u0105tku do ko\u0144ca.<\/p>\n<h4 data-start=\"449\" data-end=\"489\">Bezproblemowy odbi\u00f3r i dow\u00f3z do klienta<\/h4>\n<ul data-start=\"490\" data-end=\"700\">\n<li data-start=\"490\" data-end=\"569\">\n<p data-start=\"492\" data-end=\"569\">\ud83c\udfe8 <strong data-start=\"495\" data-end=\"519\">Us\u0142uga \"od drzwi do drzwi<\/strong> z hotelu, o\u015brodka lub rezydencji w Safadze<\/p>\n<\/li>\n<li data-start=\"570\" data-end=\"635\">\n<p data-start=\"572\" data-end=\"635\">\u2708\ufe0f <strong data-start=\"575\" data-end=\"633\">Bezpo\u015bredni transfer z\/do mi\u0119dzynarodowego lotniska w Hurghadzie<\/strong><\/p>\n<\/li>\n<li data-start=\"636\" data-end=\"700\">\n<p data-start=\"638\" data-end=\"700\">\u23f0 <strong data-start=\"640\" data-end=\"668\">Elastyczne godziny odlot\u00f3w<\/strong> dopasowanie do harmonogramu lot\u00f3w<\/p>\n<\/li>\n<\/ul>\n<h4 data-start=\"702\" data-end=\"742\">Przestronny i wygodny pojazd<\/h4>\n<ul data-start=\"743\" data-end=\"926\">\n<li data-start=\"743\" data-end=\"809\">\n<p data-start=\"745\" data-end=\"809\">\ud83e\ude91 <strong data-start=\"748\" data-end=\"777\">Miejsca siedz\u0105ce dla maksymalnie 10 pasa\u017cer\u00f3w<\/strong> - Idealny dla rodzin i grup<\/p>\n<\/li>\n<li data-start=\"810\" data-end=\"871\">\n<p data-start=\"812\" data-end=\"871\">\u2744\ufe0f <strong data-start=\"815\" data-end=\"849\">W pe\u0142ni klimatyzowane wn\u0119trze<\/strong> na przyjemn\u0105 przeja\u017cd\u017ck\u0119<\/p>\n<\/li>\n<li data-start=\"872\" data-end=\"926\">\n<p data-start=\"874\" data-end=\"926\">\ud83d\udcbc <strong data-start=\"877\" data-end=\"903\">Du\u017ca pojemno\u015b\u0107 baga\u017cu<\/strong> do toreb podr\u00f3\u017cnych<\/p>\n<\/li>\n<\/ul>\n<h4 data-start=\"928\" data-end=\"967\">\ud83d\udee3\ufe0f Idealny dla wszystkich potrzeb podr\u00f3\u017cnych<\/h4>\n<ul data-start=\"968\" data-end=\"1126\">\n<li data-start=\"968\" data-end=\"1022\">\n<p data-start=\"970\" data-end=\"1022\">\ud83d\udeec <strong data-start=\"973\" data-end=\"1020\">Transfery przylotniskowe z us\u0142ug\u0105 spotkania i powitania<\/strong><\/p>\n<\/li>\n<li data-start=\"1023\" data-end=\"1084\">\n<p data-start=\"1025\" data-end=\"1084\">\ud83d\udeeb <strong data-start=\"1028\" data-end=\"1082\">Transfery odlot\u00f3w z gwarancj\u0105 punktualnego przybycia<\/strong><\/p>\n<\/li>\n<li data-start=\"1085\" data-end=\"1126\">\n<p data-start=\"1087\" data-end=\"1126\">\ud83d\udd04 <strong data-start=\"1090\" data-end=\"1124\">Dost\u0119pne transfery w obie strony<\/strong><\/p>\n<\/li>\n<\/ul>\n<h4 data-start=\"1128\" data-end=\"1168\">\ud83e\uddd1\u200d\u2708\ufe0f Profesjonalna i bezpieczna obs\u0142uga<\/h4>\n<ul data-start=\"1169\" data-end=\"1271\">\n<li data-start=\"1169\" data-end=\"1215\">\n<p data-start=\"1171\" data-end=\"1215\">\ud83d\udc68\u200d\u2708\ufe0f <strong data-start=\"1177\" data-end=\"1213\">Do\u015bwiadczeni i licencjonowani kierowcy<\/strong><\/p>\n<\/li>\n<li data-start=\"1216\" data-end=\"1271\">\n<p data-start=\"1218\" data-end=\"1271\">\ud83d\udee1\ufe0f Skupiono si\u0119 na <strong data-start=\"1233\" data-end=\"1269\">punktualno\u015b\u0107, komfort i bezpiecze\u0144stwo<\/strong><\/p>\n<\/li>\n<\/ul>\n<h4 data-start=\"1273\" data-end=\"1317\">P\u0142ynne rozpocz\u0119cie lub zako\u0144czenie podr\u00f3\u017cy<\/h4>\n<p data-start=\"1318\" data-end=\"1431\">Zrelaksuj si\u0119 i ciesz si\u0119 podr\u00f3\u017c\u0105 do lub z Safagi dzi\u0119ki <strong data-start=\"1369\" data-end=\"1428\">szybki, niezawodny i bezproblemowy transfer lotniskowy<\/strong>.<\/p>\n<h3 data-start=\"2198\" data-end=\"2225\"><strong data-start=\"2205\" data-end=\"2223\">P\u0142atno\u015b\u0107 w USD ($ \ud83c\uddfa\ud83c\uddf8) zamiast EUR (\u20ac \ud83c\uddea\ud83c\uddfa) jest dost\u0119pna zgodnie z dziennym kursem wymiany banku.<\/strong><\/h3>\n<p><strong>Book Through WhatsApp:<\/strong><\/p>\n<p><a href=\"https:\/\/wa.me\/201021058859\" target=\"_blank\" rel=\"noopener\">\u00a0<img decoding=\"async\" class=\"alignnone wp-image-2058\" src=\"https:\/\/poehalisnamiegypt.com\/wp-content\/uploads\/2024\/02\/pngwing.com_-300x300.png\" sizes=\"auto, (max-width: 35px) 100vw, 35px\" srcset=\"https:\/\/poehalisnamiegypt.com\/wp-content\/uploads\/2024\/02\/pngwing.com_-300x300.png 300w, https:\/\/poehalisnamiegypt.com\/wp-content\/uploads\/2024\/02\/pngwing.com_-150x150.png 150w, https:\/\/poehalisnamiegypt.com\/wp-content\/uploads\/2024\/02\/pngwing.com_.png 584w\" alt=\"\" width=\"53\" height=\"53\" \/><\/a><\/p>\n<p>&nbsp;<\/p>","protected":false},"excerpt":{"rendered":"<p>\u2708\ufe0f Safaga Airport Transfer by Hiace Car Enjoy a comfortable and reliable airport transfer service between Hurghada International Airport and Safaga with our spacious Toyota Hiace van. Perfect for families, groups, and travelers with extra luggage, this service ensures a stress-free journey from start to finish. \ud83c\udfc1 Hassle-Free Pick-Up &amp; Drop-Off \ud83c\udfe8 Door-to-door service from [&hellip;]<\/p>","protected":false},"featured_media":10909,"comment_status":"open","ping_status":"closed","template":"","meta":{"_monsterinsights_skip_tracking":false,"_monsterinsights_sitenote_active":false,"_monsterinsights_sitenote_note":"","_monsterinsights_sitenote_category":0},"product_brand":[],"product_cat":[69],"product_tag":[],"class_list":{"0":"post-10237","1":"product","2":"type-product","3":"status-publish","4":"has-post-thumbnail","6":"product_cat-transfer","8":"first","9":"instock","10":"shipping-taxable","11":"purchasable","12":"product-type-ovabrw_car_rental"},"_links":{"self":[{"href":"https:\/\/redsea-dream-tours.com\/pl\/wp-json\/wp\/v2\/product\/10237","targetHints":{"allow":["GET"]}}],"collection":[{"href":"https:\/\/redsea-dream-tours.com\/pl\/wp-json\/wp\/v2\/product"}],"about":[{"href":"https:\/\/redsea-dream-tours.com\/pl\/wp-json\/wp\/v2\/types\/product"}],"replies":[{"embeddable":true,"href":"https:\/\/redsea-dream-tours.com\/pl\/wp-json\/wp\/v2\/comments?post=10237"}],"wp:featuredmedia":[{"embeddable":true,"href":"https:\/\/redsea-dream-tours.com\/pl\/wp-json\/wp\/v2\/media\/10909"}],"wp:attachment":[{"href":"https:\/\/redsea-dream-tours.com\/pl\/wp-json\/wp\/v2\/media?parent=10237"}],"wp:term":[{"taxonomy":"product_brand","embeddable":true,"href":"https:\/\/redsea-dream-tours.com\/pl\/wp-json\/wp\/v2\/product_brand?post=10237"},{"taxonomy":"product_cat","embeddable":true,"href":"https:\/\/redsea-dream-tours.com\/pl\/wp-json\/wp\/v2\/product_cat?post=10237"},{"taxonomy":"product_tag","embeddable":true,"href":"https:\/\/redsea-dream-tours.com\/pl\/wp-json\/wp\/v2\/product_tag?post=10237"}],"curies":[{"name":"wp","href":"https:\/\/api.w.org\/{rel}","templated":true}]}}