{"id":10236,"date":"2025-09-09T11:06:03","date_gmt":"2025-09-09T11:06:03","guid":{"rendered":"https:\/\/redsea-dream-tours.com\/?post_type=product&#038;p=10236"},"modified":"2025-10-20T21:37:39","modified_gmt":"2025-10-20T21:37:39","slug":"external-airport-transfer-el-gouna-makadi-sahl-hasheesh-limousine","status":"publish","type":"product","link":"https:\/\/redsea-dream-tours.com\/pl\/produkt\/external-airport-transfer-el-gouna-makadi-sahl-hasheesh-limousine\/","title":{"rendered":"Zewn\u0119trzny transfer lotniskowy (El Gouna, Makadi, Sahl Hasheesh) Limuzyna"},"content":{"rendered":"<h3 data-start=\"144\" data-end=\"225\">Zewn\u0119trzny transfer lotniskowy (El Gouna, Makadi, Sahl Hasheesh) limuzyn\u0105<\/h3>\n<p data-start=\"227\" data-end=\"517\">Podr\u00f3\u017c w <strong data-start=\"237\" data-end=\"267\">Luksus, styl i komfort<\/strong> pomi\u0119dzy <strong data-start=\"276\" data-end=\"310\">Mi\u0119dzynarodowy port lotniczy Hurghada<\/strong> i najlepsze pobliskie miejsca docelowe: <strong data-start=\"344\" data-end=\"387\">El Gouna, Zatoka Makadi i Sahl Hasheesh<\/strong>. Nasz <strong data-start=\"393\" data-end=\"423\">us\u0142uga transferu limuzyn\u0105<\/strong> oferuje <strong data-start=\"433\" data-end=\"475\">Bezproblemowe i eleganckie do\u015bwiadczenie podr\u00f3\u017cy<\/strong> dla os\u00f3b indywidualnych, par i rodzin.<\/p>\n<h4 data-start=\"519\" data-end=\"558\">Wygodny odbi\u00f3r i dow\u00f3z do klienta<\/h4>\n<ul data-start=\"559\" data-end=\"724\">\n<li data-start=\"559\" data-end=\"616\">\n<p data-start=\"561\" data-end=\"616\">\ud83c\udfe8 <strong data-start=\"564\" data-end=\"588\">Us\u0142uga \"od drzwi do drzwi<\/strong> z hotelu lub o\u015brodka<\/p>\n<\/li>\n<li data-start=\"617\" data-end=\"668\">\n<p data-start=\"619\" data-end=\"668\">\u2708\ufe0f <strong data-start=\"622\" data-end=\"666\">Bezpo\u015bredni transfer z\/do lotniska w Hurghadzie<\/strong><\/p>\n<\/li>\n<li data-start=\"669\" data-end=\"724\">\n<p data-start=\"671\" data-end=\"724\">\u23f0 <strong data-start=\"673\" data-end=\"694\">Elastyczny harmonogram<\/strong> aby dopasowa\u0107 si\u0119 do czasu lotu<\/p>\n<\/li>\n<\/ul>\n<h4 data-start=\"726\" data-end=\"761\">Cechy luksusowej limuzyny<\/h4>\n<ul data-start=\"762\" data-end=\"937\">\n<li data-start=\"762\" data-end=\"816\">\n<p data-start=\"764\" data-end=\"816\">\ud83e\ude91 <strong data-start=\"767\" data-end=\"814\">Wysokiej jako\u015bci sk\u00f3rzane fotele i przestronne wn\u0119trze<\/strong><\/p>\n<\/li>\n<li data-start=\"817\" data-end=\"878\">\n<p data-start=\"819\" data-end=\"878\">\u2744\ufe0f <strong data-start=\"822\" data-end=\"876\">W pe\u0142ni klimatyzowana kabina zapewnia przyjemn\u0105 podr\u00f3\u017c<\/strong><\/p>\n<\/li>\n<li data-start=\"879\" data-end=\"937\">\n<p data-start=\"881\" data-end=\"937\">\ud83d\udcbc <strong data-start=\"884\" data-end=\"910\">Du\u017ca pojemno\u015b\u0107 baga\u017cowa<\/strong> dla wszystkich toreb podr\u00f3\u017cnych<\/p>\n<\/li>\n<\/ul>\n<h4 data-start=\"939\" data-end=\"977\">\ud83d\udee3\ufe0f Obs\u0142uga presti\u017cowych kurort\u00f3w<\/h4>\n<ul data-start=\"978\" data-end=\"1076\">\n<li data-start=\"978\" data-end=\"1008\">\n<p data-start=\"980\" data-end=\"1008\">\ud83c\udfdd\ufe0f <strong data-start=\"984\" data-end=\"1006\">Transfery El Gouna<\/strong><\/p>\n<\/li>\n<li data-start=\"1009\" data-end=\"1041\">\n<p data-start=\"1011\" data-end=\"1041\">\ud83c\udfd6\ufe0f <strong data-start=\"1015\" data-end=\"1039\">Transfery do zatoki Makadi<\/strong><\/p>\n<\/li>\n<li data-start=\"1042\" data-end=\"1076\">\n<p data-start=\"1044\" data-end=\"1076\">\ud83c\udf05 <strong data-start=\"1047\" data-end=\"1074\">Transfery Sahl Hasheesh<\/strong><\/p>\n<\/li>\n<\/ul>\n<h4 data-start=\"1078\" data-end=\"1121\">\ud83e\uddd1\u200d\u2708\ufe0f Profesjonalne us\u0142ugi szoferskie<\/h4>\n<ul data-start=\"1122\" data-end=\"1248\">\n<li data-start=\"1122\" data-end=\"1184\">\n<p data-start=\"1124\" data-end=\"1184\">\ud83d\udc68\u200d\u2708\ufe0f <strong data-start=\"1130\" data-end=\"1182\">Dobrze wyszkoleni, licencjonowani i uprzejmi szoferzy<\/strong><\/p>\n<\/li>\n<li data-start=\"1185\" data-end=\"1248\">\n<p data-start=\"1187\" data-end=\"1248\">\ud83d\udee1\ufe0f Skupiono si\u0119 na <strong data-start=\"1202\" data-end=\"1246\">bezpiecze\u0144stwo, punktualno\u015b\u0107 i us\u0142ugi premium<\/strong><\/p>\n<\/li>\n<\/ul>\n<h4 data-start=\"1250\" data-end=\"1294\">Rozpocznij lub zako\u0144cz swoj\u0105 podr\u00f3\u017c w dobrym stylu<\/h4>\n<p data-start=\"1295\" data-end=\"1414\">Rozpocznij wakacje z elegancj\u0105 lub wyjed\u017a z trwa\u0142ym komfortem, wybieraj\u0105c nasze <strong data-start=\"1374\" data-end=\"1411\">us\u0142uga transferu luksusow\u0105 limuzyn\u0105<\/strong>.<\/p>\n<h3 data-start=\"2198\" data-end=\"2225\"><strong data-start=\"2205\" data-end=\"2223\">P\u0142atno\u015b\u0107 w USD ($ \ud83c\uddfa\ud83c\uddf8) zamiast EUR (\u20ac \ud83c\uddea\ud83c\uddfa) jest dost\u0119pna zgodnie z dziennym kursem wymiany banku.<\/strong><\/h3>\n<p><strong>Book Through WhatsApp:<\/strong><\/p>\n<p><a href=\"https:\/\/wa.me\/201021058859\" target=\"_blank\" rel=\"noopener\">\u00a0<img decoding=\"async\" class=\"alignnone wp-image-2058\" src=\"https:\/\/poehalisnamiegypt.com\/wp-content\/uploads\/2024\/02\/pngwing.com_-300x300.png\" sizes=\"auto, (max-width: 35px) 100vw, 35px\" srcset=\"https:\/\/poehalisnamiegypt.com\/wp-content\/uploads\/2024\/02\/pngwing.com_-300x300.png 300w, https:\/\/poehalisnamiegypt.com\/wp-content\/uploads\/2024\/02\/pngwing.com_-150x150.png 150w, https:\/\/poehalisnamiegypt.com\/wp-content\/uploads\/2024\/02\/pngwing.com_.png 584w\" alt=\"\" width=\"53\" height=\"53\" \/><\/a><\/p>\n<p>&nbsp;<\/p>","protected":false},"excerpt":{"rendered":"<p>\ud83d\ude96 External Airport Transfer (El Gouna, Makadi, Sahl Hasheesh) by Limousine Travel in luxury, style, and comfort between Hurghada International Airport and the top nearby destinations: El Gouna, Makadi Bay, and Sahl Hasheesh. Our limousine transfer service offers a seamless and elegant travel experience for individuals, couples, and families. \ud83c\udfc1 Convenient Pick-Up &amp; Drop-Off \ud83c\udfe8 [&hellip;]<\/p>","protected":false},"featured_media":10907,"comment_status":"open","ping_status":"closed","template":"","meta":{"_monsterinsights_skip_tracking":false,"_monsterinsights_sitenote_active":false,"_monsterinsights_sitenote_note":"","_monsterinsights_sitenote_category":0},"product_brand":[],"product_cat":[69],"product_tag":[],"class_list":{"0":"post-10236","1":"product","2":"type-product","3":"status-publish","4":"has-post-thumbnail","6":"product_cat-transfer","8":"first","9":"instock","10":"shipping-taxable","11":"purchasable","12":"product-type-ovabrw_car_rental"},"_links":{"self":[{"href":"https:\/\/redsea-dream-tours.com\/pl\/wp-json\/wp\/v2\/product\/10236","targetHints":{"allow":["GET"]}}],"collection":[{"href":"https:\/\/redsea-dream-tours.com\/pl\/wp-json\/wp\/v2\/product"}],"about":[{"href":"https:\/\/redsea-dream-tours.com\/pl\/wp-json\/wp\/v2\/types\/product"}],"replies":[{"embeddable":true,"href":"https:\/\/redsea-dream-tours.com\/pl\/wp-json\/wp\/v2\/comments?post=10236"}],"wp:featuredmedia":[{"embeddable":true,"href":"https:\/\/redsea-dream-tours.com\/pl\/wp-json\/wp\/v2\/media\/10907"}],"wp:attachment":[{"href":"https:\/\/redsea-dream-tours.com\/pl\/wp-json\/wp\/v2\/media?parent=10236"}],"wp:term":[{"taxonomy":"product_brand","embeddable":true,"href":"https:\/\/redsea-dream-tours.com\/pl\/wp-json\/wp\/v2\/product_brand?post=10236"},{"taxonomy":"product_cat","embeddable":true,"href":"https:\/\/redsea-dream-tours.com\/pl\/wp-json\/wp\/v2\/product_cat?post=10236"},{"taxonomy":"product_tag","embeddable":true,"href":"https:\/\/redsea-dream-tours.com\/pl\/wp-json\/wp\/v2\/product_tag?post=10236"}],"curies":[{"name":"wp","href":"https:\/\/api.w.org\/{rel}","templated":true}]}}