{"id":10235,"date":"2025-09-09T11:02:50","date_gmt":"2025-09-09T11:02:50","guid":{"rendered":"https:\/\/redsea-dream-tours.com\/?post_type=product&#038;p=10235"},"modified":"2025-10-20T21:37:54","modified_gmt":"2025-10-20T21:37:54","slug":"external-airport-transfer-el-gouna-makadi-sahl-hasheesh-by-hiace-car","status":"publish","type":"product","link":"https:\/\/redsea-dream-tours.com\/pl\/produkt\/external-airport-transfer-el-gouna-makadi-sahl-hasheesh-by-hiace-car\/","title":{"rendered":"Zewn\u0119trzny transfer lotniskowy (El Gouna, Makadi, Sahl Hasheesh) samochodem Hiace"},"content":{"rendered":"<h3 data-start=\"154\" data-end=\"235\">\u2708\ufe0f Zewn\u0119trzny transfer lotniskowy (El Gouna, Makadi, Sahl Hasheesh) samochodem Hiace<\/h3>\n<p data-start=\"237\" data-end=\"529\">Ciesz si\u0119 <strong data-start=\"245\" data-end=\"296\">wygodny, niezawodny i bezstresowy transfer<\/strong> pomi\u0119dzy <strong data-start=\"305\" data-end=\"339\">Mi\u0119dzynarodowy port lotniczy Hurghada<\/strong> i najpopularniejsze pobliskie kurorty: <strong data-start=\"377\" data-end=\"420\">El Gouna, Zatoka Makadi i Sahl Hasheesh<\/strong>. Nasz <strong data-start=\"426\" data-end=\"450\">Serwis Toyota Hiace<\/strong> to idealny wyb\u00f3r dla rodzin, grup lub podr\u00f3\u017cnych z dodatkowym baga\u017cem.<\/p>\n<h4 data-start=\"531\" data-end=\"564\">\ud83c\udfc1 \u0141atwy odbi\u00f3r i dow\u00f3z<\/h4>\n<ul data-start=\"565\" data-end=\"730\">\n<li data-start=\"565\" data-end=\"622\">\n<p data-start=\"567\" data-end=\"622\">\ud83c\udfe8 <strong data-start=\"570\" data-end=\"594\">Us\u0142uga \"od drzwi do drzwi<\/strong> z o\u015brodka lub hotelu<\/p>\n<\/li>\n<li data-start=\"623\" data-end=\"674\">\n<p data-start=\"625\" data-end=\"674\">\u2708\ufe0f <strong data-start=\"628\" data-end=\"672\">Bezpo\u015bredni transfer z\/do lotniska w Hurghadzie<\/strong><\/p>\n<\/li>\n<li data-start=\"675\" data-end=\"730\">\n<p data-start=\"677\" data-end=\"730\">\u23f0 <strong data-start=\"679\" data-end=\"698\">Elastyczny harmonogram<\/strong> dopasowanie do harmonogramu lot\u00f3w<\/p>\n<\/li>\n<\/ul>\n<h4 data-start=\"732\" data-end=\"770\">Przestronny i wygodny Hiace<\/h4>\n<ul data-start=\"771\" data-end=\"953\">\n<li data-start=\"771\" data-end=\"831\">\n<p data-start=\"773\" data-end=\"831\">\ud83e\ude91 <strong data-start=\"776\" data-end=\"799\">Do 10 pasa\u017cer\u00f3w<\/strong> - Idealny dla rodzin i grup<\/p>\n<\/li>\n<li data-start=\"832\" data-end=\"896\">\n<p data-start=\"834\" data-end=\"896\">\u2744\ufe0f <strong data-start=\"837\" data-end=\"865\">Klimatyzowane wn\u0119trze<\/strong> na ch\u0142odn\u0105 i relaksuj\u0105c\u0105 przeja\u017cd\u017ck\u0119<\/p>\n<\/li>\n<li data-start=\"897\" data-end=\"953\">\n<p data-start=\"899\" data-end=\"953\">\ud83d\udcbc <strong data-start=\"902\" data-end=\"928\">Du\u017ca przestrze\u0144 baga\u017cowa<\/strong> do walizek i toreb<\/p>\n<\/li>\n<\/ul>\n<h4 data-start=\"955\" data-end=\"992\">\ud83d\udee3\ufe0f Obs\u0142uga g\u0142\u00f3wnych miejsc docelowych<\/h4>\n<ul data-start=\"993\" data-end=\"1091\">\n<li data-start=\"993\" data-end=\"1023\">\n<p data-start=\"995\" data-end=\"1023\">\ud83c\udfdd\ufe0f <strong data-start=\"999\" data-end=\"1021\">Transfery El Gouna<\/strong><\/p>\n<\/li>\n<li data-start=\"1024\" data-end=\"1056\">\n<p data-start=\"1026\" data-end=\"1056\">\ud83c\udfd6\ufe0f <strong data-start=\"1030\" data-end=\"1054\">Transfery do zatoki Makadi<\/strong><\/p>\n<\/li>\n<li data-start=\"1057\" data-end=\"1091\">\n<p data-start=\"1059\" data-end=\"1091\">\ud83c\udf05 <strong data-start=\"1062\" data-end=\"1089\">Transfery Sahl Hasheesh<\/strong><\/p>\n<\/li>\n<\/ul>\n<h4 data-start=\"1093\" data-end=\"1133\">\ud83e\uddd1\u200d\u2708\ufe0f Profesjonalna i bezpieczna obs\u0142uga<\/h4>\n<ul data-start=\"1134\" data-end=\"1233\">\n<li data-start=\"1134\" data-end=\"1177\">\n<p data-start=\"1136\" data-end=\"1177\">\ud83d\udc68\u200d\u2708\ufe0f <strong data-start=\"1142\" data-end=\"1175\">Do\u015bwiadczeni, licencjonowani kierowcy<\/strong><\/p>\n<\/li>\n<li data-start=\"1178\" data-end=\"1233\">\n<p data-start=\"1180\" data-end=\"1233\">\ud83d\udee1\ufe0f Skupiono si\u0119 na <strong data-start=\"1195\" data-end=\"1231\">punktualno\u015b\u0107, bezpiecze\u0144stwo i komfort<\/strong><\/p>\n<\/li>\n<\/ul>\n<h4 data-start=\"1235\" data-end=\"1276\">P\u0142ynne rozpocz\u0119cie lub zako\u0144czenie podr\u00f3\u017cy<\/h4>\n<p data-start=\"1277\" data-end=\"1395\">Zrelaksuj si\u0119 i ciesz si\u0119 wakacjami od pierwszej chwili dzi\u0119ki <strong data-start=\"1341\" data-end=\"1392\">Bezproblemowy transfer, kt\u00f3ry zapewnia spok\u00f3j ducha<\/strong>.<\/p>\n<h3 data-start=\"2198\" data-end=\"2225\"><strong data-start=\"2205\" data-end=\"2223\">P\u0142atno\u015b\u0107 w USD ($ \ud83c\uddfa\ud83c\uddf8) zamiast EUR (\u20ac \ud83c\uddea\ud83c\uddfa) jest dost\u0119pna zgodnie z dziennym kursem wymiany banku.<\/strong><\/h3>\n<p><strong>Book Through WhatsApp:<\/strong><\/p>\n<p><a href=\"https:\/\/wa.me\/201021058859\" target=\"_blank\" rel=\"noopener\">\u00a0<img decoding=\"async\" class=\"alignnone wp-image-2058\" src=\"https:\/\/poehalisnamiegypt.com\/wp-content\/uploads\/2024\/02\/pngwing.com_-300x300.png\" sizes=\"auto, (max-width: 35px) 100vw, 35px\" srcset=\"https:\/\/poehalisnamiegypt.com\/wp-content\/uploads\/2024\/02\/pngwing.com_-300x300.png 300w, https:\/\/poehalisnamiegypt.com\/wp-content\/uploads\/2024\/02\/pngwing.com_-150x150.png 150w, https:\/\/poehalisnamiegypt.com\/wp-content\/uploads\/2024\/02\/pngwing.com_.png 584w\" alt=\"\" width=\"53\" height=\"53\" \/><\/a><\/p>\n<p>&nbsp;<\/p>","protected":false},"excerpt":{"rendered":"<p>\u2708\ufe0f External Airport Transfer (El Gouna, Makadi, Sahl Hasheesh) by Hiace Car Enjoy a comfortable, reliable, and stress-free transfer between Hurghada International Airport and the most popular nearby resorts: El Gouna, Makadi Bay, and Sahl Hasheesh. Our Toyota Hiace service is the perfect choice for families, groups, or travelers with extra luggage. \ud83c\udfc1 Easy Pick-Up [&hellip;]<\/p>","protected":false},"featured_media":10904,"comment_status":"open","ping_status":"closed","template":"","meta":{"_monsterinsights_skip_tracking":false,"_monsterinsights_sitenote_active":false,"_monsterinsights_sitenote_note":"","_monsterinsights_sitenote_category":0},"product_brand":[],"product_cat":[69],"product_tag":[],"class_list":{"0":"post-10235","1":"product","2":"type-product","3":"status-publish","4":"has-post-thumbnail","6":"product_cat-transfer","8":"first","9":"instock","10":"shipping-taxable","11":"purchasable","12":"product-type-ovabrw_car_rental"},"_links":{"self":[{"href":"https:\/\/redsea-dream-tours.com\/pl\/wp-json\/wp\/v2\/product\/10235","targetHints":{"allow":["GET"]}}],"collection":[{"href":"https:\/\/redsea-dream-tours.com\/pl\/wp-json\/wp\/v2\/product"}],"about":[{"href":"https:\/\/redsea-dream-tours.com\/pl\/wp-json\/wp\/v2\/types\/product"}],"replies":[{"embeddable":true,"href":"https:\/\/redsea-dream-tours.com\/pl\/wp-json\/wp\/v2\/comments?post=10235"}],"wp:featuredmedia":[{"embeddable":true,"href":"https:\/\/redsea-dream-tours.com\/pl\/wp-json\/wp\/v2\/media\/10904"}],"wp:attachment":[{"href":"https:\/\/redsea-dream-tours.com\/pl\/wp-json\/wp\/v2\/media?parent=10235"}],"wp:term":[{"taxonomy":"product_brand","embeddable":true,"href":"https:\/\/redsea-dream-tours.com\/pl\/wp-json\/wp\/v2\/product_brand?post=10235"},{"taxonomy":"product_cat","embeddable":true,"href":"https:\/\/redsea-dream-tours.com\/pl\/wp-json\/wp\/v2\/product_cat?post=10235"},{"taxonomy":"product_tag","embeddable":true,"href":"https:\/\/redsea-dream-tours.com\/pl\/wp-json\/wp\/v2\/product_tag?post=10235"}],"curies":[{"name":"wp","href":"https:\/\/api.w.org\/{rel}","templated":true}]}}