{"id":10233,"date":"2025-09-09T10:55:27","date_gmt":"2025-09-09T10:55:27","guid":{"rendered":"https:\/\/redsea-dream-tours.com\/?post_type=product&#038;p=10233"},"modified":"2025-10-20T21:38:52","modified_gmt":"2025-10-20T21:38:52","slug":"airport-transfer-within-hurghada-by-hiace-car","status":"publish","type":"product","link":"https:\/\/redsea-dream-tours.com\/pl\/produkt\/airport-transfer-within-hurghada-by-hiace-car\/","title":{"rendered":"Transfer lotniskowy w obr\u0119bie Hurghady samochodem Hiace"},"content":{"rendered":"<h3 data-start=\"115\" data-end=\"169\">\u2708\ufe0f Transfer lotniskowy w obr\u0119bie Hurghady samochodem Hiace<\/h3>\n<p data-start=\"171\" data-end=\"430\">Stw\u00f3rz sw\u00f3j <strong data-start=\"181\" data-end=\"245\">bezstresowy i wygodny przylot lub wylot z Hurghady<\/strong> z naszym niezawodnym <strong data-start=\"264\" data-end=\"305\">Us\u0142uga transferu lotniskowego Toyota Hiace<\/strong>. Niezale\u017cnie od tego, czy podr\u00f3\u017cujesz do lub z <strong data-start=\"343\" data-end=\"377\">Mi\u0119dzynarodowy port lotniczy Hurghada<\/strong>zapewniamy <strong data-start=\"391\" data-end=\"427\">bezpieczna, p\u0142ynna i terminowa podr\u00f3\u017c<\/strong>.<\/p>\n<h4 data-start=\"432\" data-end=\"472\">Bezproblemowy odbi\u00f3r i dow\u00f3z do klienta<\/h4>\n<ul data-start=\"473\" data-end=\"596\">\n<li data-start=\"473\" data-end=\"542\">\n<p data-start=\"475\" data-end=\"542\">\ud83c\udfe8 <strong data-start=\"478\" data-end=\"502\">Us\u0142uga \"od drzwi do drzwi<\/strong> z hotelu, o\u015brodka lub miejsca zamieszkania<\/p>\n<\/li>\n<li data-start=\"543\" data-end=\"596\">\n<p data-start=\"545\" data-end=\"596\">\u23f0 <strong data-start=\"547\" data-end=\"568\">Elastyczny harmonogram<\/strong> na podstawie czasu lotu<\/p>\n<\/li>\n<\/ul>\n<h4 data-start=\"598\" data-end=\"638\">Przestronny i wygodny pojazd<\/h4>\n<p data-start=\"639\" data-end=\"682\">Podr\u00f3\u017cuj z \u0142atwo\u015bci\u0105 naszym nowoczesnym vanem Hiace:<\/p>\n<ul data-start=\"683\" data-end=\"886\">\n<li data-start=\"683\" data-end=\"757\">\n<p data-start=\"685\" data-end=\"757\">\ud83e\ude91 <strong data-start=\"688\" data-end=\"723\">Miejsca siedz\u0105ce dla maksymalnie 10 pasa\u017cer\u00f3w<\/strong> - Idealny dla rodzin i grup<\/p>\n<\/li>\n<li data-start=\"758\" data-end=\"825\">\n<p data-start=\"760\" data-end=\"825\">\u2744\ufe0f <strong data-start=\"763\" data-end=\"794\">W pe\u0142ni klimatyzowana kabina<\/strong> na ch\u0142odn\u0105 i przyjemn\u0105 jazd\u0119<\/p>\n<\/li>\n<li data-start=\"826\" data-end=\"886\">\n<p data-start=\"828\" data-end=\"886\">\ud83d\udcbc <strong data-start=\"831\" data-end=\"854\">Du\u017ca przestrze\u0144 baga\u017cowa<\/strong> do walizek i toreb podr\u00f3\u017cnych<\/p>\n<\/li>\n<\/ul>\n<h4 data-start=\"888\" data-end=\"930\">\ud83d\udee3\ufe0f Idealny dla wszystkich transfer\u00f3w lotniskowych<\/h4>\n<ul data-start=\"931\" data-end=\"1069\">\n<li data-start=\"931\" data-end=\"977\">\n<p data-start=\"933\" data-end=\"977\">\ud83d\udeeb <strong data-start=\"936\" data-end=\"975\">Z hotelu na lotnisko w Hurghadzie<\/strong><\/p>\n<\/li>\n<li data-start=\"978\" data-end=\"1027\">\n<p data-start=\"980\" data-end=\"1027\">\ud83d\udeec <strong data-start=\"983\" data-end=\"1025\">Z lotniska do miejsca zakwaterowania<\/strong><\/p>\n<\/li>\n<li data-start=\"1028\" data-end=\"1069\">\n<p data-start=\"1030\" data-end=\"1069\">\ud83d\udd04 <strong data-start=\"1033\" data-end=\"1067\">Dost\u0119pne transfery w obie strony<\/strong><\/p>\n<\/li>\n<\/ul>\n<h4 data-start=\"1071\" data-end=\"1113\">\ud83e\uddd1\u200d\u2708\ufe0f Profesjonalny serwis transferowy<\/h4>\n<ul data-start=\"1114\" data-end=\"1218\">\n<li data-start=\"1114\" data-end=\"1160\">\n<p data-start=\"1116\" data-end=\"1160\">\ud83d\udc68\u200d\u2708\ufe0f <strong data-start=\"1122\" data-end=\"1158\">Licencjonowani i do\u015bwiadczeni kierowcy<\/strong><\/p>\n<\/li>\n<li data-start=\"1161\" data-end=\"1218\">\n<p data-start=\"1163\" data-end=\"1218\">\ud83d\udee1\ufe0f Bezpieczny, punktualny i <strong data-start=\"1187\" data-end=\"1216\">Dba\u0142o\u015b\u0107 o komfort u\u017cytkownika<\/strong><\/p>\n<\/li>\n<\/ul>\n<h4 data-start=\"1220\" data-end=\"1266\">\ud83c\udfc1 Rozpocznij lub zako\u0144cz podr\u00f3\u017c we w\u0142a\u015bciwy spos\u00f3b<\/h4>\n<p data-start=\"1267\" data-end=\"1388\">Zrelaksuj si\u0119 i ciesz si\u0119 p\u0142ynnym transferem w Hurghadzie, dzi\u0119ki czemu mo\u017cesz <strong data-start=\"1331\" data-end=\"1385\">Skoncentruj si\u0119 na wakacjach, a nie na k\u0142opotach z transportem<\/strong>.<\/p>\n<h3 data-start=\"2198\" data-end=\"2225\"><strong data-start=\"2205\" data-end=\"2223\">P\u0142atno\u015b\u0107 w USD ($ \ud83c\uddfa\ud83c\uddf8) zamiast EUR (\u20ac \ud83c\uddea\ud83c\uddfa) jest dost\u0119pna zgodnie z dziennym kursem wymiany banku.<\/strong><\/h3>\n<p><strong>Book Through WhatsApp:<\/strong><\/p>\n<p><a href=\"https:\/\/wa.me\/201021058859\" target=\"_blank\" rel=\"noopener\">\u00a0<img decoding=\"async\" class=\"alignnone wp-image-2058\" src=\"https:\/\/poehalisnamiegypt.com\/wp-content\/uploads\/2024\/02\/pngwing.com_-300x300.png\" sizes=\"auto, (max-width: 35px) 100vw, 35px\" srcset=\"https:\/\/poehalisnamiegypt.com\/wp-content\/uploads\/2024\/02\/pngwing.com_-300x300.png 300w, https:\/\/poehalisnamiegypt.com\/wp-content\/uploads\/2024\/02\/pngwing.com_-150x150.png 150w, https:\/\/poehalisnamiegypt.com\/wp-content\/uploads\/2024\/02\/pngwing.com_.png 584w\" alt=\"\" width=\"53\" height=\"53\" \/><\/a><\/p>\n<p>&nbsp;<\/p>","protected":false},"excerpt":{"rendered":"<p>\u2708\ufe0f Airport Transfer within Hurghada by Hiace Car Make your arrival or departure in Hurghada stress-free and comfortable with our reliable Toyota Hiace airport transfer service. Whether you&#8217;re traveling to or from Hurghada International Airport, we ensure a safe, smooth, and timely journey. \ud83c\udfc1 Hassle-Free Pick-Up &amp; Drop-Off \ud83c\udfe8 Door-to-door service from your hotel, resort, [&hellip;]<\/p>","protected":false},"featured_media":10908,"comment_status":"open","ping_status":"closed","template":"","meta":{"_monsterinsights_skip_tracking":false,"_monsterinsights_sitenote_active":false,"_monsterinsights_sitenote_note":"","_monsterinsights_sitenote_category":0},"product_brand":[],"product_cat":[69],"product_tag":[],"class_list":{"0":"post-10233","1":"product","2":"type-product","3":"status-publish","4":"has-post-thumbnail","6":"product_cat-transfer","8":"first","9":"instock","10":"shipping-taxable","11":"purchasable","12":"product-type-ovabrw_car_rental"},"_links":{"self":[{"href":"https:\/\/redsea-dream-tours.com\/pl\/wp-json\/wp\/v2\/product\/10233","targetHints":{"allow":["GET"]}}],"collection":[{"href":"https:\/\/redsea-dream-tours.com\/pl\/wp-json\/wp\/v2\/product"}],"about":[{"href":"https:\/\/redsea-dream-tours.com\/pl\/wp-json\/wp\/v2\/types\/product"}],"replies":[{"embeddable":true,"href":"https:\/\/redsea-dream-tours.com\/pl\/wp-json\/wp\/v2\/comments?post=10233"}],"wp:featuredmedia":[{"embeddable":true,"href":"https:\/\/redsea-dream-tours.com\/pl\/wp-json\/wp\/v2\/media\/10908"}],"wp:attachment":[{"href":"https:\/\/redsea-dream-tours.com\/pl\/wp-json\/wp\/v2\/media?parent=10233"}],"wp:term":[{"taxonomy":"product_brand","embeddable":true,"href":"https:\/\/redsea-dream-tours.com\/pl\/wp-json\/wp\/v2\/product_brand?post=10233"},{"taxonomy":"product_cat","embeddable":true,"href":"https:\/\/redsea-dream-tours.com\/pl\/wp-json\/wp\/v2\/product_cat?post=10233"},{"taxonomy":"product_tag","embeddable":true,"href":"https:\/\/redsea-dream-tours.com\/pl\/wp-json\/wp\/v2\/product_tag?post=10233"}],"curies":[{"name":"wp","href":"https:\/\/api.w.org\/{rel}","templated":true}]}}