{"id":10232,"date":"2025-09-09T10:50:36","date_gmt":"2025-09-09T10:50:36","guid":{"rendered":"https:\/\/redsea-dream-tours.com\/?post_type=product&#038;p=10232"},"modified":"2025-10-20T21:40:08","modified_gmt":"2025-10-20T21:40:08","slug":"marsa-alam-transfer-overnight-limousine","status":"publish","type":"product","link":"https:\/\/redsea-dream-tours.com\/pl\/produkt\/marsa-alam-transfer-overnight-limousine\/","title":{"rendered":"Marsa Alam transfer, nocleg limuzyn\u0105"},"content":{"rendered":"<h3 data-start=\"129\" data-end=\"190\">Transfer do Marsa Alam z noclegiem limuzyn\u0105<\/h3>\n<p data-start=\"192\" data-end=\"503\">Podr\u00f3\u017c do Marsa Alam w <strong data-start=\"216\" data-end=\"246\">Luksus, komfort i styl<\/strong> z naszym ekskluzywnym <strong data-start=\"266\" data-end=\"296\">us\u0142uga transferu limuzyn\u0105<\/strong>specjalnie zaprojektowany do d\u0142ugich podr\u00f3\u017cy, kt\u00f3re obejmuj\u0105 <strong data-start=\"351\" data-end=\"369\">nocny post\u00f3j<\/strong>. Niezale\u017cnie od tego, czy pochodzisz z <strong data-start=\"398\" data-end=\"441\">Kair, Luksor, Hurghada lub inne miasto<\/strong>zapewniamy <strong data-start=\"455\" data-end=\"500\">Bezstresowa i elegancka podr\u00f3\u017c<\/strong>.<\/p>\n<h4 data-start=\"505\" data-end=\"538\">Us\u0142uga odbioru Premium<\/h4>\n<ul data-start=\"539\" data-end=\"668\">\n<li data-start=\"539\" data-end=\"607\">\n<p data-start=\"541\" data-end=\"607\">\ud83c\udfe8 <strong data-start=\"544\" data-end=\"571\">Odbi\u00f3r od drzwi do drzwi<\/strong> z miasta, hotelu lub lotniska<\/p>\n<\/li>\n<li data-start=\"608\" data-end=\"668\">\n<p data-start=\"610\" data-end=\"668\">\u23f0 <strong data-start=\"612\" data-end=\"640\">Elastyczne godziny odlot\u00f3w<\/strong> dopasowane do plan\u00f3w podr\u00f3\u017cy<\/p>\n<\/li>\n<\/ul>\n<h4 data-start=\"670\" data-end=\"708\">Cechy luksusowej limuzyny<\/h4>\n<p data-start=\"709\" data-end=\"741\">Ciesz si\u0119 pierwszorz\u0119dn\u0105 jazd\u0105 z:<\/p>\n<ul data-start=\"742\" data-end=\"911\">\n<li data-start=\"742\" data-end=\"796\">\n<p data-start=\"744\" data-end=\"796\">\ud83e\ude91 <strong data-start=\"747\" data-end=\"794\">Wysokiej jako\u015bci sk\u00f3rzane fotele i przestronne wn\u0119trze<\/strong><\/p>\n<\/li>\n<li data-start=\"797\" data-end=\"854\">\n<p data-start=\"799\" data-end=\"854\">\u2744\ufe0f <strong data-start=\"802\" data-end=\"831\">Zaawansowana klimatyzacja<\/strong> dla najwy\u017cszego komfortu<\/p>\n<\/li>\n<li data-start=\"855\" data-end=\"911\">\n<p data-start=\"857\" data-end=\"911\">\ud83d\udcbc <strong data-start=\"860\" data-end=\"889\">Du\u017ca pojemno\u015b\u0107 baga\u017cowa<\/strong> dla twoich rzeczy<\/p>\n<\/li>\n<\/ul>\n<h4 data-start=\"913\" data-end=\"947\">\ud83d\udee3\ufe0f Nocleg wliczony w cen\u0119<\/h4>\n<ul data-start=\"948\" data-end=\"1124\">\n<li data-start=\"948\" data-end=\"1011\">\n<p data-start=\"950\" data-end=\"1011\">\ud83c\udfe8 <strong data-start=\"953\" data-end=\"993\">Wst\u0119pnie zorganizowany nocleg<\/strong> wzd\u0142u\u017c trasy<\/p>\n<\/li>\n<li data-start=\"1012\" data-end=\"1060\">\n<p data-start=\"1014\" data-end=\"1060\">\ud83c\udf7d\ufe0f <strong data-start=\"1018\" data-end=\"1058\">Opcjonalne pakiety kolacji i \u015bniada\u0144<\/strong><\/p>\n<\/li>\n<li data-start=\"1061\" data-end=\"1124\">\n<p data-start=\"1063\" data-end=\"1124\">Idealny dla <strong data-start=\"1075\" data-end=\"1122\">osoby podr\u00f3\u017cuj\u0105ce na d\u0142ugich dystansach potrzebuj\u0105ce przerw na odpoczynek<\/strong><\/p>\n<\/li>\n<\/ul>\n<h4 data-start=\"1126\" data-end=\"1163\">\ud83e\uddd1\u200d\u2708\ufe0f Us\u0142uga z kierowc\u0105<\/h4>\n<ul data-start=\"1164\" data-end=\"1290\">\n<li data-start=\"1164\" data-end=\"1226\">\n<p data-start=\"1166\" data-end=\"1226\">\ud83d\udc68\u200d\u2708\ufe0f <strong data-start=\"1172\" data-end=\"1224\">Profesjonalni, licencjonowani i uprzejmi szoferzy<\/strong><\/p>\n<\/li>\n<li data-start=\"1227\" data-end=\"1290\">\n<p data-start=\"1229\" data-end=\"1290\">\ud83d\udee1\ufe0f Skupiono si\u0119 na <strong data-start=\"1244\" data-end=\"1288\">bezpiecze\u0144stwo, punktualno\u015b\u0107 i us\u0142ugi premium<\/strong><\/p>\n<\/li>\n<\/ul>\n<h4 data-start=\"1292\" data-end=\"1331\">Elegancki przyjazd do Marsa Alam<\/h4>\n<p data-start=\"1332\" data-end=\"1491\">Obud\u017a si\u0119 wypocz\u0119ty i kontynuuj podr\u00f3\u017c do Marsa Alam, gdzie czeka na Ciebie <strong data-start=\"1409\" data-end=\"1471\">dostawa do hotelu, o\u015brodka lub dowolnego innego miejsca<\/strong> w ca\u0142kowitym komforcie.<\/p>\n<h3 data-start=\"2198\" data-end=\"2225\"><strong data-start=\"2205\" data-end=\"2223\">P\u0142atno\u015b\u0107 w USD ($ \ud83c\uddfa\ud83c\uddf8) zamiast EUR (\u20ac \ud83c\uddea\ud83c\uddfa) jest dost\u0119pna zgodnie z dziennym kursem wymiany banku.<\/strong><\/h3>\n<p><strong>Book Through WhatsApp:<\/strong><\/p>\n<p><a href=\"https:\/\/wa.me\/201021058859\" target=\"_blank\" rel=\"noopener\">\u00a0<img decoding=\"async\" class=\"alignnone wp-image-2058\" src=\"https:\/\/poehalisnamiegypt.com\/wp-content\/uploads\/2024\/02\/pngwing.com_-300x300.png\" sizes=\"auto, (max-width: 35px) 100vw, 35px\" srcset=\"https:\/\/poehalisnamiegypt.com\/wp-content\/uploads\/2024\/02\/pngwing.com_-300x300.png 300w, https:\/\/poehalisnamiegypt.com\/wp-content\/uploads\/2024\/02\/pngwing.com_-150x150.png 150w, https:\/\/poehalisnamiegypt.com\/wp-content\/uploads\/2024\/02\/pngwing.com_.png 584w\" alt=\"\" width=\"53\" height=\"53\" \/><\/a><\/p>\n<p>&nbsp;<\/p>","protected":false},"excerpt":{"rendered":"<p>\ud83d\ude96 Marsa Alam Transfer with Overnight Stay by Limousine Travel to Marsa Alam in luxury, comfort, and style with our exclusive limousine transfer service, specially designed for long journeys that include an overnight stop. Whether you&#8217;re coming from Cairo, Luxor, Hurghada, or another city, we ensure a stress-free and elegant travel experience. \ud83c\udfc1 Premium Pick-Up [&hellip;]<\/p>","protected":false},"featured_media":10907,"comment_status":"open","ping_status":"closed","template":"","meta":{"_monsterinsights_skip_tracking":false,"_monsterinsights_sitenote_active":false,"_monsterinsights_sitenote_note":"","_monsterinsights_sitenote_category":0},"product_brand":[],"product_cat":[69],"product_tag":[],"class_list":{"0":"post-10232","1":"product","2":"type-product","3":"status-publish","4":"has-post-thumbnail","6":"product_cat-transfer","8":"first","9":"instock","10":"shipping-taxable","11":"purchasable","12":"product-type-ovabrw_car_rental"},"_links":{"self":[{"href":"https:\/\/redsea-dream-tours.com\/pl\/wp-json\/wp\/v2\/product\/10232","targetHints":{"allow":["GET"]}}],"collection":[{"href":"https:\/\/redsea-dream-tours.com\/pl\/wp-json\/wp\/v2\/product"}],"about":[{"href":"https:\/\/redsea-dream-tours.com\/pl\/wp-json\/wp\/v2\/types\/product"}],"replies":[{"embeddable":true,"href":"https:\/\/redsea-dream-tours.com\/pl\/wp-json\/wp\/v2\/comments?post=10232"}],"wp:featuredmedia":[{"embeddable":true,"href":"https:\/\/redsea-dream-tours.com\/pl\/wp-json\/wp\/v2\/media\/10907"}],"wp:attachment":[{"href":"https:\/\/redsea-dream-tours.com\/pl\/wp-json\/wp\/v2\/media?parent=10232"}],"wp:term":[{"taxonomy":"product_brand","embeddable":true,"href":"https:\/\/redsea-dream-tours.com\/pl\/wp-json\/wp\/v2\/product_brand?post=10232"},{"taxonomy":"product_cat","embeddable":true,"href":"https:\/\/redsea-dream-tours.com\/pl\/wp-json\/wp\/v2\/product_cat?post=10232"},{"taxonomy":"product_tag","embeddable":true,"href":"https:\/\/redsea-dream-tours.com\/pl\/wp-json\/wp\/v2\/product_tag?post=10232"}],"curies":[{"name":"wp","href":"https:\/\/api.w.org\/{rel}","templated":true}]}}