{"id":10231,"date":"2025-09-09T10:47:33","date_gmt":"2025-09-09T10:47:33","guid":{"rendered":"https:\/\/redsea-dream-tours.com\/?post_type=product&#038;p=10231"},"modified":"2025-10-20T21:40:26","modified_gmt":"2025-10-20T21:40:26","slug":"transfer-to-marsa-alam-with-overnight-stay-in-a-hiace-car","status":"publish","type":"product","link":"https:\/\/redsea-dream-tours.com\/pl\/produkt\/transfer-to-marsa-alam-with-overnight-stay-in-a-hiace-car\/","title":{"rendered":"Transfer do Marsa Alam z noclegiem w samochodzie Hiace"},"content":{"rendered":"<h3 data-start=\"133\" data-end=\"197\">Transfer do Marsa Alam z noclegiem samochodem Hiace<\/h3>\n<p data-start=\"199\" data-end=\"528\">Podr\u00f3\u017c do Marsa Alam <strong data-start=\"231\" data-end=\"269\">Wygodne, bezpieczne i bezstresowe<\/strong>nawet podczas d\u0142ugodystansowych podr\u00f3\u017cy, kt\u00f3re obejmuj\u0105 <strong data-start=\"315\" data-end=\"333\">nocny post\u00f3j<\/strong>. Nasz <strong data-start=\"339\" data-end=\"372\">Us\u0142uga transferu Toyota Hiace<\/strong> jest przeznaczony dla podr\u00f3\u017cnych, kt\u00f3rzy preferuj\u0105 <strong data-start=\"412\" data-end=\"454\">Zrelaksowane i elastyczne do\u015bwiadczenie podr\u00f3\u017cy<\/strong>zapewniaj\u0105c, \u017ce przyjedziesz wypocz\u0119ty i gotowy, aby cieszy\u0107 si\u0119 wakacjami nad Morzem Czerwonym.<\/p>\n<h4 data-start=\"530\" data-end=\"558\">Wygodny odbi\u00f3r osobisty<\/h4>\n<ul data-start=\"559\" data-end=\"681\">\n<li data-start=\"559\" data-end=\"624\">\n<p data-start=\"561\" data-end=\"624\">\ud83c\udfe8 <strong data-start=\"564\" data-end=\"588\">Us\u0142uga \"od drzwi do drzwi<\/strong> z miasta, lotniska lub hotelu<\/p>\n<\/li>\n<li data-start=\"625\" data-end=\"681\">\n<p data-start=\"627\" data-end=\"681\">\u23f0 <strong data-start=\"629\" data-end=\"656\">Elastyczny czas odlotu<\/strong> dopasowanie do harmonogramu<\/p>\n<\/li>\n<\/ul>\n<h4 data-start=\"683\" data-end=\"718\">Komfortowy pojazd Hiace<\/h4>\n<p data-start=\"719\" data-end=\"746\">P\u0142ynna jazda dzi\u0119ki:<\/p>\n<ul data-start=\"747\" data-end=\"892\">\n<li data-start=\"747\" data-end=\"798\">\n<p data-start=\"749\" data-end=\"798\">\ud83e\ude91 <strong data-start=\"752\" data-end=\"796\">Przestronne siedzenia dla maksymalnie 10 pasa\u017cer\u00f3w<\/strong><\/p>\n<\/li>\n<li data-start=\"799\" data-end=\"837\">\n<p data-start=\"801\" data-end=\"837\">\u2744\ufe0f <strong data-start=\"804\" data-end=\"835\">W pe\u0142ni klimatyzowana kabina<\/strong><\/p>\n<\/li>\n<li data-start=\"838\" data-end=\"892\">\n<p data-start=\"840\" data-end=\"892\">\ud83d\udcbc <strong data-start=\"843\" data-end=\"866\">Du\u017ca przestrze\u0144 baga\u017cowa<\/strong> na wszystkie rzeczy<\/p>\n<\/li>\n<\/ul>\n<h4 data-start=\"894\" data-end=\"928\">\ud83d\udee3\ufe0f Nocleg wliczony w cen\u0119<\/h4>\n<ul data-start=\"929\" data-end=\"1123\">\n<li data-start=\"929\" data-end=\"1000\">\n<p data-start=\"931\" data-end=\"1000\">Wygodny <strong data-start=\"946\" data-end=\"998\">nocleg zorganizowany wzd\u0142u\u017c trasy<\/strong><\/p>\n<\/li>\n<li data-start=\"1001\" data-end=\"1060\">\n<p data-start=\"1003\" data-end=\"1060\">\ud83c\udf7d\ufe0f <strong data-start=\"1007\" data-end=\"1042\">Opcjonalne posi\u0142ki i napoje<\/strong> podczas zatrzymania<\/p>\n<\/li>\n<li data-start=\"1061\" data-end=\"1123\">\n<p data-start=\"1063\" data-end=\"1123\">Idealny dla <strong data-start=\"1077\" data-end=\"1121\">transfery d\u0142ugodystansowe z przerwami na odpoczynek<\/strong><\/p>\n<\/li>\n<\/ul>\n<h4 data-start=\"1125\" data-end=\"1165\">\ud83e\uddd1\u200d\u2708\ufe0f Profesjonalna i bezpieczna obs\u0142uga<\/h4>\n<ul data-start=\"1166\" data-end=\"1265\">\n<li data-start=\"1166\" data-end=\"1209\">\n<p data-start=\"1168\" data-end=\"1209\">\ud83d\udc68\u200d\u2708\ufe0f <strong data-start=\"1174\" data-end=\"1207\">Do\u015bwiadczeni, licencjonowani kierowcy<\/strong><\/p>\n<\/li>\n<li data-start=\"1210\" data-end=\"1265\">\n<p data-start=\"1212\" data-end=\"1265\">\ud83d\udee1\ufe0f Skupiono si\u0119 na <strong data-start=\"1227\" data-end=\"1263\">bezpiecze\u0144stwo, punktualno\u015b\u0107 i komfort<\/strong><\/p>\n<\/li>\n<\/ul>\n<h4 data-start=\"1267\" data-end=\"1305\">Bezproblemowe przybycie do Marsa Alam<\/h4>\n<p data-start=\"1306\" data-end=\"1432\">Obud\u017a si\u0119 wypocz\u0119ty, kontynuuj swoj\u0105 podr\u00f3\u017c i <strong data-start=\"1352\" data-end=\"1400\">przyjazd do hotelu lub o\u015brodka w Marsa Alam<\/strong> gotowy do rozpocz\u0119cia wakacji.<\/p>\n<h3 data-start=\"2198\" data-end=\"2225\"><strong data-start=\"2205\" data-end=\"2223\">P\u0142atno\u015b\u0107 w USD ($ \ud83c\uddfa\ud83c\uddf8) zamiast EUR (\u20ac \ud83c\uddea\ud83c\uddfa) jest dost\u0119pna zgodnie z dziennym kursem wymiany banku.<\/strong><\/h3>\n<p><strong>Book Through WhatsApp:<\/strong><\/p>\n<p><a href=\"https:\/\/wa.me\/201021058859\" target=\"_blank\" rel=\"noopener\">\u00a0<img decoding=\"async\" class=\"alignnone wp-image-2058\" src=\"https:\/\/poehalisnamiegypt.com\/wp-content\/uploads\/2024\/02\/pngwing.com_-300x300.png\" sizes=\"auto, (max-width: 35px) 100vw, 35px\" srcset=\"https:\/\/poehalisnamiegypt.com\/wp-content\/uploads\/2024\/02\/pngwing.com_-300x300.png 300w, https:\/\/poehalisnamiegypt.com\/wp-content\/uploads\/2024\/02\/pngwing.com_-150x150.png 150w, https:\/\/poehalisnamiegypt.com\/wp-content\/uploads\/2024\/02\/pngwing.com_.png 584w\" alt=\"\" width=\"53\" height=\"53\" \/><\/a><\/p>\n<p>&nbsp;<\/p>","protected":false},"excerpt":{"rendered":"<p>\ud83d\ude90 Transfer to Marsa Alam with Overnight Stay by Hiace Car Make your journey to Marsa Alam comfortable, safe, and stress-free, even on long-distance trips that include an overnight stop. Our Toyota Hiace transfer service is designed for travelers who prefer a relaxed and flexible travel experience, ensuring you arrive refreshed and ready to enjoy [&hellip;]<\/p>","protected":false},"featured_media":10905,"comment_status":"open","ping_status":"closed","template":"","meta":{"_monsterinsights_skip_tracking":false,"_monsterinsights_sitenote_active":false,"_monsterinsights_sitenote_note":"","_monsterinsights_sitenote_category":0},"product_brand":[],"product_cat":[69],"product_tag":[],"class_list":{"0":"post-10231","1":"product","2":"type-product","3":"status-publish","4":"has-post-thumbnail","6":"product_cat-transfer","8":"first","9":"instock","10":"shipping-taxable","11":"purchasable","12":"product-type-ovabrw_car_rental"},"_links":{"self":[{"href":"https:\/\/redsea-dream-tours.com\/pl\/wp-json\/wp\/v2\/product\/10231","targetHints":{"allow":["GET"]}}],"collection":[{"href":"https:\/\/redsea-dream-tours.com\/pl\/wp-json\/wp\/v2\/product"}],"about":[{"href":"https:\/\/redsea-dream-tours.com\/pl\/wp-json\/wp\/v2\/types\/product"}],"replies":[{"embeddable":true,"href":"https:\/\/redsea-dream-tours.com\/pl\/wp-json\/wp\/v2\/comments?post=10231"}],"wp:featuredmedia":[{"embeddable":true,"href":"https:\/\/redsea-dream-tours.com\/pl\/wp-json\/wp\/v2\/media\/10905"}],"wp:attachment":[{"href":"https:\/\/redsea-dream-tours.com\/pl\/wp-json\/wp\/v2\/media?parent=10231"}],"wp:term":[{"taxonomy":"product_brand","embeddable":true,"href":"https:\/\/redsea-dream-tours.com\/pl\/wp-json\/wp\/v2\/product_brand?post=10231"},{"taxonomy":"product_cat","embeddable":true,"href":"https:\/\/redsea-dream-tours.com\/pl\/wp-json\/wp\/v2\/product_cat?post=10231"},{"taxonomy":"product_tag","embeddable":true,"href":"https:\/\/redsea-dream-tours.com\/pl\/wp-json\/wp\/v2\/product_tag?post=10231"}],"curies":[{"name":"wp","href":"https:\/\/api.w.org\/{rel}","templated":true}]}}