{"id":10230,"date":"2025-09-09T10:41:36","date_gmt":"2025-09-09T10:41:36","guid":{"rendered":"https:\/\/redsea-dream-tours.com\/?post_type=product&#038;p=10230"},"modified":"2025-10-20T21:41:11","modified_gmt":"2025-10-20T21:41:11","slug":"external-transfer-to-marsa-alam-by-limousine","status":"publish","type":"product","link":"https:\/\/redsea-dream-tours.com\/pl\/produkt\/external-transfer-to-marsa-alam-by-limousine\/","title":{"rendered":"Transfer zewn\u0119trzny do Marsa Alam limuzyn\u0105"},"content":{"rendered":"<h3 data-start=\"146\" data-end=\"199\">Transfer zewn\u0119trzny do Marsa Alam limuzyn\u0105<\/h3>\n<p data-start=\"201\" data-end=\"462\">Do\u015bwiadczenie <strong data-start=\"214\" data-end=\"251\">Luksusowa i bezstresowa podr\u00f3\u017c<\/strong> do Marsa Alam z naszym <strong data-start=\"275\" data-end=\"315\">ekskluzywna us\u0142uga transferu limuzyn\u0105<\/strong>. Niezale\u017cnie od tego, czy przyje\u017cd\u017casz z innego miasta czy kraju, nasza limuzyna premium zapewnia <strong data-start=\"402\" data-end=\"437\">komfort, styl i wygoda<\/strong> na ka\u017cdym kroku.<\/p>\n<h4 data-start=\"464\" data-end=\"493\">Bezproblemowy odbi\u00f3r<\/h4>\n<ul data-start=\"494\" data-end=\"624\">\n<li data-start=\"494\" data-end=\"564\">\n<p data-start=\"496\" data-end=\"564\">\ud83c\udfe8 <strong data-start=\"499\" data-end=\"523\">Us\u0142uga \"od drzwi do drzwi<\/strong> z hotelu, lotniska lub miejsca zamieszkania<\/p>\n<\/li>\n<li data-start=\"565\" data-end=\"624\">\n<p data-start=\"567\" data-end=\"624\">\u23f0 <strong data-start=\"569\" data-end=\"588\">Elastyczny harmonogram<\/strong> zgodnie z harmonogramem podr\u00f3\u017cy<\/p>\n<\/li>\n<\/ul>\n<h4 data-start=\"626\" data-end=\"664\">Luksusowa i wygodna jazda<\/h4>\n<p data-start=\"665\" data-end=\"717\">Nasza limuzyna oferuje najlepsze wra\u017cenia z podr\u00f3\u017cy:<\/p>\n<ul data-start=\"718\" data-end=\"877\">\n<li data-start=\"718\" data-end=\"775\">\n<p data-start=\"720\" data-end=\"775\">\ud83e\ude91 <strong data-start=\"723\" data-end=\"773\">Wysokiej jako\u015bci sk\u00f3rzane siedzenia dla maksymalnego relaksu<\/strong><\/p>\n<\/li>\n<li data-start=\"776\" data-end=\"814\">\n<p data-start=\"778\" data-end=\"814\">\u2744\ufe0f <strong data-start=\"781\" data-end=\"812\">W pe\u0142ni klimatyzowana kabina<\/strong><\/p>\n<\/li>\n<li data-start=\"815\" data-end=\"877\">\n<p data-start=\"817\" data-end=\"877\">\ud83d\udcbc <strong data-start=\"820\" data-end=\"846\">Du\u017ca pojemno\u015b\u0107 baga\u017cowa<\/strong> na torby i rzeczy osobiste<\/p>\n<\/li>\n<\/ul>\n<h4 data-start=\"879\" data-end=\"925\">\ud83d\udee3\ufe0f Idealny do transfer\u00f3w na du\u017ce odleg\u0142o\u015bci<\/h4>\n<p data-start=\"926\" data-end=\"938\">Idealny dla:<\/p>\n<ul data-start=\"939\" data-end=\"1071\">\n<li data-start=\"939\" data-end=\"981\">\n<p data-start=\"941\" data-end=\"981\">\u2708\ufe0f <strong data-start=\"944\" data-end=\"979\">Transfer z lotniska do Marsa Alam<\/strong><\/p>\n<\/li>\n<li data-start=\"982\" data-end=\"1022\">\n<p data-start=\"984\" data-end=\"1022\">\ud83c\udfd9\ufe0f <strong data-start=\"988\" data-end=\"1020\">Prywatne wycieczki z miasta do kurortu<\/strong><\/p>\n<\/li>\n<li data-start=\"1023\" data-end=\"1071\">\n<p data-start=\"1025\" data-end=\"1071\">\ud83c\udf0d <strong data-start=\"1028\" data-end=\"1069\">Podr\u00f3\u017ce mi\u0119dzymiastowe i krajowe<\/strong><\/p>\n<\/li>\n<\/ul>\n<h4 data-start=\"1073\" data-end=\"1116\">\ud83e\uddd1\u200d\u2708\ufe0f Profesjonalne us\u0142ugi szoferskie<\/h4>\n<ul data-start=\"1117\" data-end=\"1238\">\n<li data-start=\"1117\" data-end=\"1179\">\n<p data-start=\"1119\" data-end=\"1179\">\ud83d\udc68\u200d\u2708\ufe0f <strong data-start=\"1125\" data-end=\"1177\">Dobrze wyszkoleni, uprzejmi i licencjonowani szoferzy<\/strong><\/p>\n<\/li>\n<li data-start=\"1180\" data-end=\"1238\">\n<p data-start=\"1182\" data-end=\"1238\">\ud83d\udee1\ufe0f Skupiono si\u0119 na <strong data-start=\"1197\" data-end=\"1236\">bezpiecze\u0144stwo, punktualno\u015b\u0107 i dyskrecja<\/strong><\/p>\n<\/li>\n<\/ul>\n<h4 data-start=\"1240\" data-end=\"1278\">Bezproblemowe przybycie do Marsa Alam<\/h4>\n<p data-start=\"1279\" data-end=\"1439\">Przyjazd do hotelu, o\u015brodka lub dowolnej lokalizacji w Marsa Alam <strong data-start=\"1347\" data-end=\"1380\">uczucie odpr\u0119\u017cenia i od\u015bwie\u017cenia<\/strong>Gotowy do rozpocz\u0119cia przygody lub relaksu nad Morzem Czerwonym.<\/p>\n<h3 data-start=\"2198\" data-end=\"2225\"><strong data-start=\"2205\" data-end=\"2223\">P\u0142atno\u015b\u0107 w USD ($ \ud83c\uddfa\ud83c\uddf8) zamiast EUR (\u20ac \ud83c\uddea\ud83c\uddfa) jest dost\u0119pna zgodnie z dziennym kursem wymiany banku.<\/strong><\/h3>\n<p><strong>Book Through WhatsApp:<\/strong><\/p>\n<p><a href=\"https:\/\/wa.me\/201021058859\" target=\"_blank\" rel=\"noopener\">\u00a0<img decoding=\"async\" class=\"alignnone wp-image-2058\" src=\"https:\/\/poehalisnamiegypt.com\/wp-content\/uploads\/2024\/02\/pngwing.com_-300x300.png\" sizes=\"auto, (max-width: 35px) 100vw, 35px\" srcset=\"https:\/\/poehalisnamiegypt.com\/wp-content\/uploads\/2024\/02\/pngwing.com_-300x300.png 300w, https:\/\/poehalisnamiegypt.com\/wp-content\/uploads\/2024\/02\/pngwing.com_-150x150.png 150w, https:\/\/poehalisnamiegypt.com\/wp-content\/uploads\/2024\/02\/pngwing.com_.png 584w\" alt=\"\" width=\"53\" height=\"53\" \/><\/a><\/p>\n<p>&nbsp;<\/p>","protected":false},"excerpt":{"rendered":"<p>\ud83d\ude96 External Transfer to Marsa Alam by Limousine Experience a luxurious and stress-free journey to Marsa Alam with our exclusive limousine transfer service. Whether you are arriving from another city or country, our premium limousine ensures comfort, style, and convenience every step of the way. \ud83c\udfc1 Hassle-Free Pick-Up \ud83c\udfe8 Door-to-door service from your hotel, airport, [&hellip;]<\/p>","protected":false},"featured_media":10907,"comment_status":"open","ping_status":"closed","template":"","meta":{"_monsterinsights_skip_tracking":false,"_monsterinsights_sitenote_active":false,"_monsterinsights_sitenote_note":"","_monsterinsights_sitenote_category":0},"product_brand":[],"product_cat":[69],"product_tag":[],"class_list":{"0":"post-10230","1":"product","2":"type-product","3":"status-publish","4":"has-post-thumbnail","6":"product_cat-transfer","8":"first","9":"instock","10":"shipping-taxable","11":"purchasable","12":"product-type-ovabrw_car_rental"},"_links":{"self":[{"href":"https:\/\/redsea-dream-tours.com\/pl\/wp-json\/wp\/v2\/product\/10230","targetHints":{"allow":["GET"]}}],"collection":[{"href":"https:\/\/redsea-dream-tours.com\/pl\/wp-json\/wp\/v2\/product"}],"about":[{"href":"https:\/\/redsea-dream-tours.com\/pl\/wp-json\/wp\/v2\/types\/product"}],"replies":[{"embeddable":true,"href":"https:\/\/redsea-dream-tours.com\/pl\/wp-json\/wp\/v2\/comments?post=10230"}],"wp:featuredmedia":[{"embeddable":true,"href":"https:\/\/redsea-dream-tours.com\/pl\/wp-json\/wp\/v2\/media\/10907"}],"wp:attachment":[{"href":"https:\/\/redsea-dream-tours.com\/pl\/wp-json\/wp\/v2\/media?parent=10230"}],"wp:term":[{"taxonomy":"product_brand","embeddable":true,"href":"https:\/\/redsea-dream-tours.com\/pl\/wp-json\/wp\/v2\/product_brand?post=10230"},{"taxonomy":"product_cat","embeddable":true,"href":"https:\/\/redsea-dream-tours.com\/pl\/wp-json\/wp\/v2\/product_cat?post=10230"},{"taxonomy":"product_tag","embeddable":true,"href":"https:\/\/redsea-dream-tours.com\/pl\/wp-json\/wp\/v2\/product_tag?post=10230"}],"curies":[{"name":"wp","href":"https:\/\/api.w.org\/{rel}","templated":true}]}}