{"id":10229,"date":"2025-09-09T10:37:01","date_gmt":"2025-09-09T10:37:01","guid":{"rendered":"https:\/\/redsea-dream-tours.com\/?post_type=product&#038;p=10229"},"modified":"2025-09-16T18:02:21","modified_gmt":"2025-09-16T18:02:21","slug":"transfer-from-marsa-alam-to-another-country-by-hiace-car","status":"publish","type":"product","link":"https:\/\/redsea-dream-tours.com\/pl\/produkt\/transfer-from-marsa-alam-to-another-country-by-hiace-car\/","title":{"rendered":"Transfer z Marsa Alam do innego kraju samochodem Hiace"},"content":{"rendered":"<h3 data-start=\"139\" data-end=\"199\">Mi\u0119dzynarodowy transfer z Marsa Alam samochodem Hiace<\/h3>\n<p data-start=\"201\" data-end=\"483\">Ciesz si\u0119 <strong data-start=\"209\" data-end=\"255\">Sprawny i niezawodny transfer mi\u0119dzynarodowy<\/strong> z Marsa Alam do kraj\u00f3w s\u0105siaduj\u0105cych z naszym <strong data-start=\"306\" data-end=\"347\">Us\u0142uga transferu prywatnego Toyota Hiace<\/strong>. Niezale\u017cnie od tego, czy podr\u00f3\u017cujesz w celach biznesowych, turystycznych czy rodzinnych, zapewniamy <strong data-start=\"428\" data-end=\"480\">Wygodna i bezproblemowa podr\u00f3\u017c transgraniczna<\/strong>.<\/p>\n<h4 data-start=\"485\" data-end=\"518\">\u0141atwy i elastyczny odbi\u00f3r<\/h4>\n<ul data-start=\"519\" data-end=\"665\">\n<li data-start=\"519\" data-end=\"597\">\n<p data-start=\"521\" data-end=\"597\">\ud83c\udfe8 <strong data-start=\"524\" data-end=\"548\">Us\u0142uga \"od drzwi do drzwi<\/strong> z hotelu, o\u015brodka lub lotniska Marsa Alam<\/p>\n<\/li>\n<li data-start=\"598\" data-end=\"665\">\n<p data-start=\"600\" data-end=\"665\">\u23f0 <strong data-start=\"602\" data-end=\"630\">Elastyczne godziny odlot\u00f3w<\/strong> Dostosowane do harmonogramu podr\u00f3\u017cy<\/p>\n<\/li>\n<\/ul>\n<h4 data-start=\"667\" data-end=\"707\">Przestronny i wygodny pojazd<\/h4>\n<p data-start=\"708\" data-end=\"777\">Nasza furgonetka Hiace jest idealna do mi\u0119dzynarodowych transfer\u00f3w na du\u017ce odleg\u0142o\u015bci:<\/p>\n<ul data-start=\"778\" data-end=\"939\">\n<li data-start=\"778\" data-end=\"820\">\n<p data-start=\"780\" data-end=\"820\">\ud83e\ude91 <strong data-start=\"783\" data-end=\"818\">Miejsca siedz\u0105ce dla maksymalnie 10 pasa\u017cer\u00f3w<\/strong><\/p>\n<\/li>\n<li data-start=\"821\" data-end=\"879\">\n<p data-start=\"823\" data-end=\"879\">\u2744\ufe0f <strong data-start=\"826\" data-end=\"857\">W pe\u0142ni klimatyzowana kabina<\/strong> na relaksuj\u0105c\u0105 przeja\u017cd\u017ck\u0119<\/p>\n<\/li>\n<li data-start=\"880\" data-end=\"939\">\n<p data-start=\"882\" data-end=\"939\">\ud83d\udcbc <strong data-start=\"885\" data-end=\"911\">Du\u017ca pojemno\u015b\u0107 baga\u017cowa<\/strong> dla wszystkich potrzeb zwi\u0105zanych z podr\u00f3\u017cowaniem<\/p>\n<\/li>\n<\/ul>\n<h4 data-start=\"941\" data-end=\"983\">\ud83d\udee3\ufe0f \u0141atwe podr\u00f3\u017ce transgraniczne<\/h4>\n<ul data-start=\"984\" data-end=\"1174\">\n<li data-start=\"984\" data-end=\"1032\">\n<p data-start=\"986\" data-end=\"1032\">\ud83c\udf10 <strong data-start=\"989\" data-end=\"1030\">Bezpieczny i legalny transfer mi\u0119dzynarodowy<\/strong><\/p>\n<\/li>\n<li data-start=\"1033\" data-end=\"1090\">\n<p data-start=\"1035\" data-end=\"1090\">Pomoc w <strong data-start=\"1054\" data-end=\"1088\">formalno\u015bci graniczne w razie potrzeby<\/strong><\/p>\n<\/li>\n<li data-start=\"1091\" data-end=\"1174\">\n<p data-start=\"1093\" data-end=\"1174\">\ud83d\uddfa\ufe0f Trasy do <strong data-start=\"1107\" data-end=\"1132\">kraje s\u0105siaduj\u0105ce<\/strong> (w zale\u017cno\u015bci od wymaga\u0144 miejsca docelowego)<\/p>\n<\/li>\n<\/ul>\n<h4 data-start=\"1176\" data-end=\"1209\">\ud83e\uddd1\u200d\u2708\ufe0f Profesjonalny serwis<\/h4>\n<ul data-start=\"1210\" data-end=\"1347\">\n<li data-start=\"1210\" data-end=\"1291\">\n<p data-start=\"1212\" data-end=\"1291\">\ud83d\udc68\u200d\u2708\ufe0f <strong data-start=\"1218\" data-end=\"1254\">Do\u015bwiadczeni i licencjonowani kierowcy<\/strong> znajomo\u015b\u0107 tras mi\u0119dzynarodowych<\/p>\n<\/li>\n<li data-start=\"1292\" data-end=\"1347\">\n<p data-start=\"1294\" data-end=\"1347\">\ud83d\udee1\ufe0f Skupiono si\u0119 na <strong data-start=\"1309\" data-end=\"1345\">bezpiecze\u0144stwo, punktualno\u015b\u0107 i komfort<\/strong><\/p>\n<\/li>\n<\/ul>\n<h4 data-start=\"1349\" data-end=\"1378\">Bezproblemowy przyjazd<\/h4>\n<p data-start=\"1379\" data-end=\"1503\">Przyjazd bezpo\u015brednio do <strong data-start=\"1403\" data-end=\"1448\">hotel, lotnisko lub dowolne wybrane miejsce docelowe<\/strong> w s\u0105siednim kraju bez stresu i op\u00f3\u017anie\u0144.<\/p>\n<p><strong>Book Through WhatsApp:<\/strong><\/p>\n<p><a href=\"https:\/\/wa.me\/201021058859\" target=\"_blank\" rel=\"noopener\">\u00a0<img decoding=\"async\" class=\"alignnone wp-image-2058\" src=\"https:\/\/poehalisnamiegypt.com\/wp-content\/uploads\/2024\/02\/pngwing.com_-300x300.png\" sizes=\"auto, (max-width: 35px) 100vw, 35px\" srcset=\"https:\/\/poehalisnamiegypt.com\/wp-content\/uploads\/2024\/02\/pngwing.com_-300x300.png 300w, https:\/\/poehalisnamiegypt.com\/wp-content\/uploads\/2024\/02\/pngwing.com_-150x150.png 150w, https:\/\/poehalisnamiegypt.com\/wp-content\/uploads\/2024\/02\/pngwing.com_.png 584w\" alt=\"\" width=\"53\" height=\"53\" \/><\/a><\/p>\n<p>&nbsp;<\/p>","protected":false},"excerpt":{"rendered":"<p>\ud83c\udf0d International Transfer from Marsa Alam by Hiace Car Enjoy a smooth and reliable international transfer from Marsa Alam to neighboring countries with our Toyota Hiace private transfer service. Whether you are traveling for business, tourism, or family visits, we ensure a comfortable and hassle-free cross-border journey. \ud83c\udfc1 Easy &amp; Flexible Pick-Up \ud83c\udfe8 Door-to-door service [&hellip;]<\/p>","protected":false},"featured_media":10910,"comment_status":"open","ping_status":"closed","template":"","meta":{"_monsterinsights_skip_tracking":false,"_monsterinsights_sitenote_active":false,"_monsterinsights_sitenote_note":"","_monsterinsights_sitenote_category":0},"product_brand":[],"product_cat":[69],"product_tag":[],"class_list":{"0":"post-10229","1":"product","2":"type-product","3":"status-publish","4":"has-post-thumbnail","6":"product_cat-transfer","8":"first","9":"instock","10":"shipping-taxable","11":"purchasable","12":"product-type-ovabrw_car_rental"},"_links":{"self":[{"href":"https:\/\/redsea-dream-tours.com\/pl\/wp-json\/wp\/v2\/product\/10229","targetHints":{"allow":["GET"]}}],"collection":[{"href":"https:\/\/redsea-dream-tours.com\/pl\/wp-json\/wp\/v2\/product"}],"about":[{"href":"https:\/\/redsea-dream-tours.com\/pl\/wp-json\/wp\/v2\/types\/product"}],"replies":[{"embeddable":true,"href":"https:\/\/redsea-dream-tours.com\/pl\/wp-json\/wp\/v2\/comments?post=10229"}],"wp:featuredmedia":[{"embeddable":true,"href":"https:\/\/redsea-dream-tours.com\/pl\/wp-json\/wp\/v2\/media\/10910"}],"wp:attachment":[{"href":"https:\/\/redsea-dream-tours.com\/pl\/wp-json\/wp\/v2\/media?parent=10229"}],"wp:term":[{"taxonomy":"product_brand","embeddable":true,"href":"https:\/\/redsea-dream-tours.com\/pl\/wp-json\/wp\/v2\/product_brand?post=10229"},{"taxonomy":"product_cat","embeddable":true,"href":"https:\/\/redsea-dream-tours.com\/pl\/wp-json\/wp\/v2\/product_cat?post=10229"},{"taxonomy":"product_tag","embeddable":true,"href":"https:\/\/redsea-dream-tours.com\/pl\/wp-json\/wp\/v2\/product_tag?post=10229"}],"curies":[{"name":"wp","href":"https:\/\/api.w.org\/{rel}","templated":true}]}}