{"id":10223,"date":"2025-09-09T10:25:38","date_gmt":"2025-09-09T10:25:38","guid":{"rendered":"https:\/\/redsea-dream-tours.com\/?post_type=product&#038;p=10223"},"modified":"2025-10-20T21:43:30","modified_gmt":"2025-10-20T21:43:30","slug":"marsa-alam-internal-transfer-hiace-car","status":"publish","type":"product","link":"https:\/\/redsea-dream-tours.com\/pl\/produkt\/marsa-alam-internal-transfer-hiace-car\/","title":{"rendered":"Marsa Alam transfer wewn\u0119trzny samoch\u00f3d Hiace"},"content":{"rendered":"<h3 data-start=\"152\" data-end=\"202\">Transfer wewn\u0119trzny z Marsa Alam samochodem Hiace<\/h3>\n<p data-start=\"204\" data-end=\"465\">Ciesz si\u0119 <strong data-start=\"212\" data-end=\"270\">wygodny i bezstresowy transfer w obr\u0119bie Marsa Alam<\/strong> z naszym niezawodnym <strong data-start=\"289\" data-end=\"317\">Serwis samochodowy Toyota Hiace<\/strong>. Niezale\u017cnie od tego, czy potrzebujesz transportu mi\u0119dzy <strong data-start=\"351\" data-end=\"396\">hotele, o\u015brodki wypoczynkowe, lotniska lub atrakcje<\/strong>Zapewniamy p\u0142ynn\u0105 i wydajn\u0105 podr\u00f3\u017c dostosowan\u0105 do Twoich potrzeb.<\/p>\n<h4 data-start=\"467\" data-end=\"495\">Wygodny odbi\u00f3r osobisty<\/h4>\n<ul data-start=\"496\" data-end=\"624\">\n<li data-start=\"496\" data-end=\"574\">\n<p data-start=\"498\" data-end=\"574\">\ud83c\udfe8 <strong data-start=\"501\" data-end=\"525\">Us\u0142uga \"od drzwi do drzwi<\/strong> z hotelu, o\u015brodka lub lotniska Marsa Alam<\/p>\n<\/li>\n<li data-start=\"575\" data-end=\"624\">\n<p data-start=\"577\" data-end=\"624\">\u23f0 <strong data-start=\"579\" data-end=\"599\">Elastyczne terminy<\/strong> dopasowanie do harmonogramu<\/p>\n<\/li>\n<\/ul>\n<h4 data-start=\"626\" data-end=\"666\">Przestronny i wygodny pojazd<\/h4>\n<p data-start=\"667\" data-end=\"697\">Nasz nowoczesny van Hiace oferuje:<\/p>\n<ul data-start=\"698\" data-end=\"865\">\n<li data-start=\"698\" data-end=\"752\">\n<p data-start=\"700\" data-end=\"752\">\ud83e\ude91 <strong data-start=\"703\" data-end=\"750\">Wygodne siedzenia dla maksymalnie 10 pasa\u017cer\u00f3w<\/strong><\/p>\n<\/li>\n<li data-start=\"753\" data-end=\"805\">\n<p data-start=\"755\" data-end=\"805\">\u2744\ufe0f <strong data-start=\"758\" data-end=\"783\">Klimatyzowana kabina<\/strong> na przyjemn\u0105 przeja\u017cd\u017ck\u0119<\/p>\n<\/li>\n<li data-start=\"806\" data-end=\"865\">\n<p data-start=\"808\" data-end=\"865\">\ud83d\udcbc <strong data-start=\"811\" data-end=\"834\">Du\u017ca przestrze\u0144 baga\u017cowa<\/strong> na torby i rzeczy osobiste<\/p>\n<\/li>\n<\/ul>\n<h4 data-start=\"867\" data-end=\"910\">\ud83d\udee3\ufe0f Idealny dla wszystkich transfer\u00f3w wewn\u0119trznych<\/h4>\n<p data-start=\"911\" data-end=\"925\">Idealny dla:<\/p>\n<ul data-start=\"926\" data-end=\"1054\">\n<li data-start=\"926\" data-end=\"962\">\n<p data-start=\"928\" data-end=\"962\">\ud83c\udfd6\ufe0f <strong data-start=\"932\" data-end=\"960\">Transfery mi\u0119dzy hotelami<\/strong><\/p>\n<\/li>\n<li data-start=\"963\" data-end=\"1003\">\n<p data-start=\"965\" data-end=\"1003\">\u2708\ufe0f <strong data-start=\"968\" data-end=\"1001\">Dow\u00f3z lub odbi\u00f3r z lotniska<\/strong><\/p>\n<\/li>\n<li data-start=\"1004\" data-end=\"1054\">\n<p data-start=\"1006\" data-end=\"1054\">\ud83c\udfdd\ufe0f <strong data-start=\"1010\" data-end=\"1052\">Wycieczki do lokalnych atrakcji i na pla\u017ce<\/strong><\/p>\n<\/li>\n<\/ul>\n<h4 data-start=\"1056\" data-end=\"1100\">\ud83e\uddd1\u200d\u2708\ufe0f Profesjonalna i niezawodna obs\u0142uga<\/h4>\n<ul data-start=\"1101\" data-end=\"1192\">\n<li data-start=\"1101\" data-end=\"1144\">\n<p data-start=\"1103\" data-end=\"1144\">\ud83d\udc68\u200d\u2708\ufe0f Do\u015bwiadczenie, <strong data-start=\"1122\" data-end=\"1142\">licencjonowani kierowcy<\/strong><\/p>\n<\/li>\n<li data-start=\"1145\" data-end=\"1192\">\n<p data-start=\"1147\" data-end=\"1192\">\ud83d\udee1\ufe0f Bezpieczne, prywatne i <strong data-start=\"1170\" data-end=\"1190\">punktualna obs\u0142uga<\/strong><\/p>\n<\/li>\n<\/ul>\n<h4 data-start=\"1194\" data-end=\"1218\">P\u0142ynny przyjazd<\/h4>\n<p data-start=\"1219\" data-end=\"1338\">Dotrzyj do celu w Marsa Alam wygodnie i na czas, gotowy cieszy\u0107 si\u0119 wakacjami lub kontynuowa\u0107 swoje plany.<\/p>\n<h3 data-start=\"2198\" data-end=\"2225\"><strong data-start=\"2205\" data-end=\"2223\">P\u0142atno\u015b\u0107 w USD ($ \ud83c\uddfa\ud83c\uddf8) zamiast EUR (\u20ac \ud83c\uddea\ud83c\uddfa) jest dost\u0119pna zgodnie z dziennym kursem wymiany banku.<\/strong><\/h3>\n<p><strong>Book Through WhatsApp:<\/strong><\/p>\n<p><a href=\"https:\/\/wa.me\/201021058859\" target=\"_blank\" rel=\"noopener\">\u00a0<img decoding=\"async\" class=\"alignnone wp-image-2058\" src=\"https:\/\/poehalisnamiegypt.com\/wp-content\/uploads\/2024\/02\/pngwing.com_-300x300.png\" sizes=\"auto, (max-width: 35px) 100vw, 35px\" srcset=\"https:\/\/poehalisnamiegypt.com\/wp-content\/uploads\/2024\/02\/pngwing.com_-300x300.png 300w, https:\/\/poehalisnamiegypt.com\/wp-content\/uploads\/2024\/02\/pngwing.com_-150x150.png 150w, https:\/\/poehalisnamiegypt.com\/wp-content\/uploads\/2024\/02\/pngwing.com_.png 584w\" alt=\"\" width=\"53\" height=\"53\" \/><\/a><\/p>\n<p>&nbsp;<\/p>","protected":false},"excerpt":{"rendered":"<p>\ud83d\ude90 Marsa Alam Internal Transfer by Hiace Car Enjoy a comfortable and stress-free transfer within Marsa Alam with our reliable Toyota Hiace car service. Whether you need a ride between hotels, resorts, airports, or attractions, we provide a smooth and efficient journey tailored to your needs. \ud83c\udfc1 Convenient Pick-Up \ud83c\udfe8 Door-to-door service from your hotel, [&hellip;]<\/p>","protected":false},"featured_media":10909,"comment_status":"open","ping_status":"closed","template":"","meta":{"_monsterinsights_skip_tracking":false,"_monsterinsights_sitenote_active":false,"_monsterinsights_sitenote_note":"","_monsterinsights_sitenote_category":0},"product_brand":[],"product_cat":[69],"product_tag":[],"class_list":{"0":"post-10223","1":"product","2":"type-product","3":"status-publish","4":"has-post-thumbnail","6":"product_cat-transfer","8":"first","9":"instock","10":"shipping-taxable","11":"purchasable","12":"product-type-ovabrw_car_rental"},"_links":{"self":[{"href":"https:\/\/redsea-dream-tours.com\/pl\/wp-json\/wp\/v2\/product\/10223","targetHints":{"allow":["GET"]}}],"collection":[{"href":"https:\/\/redsea-dream-tours.com\/pl\/wp-json\/wp\/v2\/product"}],"about":[{"href":"https:\/\/redsea-dream-tours.com\/pl\/wp-json\/wp\/v2\/types\/product"}],"replies":[{"embeddable":true,"href":"https:\/\/redsea-dream-tours.com\/pl\/wp-json\/wp\/v2\/comments?post=10223"}],"wp:featuredmedia":[{"embeddable":true,"href":"https:\/\/redsea-dream-tours.com\/pl\/wp-json\/wp\/v2\/media\/10909"}],"wp:attachment":[{"href":"https:\/\/redsea-dream-tours.com\/pl\/wp-json\/wp\/v2\/media?parent=10223"}],"wp:term":[{"taxonomy":"product_brand","embeddable":true,"href":"https:\/\/redsea-dream-tours.com\/pl\/wp-json\/wp\/v2\/product_brand?post=10223"},{"taxonomy":"product_cat","embeddable":true,"href":"https:\/\/redsea-dream-tours.com\/pl\/wp-json\/wp\/v2\/product_cat?post=10223"},{"taxonomy":"product_tag","embeddable":true,"href":"https:\/\/redsea-dream-tours.com\/pl\/wp-json\/wp\/v2\/product_tag?post=10223"}],"curies":[{"name":"wp","href":"https:\/\/api.w.org\/{rel}","templated":true}]}}