{"id":10219,"date":"2025-09-09T10:19:52","date_gmt":"2025-09-09T10:19:52","guid":{"rendered":"https:\/\/redsea-dream-tours.com\/?post_type=product&#038;p=10219"},"modified":"2025-10-20T21:44:10","modified_gmt":"2025-10-20T21:44:10","slug":"transfer-to-hurghada-luxor-hiace-car","status":"publish","type":"product","link":"https:\/\/redsea-dream-tours.com\/pl\/produkt\/transfer-to-hurghada-luxor-hiace-car\/","title":{"rendered":"Transfer do Hurghady Luxor Hiace samoch\u00f3d"},"content":{"rendered":"<h3 data-start=\"151\" data-end=\"212\">Prywatny transfer z Hurghady do Luksoru samochodem Hiace<\/h3>\n<p data-start=\"214\" data-end=\"518\">Podr\u00f3\u017c w <strong data-start=\"224\" data-end=\"260\">komfort, bezpiecze\u0144stwo i wygoda<\/strong> z <strong data-start=\"266\" data-end=\"287\">Hurghada do Luksoru<\/strong> z naszym prywatnym <strong data-start=\"305\" data-end=\"338\">Us\u0142uga transferu Toyota Hiace<\/strong>. Niezale\u017cnie od tego, czy wybierasz si\u0119 na zwiedzanie <strong data-start=\"378\" data-end=\"401\">Dolina Kr\u00f3l\u00f3w<\/strong>rozpocz\u0105\u0107 <strong data-start=\"415\" data-end=\"430\">Rejs po Nilu<\/strong>lub odwiedzi\u0107 s\u0142ynne na ca\u0142ym \u015bwiecie \u015bwi\u0105tynie Luksoru, zapewniamy <strong data-start=\"483\" data-end=\"515\">P\u0142ynna i przyjemna podr\u00f3\u017c<\/strong>.<\/p>\n<h4 data-start=\"520\" data-end=\"553\">\u0141atwy i elastyczny odbi\u00f3r<\/h4>\n<ul data-start=\"554\" data-end=\"701\">\n<li data-start=\"554\" data-end=\"635\">\n<p data-start=\"556\" data-end=\"635\">\ud83c\udfe8 <strong data-start=\"559\" data-end=\"583\">Us\u0142uga \"od drzwi do drzwi<\/strong> z hotelu, o\u015brodka lub rezydencji w Hurghadzie<\/p>\n<\/li>\n<li data-start=\"636\" data-end=\"701\">\n<p data-start=\"638\" data-end=\"701\">\u23f0 <strong data-start=\"640\" data-end=\"668\">Elastyczne godziny odlot\u00f3w<\/strong> zgodnie z planami podr\u00f3\u017cy<\/p>\n<\/li>\n<\/ul>\n<h4 data-start=\"703\" data-end=\"740\">Wygodna i przestronna jazda<\/h4>\n<p data-start=\"741\" data-end=\"807\">Nasz van Hiace jest idealny dla rodzin, grup lub ma\u0142ych imprez:<\/p>\n<ul data-start=\"808\" data-end=\"978\">\n<li data-start=\"808\" data-end=\"859\">\n<p data-start=\"810\" data-end=\"859\">\ud83e\ude91 <strong data-start=\"813\" data-end=\"857\">Przestronne siedzenia dla maksymalnie 10 pasa\u017cer\u00f3w<\/strong><\/p>\n<\/li>\n<li data-start=\"860\" data-end=\"924\">\n<p data-start=\"862\" data-end=\"924\">\u2744\ufe0f <strong data-start=\"865\" data-end=\"893\">Klimatyzowane wn\u0119trze<\/strong> na ch\u0142odn\u0105 i przyjemn\u0105 podr\u00f3\u017c<\/p>\n<\/li>\n<li data-start=\"925\" data-end=\"978\">\n<p data-start=\"927\" data-end=\"978\">\ud83d\udcbc <strong data-start=\"930\" data-end=\"956\">Du\u017ca pojemno\u015b\u0107 baga\u017cu<\/strong> dla twoich rzeczy<\/p>\n<\/li>\n<\/ul>\n<h4 data-start=\"980\" data-end=\"1018\">\ud83d\udee3\ufe0f Scenic Road Trip Experience<\/h4>\n<p data-start=\"1019\" data-end=\"1119\">Podr\u00f3\u017c przez <strong data-start=\"1034\" data-end=\"1087\">Egipska pustynia wschodnia i krajobrazy doliny Nilu<\/strong>z opcj\u0105 zatrzymania na:<\/p>\n<ul data-start=\"1120\" data-end=\"1205\">\n<li data-start=\"1120\" data-end=\"1155\">\n<p data-start=\"1122\" data-end=\"1155\">Pocz\u0119stunek i kr\u00f3tkie przerwy<\/p>\n<\/li>\n<li data-start=\"1156\" data-end=\"1205\">\n<p data-start=\"1158\" data-end=\"1205\">\ud83d\udcf8 Malownicze mo\u017cliwo\u015bci fotografowania wzd\u0142u\u017c trasy<\/p>\n<\/li>\n<\/ul>\n<h4 data-start=\"1207\" data-end=\"1251\">\ud83e\uddd1\u200d\u2708\ufe0f Niezawodna i profesjonalna obs\u0142uga<\/h4>\n<ul data-start=\"1252\" data-end=\"1369\">\n<li data-start=\"1252\" data-end=\"1316\">\n<p data-start=\"1254\" data-end=\"1316\">\ud83d\udc68\u200d\u2708\ufe0f <strong data-start=\"1260\" data-end=\"1293\">Licencjonowani, do\u015bwiadczeni kierowcy<\/strong> zapewnienie bezpiecznej podr\u00f3\u017cy<\/p>\n<\/li>\n<li data-start=\"1317\" data-end=\"1369\">\n<p data-start=\"1319\" data-end=\"1369\">\ud83d\udee1\ufe0f Punktualne, prywatne i bezproblemowe transfery<\/p>\n<\/li>\n<\/ul>\n<h4 data-start=\"1371\" data-end=\"1404\">Bezproblemowy przylot do Luksoru<\/h4>\n<p data-start=\"1405\" data-end=\"1529\">Przyjazd bezpo\u015brednio do <strong data-start=\"1429\" data-end=\"1486\">hotel, statek wycieczkowy lub preferowane miejsce docelowe w Luksorze<\/strong>zrelaksowany i gotowy do eksploracji.<\/p>\n<h3 data-start=\"2198\" data-end=\"2225\"><strong data-start=\"2205\" data-end=\"2223\">P\u0142atno\u015b\u0107 w USD ($ \ud83c\uddfa\ud83c\uddf8) zamiast EUR (\u20ac \ud83c\uddea\ud83c\uddfa) jest dost\u0119pna zgodnie z dziennym kursem wymiany banku.<\/strong><\/h3>\n<p><strong>Book Through WhatsApp:<\/strong><\/p>\n<p><a href=\"https:\/\/wa.me\/201021058859\" target=\"_blank\" rel=\"noopener\">\u00a0<img decoding=\"async\" class=\"alignnone wp-image-2058\" src=\"https:\/\/poehalisnamiegypt.com\/wp-content\/uploads\/2024\/02\/pngwing.com_-300x300.png\" sizes=\"auto, (max-width: 35px) 100vw, 35px\" srcset=\"https:\/\/poehalisnamiegypt.com\/wp-content\/uploads\/2024\/02\/pngwing.com_-300x300.png 300w, https:\/\/poehalisnamiegypt.com\/wp-content\/uploads\/2024\/02\/pngwing.com_-150x150.png 150w, https:\/\/poehalisnamiegypt.com\/wp-content\/uploads\/2024\/02\/pngwing.com_.png 584w\" alt=\"\" width=\"53\" height=\"53\" \/><\/a><\/p>\n<p>&nbsp;<\/p>","protected":false},"excerpt":{"rendered":"<p>\ud83d\ude90 Private Transfer from Hurghada to Luxor by Hiace Car Travel in comfort, safety, and convenience from Hurghada to Luxor with our private Toyota Hiace transfer service. Whether you\u2019re heading to explore the Valley of the Kings, embark on a Nile cruise, or visit Luxor\u2019s world-famous temples, we ensure a smooth and enjoyable journey. \ud83c\udfc1 [&hellip;]<\/p>","protected":false},"featured_media":10905,"comment_status":"open","ping_status":"closed","template":"","meta":{"_monsterinsights_skip_tracking":false,"_monsterinsights_sitenote_active":false,"_monsterinsights_sitenote_note":"","_monsterinsights_sitenote_category":0},"product_brand":[],"product_cat":[69],"product_tag":[],"class_list":{"0":"post-10219","1":"product","2":"type-product","3":"status-publish","4":"has-post-thumbnail","6":"product_cat-transfer","8":"first","9":"instock","10":"shipping-taxable","11":"purchasable","12":"product-type-ovabrw_car_rental"},"_links":{"self":[{"href":"https:\/\/redsea-dream-tours.com\/pl\/wp-json\/wp\/v2\/product\/10219","targetHints":{"allow":["GET"]}}],"collection":[{"href":"https:\/\/redsea-dream-tours.com\/pl\/wp-json\/wp\/v2\/product"}],"about":[{"href":"https:\/\/redsea-dream-tours.com\/pl\/wp-json\/wp\/v2\/types\/product"}],"replies":[{"embeddable":true,"href":"https:\/\/redsea-dream-tours.com\/pl\/wp-json\/wp\/v2\/comments?post=10219"}],"wp:featuredmedia":[{"embeddable":true,"href":"https:\/\/redsea-dream-tours.com\/pl\/wp-json\/wp\/v2\/media\/10905"}],"wp:attachment":[{"href":"https:\/\/redsea-dream-tours.com\/pl\/wp-json\/wp\/v2\/media?parent=10219"}],"wp:term":[{"taxonomy":"product_brand","embeddable":true,"href":"https:\/\/redsea-dream-tours.com\/pl\/wp-json\/wp\/v2\/product_brand?post=10219"},{"taxonomy":"product_cat","embeddable":true,"href":"https:\/\/redsea-dream-tours.com\/pl\/wp-json\/wp\/v2\/product_cat?post=10219"},{"taxonomy":"product_tag","embeddable":true,"href":"https:\/\/redsea-dream-tours.com\/pl\/wp-json\/wp\/v2\/product_tag?post=10219"}],"curies":[{"name":"wp","href":"https:\/\/api.w.org\/{rel}","templated":true}]}}