{"id":10218,"date":"2025-09-09T10:13:13","date_gmt":"2025-09-09T10:13:13","guid":{"rendered":"https:\/\/redsea-dream-tours.com\/?post_type=product&#038;p=10218"},"modified":"2025-10-20T21:44:47","modified_gmt":"2025-10-20T21:44:47","slug":"cairo-sharm-el-sheikh-transfer-haas-s-car","status":"publish","type":"product","link":"https:\/\/redsea-dream-tours.com\/pl\/produkt\/cairo-sharm-el-sheikh-transfer-haas-s-car\/","title":{"rendered":"Kair do Sharm El Sheikh transfer samochodem Hiace"},"content":{"rendered":"<h3 data-start=\"144\" data-end=\"212\">Prywatny transfer z Kairu do Sharm El Sheikh samochodem Hiace<\/h3>\n<p data-start=\"214\" data-end=\"511\">Ciesz si\u0119 <strong data-start=\"222\" data-end=\"264\">bezpieczna, wygodna i prywatna podr\u00f3\u017c<\/strong> z <strong data-start=\"270\" data-end=\"298\">Kair - Sharm El Sheikh<\/strong> z naszym nowoczesnym <strong data-start=\"315\" data-end=\"348\">Us\u0142uga transferu Toyota Hiace<\/strong>. Us\u0142uga ta jest idealna dla rodzin, grup lub os\u00f3b podr\u00f3\u017cuj\u0105cych s\u0142u\u017cbowo. <strong data-start=\"426\" data-end=\"472\">P\u0142ynna jazda przez malownicze egipskie autostrady<\/strong> do serca Riwiery Morza Czerwonego.<\/p>\n<h4 data-start=\"513\" data-end=\"541\">Wygodny odbi\u00f3r osobisty<\/h4>\n<ul data-start=\"542\" data-end=\"679\">\n<li data-start=\"542\" data-end=\"621\">\n<p data-start=\"544\" data-end=\"621\">\ud83c\udfe8 <strong data-start=\"547\" data-end=\"571\">Us\u0142uga \"od drzwi do drzwi<\/strong> z hotelu, lotniska lub miejsca zamieszkania w Kairze<\/p>\n<\/li>\n<li data-start=\"622\" data-end=\"679\">\n<p data-start=\"624\" data-end=\"679\">\u23f0 <strong data-start=\"626\" data-end=\"654\">Elastyczne godziny odlot\u00f3w<\/strong> dopasowanie do harmonogramu<\/p>\n<\/li>\n<\/ul>\n<h4 data-start=\"681\" data-end=\"718\">Przestronna i wygodna jazda<\/h4>\n<p data-start=\"719\" data-end=\"773\">Podr\u00f3\u017cuj wygodnie naszym w pe\u0142ni wyposa\u017conym vanem Hiace:<\/p>\n<ul data-start=\"774\" data-end=\"951\">\n<li data-start=\"774\" data-end=\"825\">\n<p data-start=\"776\" data-end=\"825\">\ud83e\ude91 <strong data-start=\"779\" data-end=\"823\">Przestronne siedzenia dla maksymalnie 10 pasa\u017cer\u00f3w<\/strong><\/p>\n<\/li>\n<li data-start=\"826\" data-end=\"893\">\n<p data-start=\"828\" data-end=\"893\">\u2744\ufe0f <strong data-start=\"831\" data-end=\"859\">Klimatyzowane wn\u0119trze<\/strong> na ch\u0142odn\u0105 i przyjemn\u0105 podr\u00f3\u017c<\/p>\n<\/li>\n<li data-start=\"894\" data-end=\"951\">\n<p data-start=\"896\" data-end=\"951\">\ud83d\udcbc <strong data-start=\"899\" data-end=\"925\">Du\u017ca przestrze\u0144 baga\u017cowa<\/strong> na wszystkie rzeczy<\/p>\n<\/li>\n<\/ul>\n<h4 data-start=\"953\" data-end=\"989\">\ud83d\udee3\ufe0f Malownicza i relaksuj\u0105ca podr\u00f3\u017c<\/h4>\n<p data-start=\"990\" data-end=\"1069\">Podr\u00f3\u017c przez <strong data-start=\"1005\" data-end=\"1041\">Pustynne i przybrze\u017cne drogi Egiptu<\/strong>, z opcjonalnymi ogranicznikami dla:<\/p>\n<ul data-start=\"1070\" data-end=\"1145\">\n<li data-start=\"1070\" data-end=\"1104\">\n<p data-start=\"1072\" data-end=\"1104\">Przek\u0105ski i przerwy na odpoczynek<\/p>\n<\/li>\n<li data-start=\"1105\" data-end=\"1145\">\n<p data-start=\"1107\" data-end=\"1145\">Mo\u017cliwo\u015bci robienia zdj\u0119\u0107 po drodze<\/p>\n<\/li>\n<\/ul>\n<h4 data-start=\"1147\" data-end=\"1191\">\ud83e\uddd1\u200d\u2708\ufe0f Profesjonalna i niezawodna obs\u0142uga<\/h4>\n<ul data-start=\"1192\" data-end=\"1344\">\n<li data-start=\"1192\" data-end=\"1267\">\n<p data-start=\"1194\" data-end=\"1267\">\ud83d\udc68\u200d\u2708\ufe0f <strong data-start=\"1200\" data-end=\"1233\">Licencjonowani, do\u015bwiadczeni kierowcy<\/strong> zapewnienie bezpiecze\u0144stwa i punktualno\u015bci<\/p>\n<\/li>\n<li data-start=\"1268\" data-end=\"1344\">\n<p data-start=\"1270\" data-end=\"1344\">\ud83d\udee1\ufe0f Wygodna podr\u00f3\u017c na d\u0142ugich dystansach z <strong data-start=\"1312\" data-end=\"1342\">Dedykowana obs\u0142uga klienta<\/strong><\/p>\n<\/li>\n<\/ul>\n<h4 data-start=\"1346\" data-end=\"1389\">Bezproblemowy przylot do Sharm El Sheikh<\/h4>\n<p data-start=\"1390\" data-end=\"1520\">Przyjazd bezpo\u015brednio do <strong data-start=\"1414\" data-end=\"1462\">hotel, o\u015brodek lub lotnisko w Sharm El Sheikh<\/strong>Gotowy, aby cieszy\u0107 si\u0119 wakacjami lub kontynuowa\u0107 podr\u00f3\u017c.<\/p>\n<h3 data-start=\"2198\" data-end=\"2225\"><strong data-start=\"2205\" data-end=\"2223\">P\u0142atno\u015b\u0107 w USD ($ \ud83c\uddfa\ud83c\uddf8) zamiast EUR (\u20ac \ud83c\uddea\ud83c\uddfa) jest dost\u0119pna zgodnie z dziennym kursem wymiany banku.<\/strong><\/h3>\n<p><strong>Book Through WhatsApp:<\/strong><\/p>\n<p><a href=\"https:\/\/wa.me\/201021058859\" target=\"_blank\" rel=\"noopener\">\u00a0<img decoding=\"async\" class=\"alignnone wp-image-2058\" src=\"https:\/\/poehalisnamiegypt.com\/wp-content\/uploads\/2024\/02\/pngwing.com_-300x300.png\" sizes=\"auto, (max-width: 35px) 100vw, 35px\" srcset=\"https:\/\/poehalisnamiegypt.com\/wp-content\/uploads\/2024\/02\/pngwing.com_-300x300.png 300w, https:\/\/poehalisnamiegypt.com\/wp-content\/uploads\/2024\/02\/pngwing.com_-150x150.png 150w, https:\/\/poehalisnamiegypt.com\/wp-content\/uploads\/2024\/02\/pngwing.com_.png 584w\" alt=\"\" width=\"53\" height=\"53\" \/><\/a><\/p>\n<p>&nbsp;<\/p>","protected":false},"excerpt":{"rendered":"<p>\ud83d\ude90 Private Transfer from Cairo to Sharm El Sheikh by Hiace Car Enjoy a safe, comfortable, and private journey from Cairo to Sharm El Sheikh with our modern Toyota Hiace transfer service. Perfect for families, groups, or business travelers, this service ensures a smooth ride across Egypt\u2019s scenic highways to the heart of the Red [&hellip;]<\/p>","protected":false},"featured_media":10909,"comment_status":"open","ping_status":"closed","template":"","meta":{"_monsterinsights_skip_tracking":false,"_monsterinsights_sitenote_active":false,"_monsterinsights_sitenote_note":"","_monsterinsights_sitenote_category":0},"product_brand":[],"product_cat":[69],"product_tag":[],"class_list":{"0":"post-10218","1":"product","2":"type-product","3":"status-publish","4":"has-post-thumbnail","6":"product_cat-transfer","8":"first","9":"instock","10":"shipping-taxable","11":"purchasable","12":"product-type-ovabrw_car_rental"},"_links":{"self":[{"href":"https:\/\/redsea-dream-tours.com\/pl\/wp-json\/wp\/v2\/product\/10218","targetHints":{"allow":["GET"]}}],"collection":[{"href":"https:\/\/redsea-dream-tours.com\/pl\/wp-json\/wp\/v2\/product"}],"about":[{"href":"https:\/\/redsea-dream-tours.com\/pl\/wp-json\/wp\/v2\/types\/product"}],"replies":[{"embeddable":true,"href":"https:\/\/redsea-dream-tours.com\/pl\/wp-json\/wp\/v2\/comments?post=10218"}],"wp:featuredmedia":[{"embeddable":true,"href":"https:\/\/redsea-dream-tours.com\/pl\/wp-json\/wp\/v2\/media\/10909"}],"wp:attachment":[{"href":"https:\/\/redsea-dream-tours.com\/pl\/wp-json\/wp\/v2\/media?parent=10218"}],"wp:term":[{"taxonomy":"product_brand","embeddable":true,"href":"https:\/\/redsea-dream-tours.com\/pl\/wp-json\/wp\/v2\/product_brand?post=10218"},{"taxonomy":"product_cat","embeddable":true,"href":"https:\/\/redsea-dream-tours.com\/pl\/wp-json\/wp\/v2\/product_cat?post=10218"},{"taxonomy":"product_tag","embeddable":true,"href":"https:\/\/redsea-dream-tours.com\/pl\/wp-json\/wp\/v2\/product_tag?post=10218"}],"curies":[{"name":"wp","href":"https:\/\/api.w.org\/{rel}","templated":true}]}}