{"id":10217,"date":"2025-09-09T10:09:13","date_gmt":"2025-09-09T10:09:13","guid":{"rendered":"https:\/\/redsea-dream-tours.com\/?post_type=product&#038;p=10217"},"modified":"2025-10-20T21:45:13","modified_gmt":"2025-10-20T21:45:13","slug":"transfer-hurghada-to-cairo-haas-s-car","status":"publish","type":"product","link":"https:\/\/redsea-dream-tours.com\/pl\/produkt\/transfer-hurghada-to-cairo-haas-s-car\/","title":{"rendered":"Transfer Hurghada - Kair samochodem Hiace"},"content":{"rendered":"<h3 data-start=\"139\" data-end=\"200\">Prywatny transfer z Hurghady do Kairu samochodem Hiace<\/h3>\n<p data-start=\"202\" data-end=\"480\">Podr\u00f3\u017cuj wygodnie i \u0142atwo z <strong data-start=\"234\" data-end=\"255\">Hurghada - Kair<\/strong> z naszym prywatnym <strong data-start=\"273\" data-end=\"306\">Us\u0142uga transferu Toyota Hiace<\/strong>. Niezale\u017cnie od tego, czy wybierasz si\u0119 do <strong data-start=\"334\" data-end=\"358\">zwiedzanie piramid<\/strong>, odwiedzi\u0107 rodzin\u0119 lub kontynuowa\u0107 podr\u00f3\u017c w t\u0119tni\u0105cej \u017cyciem stolicy Egiptu, zapewniamy <strong data-start=\"440\" data-end=\"477\">P\u0142ynna, bezpieczna i wygodna jazda<\/strong>.<\/p>\n<h4 data-start=\"482\" data-end=\"511\">Bezproblemowy odbi\u00f3r<\/h4>\n<ul data-start=\"512\" data-end=\"645\">\n<li data-start=\"512\" data-end=\"584\">\n<p data-start=\"514\" data-end=\"584\">\ud83c\udfe8 <strong data-start=\"517\" data-end=\"541\">Us\u0142uga \"od drzwi do drzwi<\/strong> z hotelu lub miejsca zamieszkania w Hurghadzie<\/p>\n<\/li>\n<li data-start=\"585\" data-end=\"645\">\n<p data-start=\"587\" data-end=\"645\">\u23f0 <strong data-start=\"589\" data-end=\"617\">Elastyczne godziny odlot\u00f3w<\/strong> Dostosowane do Twojego harmonogramu<\/p>\n<\/li>\n<\/ul>\n<h4 data-start=\"647\" data-end=\"687\">Przestronny i wygodny pojazd<\/h4>\n<p data-start=\"688\" data-end=\"734\">Nasz van Hiace zosta\u0142 zaprojektowany z my\u015bl\u0105 o d\u0142ugich podr\u00f3\u017cach:<\/p>\n<ul data-start=\"735\" data-end=\"911\">\n<li data-start=\"735\" data-end=\"786\">\n<p data-start=\"737\" data-end=\"786\">\ud83e\ude91 <strong data-start=\"740\" data-end=\"784\">Przestronne siedzenia dla maksymalnie 10 pasa\u017cer\u00f3w<\/strong><\/p>\n<\/li>\n<li data-start=\"787\" data-end=\"848\">\n<p data-start=\"789\" data-end=\"848\">\u2744\ufe0f <strong data-start=\"792\" data-end=\"826\">W pe\u0142ni klimatyzowane wn\u0119trze<\/strong> dla maksymalnego komfortu<\/p>\n<\/li>\n<li data-start=\"849\" data-end=\"911\">\n<p data-start=\"851\" data-end=\"911\">\ud83d\udcbc <strong data-start=\"854\" data-end=\"880\">Du\u017ca pojemno\u015b\u0107 baga\u017cowa<\/strong> na torby i rzeczy osobiste<\/p>\n<\/li>\n<\/ul>\n<h4 data-start=\"913\" data-end=\"943\">\ud83d\udee3\ufe0f Scenic Road Journey<\/h4>\n<p data-start=\"944\" data-end=\"1068\">Ciesz si\u0119 zmieniaj\u0105cymi si\u0119 widokami podczas podr\u00f3\u017cy przez <strong data-start=\"990\" data-end=\"1039\">Pustynne autostrady Egiptu i drogi w dolinie Nilu<\/strong>, z przystankami dost\u0119pnymi dla:<\/p>\n<ul data-start=\"1069\" data-end=\"1137\">\n<li data-start=\"1069\" data-end=\"1104\">\n<p data-start=\"1071\" data-end=\"1104\">Kr\u00f3tkie przerwy i przek\u0105ski<\/p>\n<\/li>\n<li data-start=\"1105\" data-end=\"1137\">\n<p data-start=\"1107\" data-end=\"1137\">Szybkie mo\u017cliwo\u015bci robienia zdj\u0119\u0107<\/p>\n<\/li>\n<\/ul>\n<h4 data-start=\"1139\" data-end=\"1172\">\ud83e\uddd1\u200d\u2708\ufe0f Profesjonalny serwis<\/h4>\n<ul data-start=\"1173\" data-end=\"1275\">\n<li data-start=\"1173\" data-end=\"1219\">\n<p data-start=\"1175\" data-end=\"1219\">\ud83d\udc68\u200d\u2708\ufe0f Do\u015bwiadczony i <strong data-start=\"1197\" data-end=\"1217\">licencjonowani kierowcy<\/strong><\/p>\n<\/li>\n<li data-start=\"1220\" data-end=\"1275\">\n<p data-start=\"1222\" data-end=\"1275\">\ud83d\udee1\ufe0f Skupiono si\u0119 na <strong data-start=\"1237\" data-end=\"1273\">bezpiecze\u0144stwo, punktualno\u015b\u0107 i komfort<\/strong><\/p>\n<\/li>\n<\/ul>\n<h4 data-start=\"1277\" data-end=\"1310\">Bezproblemowy przylot do Kairu<\/h4>\n<p data-start=\"1311\" data-end=\"1435\">Odwozimy Ci\u0119 bezpo\u015brednio do <strong data-start=\"1344\" data-end=\"1401\">hotel, lotnisko lub dowolne preferowane miejsce w Kairze<\/strong>gotowy na miejsk\u0105 przygod\u0119.<\/p>\n<h3 data-start=\"2198\" data-end=\"2225\"><strong data-start=\"2205\" data-end=\"2223\">P\u0142atno\u015b\u0107 w USD ($ \ud83c\uddfa\ud83c\uddf8) zamiast EUR (\u20ac \ud83c\uddea\ud83c\uddfa) jest dost\u0119pna zgodnie z dziennym kursem wymiany banku.<\/strong><\/h3>\n<p><strong>Book Through WhatsApp:<\/strong><\/p>\n<p><a href=\"https:\/\/wa.me\/201021058859\" target=\"_blank\" rel=\"noopener\">\u00a0<img decoding=\"async\" class=\"alignnone wp-image-2058\" src=\"https:\/\/poehalisnamiegypt.com\/wp-content\/uploads\/2024\/02\/pngwing.com_-300x300.png\" sizes=\"auto, (max-width: 35px) 100vw, 35px\" srcset=\"https:\/\/poehalisnamiegypt.com\/wp-content\/uploads\/2024\/02\/pngwing.com_-300x300.png 300w, https:\/\/poehalisnamiegypt.com\/wp-content\/uploads\/2024\/02\/pngwing.com_-150x150.png 150w, https:\/\/poehalisnamiegypt.com\/wp-content\/uploads\/2024\/02\/pngwing.com_.png 584w\" alt=\"\" width=\"53\" height=\"53\" \/><\/a><\/p>\n<p>&nbsp;<\/p>","protected":false},"excerpt":{"rendered":"<p>\ud83d\ude90 Private Transfer from Hurghada to Cairo by Hiace Car Travel in comfort and ease from Hurghada to Cairo with our private Toyota Hiace transfer service. Whether you\u2019re heading to explore the Pyramids, visit family, or continue your journey in Egypt\u2019s bustling capital, we ensure a smooth, safe, and convenient ride. \ud83c\udfc1 Hassle-Free Pick-Up \ud83c\udfe8 [&hellip;]<\/p>","protected":false},"featured_media":10908,"comment_status":"open","ping_status":"closed","template":"","meta":{"_monsterinsights_skip_tracking":false,"_monsterinsights_sitenote_active":false,"_monsterinsights_sitenote_note":"","_monsterinsights_sitenote_category":0},"product_brand":[],"product_cat":[69],"product_tag":[],"class_list":{"0":"post-10217","1":"product","2":"type-product","3":"status-publish","4":"has-post-thumbnail","6":"product_cat-transfer","8":"first","9":"instock","10":"shipping-taxable","11":"purchasable","12":"product-type-ovabrw_car_rental"},"_links":{"self":[{"href":"https:\/\/redsea-dream-tours.com\/pl\/wp-json\/wp\/v2\/product\/10217","targetHints":{"allow":["GET"]}}],"collection":[{"href":"https:\/\/redsea-dream-tours.com\/pl\/wp-json\/wp\/v2\/product"}],"about":[{"href":"https:\/\/redsea-dream-tours.com\/pl\/wp-json\/wp\/v2\/types\/product"}],"replies":[{"embeddable":true,"href":"https:\/\/redsea-dream-tours.com\/pl\/wp-json\/wp\/v2\/comments?post=10217"}],"wp:featuredmedia":[{"embeddable":true,"href":"https:\/\/redsea-dream-tours.com\/pl\/wp-json\/wp\/v2\/media\/10908"}],"wp:attachment":[{"href":"https:\/\/redsea-dream-tours.com\/pl\/wp-json\/wp\/v2\/media?parent=10217"}],"wp:term":[{"taxonomy":"product_brand","embeddable":true,"href":"https:\/\/redsea-dream-tours.com\/pl\/wp-json\/wp\/v2\/product_brand?post=10217"},{"taxonomy":"product_cat","embeddable":true,"href":"https:\/\/redsea-dream-tours.com\/pl\/wp-json\/wp\/v2\/product_cat?post=10217"},{"taxonomy":"product_tag","embeddable":true,"href":"https:\/\/redsea-dream-tours.com\/pl\/wp-json\/wp\/v2\/product_tag?post=10217"}],"curies":[{"name":"wp","href":"https:\/\/api.w.org\/{rel}","templated":true}]}}