{"id":10210,"date":"2025-09-09T09:56:06","date_gmt":"2025-09-09T09:56:06","guid":{"rendered":"https:\/\/redsea-dream-tours.com\/?post_type=product&#038;p=10210"},"modified":"2025-10-20T21:46:16","modified_gmt":"2025-10-20T21:46:16","slug":"transfer-hurghada-to-aswan-hiace-car","status":"publish","type":"product","link":"https:\/\/redsea-dream-tours.com\/pl\/produkt\/transfer-hurghada-to-aswan-hiace-car\/","title":{"rendered":"Transfer Hurghada - Asuan samochodem Hiace"},"content":{"rendered":"<h3 data-start=\"148\" data-end=\"209\">Prywatny transfer z Hurghady do Asuanu samochodem Hiace<\/h3>\n<p data-start=\"211\" data-end=\"470\">Podr\u00f3\u017cuj wygodnie i bezstresowo z <strong data-start=\"251\" data-end=\"272\">Z Hurghady do Asuanu<\/strong> z naszym niezawodnym <strong data-start=\"291\" data-end=\"329\">prywatny transfer samochodem Hiace<\/strong>. Niezale\u017cnie od tego, czy wybierasz si\u0119 na <strong data-start=\"360\" data-end=\"419\">podr\u00f3\u017c s\u0142u\u017cbowa, rejs po Nilu lub historyczna przygoda<\/strong>Zapewniamy, \u017ce podr\u00f3\u017c b\u0119dzie p\u0142ynna i przyjemna.<\/p>\n<h4 data-start=\"472\" data-end=\"500\">Wygodny odbi\u00f3r osobisty<\/h4>\n<ul data-start=\"501\" data-end=\"647\">\n<li data-start=\"501\" data-end=\"590\">\n<p data-start=\"503\" data-end=\"590\">\ud83c\udfe8 <strong data-start=\"506\" data-end=\"530\">Us\u0142uga \"od drzwi do drzwi<\/strong> - odbi\u00f3r z hotelu lub wybranej lokalizacji w Hurghadzie<\/p>\n<\/li>\n<li data-start=\"591\" data-end=\"647\">\n<p data-start=\"593\" data-end=\"647\">\u23f0 <strong data-start=\"595\" data-end=\"623\">Elastyczne godziny odlot\u00f3w<\/strong> dopasowanie do harmonogramu<\/p>\n<\/li>\n<\/ul>\n<h4 data-start=\"649\" data-end=\"686\">Wygodna i przestronna jazda<\/h4>\n<p data-start=\"687\" data-end=\"728\">Nasz nowoczesny <strong data-start=\"698\" data-end=\"718\">Toyota Hiace van<\/strong> oferty:<\/p>\n<ul data-start=\"729\" data-end=\"885\">\n<li data-start=\"729\" data-end=\"780\">\n<p data-start=\"731\" data-end=\"780\">\ud83e\ude91 <strong data-start=\"734\" data-end=\"778\">Przestronne siedzenia dla maksymalnie 10 pasa\u017cer\u00f3w<\/strong><\/p>\n<\/li>\n<li data-start=\"781\" data-end=\"836\">\n<p data-start=\"783\" data-end=\"836\">\u2744\ufe0f <strong data-start=\"786\" data-end=\"814\">Klimatyzowane wn\u0119trze<\/strong> na relaksuj\u0105c\u0105 wycieczk\u0119<\/p>\n<\/li>\n<li data-start=\"837\" data-end=\"885\">\n<p data-start=\"839\" data-end=\"885\">Mn\u00f3stwo <strong data-start=\"852\" data-end=\"869\">przestrze\u0144 baga\u017cowa<\/strong> do toreb<\/p>\n<\/li>\n<\/ul>\n<h4 data-start=\"887\" data-end=\"912\">\ud83d\udee3\ufe0f Sceniczna podr\u00f3\u017c<\/h4>\n<p data-start=\"913\" data-end=\"1041\">Ciesz si\u0119 jazd\u0105 podczas podr\u00f3\u017cy przez <strong data-start=\"954\" data-end=\"1006\">Osza\u0142amiaj\u0105ce pustynne krajobrazy i widoki na dolin\u0119 Nilu<\/strong>z mo\u017cliwo\u015bci\u0105 zatrzymania si\u0119:<\/p>\n<ul data-start=\"1042\" data-end=\"1098\">\n<li data-start=\"1042\" data-end=\"1065\">\n<p data-start=\"1044\" data-end=\"1065\">Kr\u00f3tkie przerwy na odpoczynek<\/p>\n<\/li>\n<li data-start=\"1066\" data-end=\"1098\">\n<p data-start=\"1068\" data-end=\"1098\">Szybkie mo\u017cliwo\u015bci robienia zdj\u0119\u0107<\/p>\n<\/li>\n<\/ul>\n<h4 data-start=\"1100\" data-end=\"1133\">\ud83e\uddd1\u200d\u2708\ufe0f Profesjonalny serwis<\/h4>\n<ul data-start=\"1134\" data-end=\"1230\">\n<li data-start=\"1134\" data-end=\"1180\">\n<p data-start=\"1136\" data-end=\"1180\">\ud83d\udc68\u200d\u2708\ufe0f Do\u015bwiadczony i <strong data-start=\"1158\" data-end=\"1178\">przyja\u017ani kierowcy<\/strong><\/p>\n<\/li>\n<li data-start=\"1181\" data-end=\"1230\">\n<p data-start=\"1183\" data-end=\"1230\">Bezpieczny, <strong data-start=\"1192\" data-end=\"1228\">licencjonowane i punktualne transfery<\/strong><\/p>\n<\/li>\n<\/ul>\n<h4 data-start=\"1232\" data-end=\"1257\">P\u0142ynny spadek wydajno\u015bci<\/h4>\n<p data-start=\"1258\" data-end=\"1368\">Wygodne dotarcie do <strong data-start=\"1285\" data-end=\"1334\">hotel, rejs lub wybrane miejsce w Asuanie<\/strong>gotowy do rozpocz\u0119cia przygody.<\/p>\n<h3 data-start=\"2198\" data-end=\"2225\"><strong data-start=\"2205\" data-end=\"2223\">P\u0142atno\u015b\u0107 w USD ($ \ud83c\uddfa\ud83c\uddf8) zamiast EUR (\u20ac \ud83c\uddea\ud83c\uddfa) jest dost\u0119pna zgodnie z dziennym kursem wymiany banku.<\/strong><\/h3>\n<p><strong>Book Through WhatsApp:<\/strong><\/p>\n<p><a href=\"https:\/\/wa.me\/201021058859\" target=\"_blank\" rel=\"noopener\">\u00a0<img decoding=\"async\" class=\"alignnone wp-image-2058\" src=\"https:\/\/poehalisnamiegypt.com\/wp-content\/uploads\/2024\/02\/pngwing.com_-300x300.png\" sizes=\"auto, (max-width: 35px) 100vw, 35px\" srcset=\"https:\/\/poehalisnamiegypt.com\/wp-content\/uploads\/2024\/02\/pngwing.com_-300x300.png 300w, https:\/\/poehalisnamiegypt.com\/wp-content\/uploads\/2024\/02\/pngwing.com_-150x150.png 150w, https:\/\/poehalisnamiegypt.com\/wp-content\/uploads\/2024\/02\/pngwing.com_.png 584w\" alt=\"\" width=\"53\" height=\"53\" \/><\/a><\/p>\n<p>&nbsp;<\/p>","protected":false},"excerpt":{"rendered":"<p>\ud83d\ude90 Private Transfer from Hurghada to Aswan by Hiace Car Travel comfortably and stress-free from Hurghada to Aswan with our reliable private Hiace car transfer service. Whether you\u2019re heading for a business trip, a Nile cruise, or a historical adventure, we ensure your journey is smooth and enjoyable. \ud83c\udfc1 Convenient Pick-Up \ud83c\udfe8 Door-to-door service \u2013 [&hellip;]<\/p>","protected":false},"featured_media":10910,"comment_status":"open","ping_status":"closed","template":"","meta":{"_monsterinsights_skip_tracking":false,"_monsterinsights_sitenote_active":false,"_monsterinsights_sitenote_note":"","_monsterinsights_sitenote_category":0},"product_brand":[],"product_cat":[69],"product_tag":[],"class_list":{"0":"post-10210","1":"product","2":"type-product","3":"status-publish","4":"has-post-thumbnail","6":"product_cat-transfer","8":"first","9":"instock","10":"shipping-taxable","11":"purchasable","12":"product-type-ovabrw_car_rental"},"_links":{"self":[{"href":"https:\/\/redsea-dream-tours.com\/pl\/wp-json\/wp\/v2\/product\/10210","targetHints":{"allow":["GET"]}}],"collection":[{"href":"https:\/\/redsea-dream-tours.com\/pl\/wp-json\/wp\/v2\/product"}],"about":[{"href":"https:\/\/redsea-dream-tours.com\/pl\/wp-json\/wp\/v2\/types\/product"}],"replies":[{"embeddable":true,"href":"https:\/\/redsea-dream-tours.com\/pl\/wp-json\/wp\/v2\/comments?post=10210"}],"wp:featuredmedia":[{"embeddable":true,"href":"https:\/\/redsea-dream-tours.com\/pl\/wp-json\/wp\/v2\/media\/10910"}],"wp:attachment":[{"href":"https:\/\/redsea-dream-tours.com\/pl\/wp-json\/wp\/v2\/media?parent=10210"}],"wp:term":[{"taxonomy":"product_brand","embeddable":true,"href":"https:\/\/redsea-dream-tours.com\/pl\/wp-json\/wp\/v2\/product_brand?post=10210"},{"taxonomy":"product_cat","embeddable":true,"href":"https:\/\/redsea-dream-tours.com\/pl\/wp-json\/wp\/v2\/product_cat?post=10210"},{"taxonomy":"product_tag","embeddable":true,"href":"https:\/\/redsea-dream-tours.com\/pl\/wp-json\/wp\/v2\/product_tag?post=10210"}],"curies":[{"name":"wp","href":"https:\/\/api.w.org\/{rel}","templated":true}]}}