{"id":10204,"date":"2025-09-09T09:48:34","date_gmt":"2025-09-09T09:48:34","guid":{"rendered":"https:\/\/redsea-dream-tours.com\/?post_type=product&#038;p=10204"},"modified":"2025-11-28T14:33:26","modified_gmt":"2025-11-28T14:33:26","slug":"10204","status":"publish","type":"product","link":"https:\/\/redsea-dream-tours.com\/pl\/produkt\/10204\/","title":{"rendered":"Sunrise Quad Tour: Jazda po pustyni i z\u0142ote widoki"},"content":{"rendered":"<h3 data-start=\"98\" data-end=\"155\">Przygoda z quadem o wschodzie s\u0142o\u0144ca - pustynia w Hurghadzie przebudzona<\/h3>\n<p data-start=\"157\" data-end=\"430\">Rozpocznij dzie\u0144 od <strong data-start=\"180\" data-end=\"214\">Niezapomniana wycieczka quadem o wschodzie s\u0142o\u0144ca<\/strong> i ogl\u0105da\u0107 <strong data-start=\"229\" data-end=\"261\">pierwsze z\u0142ote promienie s\u0142o\u0144ca<\/strong> o\u015bwietlaj\u0105 dramatyczne g\u00f3ry i klify pustyni Hurghady. Ta poranna ucieczka oferuje idealne po\u0142\u0105czenie <strong data-start=\"381\" data-end=\"427\">Przygoda, spok\u00f3j i naturalne pi\u0119kno<\/strong>.<\/p>\n<h4 data-start=\"432\" data-end=\"463\">Bezproblemowe przelewy<\/h4>\n<p data-start=\"464\" data-end=\"593\">Rozpocznij swoj\u0105 podr\u00f3\u017c od <strong data-start=\"490\" data-end=\"532\">wygodny odbi\u00f3r i dow\u00f3z do hotelu<\/strong>zapewniaj\u0105c p\u0142ynny i bezproblemowy pocz\u0105tek przygody.<\/p>\n<h4 data-start=\"595\" data-end=\"633\">\ud83c\udfcd\ufe0f Jazda ATV przez pustyni\u0119<\/h4>\n<p data-start=\"634\" data-end=\"739\">Niezale\u017cnie od tego, czy jeste\u015b <strong data-start=\"651\" data-end=\"700\">pocz\u0105tkuj\u0105cy rowerzysta lub do\u015bwiadczony poszukiwacz przyg\u00f3d<\/strong>Ta wycieczka jest przeznaczona dla ka\u017cdego:<\/p>\n<ul data-start=\"740\" data-end=\"938\">\n<li data-start=\"740\" data-end=\"815\">\n<p data-start=\"742\" data-end=\"815\">\ud83e\uddd1\u200d\ud83c\udfeb Otrzyma\u0107 <strong data-start=\"758\" data-end=\"794\">odprawa i instrukcje jazdy<\/strong> od przewodnik\u00f3w ekspert\u00f3w<\/p>\n<\/li>\n<li data-start=\"816\" data-end=\"856\">\n<p data-start=\"818\" data-end=\"856\">Wyposa\u017c si\u0119 w <strong data-start=\"839\" data-end=\"854\">sprz\u0119t bezpiecze\u0144stwa<\/strong><\/p>\n<\/li>\n<li data-start=\"857\" data-end=\"938\">\n<p data-start=\"859\" data-end=\"938\">\ud83c\udf04 Pod\u0105\u017caj za przewodnikiem na trasie <strong data-start=\"891\" data-end=\"912\">przeja\u017cd\u017cka w stylu safari<\/strong> przez z\u0142ote piaski<\/p>\n<\/li>\n<\/ul>\n<h4 data-start=\"940\" data-end=\"966\">Magia wschodu s\u0142o\u0144ca<\/h4>\n<p data-start=\"967\" data-end=\"1169\">Zobacz, jak pustynia o\u017cywa, gdy <strong data-start=\"1004\" data-end=\"1054\">s\u0142o\u0144ce wschodzi nad surowymi klifami i g\u00f3rami<\/strong>, tworz\u0105c zapieraj\u0105c\u0105 dech w piersiach sceneri\u0119 w ch\u0142odnym, spokojnym porannym powietrzu - idealn\u0105 do fotografowania i cichej refleksji.<\/p>\n<h4 data-start=\"1171\" data-end=\"1208\">\ud83d\udd4a\ufe0f Dlaczego warto wybra\u0107 Sunrise Tour?<\/h4>\n<ul data-start=\"1209\" data-end=\"1385\">\n<li data-start=\"1209\" data-end=\"1284\">\n<p data-start=\"1211\" data-end=\"1284\">\u2744\ufe0f <strong data-start=\"1214\" data-end=\"1258\">Ni\u017csze i bardziej komfortowe temperatury<\/strong> zanim dzie\u0144 si\u0119 nagrzeje<\/p>\n<\/li>\n<li data-start=\"1285\" data-end=\"1328\">\n<p data-start=\"1287\" data-end=\"1328\">Unikaj <strong data-start=\"1300\" data-end=\"1326\">po\u0142udniowy upa\u0142 i t\u0142umy<\/strong><\/p>\n<\/li>\n<li data-start=\"1329\" data-end=\"1385\">\n<p data-start=\"1331\" data-end=\"1385\">Natychmiastowe potwierdzenie rezerwacji dla <strong data-start=\"1366\" data-end=\"1383\">spok\u00f3j ducha<\/strong><\/p>\n<\/li>\n<\/ul>\n<p data-start=\"52\" data-end=\"200\">\ud83e\udd11 <strong data-start=\"55\" data-end=\"74\">Cena wycieczki<\/strong><br data-start=\"74\" data-end=\"77\" \/>\ud83d\ude4e\ud83c\udffb\u200d\u2642\ufe0f <strong data-start=\"85\" data-end=\"106\">16 lat i wi\u0119cej:<\/strong> \u20ac 32<br data-start=\"110\" data-end=\"113\" \/>\ud83e\uddcd\ud83c\udffb\u200d\u2640\ufe0f <strong data-start=\"121\" data-end=\"153\">6-15 lat (tylko pasa\u017cer):<\/strong> \u20ac 20<br data-start=\"157\" data-end=\"160\" \/>\ud83d\udc7c\ud83c\udffc <strong data-start=\"165\" data-end=\"183\">Poni\u017cej 6 lat:<\/strong> Niedozwolone<\/p>\n<h3 data-start=\"2198\" data-end=\"2225\"><strong data-start=\"2205\" data-end=\"2223\">P\u0142atno\u015b\u0107 w USD ($ \ud83c\uddfa\ud83c\uddf8) zamiast EUR (\u20ac \ud83c\uddea\ud83c\uddfa) jest dost\u0119pna zgodnie z dziennym kursem wymiany banku.<\/strong><\/h3>\n<p><strong>Book Through WhatsApp:<\/strong><\/p>\n<p><a href=\"https:\/\/wa.me\/201021058859\" target=\"_blank\" rel=\"noopener\">\u00a0<img decoding=\"async\" class=\"alignnone wp-image-2058\" src=\"https:\/\/poehalisnamiegypt.com\/wp-content\/uploads\/2024\/02\/pngwing.com_-300x300.png\" sizes=\"auto, (max-width: 35px) 100vw, 35px\" srcset=\"https:\/\/poehalisnamiegypt.com\/wp-content\/uploads\/2024\/02\/pngwing.com_-300x300.png 300w, https:\/\/poehalisnamiegypt.com\/wp-content\/uploads\/2024\/02\/pngwing.com_-150x150.png 150w, https:\/\/poehalisnamiegypt.com\/wp-content\/uploads\/2024\/02\/pngwing.com_.png 584w\" alt=\"\" width=\"53\" height=\"53\" \/><\/a><\/p>\n<div id=\"gtx-trans\" style=\"position: absolute; left: 118px; top: 3.9125px;\">\n<div class=\"gtx-trans-icon\"><\/div>\n<\/div>","protected":false},"excerpt":{"rendered":"<p>\ud83c\udf05 Sunrise Quad Adventure \u2013 Hurghada Desert Awakened Start your day with an unforgettable sunrise Quad tour and watch the first golden rays of the sun illuminate the dramatic mountains and cliffs of Hurghada\u2019s desert. This early morning escape offers the perfect mix of adventure, tranquility, and natural beauty. \ud83d\ude90 Hassle-Free Transfers Begin your journey [&hellip;]<\/p>","protected":false},"featured_media":10205,"comment_status":"open","ping_status":"closed","template":"","meta":{"_monsterinsights_skip_tracking":false,"_monsterinsights_sitenote_active":false,"_monsterinsights_sitenote_note":"","_monsterinsights_sitenote_category":0},"product_brand":[],"product_cat":[67],"product_tag":[],"class_list":{"0":"post-10204","1":"product","2":"type-product","3":"status-publish","4":"has-post-thumbnail","6":"product_cat-safari","8":"first","9":"instock","10":"shipping-taxable","11":"purchasable","12":"product-type-ovabrw_car_rental"},"_links":{"self":[{"href":"https:\/\/redsea-dream-tours.com\/pl\/wp-json\/wp\/v2\/product\/10204","targetHints":{"allow":["GET"]}}],"collection":[{"href":"https:\/\/redsea-dream-tours.com\/pl\/wp-json\/wp\/v2\/product"}],"about":[{"href":"https:\/\/redsea-dream-tours.com\/pl\/wp-json\/wp\/v2\/types\/product"}],"replies":[{"embeddable":true,"href":"https:\/\/redsea-dream-tours.com\/pl\/wp-json\/wp\/v2\/comments?post=10204"}],"wp:featuredmedia":[{"embeddable":true,"href":"https:\/\/redsea-dream-tours.com\/pl\/wp-json\/wp\/v2\/media\/10205"}],"wp:attachment":[{"href":"https:\/\/redsea-dream-tours.com\/pl\/wp-json\/wp\/v2\/media?parent=10204"}],"wp:term":[{"taxonomy":"product_brand","embeddable":true,"href":"https:\/\/redsea-dream-tours.com\/pl\/wp-json\/wp\/v2\/product_brand?post=10204"},{"taxonomy":"product_cat","embeddable":true,"href":"https:\/\/redsea-dream-tours.com\/pl\/wp-json\/wp\/v2\/product_cat?post=10204"},{"taxonomy":"product_tag","embeddable":true,"href":"https:\/\/redsea-dream-tours.com\/pl\/wp-json\/wp\/v2\/product_tag?post=10204"}],"curies":[{"name":"wp","href":"https:\/\/api.w.org\/{rel}","templated":true}]}}