{"id":10196,"date":"2025-09-09T09:40:41","date_gmt":"2025-09-09T09:40:41","guid":{"rendered":"https:\/\/redsea-dream-tours.com\/?post_type=product&#038;p=10196"},"modified":"2025-11-28T14:33:50","modified_gmt":"2025-11-28T14:33:50","slug":"desert-sky-trip","status":"publish","type":"product","link":"https:\/\/redsea-dream-tours.com\/pl\/produkt\/desert-sky-trip\/","title":{"rendered":"Pustynia i niebo: zach\u00f3d s\u0142o\u0144ca, gwiazdy i noc Beduin\u00f3w"},"content":{"rendered":"<h3 data-start=\"117\" data-end=\"183\">Pustynna i podniebna przygoda - magia piask\u00f3w i gwiazd<\/h3>\n<p data-start=\"185\" data-end=\"470\">Wejd\u017a do \u015bwiata cud\u00f3w z naszym <strong data-start=\"222\" data-end=\"243\">Wycieczka po pustyni i niebie<\/strong>Podr\u00f3\u017c, kt\u00f3ra \u0142\u0105czy w sobie surowe pi\u0119kno pustyni z hipnotyzuj\u0105cym urokiem nocnego nieba. To niezapomniane do\u015bwiadczenie jest idealne dla tych, kt\u00f3rzy szukaj\u0105 <strong data-start=\"403\" data-end=\"451\">Przygoda, spok\u00f3j i odrobina magii<\/strong> pod gwiazdami.<\/p>\n<h4 data-start=\"472\" data-end=\"509\">\u0141atwy odbi\u00f3r i ciep\u0142e powitanie<\/h4>\n<p data-start=\"510\" data-end=\"609\">Twoja podr\u00f3\u017c zaczyna si\u0119 od <strong data-start=\"537\" data-end=\"567\">komfortowy transfer do hotelu<\/strong>przenosz\u0105c Ci\u0119 g\u0142\u0119boko w z\u0142ote piaski.<\/p>\n<ul data-start=\"610\" data-end=\"703\">\n<li data-start=\"610\" data-end=\"662\">\n<p data-start=\"612\" data-end=\"662\">\ud83e\uddd1\u200d\ud83e\udd1d\u200d\ud83e\uddd1 Powitanie przez przyjaznych przewodnik\u00f3w po przyje\u017adzie<\/p>\n<\/li>\n<li data-start=\"663\" data-end=\"703\">\n<p data-start=\"665\" data-end=\"703\">Oferowane orze\u017awiaj\u0105ce napoje powitalne<\/p>\n<\/li>\n<\/ul>\n<h4 data-start=\"705\" data-end=\"732\">\ud83c\udfdc\ufe0f Odkrycie pustyni<\/h4>\n<p data-start=\"733\" data-end=\"811\">Odkryj urzekaj\u0105cy pustynny krajobraz, korzystaj\u0105c z szeregu ekscytuj\u0105cych atrakcji:<\/p>\n<ul data-start=\"812\" data-end=\"984\">\n<li data-start=\"812\" data-end=\"868\">\n<p data-start=\"814\" data-end=\"868\">\ud83c\udfcd\ufe0f Opcjonalnie <strong data-start=\"827\" data-end=\"849\">jazda quadem lub buggy<\/strong> przez wydmy<\/p>\n<\/li>\n<li data-start=\"869\" data-end=\"921\">\n<p data-start=\"871\" data-end=\"921\">\ud83d\udc2a Delikatny <strong data-start=\"881\" data-end=\"895\">przeja\u017cd\u017cka na wielb\u0142\u0105dzie<\/strong> dla tradycyjnego akcentu<\/p>\n<\/li>\n<li data-start=\"922\" data-end=\"984\">\n<p data-start=\"924\" data-end=\"984\">\ud83c\udfde\ufe0f Przerwa na zapieraj\u0105ce dech w piersiach <strong data-start=\"951\" data-end=\"982\">Zach\u00f3d s\u0142o\u0144ca nad wydmami<\/strong><\/p>\n<\/li>\n<\/ul>\n<h4 data-start=\"986\" data-end=\"1020\">\ud83c\udf0c Obserwacja gwiazd i podniebne cuda<\/h4>\n<p data-start=\"1021\" data-end=\"1087\">Gdy zapada zmrok, pustynia ods\u0142ania swoje <strong data-start=\"1063\" data-end=\"1084\">najbardziej magiczna strona<\/strong>:<\/p>\n<ul data-start=\"1088\" data-end=\"1274\">\n<li data-start=\"1088\" data-end=\"1141\">\n<p data-start=\"1090\" data-end=\"1141\">U\u017cywaj profesjonalnych teleskop\u00f3w do <strong data-start=\"1125\" data-end=\"1139\">obserwacja gwiazd<\/strong><\/p>\n<\/li>\n<li data-start=\"1142\" data-end=\"1216\">\n<p data-start=\"1144\" data-end=\"1216\">Dowiedz si\u0119 wi\u0119cej o <strong data-start=\"1159\" data-end=\"1214\">konstelacje, planety i mity nocnego nieba<\/strong><\/p>\n<\/li>\n<li data-start=\"1217\" data-end=\"1274\">\n<p data-start=\"1219\" data-end=\"1274\">\u2728 Do\u015bwiadcz spokojnej ciszy pustynnej nocy<\/p>\n<\/li>\n<\/ul>\n<h4 data-start=\"1276\" data-end=\"1309\">\ud83c\udf7d\ufe0f Kolacja i rozrywka<\/h4>\n<p data-start=\"1310\" data-end=\"1373\">Delektuj si\u0119 pysznym <strong data-start=\"1328\" data-end=\"1352\">Kolacja w stylu bedui\u0144skim<\/strong> pod gwiazdami:<\/p>\n<ul data-start=\"1374\" data-end=\"1466\">\n<li data-start=\"1374\" data-end=\"1420\">\n<p data-start=\"1376\" data-end=\"1420\">Potrawy z grilla i tradycyjne smaki<\/p>\n<\/li>\n<li data-start=\"1421\" data-end=\"1466\">\n<p data-start=\"1423\" data-end=\"1466\">Muzyka orientalna i pokazy ta\u0144ca folklorystycznego<\/p>\n<\/li>\n<\/ul>\n<h4 data-start=\"1468\" data-end=\"1492\">Zrelaksowany zwrot<\/h4>\n<p data-start=\"1493\" data-end=\"1624\">Zako\u0144cz sw\u00f3j wiecz\u00f3r z <strong data-start=\"1517\" data-end=\"1556\">komfortowy przejazd z powrotem do hotelu<\/strong>nios\u0105c ze sob\u0105 wspomnienia <strong data-start=\"1583\" data-end=\"1621\">pustynia w dzie\u0144 i niebo w nocy<\/strong>.<\/p>\n<p data-start=\"52\" data-end=\"200\">\ud83e\udd11 <strong data-start=\"55\" data-end=\"74\">Cena wycieczki<\/strong><br data-start=\"74\" data-end=\"77\" \/>\ud83d\ude4e\ud83c\udffb\u200d\u2642\ufe0f <strong data-start=\"85\" data-end=\"106\">16 lat i wi\u0119cej:<\/strong> \u20ac 45<br data-start=\"110\" data-end=\"113\" \/>\ud83e\uddcd\ud83c\udffb\u200d\u2640\ufe0f <strong data-start=\"121\" data-end=\"153\">6-15 lat (tylko pasa\u017cer):<\/strong> \u20ac 40<br data-start=\"157\" data-end=\"160\" \/>\ud83d\udc7c\ud83c\udffc <strong data-start=\"165\" data-end=\"183\">Poni\u017cej 6 lat:<\/strong> Niedozwolone<\/p>\n<h3 data-start=\"2198\" data-end=\"2225\"><strong data-start=\"2205\" data-end=\"2223\">P\u0142atno\u015b\u0107 w USD ($ \ud83c\uddfa\ud83c\uddf8) zamiast EUR (\u20ac \ud83c\uddea\ud83c\uddfa) jest dost\u0119pna zgodnie z dziennym kursem wymiany banku.<\/strong><\/h3>\n<p><strong>Book Through WhatsApp:<\/strong><\/p>\n<p><a href=\"https:\/\/wa.me\/201021058859\" target=\"_blank\" rel=\"noopener\">\u00a0<img decoding=\"async\" class=\"alignnone wp-image-2058\" src=\"https:\/\/poehalisnamiegypt.com\/wp-content\/uploads\/2024\/02\/pngwing.com_-300x300.png\" sizes=\"auto, (max-width: 35px) 100vw, 35px\" srcset=\"https:\/\/poehalisnamiegypt.com\/wp-content\/uploads\/2024\/02\/pngwing.com_-300x300.png 300w, https:\/\/poehalisnamiegypt.com\/wp-content\/uploads\/2024\/02\/pngwing.com_-150x150.png 150w, https:\/\/poehalisnamiegypt.com\/wp-content\/uploads\/2024\/02\/pngwing.com_.png 584w\" alt=\"\" width=\"53\" height=\"53\" \/><\/a><\/p>\n<div id=\"gtx-trans\" style=\"position: absolute; left: 123px; top: 3.9125px;\">\n<div class=\"gtx-trans-icon\"><\/div>\n<\/div>\n<div id=\"gtx-trans\" style=\"position: absolute; left: 123px; top: 3.9125px;\">\n<div class=\"gtx-trans-icon\"><\/div>\n<\/div>","protected":false},"excerpt":{"rendered":"<p>\ud83c\udf0c Desert &amp; Sky Adventure \u2013 Magic of the Sands and the Stars Step into a world of wonder with our Desert &amp; Sky Trip, a journey that combines the raw beauty of the desert with the mesmerizing charm of the night sky. This unforgettable experience is perfect for those who seek adventure, tranquility, and [&hellip;]<\/p>","protected":false},"featured_media":10201,"comment_status":"open","ping_status":"closed","template":"","meta":{"_monsterinsights_skip_tracking":false,"_monsterinsights_sitenote_active":false,"_monsterinsights_sitenote_note":"","_monsterinsights_sitenote_category":0},"product_brand":[],"product_cat":[67],"product_tag":[],"class_list":{"0":"post-10196","1":"product","2":"type-product","3":"status-publish","4":"has-post-thumbnail","6":"product_cat-safari","8":"first","9":"instock","10":"shipping-taxable","11":"purchasable","12":"product-type-ovabrw_car_rental"},"_links":{"self":[{"href":"https:\/\/redsea-dream-tours.com\/pl\/wp-json\/wp\/v2\/product\/10196","targetHints":{"allow":["GET"]}}],"collection":[{"href":"https:\/\/redsea-dream-tours.com\/pl\/wp-json\/wp\/v2\/product"}],"about":[{"href":"https:\/\/redsea-dream-tours.com\/pl\/wp-json\/wp\/v2\/types\/product"}],"replies":[{"embeddable":true,"href":"https:\/\/redsea-dream-tours.com\/pl\/wp-json\/wp\/v2\/comments?post=10196"}],"wp:featuredmedia":[{"embeddable":true,"href":"https:\/\/redsea-dream-tours.com\/pl\/wp-json\/wp\/v2\/media\/10201"}],"wp:attachment":[{"href":"https:\/\/redsea-dream-tours.com\/pl\/wp-json\/wp\/v2\/media?parent=10196"}],"wp:term":[{"taxonomy":"product_brand","embeddable":true,"href":"https:\/\/redsea-dream-tours.com\/pl\/wp-json\/wp\/v2\/product_brand?post=10196"},{"taxonomy":"product_cat","embeddable":true,"href":"https:\/\/redsea-dream-tours.com\/pl\/wp-json\/wp\/v2\/product_cat?post=10196"},{"taxonomy":"product_tag","embeddable":true,"href":"https:\/\/redsea-dream-tours.com\/pl\/wp-json\/wp\/v2\/product_tag?post=10196"}],"curies":[{"name":"wp","href":"https:\/\/api.w.org\/{rel}","templated":true}]}}