{"id":10175,"date":"2025-09-09T09:09:36","date_gmt":"2025-09-09T09:09:36","guid":{"rendered":"https:\/\/redsea-dream-tours.com\/?post_type=product&#038;p=10175"},"modified":"2025-11-28T14:35:33","modified_gmt":"2025-11-28T14:35:33","slug":"carriage-ride-trip","status":"publish","type":"product","link":"https:\/\/redsea-dream-tours.com\/pl\/produkt\/carriage-ride-trip\/","title":{"rendered":"Noc przeja\u017cd\u017cki bryczk\u0105: Romans, kolacja i pokazy na \u017cywo"},"content":{"rendered":"<h3 data-start=\"132\" data-end=\"199\">Romantyczna i malownicza przeja\u017cd\u017cka bryczk\u0105 - zwiedzanie w klasycznym stylu<\/h3>\n<p data-start=\"201\" data-end=\"522\">Cofnij si\u0119 w czasie i do\u015bwiadcz uroku <strong data-start=\"249\" data-end=\"278\">przeja\u017cd\u017cka bryczk\u0105<\/strong>Ta podr\u00f3\u017c \u0142\u0105czy w sobie <strong data-start=\"394\" data-end=\"443\">Romans, relaks i odrobina nostalgii<\/strong>, co czyni go idealnym miejscem dla par, rodzin lub ka\u017cdego, kto szuka spokojnej ucieczki.<\/p>\n<h4 data-start=\"524\" data-end=\"561\">\u0141atwy odbi\u00f3r i ciep\u0142e powitanie<\/h4>\n<p data-start=\"562\" data-end=\"723\">Twoje do\u015bwiadczenie zaczyna si\u0119 od <strong data-start=\"592\" data-end=\"622\">komfortowy transfer do hotelu<\/strong> do punktu pocz\u0105tkowego, w kt\u00f3rym <strong data-start=\"657\" data-end=\"691\">pi\u0119knie udekorowany pow\u00f3z<\/strong> i przyjazny przewodnik.<\/p>\n<ul data-start=\"724\" data-end=\"832\">\n<li data-start=\"724\" data-end=\"773\">\n<p data-start=\"726\" data-end=\"773\">\ud83e\uddd1\u200d\ud83e\udd1d\u200d\ud83e\uddd1 Spotkanie z powo\u017c\u0105cym i ko\u0144mi<\/p>\n<\/li>\n<li data-start=\"774\" data-end=\"832\">\n<p data-start=\"776\" data-end=\"832\">Zr\u00f3b kilka uroczych zdj\u0119\u0107 przed rozpocz\u0119ciem podr\u00f3\u017cy.<\/p>\n<\/li>\n<\/ul>\n<h4 data-start=\"834\" data-end=\"866\">Malownicza i relaksuj\u0105ca przeja\u017cd\u017cka<\/h4>\n<h4 data-start=\"1181\" data-end=\"1216\">Romantyczny i kulturalny dotyk<\/h4>\n<h4 data-start=\"1181\" data-end=\"1216\">\ud83c\udf7d\ufe0f <strong data-start=\"71\" data-end=\"93\">Kolacja w formie otwartego bufetu<\/strong> - bogaty w pyszne dania orientalne \ud83d\ude0b<br data-start=\"134\" data-end=\"137\" \/>\u2728 <strong data-start=\"139\" data-end=\"162\">Specjalne pokazy na \u017cywo:<\/strong> Orientalna tancerka brzucha \ud83d\udc83 i tradycyjny wyst\u0119p Tanoura \ud83c\udf00<\/h4>\n<p data-start=\"1217\" data-end=\"1296\">Ta podr\u00f3\u017c to co\u015b wi\u0119cej ni\u017c tylko przeja\u017cd\u017cka - to <strong data-start=\"1261\" data-end=\"1293\">chwila na po\u0142\u0105czenie i relaks<\/strong>:<\/p>\n<ul data-start=\"1297\" data-end=\"1498\">\n<li data-start=\"1297\" data-end=\"1354\">\n<p data-start=\"1299\" data-end=\"1354\">Idealny dla <strong data-start=\"1314\" data-end=\"1352\">Pary szukaj\u0105ce romantycznego wieczoru<\/strong><\/p>\n<\/li>\n<li data-start=\"1355\" data-end=\"1425\">\n<p data-start=\"1357\" data-end=\"1425\">\ud83d\udc68\u200d\ud83d\udc69\u200d\ud83d\udc67 \u015awietny dla rodzin szukaj\u0105cych spokojnej i kulturalnej wycieczki<\/p>\n<\/li>\n<li data-start=\"1426\" data-end=\"1498\">\n<p data-start=\"1428\" data-end=\"1498\">Poznaj interesuj\u0105ce fakty na temat <strong data-start=\"1465\" data-end=\"1496\">konie i lokalne tradycje<\/strong><\/p>\n<\/li>\n<\/ul>\n<h4 data-start=\"1500\" data-end=\"1525\">Opcjonalne smako\u0142yki<\/h4>\n<p data-start=\"1526\" data-end=\"1557\">Zwi\u0119ksz swoje do\u015bwiadczenie dzi\u0119ki:<\/p>\n<ul data-start=\"1558\" data-end=\"1640\">\n<li data-start=\"1558\" data-end=\"1598\">\n<p data-start=\"1560\" data-end=\"1598\">Napoje orze\u017awiaj\u0105ce podczas jazdy<\/p>\n<\/li>\n<li data-start=\"1599\" data-end=\"1640\">\n<p data-start=\"1601\" data-end=\"1640\">Lokalne przek\u0105ski<\/p>\n<\/li>\n<\/ul>\n<h4 data-start=\"1642\" data-end=\"1670\">Bezproblemowy zwrot pieni\u0119dzy<\/h4>\n<p data-start=\"1671\" data-end=\"1792\">Po zachwycaj\u0105cej przeja\u017cd\u017cce b\u0119dziesz <strong data-start=\"1710\" data-end=\"1744\">transfer z powrotem do hotelu<\/strong> z cudownymi wspomnieniami i pi\u0119knymi zdj\u0119ciami.<\/p>\n<article class=\"text-token-text-primary w-full focus:outline-none scroll-mt-[calc(var(--header-height)+min(200px,max(70px,20svh)))]\" dir=\"auto\" tabindex=\"-1\" data-turn-id=\"request-WEB:03ee36ad-4c16-45a2-a255-2a64e427af84-40\" data-testid=\"conversation-turn-82\" data-scroll-anchor=\"true\" data-turn=\"assistant\">\n<div class=\"text-base my-auto mx-auto pb-10 [--thread-content-margin:--spacing(4)] thread-sm:[--thread-content-margin:--spacing(6)] thread-lg:[--thread-content-margin:--spacing(16)] px-(--thread-content-margin)\">\n<div class=\"[--thread-content-max-width:40rem] thread-lg:[--thread-content-max-width:48rem] mx-auto max-w-(--thread-content-max-width) flex-1 group\/turn-messages focus-visible:outline-hidden relative flex w-full min-w-0 flex-col agent-turn\" tabindex=\"-1\">\n<div class=\"flex max-w-full flex-col grow\">\n<div class=\"min-h-8 text-message relative flex w-full flex-col items-end gap-2 text-start break-words whitespace-normal [.text-message+&amp;]:mt-5\" dir=\"auto\" data-message-author-role=\"assistant\" data-message-id=\"394ef291-a29c-4b50-aed9-f0ade82908c0\" data-message-model-slug=\"gpt-5-mini\">\n<div class=\"flex w-full flex-col gap-1 empty:hidden first:pt-[3px]\">\n<div class=\"markdown prose dark:prose-invert w-full break-words light markdown-new-styling\">\n<h3 data-start=\"43\" data-end=\"57\">Uwagi<\/h3>\n<ul data-start=\"58\" data-end=\"150\">\n<li data-start=\"58\" data-end=\"104\">\n<p data-start=\"60\" data-end=\"104\">Maksymalnie 1 osoba doros\u0142a + 2 dzieci na wagon.<\/p>\n<\/li>\n<li data-start=\"105\" data-end=\"150\">\n<p data-start=\"107\" data-end=\"150\">Maksymalna dopuszczalna waga na osob\u0119: 90 kg.<\/p>\n<\/li>\n<\/ul>\n<hr data-start=\"152\" data-end=\"155\" \/>\n<h3 data-start=\"157\" data-end=\"176\">Cena wycieczki<\/h3>\n<p data-start=\"177\" data-end=\"281\" data-is-last-node=\"\" data-is-only-node=\"\">\ud83d\ude4e\ud83c\udffb\u200d\u2642\ufe0f <strong data-start=\"185\" data-end=\"206\">16 lat i wi\u0119cej:<\/strong> \u20ac 40<br data-start=\"210\" data-end=\"213\" \/>\ud83e\uddcd\ud83c\udffb\u200d\u2640\ufe0f <strong data-start=\"221\" data-end=\"236\">6-15 lat:<\/strong> \u20ac 40<br data-start=\"240\" data-end=\"243\" \/>\ud83d\udc7c\ud83c\udffc <strong data-start=\"248\" data-end=\"266\">Poni\u017cej 6 lat:<\/strong> Niedozwolone<\/p>\n<h3 data-start=\"2198\" data-end=\"2225\"><strong data-start=\"2205\" data-end=\"2223\">P\u0142atno\u015b\u0107 w USD ($ \ud83c\uddfa\ud83c\uddf8) zamiast EUR (\u20ac \ud83c\uddea\ud83c\uddfa) jest dost\u0119pna zgodnie z dziennym kursem wymiany banku.<\/strong><\/h3>\n<\/div>\n<\/div>\n<\/div>\n<\/div>\n<\/div>\n<\/div>\n<\/article>\n<p><strong>Book Through WhatsApp:<\/strong><\/p>\n<p><a href=\"https:\/\/wa.me\/201021058859\" target=\"_blank\" rel=\"noopener\">\u00a0<img decoding=\"async\" class=\"alignnone wp-image-2058\" src=\"https:\/\/poehalisnamiegypt.com\/wp-content\/uploads\/2024\/02\/pngwing.com_-300x300.png\" sizes=\"auto, (max-width: 35px) 100vw, 35px\" srcset=\"https:\/\/poehalisnamiegypt.com\/wp-content\/uploads\/2024\/02\/pngwing.com_-300x300.png 300w, https:\/\/poehalisnamiegypt.com\/wp-content\/uploads\/2024\/02\/pngwing.com_-150x150.png 150w, https:\/\/poehalisnamiegypt.com\/wp-content\/uploads\/2024\/02\/pngwing.com_.png 584w\" alt=\"\" width=\"53\" height=\"53\" \/><\/a><\/p>","protected":false},"excerpt":{"rendered":"<p>\ud83d\udc34 Romantic &amp; Scenic Carriage Ride \u2013 Explore in Classic Style Step back in time and experience the charm of a horse-drawn carriage ride, This trip combines romance, relaxation, and a touch of nostalgia, making it ideal for couples, families, or anyone seeking a peaceful escape. \ud83d\ude90 Easy Pick-Up &amp; Warm Welcome Your experience begins [&hellip;]<\/p>","protected":false},"featured_media":10176,"comment_status":"open","ping_status":"closed","template":"","meta":{"_monsterinsights_skip_tracking":false,"_monsterinsights_sitenote_active":false,"_monsterinsights_sitenote_note":"","_monsterinsights_sitenote_category":0},"product_brand":[],"product_cat":[67],"product_tag":[],"class_list":{"0":"post-10175","1":"product","2":"type-product","3":"status-publish","4":"has-post-thumbnail","6":"product_cat-safari","8":"first","9":"instock","10":"shipping-taxable","11":"purchasable","12":"product-type-ovabrw_car_rental"},"_links":{"self":[{"href":"https:\/\/redsea-dream-tours.com\/pl\/wp-json\/wp\/v2\/product\/10175","targetHints":{"allow":["GET"]}}],"collection":[{"href":"https:\/\/redsea-dream-tours.com\/pl\/wp-json\/wp\/v2\/product"}],"about":[{"href":"https:\/\/redsea-dream-tours.com\/pl\/wp-json\/wp\/v2\/types\/product"}],"replies":[{"embeddable":true,"href":"https:\/\/redsea-dream-tours.com\/pl\/wp-json\/wp\/v2\/comments?post=10175"}],"wp:featuredmedia":[{"embeddable":true,"href":"https:\/\/redsea-dream-tours.com\/pl\/wp-json\/wp\/v2\/media\/10176"}],"wp:attachment":[{"href":"https:\/\/redsea-dream-tours.com\/pl\/wp-json\/wp\/v2\/media?parent=10175"}],"wp:term":[{"taxonomy":"product_brand","embeddable":true,"href":"https:\/\/redsea-dream-tours.com\/pl\/wp-json\/wp\/v2\/product_brand?post=10175"},{"taxonomy":"product_cat","embeddable":true,"href":"https:\/\/redsea-dream-tours.com\/pl\/wp-json\/wp\/v2\/product_cat?post=10175"},{"taxonomy":"product_tag","embeddable":true,"href":"https:\/\/redsea-dream-tours.com\/pl\/wp-json\/wp\/v2\/product_tag?post=10175"}],"curies":[{"name":"wp","href":"https:\/\/api.w.org\/{rel}","templated":true}]}}