{"id":10169,"date":"2025-09-09T08:54:19","date_gmt":"2025-09-09T08:54:19","guid":{"rendered":"https:\/\/redsea-dream-tours.com\/?post_type=product&#038;p=10169"},"modified":"2025-11-28T14:35:57","modified_gmt":"2025-11-28T14:35:57","slug":"horse-show-trip","status":"publish","type":"product","link":"https:\/\/redsea-dream-tours.com\/pl\/produkt\/horse-show-trip\/","title":{"rendered":"Noc pokaz\u00f3w koni: Kultura, sztuka i wyst\u0119py na \u017cywo"},"content":{"rendered":"<h3 data-start=\"128\" data-end=\"201\">Spektakularny pokaz koni - Sztuka, kultura i rozrywka<\/h3>\n<p data-start=\"203\" data-end=\"502\">Zobacz wdzi\u0119k, moc i elegancj\u0119 wspania\u0142ych koni w niezapomnianej <strong data-start=\"284\" data-end=\"298\">Pokaz koni<\/strong> kt\u00f3ry \u0142\u0105czy <strong data-start=\"313\" data-end=\"361\">tradycyjne umiej\u0119tno\u015bci z nowoczesn\u0105 rozrywk\u0105<\/strong>. Ta wycieczka oferuje wyj\u0105tkowe spojrzenie na \u015bwiat konnego artyzmu, dzi\u0119ki czemu jest idealna dla rodzin, par i entuzjast\u00f3w kultury.<\/p>\n<h4 data-start=\"504\" data-end=\"543\">Bezproblemowy odbi\u00f3r i powitanie<\/h4>\n<p data-start=\"544\" data-end=\"675\">Twoja podr\u00f3\u017c zaczyna si\u0119 od <strong data-start=\"569\" data-end=\"600\">komfortowe transfery do hoteli<\/strong>przenosz\u0105c ci\u0119 na specjalnie zaprojektowan\u0105 aren\u0119, na kt\u00f3rej odbywa si\u0119 magia.<\/p>\n<ul data-start=\"676\" data-end=\"754\">\n<li data-start=\"676\" data-end=\"714\">\n<p data-start=\"678\" data-end=\"714\">\ud83e\uddd1\u200d\ud83e\udd1d\u200d\ud83e\uddd1 Ciep\u0142e powitanie przez gospodarzy<\/p>\n<\/li>\n<li data-start=\"715\" data-end=\"754\">\n<p data-start=\"717\" data-end=\"754\">\ud83c\udf79 Ciesz si\u0119 orze\u017awiaj\u0105cym drinkiem powitalnym<\/p>\n<\/li>\n<\/ul>\n<h4 data-start=\"756\" data-end=\"790\">Spektakl na pokazie koni<\/h4>\n<p data-start=\"791\" data-end=\"903\">Przygotuj si\u0119 na zdumienie, gdy profesjonalni je\u017ad\u017acy i ich wspania\u0142e konie wykonaj\u0105 zapieraj\u0105ce dech w piersiach akty, w tym:<\/p>\n<ul data-start=\"904\" data-end=\"1129\">\n<li data-start=\"904\" data-end=\"992\">\n<p data-start=\"906\" data-end=\"992\">\ud83c\udf2a\ufe0f <strong data-start=\"910\" data-end=\"940\">Ol\u015bniewaj\u0105ce sztuczki i akrobacje<\/strong> demonstruj\u0105c si\u0142\u0119 i zwinno\u015b\u0107 koni<\/p>\n<\/li>\n<li data-start=\"993\" data-end=\"1071\">\n<p data-start=\"995\" data-end=\"1071\">\ud83c\udfdc\ufe0f Tradycyjny <strong data-start=\"1011\" data-end=\"1069\">Arabskie style jazdy i wyst\u0119py inspirowane pustyni\u0105<\/strong><\/p>\n<\/li>\n<li data-start=\"1072\" data-end=\"1129\">\n<p data-start=\"1074\" data-end=\"1129\">Rytmiczne pokazy ustawione na <strong data-start=\"1099\" data-end=\"1127\">autentyczna muzyka egipska<\/strong><\/p>\n<\/li>\n<\/ul>\n<h4 data-start=\"1131\" data-end=\"1159\">Spotkanie kulturowe<\/h4>\n<p data-start=\"1160\" data-end=\"1222\">To wi\u0119cej ni\u017c show - to podr\u00f3\u017c przez tradycj\u0119:<\/p>\n<ul data-start=\"1223\" data-end=\"1346\">\n<li data-start=\"1223\" data-end=\"1281\">\n<p data-start=\"1225\" data-end=\"1281\">Dowiedz si\u0119 wi\u0119cej o <strong data-start=\"1244\" data-end=\"1279\">Bogate dziedzictwo koni arabskich<\/strong><\/p>\n<\/li>\n<li data-start=\"1282\" data-end=\"1346\">\n<p data-start=\"1284\" data-end=\"1346\">Poznaj je\u017ad\u017ac\u00f3w i zr\u00f3b pami\u0105tkowe zdj\u0119cia z ko\u0144mi.<\/p>\n<\/li>\n<\/ul>\n<h4 data-start=\"1348\" data-end=\"1372\">\ud83c\udf7d\ufe0f Relax &amp; Enjoy<\/h4>\n<p data-start=\"1373\" data-end=\"1410\">Po wyst\u0119pie zrelaksuj si\u0119:<\/p>\n<ul data-start=\"1411\" data-end=\"1481\">\n<li data-start=\"1411\" data-end=\"1436\">\n<p data-start=\"1413\" data-end=\"1436\">Napoje bezalkoholowe lub herbata<\/p>\n<\/li>\n<li data-start=\"1437\" data-end=\"1481\">\n<p data-start=\"1439\" data-end=\"1481\">Opcjonalne lekkie przek\u0105ski lub lokalne smako\u0142yki<\/p>\n<\/li>\n<\/ul>\n<h4 data-start=\"1483\" data-end=\"1504\">\u0141atwy zwrot<\/h4>\n<p data-start=\"1505\" data-end=\"1637\">Zako\u0144cz sw\u00f3j wiecz\u00f3r z <strong data-start=\"1534\" data-end=\"1577\">komfortowy transfer z powrotem do hotelu<\/strong>, nios\u0105c ze sob\u0105 urok tego kulturowego do\u015bwiadczenia.<\/p>\n<article class=\"text-token-text-primary w-full focus:outline-none scroll-mt-[calc(var(--header-height)+min(200px,max(70px,20svh)))]\" dir=\"auto\" tabindex=\"-1\" data-turn-id=\"request-WEB:03ee36ad-4c16-45a2-a255-2a64e427af84-40\" data-testid=\"conversation-turn-82\" data-scroll-anchor=\"false\" data-turn=\"assistant\">\n<div class=\"text-base my-auto mx-auto [--thread-content-margin:--spacing(4)] thread-sm:[--thread-content-margin:--spacing(6)] thread-lg:[--thread-content-margin:--spacing(16)] px-(--thread-content-margin)\">\n<div class=\"[--thread-content-max-width:40rem] thread-lg:[--thread-content-max-width:48rem] mx-auto max-w-(--thread-content-max-width) flex-1 group\/turn-messages focus-visible:outline-hidden relative flex w-full min-w-0 flex-col agent-turn\" tabindex=\"-1\">\n<div class=\"flex max-w-full flex-col grow\">\n<div class=\"min-h-8 text-message relative flex w-full flex-col items-end gap-2 text-start break-words whitespace-normal [.text-message+&amp;]:mt-5\" dir=\"auto\" data-message-author-role=\"assistant\" data-message-id=\"394ef291-a29c-4b50-aed9-f0ade82908c0\" data-message-model-slug=\"gpt-5-mini\">\n<div class=\"flex w-full flex-col gap-1 empty:hidden first:pt-[3px]\">\n<div class=\"markdown prose dark:prose-invert w-full break-words light markdown-new-styling\">\n<h3 data-start=\"43\" data-end=\"57\">Uwagi<\/h3>\n<ul data-start=\"58\" data-end=\"150\">\n<li data-start=\"105\" data-end=\"150\">\n<p data-start=\"107\" data-end=\"150\">Maksymalna dopuszczalna waga na osob\u0119: 90 kg.<\/p>\n<\/li>\n<\/ul>\n<hr data-start=\"152\" data-end=\"155\" \/>\n<h3 data-start=\"157\" data-end=\"176\">Cena wycieczki<\/h3>\n<h3 data-start=\"157\" data-end=\"176\">Godziny pokazu w sahl hasheesh<\/h3>\n<p data-start=\"177\" data-end=\"281\" data-is-last-node=\"\" data-is-only-node=\"\">\ud83d\ude4e\ud83c\udffb\u200d\u2642\ufe0f <strong data-start=\"185\" data-end=\"206\">16 lat i wi\u0119cej :<\/strong> \u20ac 35<br data-start=\"210\" data-end=\"213\" \/>\ud83e\uddcd\ud83c\udffb\u200d\u2640\ufe0f <strong data-start=\"221\" data-end=\"236\">6-15 lat:<\/strong> \u20ac 35<br data-start=\"240\" data-end=\"243\" \/>\ud83d\udc7c\ud83c\udffc <strong data-start=\"248\" data-end=\"266\">Poni\u017cej 6 lat:<\/strong> Niedozwolone<\/p>\n<h3 data-start=\"157\" data-end=\"176\">Godziny bez pokazu w hurgadzie<\/h3>\n<p><strong data-start=\"185\" data-end=\"206\">2 godziny : 25 \u20ac\u00a0 \u00a0 \u00a0<\/strong><\/p>\n<p><strong data-start=\"185\" data-end=\"206\">2 godziny z p\u0142ywaniem : 30<\/strong><\/p>\n<p><strong data-start=\"185\" data-end=\"206\">1 godzina: 20 \u20ac \u00a0 \u00a0<\/strong><\/p>\n<p><strong data-start=\"185\" data-end=\"206\">1 godzina z p\u0142ywaniem : 25<\/strong><\/p>\n<h3 data-start=\"2198\" data-end=\"2225\"><strong data-start=\"2205\" data-end=\"2223\">P\u0142atno\u015b\u0107 w USD ($ \ud83c\uddfa\ud83c\uddf8) zamiast EUR (\u20ac \ud83c\uddea\ud83c\uddfa) jest dost\u0119pna zgodnie z dziennym kursem wymiany banku.<\/strong><\/h3>\n<\/div>\n<\/div>\n<\/div>\n<\/div>\n<\/div>\n<\/div>\n<\/article>\n<p><strong>Book Through WhatsApp:<\/strong><\/p>\n<p><a href=\"https:\/\/wa.me\/201021058859\" target=\"_blank\" rel=\"noopener\">\u00a0<img decoding=\"async\" class=\"alignnone wp-image-2058\" src=\"https:\/\/poehalisnamiegypt.com\/wp-content\/uploads\/2024\/02\/pngwing.com_-300x300.png\" sizes=\"auto, (max-width: 35px) 100vw, 35px\" srcset=\"https:\/\/poehalisnamiegypt.com\/wp-content\/uploads\/2024\/02\/pngwing.com_-300x300.png 300w, https:\/\/poehalisnamiegypt.com\/wp-content\/uploads\/2024\/02\/pngwing.com_-150x150.png 150w, https:\/\/poehalisnamiegypt.com\/wp-content\/uploads\/2024\/02\/pngwing.com_.png 584w\" alt=\"\" width=\"53\" height=\"53\" \/><\/a><\/p>\n<div id=\"gtx-trans\" style=\"position: absolute; left: 203px; top: 3.9125px;\">\n<div class=\"gtx-trans-icon\"><\/div>\n<\/div>","protected":false},"excerpt":{"rendered":"<p>\ud83d\udc0e Spectacular Horse Show Experience \u2013 Art, Culture &amp; Entertainment Witness the grace, power, and elegance of magnificent horses in an unforgettable Horse Show that combines traditional skills with modern entertainment. This trip offers a unique glimpse into the world of horseback artistry, making it perfect for families, couples, and culture enthusiasts. \ud83d\ude90 Hassle-Free Pick-Up [&hellip;]<\/p>","protected":false},"featured_media":10172,"comment_status":"open","ping_status":"closed","template":"","meta":{"_monsterinsights_skip_tracking":false,"_monsterinsights_sitenote_active":false,"_monsterinsights_sitenote_note":"","_monsterinsights_sitenote_category":0},"product_brand":[],"product_cat":[67],"product_tag":[],"class_list":{"0":"post-10169","1":"product","2":"type-product","3":"status-publish","4":"has-post-thumbnail","6":"product_cat-safari","8":"first","9":"instock","10":"shipping-taxable","11":"purchasable","12":"product-type-ovabrw_car_rental"},"_links":{"self":[{"href":"https:\/\/redsea-dream-tours.com\/pl\/wp-json\/wp\/v2\/product\/10169","targetHints":{"allow":["GET"]}}],"collection":[{"href":"https:\/\/redsea-dream-tours.com\/pl\/wp-json\/wp\/v2\/product"}],"about":[{"href":"https:\/\/redsea-dream-tours.com\/pl\/wp-json\/wp\/v2\/types\/product"}],"replies":[{"embeddable":true,"href":"https:\/\/redsea-dream-tours.com\/pl\/wp-json\/wp\/v2\/comments?post=10169"}],"wp:featuredmedia":[{"embeddable":true,"href":"https:\/\/redsea-dream-tours.com\/pl\/wp-json\/wp\/v2\/media\/10172"}],"wp:attachment":[{"href":"https:\/\/redsea-dream-tours.com\/pl\/wp-json\/wp\/v2\/media?parent=10169"}],"wp:term":[{"taxonomy":"product_brand","embeddable":true,"href":"https:\/\/redsea-dream-tours.com\/pl\/wp-json\/wp\/v2\/product_brand?post=10169"},{"taxonomy":"product_cat","embeddable":true,"href":"https:\/\/redsea-dream-tours.com\/pl\/wp-json\/wp\/v2\/product_cat?post=10169"},{"taxonomy":"product_tag","embeddable":true,"href":"https:\/\/redsea-dream-tours.com\/pl\/wp-json\/wp\/v2\/product_tag?post=10169"}],"curies":[{"name":"wp","href":"https:\/\/api.w.org\/{rel}","templated":true}]}}