{"id":10161,"date":"2025-09-09T08:48:06","date_gmt":"2025-09-09T08:48:06","guid":{"rendered":"https:\/\/redsea-dream-tours.com\/?post_type=product&#038;p=10161"},"modified":"2025-11-28T14:36:25","modified_gmt":"2025-11-28T14:36:25","slug":"horse-sunrise-trip","status":"publish","type":"product","link":"https:\/\/redsea-dream-tours.com\/pl\/produkt\/horse-sunrise-trip\/","title":{"rendered":"Przeja\u017cd\u017cka konna o wschodzie s\u0142o\u0144ca: magia pustyni i pla\u017cy"},"content":{"rendered":"<h3 data-start=\"118\" data-end=\"183\">Przeja\u017cd\u017cka konna o wschodzie s\u0142o\u0144ca - magiczne do\u015bwiadczenie na pustyni i pla\u017cy<\/h3>\n<p data-start=\"185\" data-end=\"424\">Rozpocznij dzie\u0144 od <strong data-start=\"208\" data-end=\"243\">Niezapomniana przygoda o wschodzie s\u0142o\u0144ca<\/strong> na koniu! Ta wyj\u0105tkowa wycieczka \u0142\u0105czy w sobie <strong data-start=\"288\" data-end=\"317\">spok\u00f3j wczesnego poranka<\/strong> z pi\u0119knem <strong data-start=\"337\" data-end=\"377\">Pustynia Hurghady i wybrze\u017ce Morza Czerwonego<\/strong>tworz\u0105c wspomnienia, kt\u00f3re b\u0119dziesz piel\u0119gnowa\u0107 na zawsze.<\/p>\n<h4 data-start=\"426\" data-end=\"464\">\u0141agodny pocz\u0105tek podr\u00f3\u017cy<\/h4>\n<p data-start=\"465\" data-end=\"602\">Rozpocznij od <strong data-start=\"478\" data-end=\"495\">odbi\u00f3r z hotelu<\/strong> i ciep\u0142e powitanie w naszej stadninie koni, gdzie spotkasz dobrze wyszkolonego konia i do\u015bwiadczonego przewodnika.<\/p>\n<ul data-start=\"603\" data-end=\"722\">\n<li data-start=\"603\" data-end=\"667\">\n<p data-start=\"605\" data-end=\"667\">\ud83e\uddd1\u200d\ud83c\udfeb Kr\u00f3tkie instrukcje jazdy dla pocz\u0105tkuj\u0105cych i pocz\u0105tkuj\u0105cych<\/p>\n<\/li>\n<li data-start=\"668\" data-end=\"722\">\n<p data-start=\"670\" data-end=\"722\">Zapewniony sprz\u0119t ochronny (kask, sprz\u0119t je\u017adziecki)<\/p>\n<\/li>\n<\/ul>\n<h4 data-start=\"724\" data-end=\"759\">Zapieraj\u0105ca dech w piersiach przeja\u017cd\u017cka o wschodzie s\u0142o\u0144ca<\/h4>\n<p data-start=\"760\" data-end=\"828\">O \u015bwicie wyrusz na koniu i do\u015bwiadcz magii:<\/p>\n<ul data-start=\"829\" data-end=\"1038\">\n<li data-start=\"829\" data-end=\"898\">\n<p data-start=\"831\" data-end=\"898\">\ud83c\udf05 <strong data-start=\"834\" data-end=\"868\">Ogl\u0105danie pierwszych promieni s\u0142o\u0144ca<\/strong> o\u015bwietlaj\u0105 pustynne wydmy<\/p>\n<\/li>\n<li data-start=\"899\" data-end=\"949\">\n<p data-start=\"901\" data-end=\"949\">\ud83c\udfdc\ufe0f Spokojna jazda przez <strong data-start=\"926\" data-end=\"947\">mi\u0119kkie z\u0142ote piaski<\/strong><\/p>\n<\/li>\n<li data-start=\"950\" data-end=\"1038\">\n<p data-start=\"952\" data-end=\"1038\">\ud83c\udf0a Spacer wzd\u0142u\u017c <strong data-start=\"975\" data-end=\"1003\">linia brzegowa Morza Czerwonego<\/strong>czuj\u0105c ch\u0142odn\u0105 porann\u0105 bryz\u0119<\/p>\n<\/li>\n<\/ul>\n<h4 data-start=\"1040\" data-end=\"1073\">Po\u0142\u0105czenie i relaks<\/h4>\n<p data-start=\"1074\" data-end=\"1119\">To nie jest zwyk\u0142a przeja\u017cd\u017cka - to chwila dla siebie:<\/p>\n<ul data-start=\"1120\" data-end=\"1272\">\n<li data-start=\"1120\" data-end=\"1174\">\n<p data-start=\"1122\" data-end=\"1174\">Nawi\u0105\u017c wi\u0119\u017a z koniem i poczuj jego \u0142agodny rytm.<\/p>\n<\/li>\n<li data-start=\"1175\" data-end=\"1213\">\n<p data-start=\"1177\" data-end=\"1213\">Robienie wspania\u0142ych zdj\u0119\u0107 wschodu s\u0142o\u0144ca<\/p>\n<\/li>\n<li data-start=\"1214\" data-end=\"1272\">\n<p data-start=\"1216\" data-end=\"1272\">\ud83c\udf2c\ufe0f Ciesz si\u0119 cisz\u0105 i spokojem przed rozpocz\u0119ciem dnia.<\/p>\n<\/li>\n<\/ul>\n<h4 data-start=\"1274\" data-end=\"1304\">Powr\u00f3t ze spokojem<\/h4>\n<p data-start=\"1305\" data-end=\"1442\">Po przeja\u017cd\u017cce zrelaksuj si\u0119 przy orze\u017awiaj\u0105cym napoju przed transferem z powrotem do hotelu - w pe\u0142ni na\u0142adowany energi\u0105 i zainspirowany na nadchodz\u0105cy dzie\u0144.<\/p>\n<article class=\"text-token-text-primary w-full focus:outline-none scroll-mt-[calc(var(--header-height)+min(200px,max(70px,20svh)))]\" dir=\"auto\" tabindex=\"-1\" data-turn-id=\"request-WEB:03ee36ad-4c16-45a2-a255-2a64e427af84-40\" data-testid=\"conversation-turn-82\" data-scroll-anchor=\"false\" data-turn=\"assistant\">\n<div class=\"text-base my-auto mx-auto [--thread-content-margin:--spacing(4)] thread-sm:[--thread-content-margin:--spacing(6)] thread-lg:[--thread-content-margin:--spacing(16)] px-(--thread-content-margin)\">\n<div class=\"[--thread-content-max-width:40rem] thread-lg:[--thread-content-max-width:48rem] mx-auto max-w-(--thread-content-max-width) flex-1 group\/turn-messages focus-visible:outline-hidden relative flex w-full min-w-0 flex-col agent-turn\" tabindex=\"-1\">\n<div class=\"flex max-w-full flex-col grow\">\n<div class=\"min-h-8 text-message relative flex w-full flex-col items-end gap-2 text-start break-words whitespace-normal [.text-message+&amp;]:mt-5\" dir=\"auto\" data-message-author-role=\"assistant\" data-message-id=\"394ef291-a29c-4b50-aed9-f0ade82908c0\" data-message-model-slug=\"gpt-5-mini\">\n<div class=\"flex w-full flex-col gap-1 empty:hidden first:pt-[3px]\">\n<div class=\"markdown prose dark:prose-invert w-full break-words light markdown-new-styling\">\n<h3 data-start=\"43\" data-end=\"57\">Uwagi<\/h3>\n<ul data-start=\"58\" data-end=\"150\">\n<li data-start=\"105\" data-end=\"150\">\n<p data-start=\"107\" data-end=\"150\">Maksymalna dopuszczalna waga na osob\u0119: 90 kg.<\/p>\n<\/li>\n<\/ul>\n<hr data-start=\"152\" data-end=\"155\" \/>\n<h3 data-start=\"157\" data-end=\"176\">Cena wycieczki<\/h3>\n<p data-start=\"177\" data-end=\"281\" data-is-last-node=\"\" data-is-only-node=\"\">\ud83d\ude4e\ud83c\udffb\u200d\u2642\ufe0f <strong data-start=\"185\" data-end=\"206\">16 lat i wi\u0119cej:<\/strong> \u20ac 32<br data-start=\"210\" data-end=\"213\" \/>\ud83e\uddcd\ud83c\udffb\u200d\u2640\ufe0f <strong data-start=\"221\" data-end=\"236\">6-15 lat:<\/strong> \u20ac 32<br data-start=\"240\" data-end=\"243\" \/>\ud83d\udc7c\ud83c\udffc <strong data-start=\"248\" data-end=\"266\">Poni\u017cej 6 lat:<\/strong> Niedozwolone<\/p>\n<\/div>\n<\/div>\n<\/div>\n<\/div>\n<div class=\"flex min-h-[46px] justify-start\">\n<h3 data-start=\"2198\" data-end=\"2225\"><strong data-start=\"2205\" data-end=\"2223\">P\u0142atno\u015b\u0107 w USD ($ \ud83c\uddfa\ud83c\uddf8) zamiast EUR (\u20ac \ud83c\uddea\ud83c\uddfa) jest dost\u0119pna zgodnie z dziennym kursem wymiany banku.<\/strong><\/h3>\n<\/div>\n<\/div>\n<\/div>\n<\/article>\n<p><strong>Book Through WhatsApp:<\/strong><\/p>\n<p><a href=\"https:\/\/wa.me\/201021058859\" target=\"_blank\" rel=\"noopener\">\u00a0<img decoding=\"async\" class=\"alignnone wp-image-2058\" src=\"https:\/\/poehalisnamiegypt.com\/wp-content\/uploads\/2024\/02\/pngwing.com_-300x300.png\" sizes=\"auto, (max-width: 35px) 100vw, 35px\" srcset=\"https:\/\/poehalisnamiegypt.com\/wp-content\/uploads\/2024\/02\/pngwing.com_-300x300.png 300w, https:\/\/poehalisnamiegypt.com\/wp-content\/uploads\/2024\/02\/pngwing.com_-150x150.png 150w, https:\/\/poehalisnamiegypt.com\/wp-content\/uploads\/2024\/02\/pngwing.com_.png 584w\" alt=\"\" width=\"53\" height=\"53\" \/><\/a><\/p>\n<div id=\"gtx-trans\" style=\"position: absolute; left: 187px; top: 53.7125px;\">\n<div class=\"gtx-trans-icon\"><\/div>\n<\/div>\n<div id=\"gtx-trans\" style=\"position: absolute; left: 187px; top: 53.7125px;\">\n<div class=\"gtx-trans-icon\"><\/div>\n<\/div>","protected":false},"excerpt":{"rendered":"<p>\ud83c\udf05 Horse Sunrise Ride \u2013 A Magical Desert &amp; Beach Experience Start your day with an unforgettable sunrise adventure on horseback! This unique trip combines the serenity of early morning with the beauty of Hurghada\u2019s desert and Red Sea shores, creating a memory you will cherish forever. \ud83d\udc0e Gentle Start to Your Journey Begin with [&hellip;]<\/p>","protected":false},"featured_media":10168,"comment_status":"open","ping_status":"closed","template":"","meta":{"_monsterinsights_skip_tracking":false,"_monsterinsights_sitenote_active":false,"_monsterinsights_sitenote_note":"","_monsterinsights_sitenote_category":0},"product_brand":[],"product_cat":[67],"product_tag":[],"class_list":{"0":"post-10161","1":"product","2":"type-product","3":"status-publish","4":"has-post-thumbnail","6":"product_cat-safari","8":"first","9":"instock","10":"shipping-taxable","11":"purchasable","12":"product-type-ovabrw_car_rental"},"_links":{"self":[{"href":"https:\/\/redsea-dream-tours.com\/pl\/wp-json\/wp\/v2\/product\/10161","targetHints":{"allow":["GET"]}}],"collection":[{"href":"https:\/\/redsea-dream-tours.com\/pl\/wp-json\/wp\/v2\/product"}],"about":[{"href":"https:\/\/redsea-dream-tours.com\/pl\/wp-json\/wp\/v2\/types\/product"}],"replies":[{"embeddable":true,"href":"https:\/\/redsea-dream-tours.com\/pl\/wp-json\/wp\/v2\/comments?post=10161"}],"wp:featuredmedia":[{"embeddable":true,"href":"https:\/\/redsea-dream-tours.com\/pl\/wp-json\/wp\/v2\/media\/10168"}],"wp:attachment":[{"href":"https:\/\/redsea-dream-tours.com\/pl\/wp-json\/wp\/v2\/media?parent=10161"}],"wp:term":[{"taxonomy":"product_brand","embeddable":true,"href":"https:\/\/redsea-dream-tours.com\/pl\/wp-json\/wp\/v2\/product_brand?post=10161"},{"taxonomy":"product_cat","embeddable":true,"href":"https:\/\/redsea-dream-tours.com\/pl\/wp-json\/wp\/v2\/product_cat?post=10161"},{"taxonomy":"product_tag","embeddable":true,"href":"https:\/\/redsea-dream-tours.com\/pl\/wp-json\/wp\/v2\/product_tag?post=10161"}],"curies":[{"name":"wp","href":"https:\/\/api.w.org\/{rel}","templated":true}]}}