{"id":10146,"date":"2025-09-09T08:25:20","date_gmt":"2025-09-09T08:25:20","guid":{"rendered":"https:\/\/redsea-dream-tours.com\/?post_type=product&#038;p=10146"},"modified":"2025-11-28T14:37:21","modified_gmt":"2025-11-28T14:37:21","slug":"mini-safari-sunset-trip","status":"publish","type":"product","link":"https:\/\/redsea-dream-tours.com\/pl\/produkt\/mini-safari-sunset-trip\/","title":{"rendered":"Sunset Quad Safari: Pustynna przeja\u017cd\u017cka i noc Beduin\u00f3w"},"content":{"rendered":"<h3 data-start=\"100\" data-end=\"171\">Safari po pustyni o zachodzie s\u0142o\u0144ca quadem - przygoda, kultura i magia<\/h3>\n<p data-start=\"173\" data-end=\"425\">Wybierz si\u0119 na niezapomniany wiecz\u00f3r, \u0142\u0105cz\u0105c w sobie <strong data-start=\"227\" data-end=\"252\">emocje zwi\u0105zane z jazd\u0105 ATV<\/strong> z urzekaj\u0105cym pi\u0119knem <strong data-start=\"287\" data-end=\"315\">Pustynia Wschodnia o zachodzie s\u0142o\u0144ca<\/strong>. To do\u015bwiadczenie jest idealne dla tych, kt\u00f3rzy szukaj\u0105 przygody, kultury i zapieraj\u0105cych dech w piersiach widok\u00f3w - wszystko w jednej podr\u00f3\u017cy!<\/p>\n<h4 data-start=\"427\" data-end=\"459\">\ud83c\udfcd\ufe0f Pustynna przeja\u017cd\u017cka quadem<\/h4>\n<p data-start=\"460\" data-end=\"652\">Po szybkiej je\u017adzie pr\u00f3bnej, aby poczu\u0107 si\u0119 komfortowo, <strong data-start=\"505\" data-end=\"533\">Pod\u0105\u017caj za przewodnikiem eksperta<\/strong> na ekscytuj\u0105cym <strong data-start=\"549\" data-end=\"576\">Podr\u00f3\u017c na dystansie 20 mil (32 km)<\/strong> przez z\u0142ote piaski. Poczuj p\u0119d, gdy pustynia otworzy si\u0119 przed Tob\u0105!<\/p>\n<h4 data-start=\"654\" data-end=\"691\">\ud83c\udfdc\ufe0f Do\u015bwiadczenie w wiosce Beduin\u00f3w<\/h4>\n<p data-start=\"692\" data-end=\"776\">Po przybyciu do tradycyjnego <strong data-start=\"722\" data-end=\"741\">Wioska Beduin\u00f3w<\/strong>Odkryj autentyczne \u017cycie na pustyni:<\/p>\n<ul data-start=\"777\" data-end=\"954\">\n<li data-start=\"777\" data-end=\"831\">\n<p data-start=\"779\" data-end=\"831\">\ud83d\udc2a <strong data-start=\"782\" data-end=\"796\">Przeja\u017cd\u017cka na wielb\u0142\u0105dzie<\/strong> przez spokojne pustynne szlaki<\/p>\n<\/li>\n<li data-start=\"832\" data-end=\"892\">\n<p data-start=\"834\" data-end=\"892\">Ogl\u0105daj <strong data-start=\"847\" data-end=\"890\">zach\u00f3d s\u0142o\u0144ca maluje horyzont w z\u0142otych odcieniach<\/strong><\/p>\n<\/li>\n<li data-start=\"893\" data-end=\"954\">\n<p data-start=\"895\" data-end=\"954\">Poznaj przyjaznych mieszka\u0144c\u00f3w i ich kultur\u0119.<\/p>\n<\/li>\n<\/ul>\n<h4 data-start=\"956\" data-end=\"988\">Kolacja i rozrywka<\/h4>\n<p data-start=\"989\" data-end=\"1074\">Po zapadni\u0119ciu zmroku mo\u017cna delektowa\u0107 si\u0119 pysznym <strong data-start=\"1028\" data-end=\"1047\">kolacja z grilla<\/strong> w po\u0142\u0105czeniu z napojami bezalkoholowymi.<\/p>\n<ul data-start=\"1075\" data-end=\"1196\">\n<li data-start=\"1075\" data-end=\"1128\">\n<p data-start=\"1077\" data-end=\"1128\">\ud83c\udfb6 Ciesz si\u0119 hipnotyzuj\u0105cym <strong data-start=\"1100\" data-end=\"1126\">Egipski pokaz folklorystyczny<\/strong><\/p>\n<\/li>\n<li data-start=\"1129\" data-end=\"1196\">\n<p data-start=\"1131\" data-end=\"1196\">Zako\u0144cz wiecz\u00f3r z <strong data-start=\"1153\" data-end=\"1167\">obserwacja gwiazd<\/strong> na spokojnym pustynnym niebie<\/p>\n<\/li>\n<\/ul>\n<h4 data-start=\"1198\" data-end=\"1229\">Bezproblemowe przelewy<\/h4>\n<p data-start=\"1230\" data-end=\"1342\">Relaks z <strong data-start=\"1241\" data-end=\"1265\">transfery w obie strony<\/strong> z hotelu w Hurghadzie do stacji bazowej - bezstresowo i wygodnie!<\/p>\n<article class=\"text-token-text-primary w-full focus:outline-none scroll-mt-[calc(var(--header-height)+min(200px,max(70px,20svh)))]\" dir=\"auto\" tabindex=\"-1\" data-turn-id=\"request-WEB:03ee36ad-4c16-45a2-a255-2a64e427af84-40\" data-testid=\"conversation-turn-82\" data-scroll-anchor=\"false\" data-turn=\"assistant\">\n<div class=\"text-base my-auto mx-auto [--thread-content-margin:--spacing(4)] thread-sm:[--thread-content-margin:--spacing(6)] thread-lg:[--thread-content-margin:--spacing(16)] px-(--thread-content-margin)\">\n<div class=\"[--thread-content-max-width:40rem] thread-lg:[--thread-content-max-width:48rem] mx-auto max-w-(--thread-content-max-width) flex-1 group\/turn-messages focus-visible:outline-hidden relative flex w-full min-w-0 flex-col agent-turn\" tabindex=\"-1\">\n<div class=\"flex max-w-full flex-col grow\">\n<div class=\"min-h-8 text-message relative flex w-full flex-col items-end gap-2 text-start break-words whitespace-normal [.text-message+&amp;]:mt-5\" dir=\"auto\" data-message-author-role=\"assistant\" data-message-id=\"394ef291-a29c-4b50-aed9-f0ade82908c0\" data-message-model-slug=\"gpt-5-mini\">\n<div class=\"flex w-full flex-col gap-1 empty:hidden first:pt-[3px]\">\n<div class=\"markdown prose dark:prose-invert w-full break-words light markdown-new-styling\">\n<h3 data-start=\"157\" data-end=\"176\">Cena wycieczki<\/h3>\n<p data-start=\"177\" data-end=\"281\" data-is-last-node=\"\" data-is-only-node=\"\">\ud83d\ude4e\ud83c\udffb\u200d\u2642\ufe0f <strong data-start=\"185\" data-end=\"206\">16 lat i wi\u0119cej:<\/strong> \u20ac 27<br data-start=\"210\" data-end=\"213\" \/>\ud83e\uddcd\ud83c\udffb\u200d\u2640\ufe0f <strong data-start=\"221\" data-end=\"236\">6-15 lat:<\/strong> \u20ac 15<br data-start=\"240\" data-end=\"243\" \/>\ud83d\udc7c\ud83c\udffc <strong data-start=\"248\" data-end=\"266\">Poni\u017cej 6 lat:<\/strong> Niedozwolone<\/p>\n<h3 data-start=\"2198\" data-end=\"2225\"><strong data-start=\"2205\" data-end=\"2223\">P\u0142atno\u015b\u0107 w USD ($ \ud83c\uddfa\ud83c\uddf8) zamiast EUR (\u20ac \ud83c\uddea\ud83c\uddfa) jest dost\u0119pna zgodnie z dziennym kursem wymiany banku.<\/strong><\/h3>\n<\/div>\n<\/div>\n<\/div>\n<\/div>\n<\/div>\n<\/div>\n<\/article>\n<p><strong>Book Through WhatsApp:<\/strong><\/p>\n<p><a href=\"https:\/\/wa.me\/201021058859\" target=\"_blank\" rel=\"noopener\">\u00a0<img decoding=\"async\" class=\"alignnone wp-image-2058\" src=\"https:\/\/poehalisnamiegypt.com\/wp-content\/uploads\/2024\/02\/pngwing.com_-300x300.png\" sizes=\"auto, (max-width: 35px) 100vw, 35px\" srcset=\"https:\/\/poehalisnamiegypt.com\/wp-content\/uploads\/2024\/02\/pngwing.com_-300x300.png 300w, https:\/\/poehalisnamiegypt.com\/wp-content\/uploads\/2024\/02\/pngwing.com_-150x150.png 150w, https:\/\/poehalisnamiegypt.com\/wp-content\/uploads\/2024\/02\/pngwing.com_.png 584w\" alt=\"\" width=\"53\" height=\"53\" \/><\/a><\/p>","protected":false},"excerpt":{"rendered":"<p>\ud83c\udf05 Sunset Desert Safari by Quad Bike \u2013 Adventure, Culture &amp; Magic Embark on an unforgettable evening as you combine the thrill of an ATV ride with the enchanting beauty of the Eastern Desert at sunset. This experience is perfect for those seeking adventure, culture, and breathtaking views \u2013 all in one trip! \ud83c\udfcd\ufe0f Quad [&hellip;]<\/p>","protected":false},"featured_media":10140,"comment_status":"open","ping_status":"closed","template":"","meta":{"_monsterinsights_skip_tracking":false,"_monsterinsights_sitenote_active":false,"_monsterinsights_sitenote_note":"","_monsterinsights_sitenote_category":0},"product_brand":[],"product_cat":[67],"product_tag":[],"class_list":{"0":"post-10146","1":"product","2":"type-product","3":"status-publish","4":"has-post-thumbnail","6":"product_cat-safari","8":"first","9":"instock","10":"shipping-taxable","11":"purchasable","12":"product-type-ovabrw_car_rental"},"_links":{"self":[{"href":"https:\/\/redsea-dream-tours.com\/pl\/wp-json\/wp\/v2\/product\/10146","targetHints":{"allow":["GET"]}}],"collection":[{"href":"https:\/\/redsea-dream-tours.com\/pl\/wp-json\/wp\/v2\/product"}],"about":[{"href":"https:\/\/redsea-dream-tours.com\/pl\/wp-json\/wp\/v2\/types\/product"}],"replies":[{"embeddable":true,"href":"https:\/\/redsea-dream-tours.com\/pl\/wp-json\/wp\/v2\/comments?post=10146"}],"wp:featuredmedia":[{"embeddable":true,"href":"https:\/\/redsea-dream-tours.com\/pl\/wp-json\/wp\/v2\/media\/10140"}],"wp:attachment":[{"href":"https:\/\/redsea-dream-tours.com\/pl\/wp-json\/wp\/v2\/media?parent=10146"}],"wp:term":[{"taxonomy":"product_brand","embeddable":true,"href":"https:\/\/redsea-dream-tours.com\/pl\/wp-json\/wp\/v2\/product_brand?post=10146"},{"taxonomy":"product_cat","embeddable":true,"href":"https:\/\/redsea-dream-tours.com\/pl\/wp-json\/wp\/v2\/product_cat?post=10146"},{"taxonomy":"product_tag","embeddable":true,"href":"https:\/\/redsea-dream-tours.com\/pl\/wp-json\/wp\/v2\/product_tag?post=10146"}],"curies":[{"name":"wp","href":"https:\/\/api.w.org\/{rel}","templated":true}]}}