{"id":10131,"date":"2025-09-09T08:08:06","date_gmt":"2025-09-09T08:08:06","guid":{"rendered":"https:\/\/redsea-dream-tours.com\/?post_type=product&#038;p=10131"},"modified":"2025-11-28T14:38:03","modified_gmt":"2025-11-28T14:38:03","slug":"super-safari-trip","status":"publish","type":"product","link":"https:\/\/redsea-dream-tours.com\/pl\/produkt\/super-safari-trip\/","title":{"rendered":"Super Safari: Quady, \u017cycie Beduin\u00f3w i zach\u00f3d s\u0142o\u0144ca"},"content":{"rendered":"<blockquote data-start=\"1175\" data-end=\"1285\"><p>\ud83c\udfdc\ufe0f Super Safari Hurghada<\/p>\n<p>Wyrusz na niezapomnian\u0105 przygod\u0119 przez z\u0142ote piaski Pustyni Wschodniej i do\u015bwiadcz prawdziwego ducha \u017cycia Beduin\u00f3w w po\u0142\u0105czeniu z emocjami, kultur\u0105 i zapieraj\u0105cymi dech w piersiach widokami \ud83c\udf05<\/p>\n<p>Szczeg\u00f3\u0142y programu:<\/p>\n<p>Odbi\u00f3r po po\u0142udniu z hotelu nowoczesnymi pojazdami Toyota Land Cruiser 4\u00d74.<\/p>\n<p>Przyjazd do Camel Yard - punktu startowego ekscytuj\u0105cej pustynnej przygody.<\/p>\n<p>Rozpocznij dzie\u0144 od pe\u0142nej adrenaliny przeja\u017cd\u017cki quadem przez 30 minut po wydmach i pustynnych dolinach.<\/p>\n<p>Ciesz si\u0119 wyj\u0105tkow\u0105 jazd\u0105 Spider Car \ud83d\udd77\ufe0f\ud83d\ude97 i poczuj dreszczyk emocji podczas jazdy przez otwart\u0105 pustyni\u0119.<\/p>\n<p>Kontynuuj podr\u00f3\u017c przez pustyni\u0119 przez oko\u0142o 22 km, a\u017c dotrzesz do wioski Beduin\u00f3w, z panoramicznym przystankiem, aby podziwia\u0107 wspania\u0142y widok na pustyni\u0119 ze szczytu wzg\u00f3rza.<\/p>\n<p>Ciep\u0142e powitanie Beduin\u00f3w z herbat\u0105 zio\u0142ow\u0105 oraz wprowadzenie do tradycji i stylu \u017cycia Beduin\u00f3w.<\/p>\n<p>Wycieczka z przewodnikiem po wiosce Beduin\u00f3w, w tym:<br \/>\nTradycyjne chaty - Pieczenie chleba - R\u0119kodzie\u0142o - Rzut oka na codzienne \u017cycie Beduin\u00f3w.<\/p>\n<p>Ciesz si\u0119 przeja\u017cd\u017ck\u0105 na wielb\u0142\u0105dzie \ud83d\udc2a po wiosce, aby zwiedzi\u0107 okolic\u0119 i zrobi\u0107 niezapomniane zdj\u0119cia.<\/p>\n<p>Zobacz wspania\u0142y zach\u00f3d s\u0142o\u0144ca nad g\u00f3rami i poczuj spokojn\u0105 cisz\u0119 pustyni.<\/p>\n<p>Powr\u00f3t do obozu na pyszn\u0105 kolacj\u0119 w formie bufetu z r\u00f3\u017cnorodnymi daniami kuchni orientalnej.<\/p>\n<p>Ciesz si\u0119 zabawnymi pokazami, w tym tancerk\u0105 brzucha \ud83d\udc83 i wyst\u0119pem Tanoura \ud83c\udf00.<\/p>\n<p>Zako\u0144cz wiecz\u00f3r magiczn\u0105 chwil\u0105 obserwacji gwiazd \u2728 pod czystym pustynnym niebem.<\/p>\n<p>Powr\u00f3t do hotelu oko\u0142o 19:30 ze wspomnieniami na ca\u0142e \u017cycie.<\/p>\n<p>Zawiera:<\/p>\n<p>2 butelki wody mineralnej + sok z hibiskusa bez ogranicze\u0144<\/p>\n<p>Dost\u0119pne codziennie - Nie jest wymagana minimalna liczba uczestnik\u00f3w<\/p>\n<article class=\"text-token-text-primary w-full focus:outline-none scroll-mt-[calc(var(--header-height)+min(200px,max(70px,20svh)))]\" dir=\"auto\" tabindex=\"-1\" data-turn-id=\"request-WEB:03ee36ad-4c16-45a2-a255-2a64e427af84-40\" data-testid=\"conversation-turn-82\" data-scroll-anchor=\"false\" data-turn=\"assistant\">\n<div class=\"text-base my-auto mx-auto [--thread-content-margin:--spacing(4)] thread-sm:[--thread-content-margin:--spacing(6)] thread-lg:[--thread-content-margin:--spacing(16)] px-(--thread-content-margin)\">\n<div class=\"[--thread-content-max-width:40rem] thread-lg:[--thread-content-max-width:48rem] mx-auto max-w-(--thread-content-max-width) flex-1 group\/turn-messages focus-visible:outline-hidden relative flex w-full min-w-0 flex-col agent-turn\" tabindex=\"-1\">\n<div class=\"flex max-w-full flex-col grow\">\n<div class=\"min-h-8 text-message relative flex w-full flex-col items-end gap-2 text-start break-words whitespace-normal [.text-message+&amp;]:mt-5\" dir=\"auto\" data-message-author-role=\"assistant\" data-message-id=\"394ef291-a29c-4b50-aed9-f0ade82908c0\" data-message-model-slug=\"gpt-5-mini\">\n<div class=\"flex w-full flex-col gap-1 empty:hidden first:pt-[3px]\">\n<div class=\"markdown prose dark:prose-invert w-full break-words light markdown-new-styling\">\n<h3 data-start=\"157\" data-end=\"176\">Cena wycieczki<\/h3>\n<p data-start=\"177\" data-end=\"281\" data-is-last-node=\"\" data-is-only-node=\"\">\ud83d\ude4e\ud83c\udffb\u200d\u2642\ufe0f <strong data-start=\"185\" data-end=\"206\">16 lat i wi\u0119cej:<\/strong> \u20ac 30<br data-start=\"210\" data-end=\"213\" \/>\ud83e\uddcd\ud83c\udffb\u200d\u2640\ufe0f <strong data-start=\"221\" data-end=\"236\">6-15 lat:<\/strong> \u20ac 15<br data-start=\"240\" data-end=\"243\" \/>\ud83d\udc7c\ud83c\udffc <strong data-start=\"248\" data-end=\"266\">Poni\u017cej 6 lat:<\/strong> Niedozwolone<\/p>\n<\/div>\n<\/div>\n<\/div>\n<\/div>\n<h3 data-start=\"2198\" data-end=\"2225\"><strong data-start=\"2205\" data-end=\"2223\">P\u0142atno\u015b\u0107 w USD ($ \ud83c\uddfa\ud83c\uddf8) zamiast EUR (\u20ac \ud83c\uddea\ud83c\uddfa) jest dost\u0119pna zgodnie z dziennym kursem wymiany banku.<\/strong><\/h3>\n<\/div>\n<\/div>\n<\/article>\n<p><strong>Book Through WhatsApp:<\/strong><\/p>\n<p><a href=\"https:\/\/wa.me\/201021058859\" target=\"_blank\" rel=\"noopener\">\u00a0<img decoding=\"async\" class=\"alignnone wp-image-2058\" src=\"https:\/\/poehalisnamiegypt.com\/wp-content\/uploads\/2024\/02\/pngwing.com_-300x300.png\" sizes=\"auto, (max-width: 35px) 100vw, 35px\" srcset=\"https:\/\/poehalisnamiegypt.com\/wp-content\/uploads\/2024\/02\/pngwing.com_-300x300.png 300w, https:\/\/poehalisnamiegypt.com\/wp-content\/uploads\/2024\/02\/pngwing.com_-150x150.png 150w, https:\/\/poehalisnamiegypt.com\/wp-content\/uploads\/2024\/02\/pngwing.com_.png 584w\" alt=\"\" width=\"53\" height=\"53\" \/><\/a><\/p><\/blockquote>\n<div id=\"gtx-trans\" style=\"position: absolute; left: 183px; top: 47.8px;\">\n<div class=\"gtx-trans-icon\"><\/div>\n<\/div>\n<div id=\"gtx-trans\" style=\"position: absolute; left: 183px; top: 47.8px;\">\n<div class=\"gtx-trans-icon\"><\/div>\n<\/div>","protected":false},"excerpt":{"rendered":"<p>\ud83c\udfdc\ufe0f Super Safari Hurghada Embark on an unforgettable adventure through the golden sands of the Eastern Desert and experience the true spirit of Bedouin life combined with excitement, culture, and breathtaking views \ud83c\udf05 \ud83d\ude99 Program Details: Pick up after noon from your hotel by modern Toyota Land Cruiser 4\u00d74 vehicles. Arrival at the Camel Yard [&hellip;]<\/p>","protected":false},"featured_media":10134,"comment_status":"open","ping_status":"closed","template":"","meta":{"_monsterinsights_skip_tracking":false,"_monsterinsights_sitenote_active":false,"_monsterinsights_sitenote_note":"","_monsterinsights_sitenote_category":0},"product_brand":[],"product_cat":[67],"product_tag":[],"class_list":{"0":"post-10131","1":"product","2":"type-product","3":"status-publish","4":"has-post-thumbnail","6":"product_cat-safari","8":"first","9":"instock","10":"shipping-taxable","11":"purchasable","12":"product-type-ovabrw_car_rental"},"_links":{"self":[{"href":"https:\/\/redsea-dream-tours.com\/pl\/wp-json\/wp\/v2\/product\/10131","targetHints":{"allow":["GET"]}}],"collection":[{"href":"https:\/\/redsea-dream-tours.com\/pl\/wp-json\/wp\/v2\/product"}],"about":[{"href":"https:\/\/redsea-dream-tours.com\/pl\/wp-json\/wp\/v2\/types\/product"}],"replies":[{"embeddable":true,"href":"https:\/\/redsea-dream-tours.com\/pl\/wp-json\/wp\/v2\/comments?post=10131"}],"wp:featuredmedia":[{"embeddable":true,"href":"https:\/\/redsea-dream-tours.com\/pl\/wp-json\/wp\/v2\/media\/10134"}],"wp:attachment":[{"href":"https:\/\/redsea-dream-tours.com\/pl\/wp-json\/wp\/v2\/media?parent=10131"}],"wp:term":[{"taxonomy":"product_brand","embeddable":true,"href":"https:\/\/redsea-dream-tours.com\/pl\/wp-json\/wp\/v2\/product_brand?post=10131"},{"taxonomy":"product_cat","embeddable":true,"href":"https:\/\/redsea-dream-tours.com\/pl\/wp-json\/wp\/v2\/product_cat?post=10131"},{"taxonomy":"product_tag","embeddable":true,"href":"https:\/\/redsea-dream-tours.com\/pl\/wp-json\/wp\/v2\/product_tag?post=10131"}],"curies":[{"name":"wp","href":"https:\/\/api.w.org\/{rel}","templated":true}]}}