{"id":10113,"date":"2025-09-08T11:25:13","date_gmt":"2025-09-08T11:25:13","guid":{"rendered":"https:\/\/redsea-dream-tours.com\/?post_type=product&#038;p=10113"},"modified":"2025-11-28T14:59:55","modified_gmt":"2025-11-28T14:59:55","slug":"spa-and-massage","status":"publish","type":"product","link":"https:\/\/redsea-dream-tours.com\/pl\/produkt\/spa-and-massage\/","title":{"rendered":"Do\u015bwiadczenie Royal Spa: Relaks, od\u015bwie\u017cenie i odm\u0142odzenie"},"content":{"rendered":"<p data-start=\"98\" data-end=\"156\"><strong data-start=\"98\" data-end=\"154\">\ud83d\udc86\u200d\u2642\ufe0f Escape to Serenity - Spa &amp; Massage Experience!<\/strong><\/p>\n<p data-start=\"92\" data-end=\"326\"><strong data-start=\"92\" data-end=\"141\">\ud83d\udc86\ud83c\udffb\u200d\u2640\ufe0f Ultimate Relaxation &amp; Wellness Escape<\/strong><br data-start=\"141\" data-end=\"144\" \/>Zanurz si\u0119 w naszej spokojnej oazie wellness. Kompletny program zaprojektowany, aby odm\u0142odzi\u0107 cia\u0142o i uspokoi\u0107 umys\u0142 - idealny dla os\u00f3b podr\u00f3\u017cuj\u0105cych samotnie lub par szukaj\u0105cych czystego relaksu.<\/p>\n<p data-start=\"328\" data-end=\"392\"><strong data-start=\"328\" data-end=\"352\">Egypt Royal Spa<\/strong><br data-start=\"352\" data-end=\"355\" \/>\ud83e\uddd6\u200d\u2640\ufe0f <strong data-start=\"361\" data-end=\"390\">Pe\u0142ne do\u015bwiadczenie obejmuje:<\/strong><\/p>\n<ul data-start=\"393\" data-end=\"571\">\n<li data-start=\"393\" data-end=\"427\">\n<p data-start=\"395\" data-end=\"427\">Sauna i \u0142a\u017ania parowa \/ Grota solna<\/p>\n<\/li>\n<li data-start=\"428\" data-end=\"464\">\n<p data-start=\"430\" data-end=\"464\">Kompleksowe z\u0142uszczanie twarzy i cia\u0142a<\/p>\n<\/li>\n<li data-start=\"465\" data-end=\"489\">\n<p data-start=\"467\" data-end=\"489\">Relaksuj\u0105ca k\u0105piel z b\u0105belkami<\/p>\n<\/li>\n<li data-start=\"490\" data-end=\"535\">\n<p data-start=\"492\" data-end=\"535\">Masa\u017c mydlany \/ jacuzzi ze \u015bwie\u017cymi owocami<\/p>\n<\/li>\n<li data-start=\"536\" data-end=\"571\">\n<p data-start=\"538\" data-end=\"571\">Maseczka na twarz \/ Masa\u017c ca\u0142ego cia\u0142a<\/p>\n<\/li>\n<\/ul>\n<p data-start=\"573\" data-end=\"593\">\ud83c\udf1f <strong data-start=\"576\" data-end=\"591\">Najwa\u017cniejsze wydarzenia:<\/strong><\/p>\n<ul data-start=\"594\" data-end=\"714\">\n<li data-start=\"594\" data-end=\"633\">\n<p data-start=\"596\" data-end=\"633\">2\u00bd godziny nieprzerwanego rozpieszczania<\/p>\n<\/li>\n<li data-start=\"634\" data-end=\"684\">\n<p data-start=\"636\" data-end=\"684\">Idealny dla par lub przyjaci\u00f3\u0142 szukaj\u0105cych relaksu<\/p>\n<\/li>\n<li data-start=\"685\" data-end=\"714\">\n<p data-start=\"687\" data-end=\"714\">Kompleksowa piel\u0119gnacja twarzy i cia\u0142a<\/p>\n<\/li>\n<\/ul>\n<p data-start=\"716\" data-end=\"780\"><strong data-start=\"716\" data-end=\"740\">Egipt Royal VIP\u00a0<\/strong><br data-start=\"740\" data-end=\"743\" \/>\ud83e\uddd6\u200d\u2640\ufe0f <strong data-start=\"749\" data-end=\"778\">Pe\u0142ne do\u015bwiadczenie obejmuje:<\/strong><\/p>\n<ul data-start=\"781\" data-end=\"1016\">\n<li data-start=\"781\" data-end=\"830\">\n<p data-start=\"783\" data-end=\"830\">Sauna, \u0142a\u017ania parowa i jacuzzi ze \u015bwie\u017cymi owocami<\/p>\n<\/li>\n<li data-start=\"831\" data-end=\"867\">\n<p data-start=\"833\" data-end=\"867\">Grota solna \/ Relaksuj\u0105ca k\u0105piel pere\u0142kowa<\/p>\n<\/li>\n<li data-start=\"868\" data-end=\"900\">\n<p data-start=\"870\" data-end=\"900\">Kokosowy lub kawowy peeling do cia\u0142a<\/p>\n<\/li>\n<li data-start=\"901\" data-end=\"918\">\n<p data-start=\"903\" data-end=\"918\">Masa\u017c mydlany<\/p>\n<\/li>\n<li data-start=\"919\" data-end=\"965\">\n<p data-start=\"921\" data-end=\"965\">Z\u0142uszczanie d\u0142oni i st\u00f3p sol\u0105 z Morza Martwego<\/p>\n<\/li>\n<li data-start=\"966\" data-end=\"994\">\n<p data-start=\"968\" data-end=\"994\">Czekoladowa maseczka do twarzy \ud83c\udf6b<\/p>\n<\/li>\n<li data-start=\"995\" data-end=\"1016\">\n<p data-start=\"997\" data-end=\"1016\">Masa\u017c ca\u0142ego cia\u0142a<\/p>\n<\/li>\n<\/ul>\n<p data-start=\"1018\" data-end=\"1038\">\ud83c\udf1f <strong data-start=\"1021\" data-end=\"1036\">Najwa\u017cniejsze wydarzenia:<\/strong><\/p>\n<ul data-start=\"1039\" data-end=\"1109\">\n<li data-start=\"1039\" data-end=\"1079\">\n<p data-start=\"1041\" data-end=\"1079\">2\u00bd godziny nieprzerwanej przyjemno\u015bci<\/p>\n<\/li>\n<li data-start=\"1080\" data-end=\"1109\">\n<p data-start=\"1082\" data-end=\"1109\">Kompleksowa piel\u0119gnacja twarzy i cia\u0142a<\/p>\n<\/li>\n<\/ul>\n<p data-start=\"1111\" data-end=\"1135\"><strong data-start=\"1111\" data-end=\"1133\">Wa\u017cne informacje:<\/strong><\/p>\n<ul data-start=\"1136\" data-end=\"1251\">\n<li data-start=\"1136\" data-end=\"1196\">\n<p data-start=\"1138\" data-end=\"1196\">Te same programy s\u0105 r\u00f3wnie\u017c dost\u0119pne w formacie prywatnym.<\/p>\n<\/li>\n<li data-start=\"1197\" data-end=\"1251\">\n<p data-start=\"1199\" data-end=\"1251\">Strefa spa jest mieszana i wsp\u00f3lna; masa\u017ce s\u0105 prywatne.<\/p>\n<\/li>\n<\/ul>\n<p data-start=\"1535\" data-end=\"1557\"><strong data-start=\"1535\" data-end=\"1555\">Szczeg\u00f3\u0142y programu:<\/strong><\/p>\n<ul data-start=\"1558\" data-end=\"1732\">\n<li data-start=\"1558\" data-end=\"1591\">\n<p data-start=\"1560\" data-end=\"1591\">Sesje poranne lub popo\u0142udniowe<\/p>\n<\/li>\n<li data-start=\"1592\" data-end=\"1627\">\n<p data-start=\"1594\" data-end=\"1627\">Czas trwania: oko\u0142o 2 godzin<\/p>\n<\/li>\n<li data-start=\"1628\" data-end=\"1660\">\n<p data-start=\"1630\" data-end=\"1660\">\u0142a\u017ania turecka, sauna, jacuzzi mieszane<\/p>\n<\/li>\n<li data-start=\"1661\" data-end=\"1696\">\n<p data-start=\"1663\" data-end=\"1696\">Masa\u017c piankowy, peeling i ok\u0142ad na cia\u0142o<\/p>\n<\/li>\n<li data-start=\"1697\" data-end=\"1732\">\n<p data-start=\"1699\" data-end=\"1732\">30-minutowa maseczka i masa\u017c twarzy<\/p>\n<\/li>\n<\/ul>\n<p data-start=\"1734\" data-end=\"1757\"><strong data-start=\"1734\" data-end=\"1755\">Do\u0142\u0105czone opcje:<\/strong><\/p>\n<ul data-start=\"1758\" data-end=\"1809\">\n<li data-start=\"1758\" data-end=\"1787\">\n<p data-start=\"1760\" data-end=\"1787\">Transfer do hotelu w obie strony<\/p>\n<\/li>\n<li data-start=\"1788\" data-end=\"1809\">\n<p data-start=\"1790\" data-end=\"1809\">Napoje orze\u017awiaj\u0105ce<\/p>\n<\/li>\n<\/ul>\n<p data-start=\"1443\" data-end=\"1665\">Niezale\u017cnie od tego, czy szukasz <strong data-start=\"1460\" data-end=\"1479\">g\u0142\u0119boki relaks<\/strong>, <strong data-start=\"1481\" data-end=\"1498\">ulga w stresie<\/strong>lub po prostu chwila na ponowne po\u0142\u0105czenie si\u0119 z samym sob\u0105, nasze <strong data-start=\"1551\" data-end=\"1579\">Do\u015bwiadczenie spa i masa\u017cu<\/strong> obiecuje pozostawi\u0107 uczucie <strong data-start=\"1610\" data-end=\"1662\">odnowiony, od\u015bwie\u017cony i ca\u0142kowicie zrewitalizowany \u2728<\/strong>.<\/p>\n<p data-start=\"1443\" data-end=\"1665\"><strong data-start=\"1253\" data-end=\"1276\">Ceny aktywno\u015bci:<\/strong><\/p>\n<table style=\"height: 108px;\" width=\"795\">\n<tbody>\n<tr>\n<td width=\"126\"><strong>\u00a0\u20ac\u00a0\u00a0\u00a0 30.00<\/strong><\/td>\n<td width=\"307\"><strong>egipt royal spa<\/strong><\/td>\n<\/tr>\n<tr>\n<td><strong>\u00a0\u20ac\u00a0\u00a0\u00a0 35.00<\/strong><\/td>\n<td width=\"307\"><strong>egipt kr\u00f3lewski vip<\/strong><\/td>\n<\/tr>\n<tr>\n<td><strong>\u00a0\u20ac\u00a0\u00a0\u00a0 80.00<\/strong><\/td>\n<td width=\"307\"><strong>egipt kr\u00f3lewskie spa prywatne<\/strong><\/td>\n<\/tr>\n<tr>\n<td><strong>\u00a0\u20ac\u00a0\u00a0\u00a090.00<\/strong><\/td>\n<td width=\"307\"><strong>egipt kr\u00f3lewski vip prywatny<\/strong><\/td>\n<\/tr>\n<\/tbody>\n<\/table>\n<h3 data-start=\"2198\" data-end=\"2225\"><strong data-start=\"2205\" data-end=\"2223\">P\u0142atno\u015b\u0107 w USD ($ \ud83c\uddfa\ud83c\uddf8) zamiast EUR (\u20ac \ud83c\uddea\ud83c\uddfa) jest dost\u0119pna zgodnie z dziennym kursem wymiany banku.<\/strong><\/h3>\n<p><strong>Book Through WhatsApp:<\/strong><\/p>\n<p><a href=\"https:\/\/wa.me\/201021058859\" target=\"_blank\" rel=\"noopener\">\u00a0<img decoding=\"async\" class=\"alignnone wp-image-2058\" src=\"https:\/\/poehalisnamiegypt.com\/wp-content\/uploads\/2024\/02\/pngwing.com_-300x300.png\" sizes=\"auto, (max-width: 35px) 100vw, 35px\" srcset=\"https:\/\/poehalisnamiegypt.com\/wp-content\/uploads\/2024\/02\/pngwing.com_-300x300.png 300w, https:\/\/poehalisnamiegypt.com\/wp-content\/uploads\/2024\/02\/pngwing.com_-150x150.png 150w, https:\/\/poehalisnamiegypt.com\/wp-content\/uploads\/2024\/02\/pngwing.com_.png 584w\" alt=\"\" width=\"53\" height=\"53\" \/><\/a><\/p>\n<p>&nbsp;<\/p>","protected":false},"excerpt":{"rendered":"<p>\ud83d\udc86\u200d\u2642\ufe0f Escape to Serenity \u2013 Spa &amp; Massage Experience! \ud83d\udc86\ud83c\udffb\u200d\u2640\ufe0f Ultimate Relaxation &amp; Wellness EscapeIndulge yourself in our serene wellness oasis. A complete program designed to rejuvenate your body and calm your mind\u2014perfect for solo travelers or couples seeking pure relaxation. \u2728\u00a0 Egypt Royal Spa\ud83e\uddd6\u200d\u2640\ufe0f Full Experience Includes: Sauna &amp; steam bath \/ Salt cave [&hellip;]<\/p>","protected":false},"featured_media":10118,"comment_status":"open","ping_status":"closed","template":"","meta":{"_monsterinsights_skip_tracking":false,"_monsterinsights_sitenote_active":false,"_monsterinsights_sitenote_note":"","_monsterinsights_sitenote_category":0},"product_brand":[],"product_cat":[64],"product_tag":[],"class_list":{"0":"post-10113","1":"product","2":"type-product","3":"status-publish","4":"has-post-thumbnail","6":"product_cat-entertaining","8":"first","9":"instock","10":"shipping-taxable","11":"purchasable","12":"product-type-ovabrw_car_rental"},"_links":{"self":[{"href":"https:\/\/redsea-dream-tours.com\/pl\/wp-json\/wp\/v2\/product\/10113","targetHints":{"allow":["GET"]}}],"collection":[{"href":"https:\/\/redsea-dream-tours.com\/pl\/wp-json\/wp\/v2\/product"}],"about":[{"href":"https:\/\/redsea-dream-tours.com\/pl\/wp-json\/wp\/v2\/types\/product"}],"replies":[{"embeddable":true,"href":"https:\/\/redsea-dream-tours.com\/pl\/wp-json\/wp\/v2\/comments?post=10113"}],"wp:featuredmedia":[{"embeddable":true,"href":"https:\/\/redsea-dream-tours.com\/pl\/wp-json\/wp\/v2\/media\/10118"}],"wp:attachment":[{"href":"https:\/\/redsea-dream-tours.com\/pl\/wp-json\/wp\/v2\/media?parent=10113"}],"wp:term":[{"taxonomy":"product_brand","embeddable":true,"href":"https:\/\/redsea-dream-tours.com\/pl\/wp-json\/wp\/v2\/product_brand?post=10113"},{"taxonomy":"product_cat","embeddable":true,"href":"https:\/\/redsea-dream-tours.com\/pl\/wp-json\/wp\/v2\/product_cat?post=10113"},{"taxonomy":"product_tag","embeddable":true,"href":"https:\/\/redsea-dream-tours.com\/pl\/wp-json\/wp\/v2\/product_tag?post=10113"}],"curies":[{"name":"wp","href":"https:\/\/api.w.org\/{rel}","templated":true}]}}