{"id":10099,"date":"2025-09-08T11:02:07","date_gmt":"2025-09-08T11:02:07","guid":{"rendered":"https:\/\/redsea-dream-tours.com\/?post_type=product&#038;p=10099"},"modified":"2025-11-28T15:00:47","modified_gmt":"2025-11-28T15:00:47","slug":"gouna-karting-trip","status":"publish","type":"product","link":"https:\/\/redsea-dream-tours.com\/pl\/produkt\/gouna-karting-trip\/","title":{"rendered":"Gouna Karting: Szybka zabawa i emocje wy\u015bcigowe"},"content":{"rendered":"<p data-start=\"110\" data-end=\"186\"><strong data-start=\"110\" data-end=\"184\">\ud83c\udfce\ufe0f Poczuj p\u0119d z Gouna Karting - najlepsze do\u015bwiadczenie wy\u015bcigowe!<\/strong><\/p>\n<p data-start=\"188\" data-end=\"449\">Gotowy, by zaspokoi\u0107 swoj\u0105 potrzeb\u0119 pr\u0119dko\u015bci? <strong data-start=\"226\" data-end=\"243\">Gouna Karting<\/strong> oferuje jedn\u0105 z najbardziej ekscytuj\u0105cych aktywno\u015bci w <strong data-start=\"291\" data-end=\"303\">El Gouna<\/strong>gdzie przygoda spotyka si\u0119 z adrenalin\u0105! Niezale\u017cnie od tego, czy jeste\u015b pocz\u0105tkuj\u0105cym, czy do\u015bwiadczonym kierowc\u0105, to do\u015bwiadczenie zosta\u0142o zaprojektowane tak, aby wydoby\u0107 z Ciebie mistrza.<\/p>\n<p data-start=\"451\" data-end=\"492\"><strong data-start=\"451\" data-end=\"490\">\u2728 Co czeka na Ciebie w Gouna Karting?<\/strong><\/p>\n<ul data-start=\"493\" data-end=\"907\">\n<li data-start=\"493\" data-end=\"618\">\n<p data-start=\"495\" data-end=\"618\"><strong data-start=\"495\" data-end=\"527\">Profesjonalny tor wy\u015bcigowy \ud83c\udfc1<\/strong> - Jeden z najwi\u0119kszych i najbezpieczniejszych tor\u00f3w kartingowych w Egipcie, idealny dla wszystkich poziom\u00f3w umiej\u0119tno\u015bci.<\/p>\n<\/li>\n<li data-start=\"619\" data-end=\"714\">\n<p data-start=\"621\" data-end=\"714\"><strong data-start=\"621\" data-end=\"647\">Szybkie gokarty \ud83d\udea6<\/strong> - Nowoczesne, dobrze utrzymane gokarty zbudowane z my\u015bl\u0105 o emocjach i bezpiecze\u0144stwie.<\/p>\n<\/li>\n<li data-start=\"715\" data-end=\"795\">\n<p data-start=\"717\" data-end=\"795\"><strong data-start=\"717\" data-end=\"736\">Bezpiecze\u0144stwo przede wszystkim \ud83e\uddba<\/strong> - Kaski, sprz\u0119t i pe\u0142ne instrukcje bezpiecze\u0144stwa s\u0105 zapewnione.<\/p>\n<\/li>\n<li data-start=\"796\" data-end=\"907\">\n<p data-start=\"798\" data-end=\"907\"><strong data-start=\"798\" data-end=\"826\">Wy\u015bcigi na czas \u23f1\ufe0f<\/strong> - Rywalizuj z przyjaci\u00f3\u0142mi, rodzin\u0105 lub innymi zawodnikami o najlepszy czas okr\u0105\u017cenia!<\/p>\n<\/li>\n<\/ul>\n<p data-start=\"909\" data-end=\"934\"><strong data-start=\"909\" data-end=\"932\">Najwa\u017cniejsze wydarzenia z podr\u00f3\u017cy:<\/strong><\/p>\n<ul data-start=\"935\" data-end=\"1223\">\n<li data-start=\"935\" data-end=\"987\">\n<p data-start=\"937\" data-end=\"987\">Dogodna lokalizacja w samym sercu El Gouna \ud83c\udf34.<\/p>\n<\/li>\n<li data-start=\"988\" data-end=\"1066\">\n<p data-start=\"990\" data-end=\"1066\">Odpowiedni dla doros\u0142ych i m\u0142odych zawodnik\u00f3w (z ograniczeniami wieku\/wzrostu) \ud83d\udc68\u200d\ud83d\udc69\u200d\ud83d\udc67\u200d\ud83d\udc66.<\/p>\n<\/li>\n<li data-start=\"1067\" data-end=\"1162\">\n<p data-start=\"1069\" data-end=\"1162\">Elastyczne przedzia\u0142y czasowe - ciesz si\u0119 samodzieln\u0105 przygod\u0105 lub dodaj j\u0105 do jednodniowej wycieczki do Gouny.<\/p>\n<\/li>\n<li data-start=\"1163\" data-end=\"1223\">\n<p data-start=\"1165\" data-end=\"1223\">Opcja uwieczniania chwil za pomoc\u0105 zdj\u0119\u0107 lub film\u00f3w \ud83d\udcf8.<\/p>\n<\/li>\n<\/ul>\n<p data-start=\"1225\" data-end=\"1246\"><strong data-start=\"1225\" data-end=\"1244\">Idealny dla:<\/strong><\/p>\n<ul data-start=\"1247\" data-end=\"1394\">\n<li data-start=\"1247\" data-end=\"1298\">\n<p data-start=\"1249\" data-end=\"1298\">Rodziny szukaj\u0105ce zabawy i akcji \ud83d\udc68\u200d\ud83d\udc69\u200d\ud83d\udc67\u200d\ud83d\udc66<\/p>\n<\/li>\n<li data-start=\"1299\" data-end=\"1345\">\n<p data-start=\"1301\" data-end=\"1345\">Grupy przyjaci\u00f3\u0142 gotowe na wyzwanie \ud83c\udf89<\/p>\n<\/li>\n<li data-start=\"1346\" data-end=\"1394\">\n<p data-start=\"1348\" data-end=\"1394\">W wyniku recenzji u\u017cytkownik\u00f3w produkt otrzyma\u0142 ocen\u0119 \ud83c\udfc6<\/p>\n<\/li>\n<\/ul>\n<p data-start=\"1396\" data-end=\"1701\"><strong data-start=\"1396\" data-end=\"1428\">Dlaczego warto wybra\u0107 Gouna Karting?<\/strong><br data-start=\"1428\" data-end=\"1431\" \/>Poniewa\u017c to nie tylko przeja\u017cd\u017cka - to <strong data-start=\"1470\" data-end=\"1502\">Przygoda pe\u0142na adrenaliny<\/strong>\u0142\u0105cz\u0105c <strong data-start=\"1514\" data-end=\"1544\">Szybko\u015b\u0107, umiej\u0119tno\u015bci i czysta zabawa<\/strong>. Niezale\u017cnie od tego, czy gonisz za emocjami zwi\u0105zanymi z wy\u015bcigiem, czy po prostu szukasz wyj\u0105tkowej aktywno\u015bci w El Gouna, to do\u015bwiadczenie gwarantuje <strong data-start=\"1672\" data-end=\"1699\">niezapomniane wspomnienia!<\/strong><\/p>\n<h5><img decoding=\"async\" class=\"emoji\" role=\"img\" draggable=\"false\" src=\"https:\/\/s.w.org\/images\/core\/emoji\/16.0.1\/svg\/1f4dd.svg\" alt=\"\ud83d\udcdd\" \/>\u00a0Ocena<\/h5>\n<ul>\n<li>Prowadzenie pojazd\u00f3w od 16 roku \u017cycia<\/li>\n<li>Sesja trwaj\u0105ca 10 minut lub 15 minut do wyboru<\/li>\n<\/ul>\n<p><strong data-start=\"1253\" data-end=\"1276\">Ceny aktywno\u015bci:<\/strong><\/p>\n<table style=\"height: 97px;\" width=\"737\">\n<tbody>\n<tr>\n<td width=\"126\"><strong>\u00a0\u20ac\u00a0\u00a0\u00a0 35.00<\/strong><\/td>\n<td width=\"307\"><strong>Elgouna Karting 15 M<\/strong><\/td>\n<\/tr>\n<tr>\n<td><strong>\u00a0\u20ac\u00a0\u00a0\u00a0 30.00<\/strong><\/td>\n<td width=\"307\"><strong>Elgouna Karting 10 M<\/strong><\/td>\n<\/tr>\n<\/tbody>\n<\/table>\n<h3 data-start=\"2198\" data-end=\"2225\"><strong data-start=\"2205\" data-end=\"2223\">P\u0142atno\u015b\u0107 w USD ($ \ud83c\uddfa\ud83c\uddf8) zamiast EUR (\u20ac \ud83c\uddea\ud83c\uddfa) jest dost\u0119pna zgodnie z dziennym kursem wymiany banku.<\/strong><\/h3>\n<p><strong>Book Through WhatsApp:<\/strong><\/p>\n<p><a href=\"https:\/\/wa.me\/201021058859\" target=\"_blank\" rel=\"noopener\">\u00a0<img decoding=\"async\" class=\"alignnone wp-image-2058\" src=\"https:\/\/poehalisnamiegypt.com\/wp-content\/uploads\/2024\/02\/pngwing.com_-300x300.png\" sizes=\"auto, (max-width: 35px) 100vw, 35px\" srcset=\"https:\/\/poehalisnamiegypt.com\/wp-content\/uploads\/2024\/02\/pngwing.com_-300x300.png 300w, https:\/\/poehalisnamiegypt.com\/wp-content\/uploads\/2024\/02\/pngwing.com_-150x150.png 150w, https:\/\/poehalisnamiegypt.com\/wp-content\/uploads\/2024\/02\/pngwing.com_.png 584w\" alt=\"\" width=\"53\" height=\"53\" \/><\/a><\/p>\n<p>&nbsp;<\/p>\n<div id=\"gtx-trans\" style=\"position: absolute; left: 158px; top: 1.2px;\">\n<div class=\"gtx-trans-icon\"><\/div>\n<\/div>","protected":false},"excerpt":{"rendered":"<p>\ud83c\udfce\ufe0f Feel the Rush with Gouna Karting \u2013 The Ultimate Racing Experience! Ready to satisfy your need for speed? Gouna Karting offers one of the most thrilling activities in El Gouna, where adventure meets adrenaline! Whether you\u2019re a beginner or a seasoned racer, this experience is designed to bring out the champion in you. \u2728 [&hellip;]<\/p>","protected":false},"featured_media":10103,"comment_status":"open","ping_status":"closed","template":"","meta":{"_monsterinsights_skip_tracking":false,"_monsterinsights_sitenote_active":false,"_monsterinsights_sitenote_note":"","_monsterinsights_sitenote_category":0},"product_brand":[],"product_cat":[64],"product_tag":[],"class_list":{"0":"post-10099","1":"product","2":"type-product","3":"status-publish","4":"has-post-thumbnail","6":"product_cat-entertaining","8":"first","9":"instock","10":"shipping-taxable","11":"purchasable","12":"product-type-ovabrw_car_rental"},"_links":{"self":[{"href":"https:\/\/redsea-dream-tours.com\/pl\/wp-json\/wp\/v2\/product\/10099","targetHints":{"allow":["GET"]}}],"collection":[{"href":"https:\/\/redsea-dream-tours.com\/pl\/wp-json\/wp\/v2\/product"}],"about":[{"href":"https:\/\/redsea-dream-tours.com\/pl\/wp-json\/wp\/v2\/types\/product"}],"replies":[{"embeddable":true,"href":"https:\/\/redsea-dream-tours.com\/pl\/wp-json\/wp\/v2\/comments?post=10099"}],"wp:featuredmedia":[{"embeddable":true,"href":"https:\/\/redsea-dream-tours.com\/pl\/wp-json\/wp\/v2\/media\/10103"}],"wp:attachment":[{"href":"https:\/\/redsea-dream-tours.com\/pl\/wp-json\/wp\/v2\/media?parent=10099"}],"wp:term":[{"taxonomy":"product_brand","embeddable":true,"href":"https:\/\/redsea-dream-tours.com\/pl\/wp-json\/wp\/v2\/product_brand?post=10099"},{"taxonomy":"product_cat","embeddable":true,"href":"https:\/\/redsea-dream-tours.com\/pl\/wp-json\/wp\/v2\/product_cat?post=10099"},{"taxonomy":"product_tag","embeddable":true,"href":"https:\/\/redsea-dream-tours.com\/pl\/wp-json\/wp\/v2\/product_tag?post=10099"}],"curies":[{"name":"wp","href":"https:\/\/api.w.org\/{rel}","templated":true}]}}