{"id":10089,"date":"2025-09-08T10:46:11","date_gmt":"2025-09-08T10:46:11","guid":{"rendered":"https:\/\/redsea-dream-tours.com\/?post_type=product&#038;p=10089"},"modified":"2025-11-28T15:01:09","modified_gmt":"2025-11-28T15:01:09","slug":"juna-tours","status":"publish","type":"product","link":"https:\/\/redsea-dream-tours.com\/pl\/produkt\/juna-tours\/","title":{"rendered":"Wycieczka do El Gouna: Laguny, pla\u017ce i magia przystani"},"content":{"rendered":"<p data-start=\"104\" data-end=\"179\"><strong data-start=\"104\" data-end=\"177\">Odkryj pi\u0119kno El Gouna dzi\u0119ki naszym niezapomnianym wycieczkom!<\/strong><\/p>\n<p data-start=\"181\" data-end=\"532\">Ucieknij od codzienno\u015bci i wyrusz w podr\u00f3\u017c do <strong data-start=\"229\" data-end=\"241\">El Gouna<\/strong>Jedno z najbardziej luksusowych i malowniczych nadmorskich miejsc w Egipcie, po\u0142o\u017cone wzd\u0142u\u017c <strong data-start=\"320\" data-end=\"340\">Wybrze\u017ce Morza Czerwonego \ud83c\udf0a<\/strong>. Znany z <strong data-start=\"356\" data-end=\"426\">turkusowe laguny, z\u0142ote piaszczyste pla\u017ce \ud83c\udfd6\ufe0f i t\u0119tni\u0105cy \u017cyciem styl \u017cycia<\/strong>El Gouna to prawdziwy raj dla podr\u00f3\u017cnych szukaj\u0105cych relaksu, przygody i kultury w jednym miejscu.<\/p>\n<p data-start=\"534\" data-end=\"574\"><strong data-start=\"534\" data-end=\"572\">\u2728 Co czeka na Ciebie podczas wycieczki do Gouny?<\/strong><\/p>\n<ul data-start=\"575\" data-end=\"1117\">\n<li data-start=\"575\" data-end=\"701\">\n<p data-start=\"577\" data-end=\"701\"><strong data-start=\"577\" data-end=\"607\">Do\u015bwiadczenie rejsu po lagunie \u26f5<\/strong> - P\u0142ywaj po spokojnych lagunach i podziwiaj zapieraj\u0105ce dech w piersiach widoki na miasto z wody.<\/p>\n<\/li>\n<li data-start=\"702\" data-end=\"790\">\n<p data-start=\"704\" data-end=\"790\"><strong data-start=\"704\" data-end=\"736\">Relaks na dziewiczych pla\u017cach \ud83c\udf1e<\/strong> - Rozkoszuj si\u0119 s\u0142o\u0144cem i zrelaksuj si\u0119 w tropikalnym otoczeniu.<\/p>\n<\/li>\n<li data-start=\"791\" data-end=\"903\">\n<p data-start=\"793\" data-end=\"903\"><strong data-start=\"793\" data-end=\"822\">Vibrant Marina Walk \ud83d\udeb6\u200d\u2640\ufe0f<\/strong> - Spacer po przystani Abu Tig Marina z pi\u0119knymi jachtami, kawiarniami i sklepami.<\/p>\n<\/li>\n<li data-start=\"904\" data-end=\"1013\">\n<p data-start=\"906\" data-end=\"1013\"><strong data-start=\"906\" data-end=\"932\">Lokalna kultura i sztuka \ud83c\udfa8<\/strong> - Poznaj urokliwe uliczki, galerie sztuki i wyj\u0105tkow\u0105 architektur\u0119 w El Gouna.<\/p>\n<\/li>\n<li data-start=\"1014\" data-end=\"1117\">\n<p data-start=\"1016\" data-end=\"1117\"><strong data-start=\"1016\" data-end=\"1048\">Opcjonalne aktywno\u015bci wodne \ud83e\udd3f<\/strong> - Snorkeling, nurkowanie lub kitesurfing dla \u017c\u0105dnych przyg\u00f3d.<\/p>\n<\/li>\n<\/ul>\n<p data-start=\"1119\" data-end=\"1144\"><strong data-start=\"1119\" data-end=\"1142\">Najwa\u017cniejsze wydarzenia z podr\u00f3\u017cy:<\/strong><\/p>\n<ul data-start=\"1145\" data-end=\"1331\">\n<li data-start=\"1145\" data-end=\"1198\">\n<p data-start=\"1147\" data-end=\"1198\">Ca\u0142odniowe wycieczki z odbiorem i dowozem do hotelu \ud83d\ude90.<\/p>\n<\/li>\n<li data-start=\"1199\" data-end=\"1247\">\n<p data-start=\"1201\" data-end=\"1247\">Pyszny lunch w nadmorskiej restauracji Nie zawiera \ud83c\udf7d\ufe0f.<\/p>\n<\/li>\n<li data-start=\"1248\" data-end=\"1331\">\n<p data-start=\"1250\" data-end=\"1331\">Czas wolny na zakupy, fotografowanie \ud83d\udcf8 lub po prostu cieszenie si\u0119 wyluzowan\u0105 atmosfer\u0105.<\/p>\n<\/li>\n<\/ul>\n<p data-start=\"1333\" data-end=\"1354\"><strong data-start=\"1333\" data-end=\"1352\">Idealny dla:<\/strong><\/p>\n<ul data-start=\"1355\" data-end=\"1502\">\n<li data-start=\"1355\" data-end=\"1405\">\n<p data-start=\"1357\" data-end=\"1405\">Rodziny szukaj\u0105ce rozrywki \ud83d\udc68\u200d\ud83d\udc69\u200d\ud83d\udc67\u200d\ud83d\udc66<\/p>\n<\/li>\n<li data-start=\"1406\" data-end=\"1452\">\n<p data-start=\"1408\" data-end=\"1452\">Pary szukaj\u0105ce romantycznej ucieczki \u2764\ufe0f<\/p>\n<\/li>\n<li data-start=\"1453\" data-end=\"1502\">\n<p data-start=\"1455\" data-end=\"1502\">Poszukiwacze przyg\u00f3d i mi\u0142o\u015bnicy sport\u00f3w wodnych \ud83c\udfc4\u200d\u2642\ufe0f<\/p>\n<\/li>\n<\/ul>\n<p data-start=\"1504\" data-end=\"1753\"><strong data-start=\"1504\" data-end=\"1534\">Dlaczego warto wybra\u0107 Gouna Tours?<\/strong><br data-start=\"1534\" data-end=\"1537\" \/>Poniewa\u017c El Gouna oferuje <strong data-start=\"1561\" data-end=\"1587\">co\u015b dla ka\u017cdego<\/strong> - Od spokojnych lagun po t\u0119tni\u0105ce \u017cyciem nocne \ud83c\udf19, od bogatej kultury po luksusowy relaks. Ka\u017cda chwila tutaj ma na celu stworzenie <strong data-start=\"1717\" data-end=\"1750\">Wspomnienia na ca\u0142e \u017cycie<\/strong>.<\/p>\n<p data-start=\"1253\" data-end=\"1278\"><strong data-start=\"1253\" data-end=\"1276\">Ceny aktywno\u015bci:<\/strong><\/p>\n<table style=\"height: 54px;\" width=\"701\">\n<tbody>\n<tr>\n<td width=\"126\"><strong>\u00a0\u20ac\u00a0\u00a0\u00a0 35.00<\/strong><\/td>\n<td width=\"307\"><strong>Gouna Tours 1 Pax<\/strong><\/td>\n<\/tr>\n<tr>\n<td><strong>\u00a0\u20ac\u00a0\u00a0\u00a0 30.00<\/strong><\/td>\n<td width=\"307\"><strong>Gouna Tours2:9 os\u00f3b<\/strong><\/td>\n<\/tr>\n<\/tbody>\n<\/table>\n<h3 data-start=\"2198\" data-end=\"2225\"><strong data-start=\"2205\" data-end=\"2223\">P\u0142atno\u015b\u0107 w USD ($ \ud83c\uddfa\ud83c\uddf8) zamiast EUR (\u20ac \ud83c\uddea\ud83c\uddfa) jest dost\u0119pna zgodnie z dziennym kursem wymiany banku.<\/strong><\/h3>\n<p><strong>Book Through WhatsApp:<\/strong><\/p>\n<p><a href=\"https:\/\/wa.me\/201021058859\" target=\"_blank\" rel=\"noopener\">\u00a0<img decoding=\"async\" class=\"alignnone wp-image-2058\" src=\"https:\/\/poehalisnamiegypt.com\/wp-content\/uploads\/2024\/02\/pngwing.com_-300x300.png\" sizes=\"auto, (max-width: 35px) 100vw, 35px\" srcset=\"https:\/\/poehalisnamiegypt.com\/wp-content\/uploads\/2024\/02\/pngwing.com_-300x300.png 300w, https:\/\/poehalisnamiegypt.com\/wp-content\/uploads\/2024\/02\/pngwing.com_-150x150.png 150w, https:\/\/poehalisnamiegypt.com\/wp-content\/uploads\/2024\/02\/pngwing.com_.png 584w\" alt=\"\" width=\"53\" height=\"53\" \/><\/a><\/p>\n<p>&nbsp;<\/p>\n<div id=\"gtx-trans\" style=\"position: absolute; left: 261px; top: 1.2px;\">\n<div class=\"gtx-trans-icon\"><\/div>\n<\/div>\n<div id=\"gtx-trans\" style=\"position: absolute; left: 261px; top: 1.2px;\">\n<div class=\"gtx-trans-icon\"><\/div>\n<\/div>","protected":false},"excerpt":{"rendered":"<p>\ud83c\udf34 Explore the Beauty of El Gouna with Our Unforgettable Gouna Tours! Escape the ordinary and set off on a journey to El Gouna, one of Egypt\u2019s most luxurious and picturesque seaside destinations along the Red Sea coast \ud83c\udf0a. Known for its turquoise lagoons, golden sandy beaches \ud83c\udfd6\ufe0f, and vibrant lifestyle, El Gouna is a [&hellip;]<\/p>","protected":false},"featured_media":10091,"comment_status":"open","ping_status":"closed","template":"","meta":{"_monsterinsights_skip_tracking":false,"_monsterinsights_sitenote_active":false,"_monsterinsights_sitenote_note":"","_monsterinsights_sitenote_category":0},"product_brand":[],"product_cat":[64],"product_tag":[],"class_list":{"0":"post-10089","1":"product","2":"type-product","3":"status-publish","4":"has-post-thumbnail","6":"product_cat-entertaining","8":"first","9":"instock","10":"shipping-taxable","11":"purchasable","12":"product-type-ovabrw_car_rental"},"_links":{"self":[{"href":"https:\/\/redsea-dream-tours.com\/pl\/wp-json\/wp\/v2\/product\/10089","targetHints":{"allow":["GET"]}}],"collection":[{"href":"https:\/\/redsea-dream-tours.com\/pl\/wp-json\/wp\/v2\/product"}],"about":[{"href":"https:\/\/redsea-dream-tours.com\/pl\/wp-json\/wp\/v2\/types\/product"}],"replies":[{"embeddable":true,"href":"https:\/\/redsea-dream-tours.com\/pl\/wp-json\/wp\/v2\/comments?post=10089"}],"wp:featuredmedia":[{"embeddable":true,"href":"https:\/\/redsea-dream-tours.com\/pl\/wp-json\/wp\/v2\/media\/10091"}],"wp:attachment":[{"href":"https:\/\/redsea-dream-tours.com\/pl\/wp-json\/wp\/v2\/media?parent=10089"}],"wp:term":[{"taxonomy":"product_brand","embeddable":true,"href":"https:\/\/redsea-dream-tours.com\/pl\/wp-json\/wp\/v2\/product_brand?post=10089"},{"taxonomy":"product_cat","embeddable":true,"href":"https:\/\/redsea-dream-tours.com\/pl\/wp-json\/wp\/v2\/product_cat?post=10089"},{"taxonomy":"product_tag","embeddable":true,"href":"https:\/\/redsea-dream-tours.com\/pl\/wp-json\/wp\/v2\/product_tag?post=10089"}],"curies":[{"name":"wp","href":"https:\/\/api.w.org\/{rel}","templated":true}]}}