{"id":10080,"date":"2025-09-08T10:36:30","date_gmt":"2025-09-08T10:36:30","guid":{"rendered":"https:\/\/redsea-dream-tours.com\/?post_type=product&#038;p=10080"},"modified":"2025-11-28T15:02:02","modified_gmt":"2025-11-28T15:02:02","slug":"city-tours-trip","status":"publish","type":"product","link":"https:\/\/redsea-dream-tours.com\/pl\/produkt\/city-tours-trip\/","title":{"rendered":"Wycieczka po mie\u015bcie: Zabytki, kultura i \u017cycie lokalne"},"content":{"rendered":"<p data-start=\"99\" data-end=\"169\"><strong data-start=\"99\" data-end=\"167\">\ud83c\udfd9\ufe0f Odkryj serce miasta dzi\u0119ki naszym ekscytuj\u0105cym wycieczkom po mie\u015bcie!<\/strong><\/p>\n<p data-start=\"171\" data-end=\"492\">Przygotuj si\u0119 na <strong data-start=\"184\" data-end=\"240\">odkryj sekrety, kultur\u0119 i pi\u0119kno miasta<\/strong> z naszym fachowym przewodnikiem <strong data-start=\"266\" data-end=\"280\">Wycieczki po mie\u015bcie<\/strong>. Niezale\u017cnie od tego, czy jeste\u015b entuzjast\u0105 historii, mi\u0142o\u015bnikiem kultury, czy po prostu chcesz do\u015bwiadczy\u0107 tego, co miasto ma do zaoferowania, ta wycieczka zosta\u0142a zaprojektowana tak, aby zapewni\u0107 Ci <strong data-start=\"437\" data-end=\"489\">Niezapomniana podr\u00f3\u017c przez czas i tradycj\u0119<\/strong>.<\/p>\n<p data-start=\"494\" data-end=\"536\"><strong data-start=\"494\" data-end=\"534\">Co sprawia, \u017ce nasze wycieczki po mie\u015bcie s\u0105 wyj\u0105tkowe?<\/strong><\/p>\n<ul data-start=\"537\" data-end=\"1101\">\n<li data-start=\"537\" data-end=\"667\">\n<p data-start=\"539\" data-end=\"667\"><strong data-start=\"539\" data-end=\"575\">Kultowe zabytki i pomniki \ud83c\udfdb\ufe0f<\/strong> - Poznaj najs\u0142ynniejsze miejsca w mie\u015bcie, od historycznych budynk\u00f3w po cuda architektury.<\/p>\n<\/li>\n<li data-start=\"668\" data-end=\"794\">\n<p data-start=\"670\" data-end=\"794\"><strong data-start=\"670\" data-end=\"699\">Bogate dziedzictwo kulturowe \ud83c\udfad<\/strong> - Zanurz si\u0119 w lokalnych tradycjach, fascynuj\u0105cych historiach i ukrytych klejnotach, kt\u00f3re wielu podr\u00f3\u017cnik\u00f3w omija.<\/p>\n<\/li>\n<li data-start=\"795\" data-end=\"917\">\n<p data-start=\"797\" data-end=\"917\"><strong data-start=\"797\" data-end=\"826\">Lokalni przewodnicy-eksperci \ud83d\udc68\u200d\ud83c\udfeb<\/strong> - Nasi kompetentni przewodnicy o\u017cywiaj\u0105 histori\u0119 i kultur\u0119 dzi\u0119ki anga\u017cuj\u0105cym opowie\u015bciom.<\/p>\n<\/li>\n<li data-start=\"918\" data-end=\"1009\">\n<p data-start=\"920\" data-end=\"1009\"><strong data-start=\"920\" data-end=\"953\">Wygodny transport \ud83d\ude90<\/strong> - Ciesz si\u0119 p\u0142ynn\u0105 i relaksuj\u0105c\u0105 jazd\u0105 mi\u0119dzy poszczeg\u00f3lnymi przystankami.<\/p>\n<\/li>\n<li data-start=\"1010\" data-end=\"1101\">\n<p data-start=\"1012\" data-end=\"1101\"><strong data-start=\"1012\" data-end=\"1048\">Mn\u00f3stwo mo\u017cliwo\u015bci robienia zdj\u0119\u0107 \ud83d\udcf8<\/strong> - Uchwy\u0107 niezapomniane chwile w ka\u017cdym punkcie orientacyjnym.<\/p>\n<\/li>\n<\/ul>\n<p data-start=\"1103\" data-end=\"1128\"><strong data-start=\"1103\" data-end=\"1126\">Najwa\u017cniejsze wydarzenia z podr\u00f3\u017cy:<\/strong><\/p>\n<ul data-start=\"1129\" data-end=\"1330\">\n<li data-start=\"1129\" data-end=\"1176\">\n<p data-start=\"1131\" data-end=\"1176\">Dost\u0119pne s\u0105 wyjazdy poranne i popo\u0142udniowe.<\/p>\n<\/li>\n<li data-start=\"1177\" data-end=\"1265\">\n<p data-start=\"1179\" data-end=\"1265\">Przystanki przy muzeach, starych rynkach \ud83d\udecd\ufe0f, zabytkach religijnych \u26ea i nowoczesnych atrakcjach \ud83c\udf07.<\/p>\n<\/li>\n<li data-start=\"1266\" data-end=\"1330\">\n<p data-start=\"1268\" data-end=\"1330\">Czas wolny na spacer, zakupy lub kaw\u0119 \u2615 w lokalnych kawiarniach.<\/p>\n<\/li>\n<\/ul>\n<p data-start=\"1332\" data-end=\"1353\"><strong data-start=\"1332\" data-end=\"1351\">Idealny dla:<\/strong><\/p>\n<ul data-start=\"1354\" data-end=\"1438\">\n<li data-start=\"1354\" data-end=\"1378\">\n<p data-start=\"1356\" data-end=\"1378\">Rodziny \ud83d\udc68\u200d\ud83d\udc69\u200d\ud83d\udc67\u200d\ud83d\udc66<\/p>\n<\/li>\n<li data-start=\"1379\" data-end=\"1393\">\n<p data-start=\"1381\" data-end=\"1393\">Pary \u2764\ufe0f<\/p>\n<\/li>\n<li data-start=\"1394\" data-end=\"1415\">\n<p data-start=\"1396\" data-end=\"1415\">Podr\u00f3\u017cuj\u0105cy samotnie \ud83c\udf0d<\/p>\n<\/li>\n<li data-start=\"1416\" data-end=\"1438\">\n<p data-start=\"1418\" data-end=\"1438\">Grupy przyjaci\u00f3\u0142 \ud83c\udf89<\/p>\n<\/li>\n<\/ul>\n<p data-start=\"1440\" data-end=\"1711\"><strong data-start=\"1440\" data-end=\"1468\">Dlaczego warto wybra\u0107 t\u0119 wycieczk\u0119?<\/strong><br data-start=\"1468\" data-end=\"1471\" \/>Poniewa\u017c miasto to co\u015b wi\u0119cej ni\u017c tylko ulice i budynki - to \u017cywa historia czekaj\u0105ca na odkrycie. Od <strong data-start=\"1577\" data-end=\"1597\">staro\u017cytne dziedzictwo<\/strong> do <strong data-start=\"1601\" data-end=\"1621\">nowoczesne wibracje<\/strong>Ta wycieczka \u0142\u0105czy edukacj\u0119, rozrywk\u0119 i odkrywanie w jednym p\u0142ynnym do\u015bwiadczeniu.<\/p>\n<p data-start=\"1713\" data-end=\"1790\">Do\u0142\u0105cz do nas na <strong data-start=\"1727\" data-end=\"1788\">Dzie\u0144 wype\u0142niony kultur\u0105, zabaw\u0105 i niezapomnianymi wspomnieniami!<\/strong><\/p>\n<table style=\"height: 79px;\" width=\"758\">\n<tbody>\n<tr>\n<td width=\"126\"><strong>\u00a0\u20ac\u00a0\u00a0\u00a0 25.00<\/strong><\/td>\n<td width=\"307\"><strong>Wycieczka po mie\u015bcie dla 2 os\u00f3b<\/strong><\/td>\n<\/tr>\n<tr>\n<td><strong>\u00a0\u20ac\u00a0\u00a0\u00a0 20.00<\/strong><\/td>\n<td width=\"307\"><strong>Wycieczka po mie\u015bcie dla 3 os\u00f3b<\/strong><\/td>\n<\/tr>\n<\/tbody>\n<\/table>\n<h3 data-start=\"2198\" data-end=\"2225\"><strong data-start=\"2205\" data-end=\"2223\">P\u0142atno\u015b\u0107 w USD ($ \ud83c\uddfa\ud83c\uddf8) zamiast EUR (\u20ac \ud83c\uddea\ud83c\uddfa) jest dost\u0119pna zgodnie z dziennym kursem wymiany banku.<\/strong><\/h3>\n<p><strong>Book Through WhatsApp:<\/strong><\/p>\n<p><a href=\"https:\/\/wa.me\/201021058859\" target=\"_blank\" rel=\"noopener\">\u00a0<img decoding=\"async\" class=\"alignnone wp-image-2058\" src=\"https:\/\/poehalisnamiegypt.com\/wp-content\/uploads\/2024\/02\/pngwing.com_-300x300.png\" sizes=\"auto, (max-width: 35px) 100vw, 35px\" srcset=\"https:\/\/poehalisnamiegypt.com\/wp-content\/uploads\/2024\/02\/pngwing.com_-300x300.png 300w, https:\/\/poehalisnamiegypt.com\/wp-content\/uploads\/2024\/02\/pngwing.com_-150x150.png 150w, https:\/\/poehalisnamiegypt.com\/wp-content\/uploads\/2024\/02\/pngwing.com_.png 584w\" alt=\"\" width=\"53\" height=\"53\" \/><\/a><\/p>\n<p>&nbsp;<\/p>\n<div id=\"gtx-trans\" style=\"position: absolute; left: 244px; top: 1.2px;\">\n<div class=\"gtx-trans-icon\"><\/div>\n<\/div>","protected":false},"excerpt":{"rendered":"<p>\ud83c\udfd9\ufe0f Discover the Heart of the City with Our Exciting City Tours! Get ready to uncover the secrets, culture, and beauty of the city with our expertly guided City Tours. Whether you&#8217;re a history enthusiast, a culture lover, or simply looking to experience the best the city has to offer, this trip is designed to [&hellip;]<\/p>","protected":false},"featured_media":10081,"comment_status":"open","ping_status":"closed","template":"","meta":{"_monsterinsights_skip_tracking":false,"_monsterinsights_sitenote_active":false,"_monsterinsights_sitenote_note":"","_monsterinsights_sitenote_category":0},"product_brand":[],"product_cat":[64],"product_tag":[],"class_list":{"0":"post-10080","1":"product","2":"type-product","3":"status-publish","4":"has-post-thumbnail","6":"product_cat-entertaining","8":"first","9":"instock","10":"shipping-taxable","11":"purchasable","12":"product-type-ovabrw_car_rental"},"_links":{"self":[{"href":"https:\/\/redsea-dream-tours.com\/pl\/wp-json\/wp\/v2\/product\/10080","targetHints":{"allow":["GET"]}}],"collection":[{"href":"https:\/\/redsea-dream-tours.com\/pl\/wp-json\/wp\/v2\/product"}],"about":[{"href":"https:\/\/redsea-dream-tours.com\/pl\/wp-json\/wp\/v2\/types\/product"}],"replies":[{"embeddable":true,"href":"https:\/\/redsea-dream-tours.com\/pl\/wp-json\/wp\/v2\/comments?post=10080"}],"wp:featuredmedia":[{"embeddable":true,"href":"https:\/\/redsea-dream-tours.com\/pl\/wp-json\/wp\/v2\/media\/10081"}],"wp:attachment":[{"href":"https:\/\/redsea-dream-tours.com\/pl\/wp-json\/wp\/v2\/media?parent=10080"}],"wp:term":[{"taxonomy":"product_brand","embeddable":true,"href":"https:\/\/redsea-dream-tours.com\/pl\/wp-json\/wp\/v2\/product_brand?post=10080"},{"taxonomy":"product_cat","embeddable":true,"href":"https:\/\/redsea-dream-tours.com\/pl\/wp-json\/wp\/v2\/product_cat?post=10080"},{"taxonomy":"product_tag","embeddable":true,"href":"https:\/\/redsea-dream-tours.com\/pl\/wp-json\/wp\/v2\/product_tag?post=10080"}],"curies":[{"name":"wp","href":"https:\/\/api.w.org\/{rel}","templated":true}]}}