{"id":10069,"date":"2025-09-08T10:23:43","date_gmt":"2025-09-08T10:23:43","guid":{"rendered":"https:\/\/redsea-dream-tours.com\/?post_type=product&#038;p=10069"},"modified":"2025-12-28T18:02:35","modified_gmt":"2025-12-28T18:02:35","slug":"water-world-trip","status":"publish","type":"product","link":"https:\/\/redsea-dream-tours.com\/pl\/produkt\/water-world-trip\/","title":{"rendered":"Wodny \u015bwiat Makadi: Zje\u017cd\u017calnie, zabawa i rodzinna przygoda"},"content":{"rendered":"<p data-start=\"78\" data-end=\"131\"><strong data-start=\"78\" data-end=\"129\">Zanurz si\u0119 w nieko\u0144cz\u0105cej si\u0119 zabawie w Wodnym \u015awiecie Makadi!<\/strong><\/p>\n<p data-start=\"133\" data-end=\"397\">Witamy w <strong data-start=\"144\" data-end=\"176\">Najwi\u0119kszy park wodny w Egipcie \ud83c\udf34<\/strong>gdzie przygoda i emocje czekaj\u0105 na ca\u0142\u0105 rodzin\u0119! <strong data-start=\"233\" data-end=\"255\">Wodny \u015bwiat Makadi<\/strong> to prawdziwy raj dla mi\u0142o\u015bnik\u00f3w wody, oferuj\u0105cy niesamowite <strong data-start=\"317\" data-end=\"343\">50 ekscytuj\u0105cych slajd\u00f3w \ud83c\udfa2<\/strong> zaprojektowany, aby zapewni\u0107 wszystkim rozrywk\u0119 przez ca\u0142y dzie\u0144.<\/p>\n<p data-start=\"399\" data-end=\"440\"><strong data-start=\"399\" data-end=\"438\">Najwa\u017cniejsze atrakcje Makadi Water World:<\/strong><\/p>\n<ul data-start=\"441\" data-end=\"686\">\n<li data-start=\"441\" data-end=\"537\">\n<p data-start=\"443\" data-end=\"537\"><strong data-start=\"443\" data-end=\"482\">25 ekscytuj\u0105cych zje\u017cd\u017calni dla doros\u0142ych \ud83c\udfc4\u200d\u2642\ufe0f<\/strong> - od szybkich przeja\u017cd\u017cek po pe\u0142ne adrenaliny zwroty akcji!<\/p>\n<\/li>\n<li data-start=\"538\" data-end=\"619\">\n<p data-start=\"540\" data-end=\"619\"><strong data-start=\"540\" data-end=\"582\">25 wype\u0142nionych zabaw\u0105 zje\u017cd\u017calni dla dzieci \ud83d\udc67\ud83e\uddd2<\/strong> - bezpieczne, kolorowe i pe\u0142ne rado\u015bci!<\/p>\n<\/li>\n<li data-start=\"620\" data-end=\"686\">\n<p data-start=\"622\" data-end=\"686\">Doskona\u0142e po\u0142\u0105czenie <strong data-start=\"639\" data-end=\"683\">rodzinna zabawa, relaks i przygoda \ud83c\udf1e<\/strong>.<\/p>\n<\/li>\n<\/ul>\n<div class=\"st-highlight\">\n<h2 class=\"st-heading-section\">Program<\/h2>\n<ul>\n<li><img decoding=\"async\" class=\"emoji\" role=\"img\" draggable=\"false\" src=\"https:\/\/s.w.org\/images\/core\/emoji\/16.0.1\/svg\/1f559.svg\" alt=\"\ud83d\udd59\" \/>\u00a0Start: od 10:00 (w przybli\u017ceniu)<\/li>\n<li><img decoding=\"async\" class=\"emoji\" role=\"img\" draggable=\"false\" src=\"https:\/\/s.w.org\/images\/core\/emoji\/16.0.1\/svg\/1f55f.svg\" alt=\"\ud83d\udd5f\" \/>\u00a0Powr\u00f3t: od 16:30 (w przybli\u017ceniu)<\/li>\n<\/ul>\n<\/div>\n<div class=\"accordion-item\">\n<h2 class=\"st-heading-section\">Dost\u0119pne opcje<\/h2>\n<div id=\"collapseInExClude\" class=\"accordion-collapse collapse show\" aria-labelledby=\"headingInExClude\" data-bs-parent=\"#headingInExClude\">\n<div class=\"accordion-body\">\n<div class=\"row\">\n<div class=\"col-lg-6\">\n<ul class=\"include\">\n<li><i class=\"input-icon st-border-radius field-icon fa\"><\/i>Nieograniczony dost\u0119p do wszystkich tor\u00f3w saneczkowych i stref parku<\/li>\n<li><i class=\"input-icon st-border-radius field-icon fa\"><\/i>Przek\u0105ska D\u00e9jeuner\u00a0<img decoding=\"async\" class=\"emoji\" role=\"img\" draggable=\"false\" src=\"https:\/\/s.w.org\/images\/core\/emoji\/16.0.1\/svg\/1f354.svg\" alt=\"\ud83c\udf54\" \/><\/li>\n<li><i class=\"input-icon st-border-radius field-icon fa\"><\/i>Boissons soft\u00a0<img decoding=\"async\" class=\"emoji\" role=\"img\" draggable=\"false\" src=\"https:\/\/s.w.org\/images\/core\/emoji\/16.0.1\/svg\/1f964.svg\" alt=\"\ud83e\udd64\" \/><\/li>\n<li><i class=\"input-icon st-border-radius field-icon fa\"><\/i>Transfer h\u00f4tel aller-retour\u00a0<img decoding=\"async\" class=\"emoji\" role=\"img\" draggable=\"false\" src=\"https:\/\/s.w.org\/images\/core\/emoji\/16.0.1\/svg\/1f690.svg\" alt=\"\ud83d\ude90\" \/><\/li>\n<\/ul>\n<\/div>\n<\/div>\n<\/div>\n<\/div>\n<\/div>\n<p data-start=\"688\" data-end=\"889\">Niezale\u017cnie od tego, czy szukasz <strong data-start=\"715\" data-end=\"741\">przyspieszaj\u0105ce bicie serca emocje<\/strong>, <strong data-start=\"743\" data-end=\"772\">\u0142agodne przeja\u017cd\u017cki dla dzieci<\/strong>lub <strong data-start=\"779\" data-end=\"814\">s\u0142oneczny dzie\u0144 przy basenach \ud83c\udfd6\ufe0f<\/strong>Makadi Water World gwarantuje niezapomniane wra\u017cenia dla ka\u017cdego!<\/p>\n<h3 data-start=\"2198\" data-end=\"2225\"><strong data-start=\"2205\" data-end=\"2223\">Cena wycieczki<\/strong><\/h3>\n<p data-start=\"2228\" data-end=\"2260\"><strong data-start=\"2233\" data-end=\"2258\">\u00a0 \u00a0<img decoding=\"async\" class=\"emoji\" role=\"img\" draggable=\"false\" src=\"https:\/\/s.w.org\/images\/core\/emoji\/16.0.1\/svg\/1f64e-1f3fb-200d-2642-fe0f.svg\" alt=\"\ud83d\ude4e\ud83c\udffb\u200d\u2642\ufe0f\" \/> 12 lat i powy\u017cej 65 \u20ac<\/strong><\/p>\n<p data-start=\"2228\" data-end=\"2260\"><strong data-start=\"2263\" data-end=\"2280\">\u00a0 \u00a0<img decoding=\"async\" class=\"emoji\" role=\"img\" draggable=\"false\" src=\"https:\/\/s.w.org\/images\/core\/emoji\/16.0.1\/svg\/1f9cd-1f3fb-200d-2640-fe0f.svg\" alt=\"\ud83e\uddcd\ud83c\udffb\u200d\u2640\ufe0f\" \/> 5\/11 lat 35 \u20ac<\/strong><\/p>\n<p data-start=\"2228\" data-end=\"2260\"><strong data-start=\"2327\" data-end=\"2355\">\u00a0 \u00a0<img decoding=\"async\" class=\"emoji\" role=\"img\" draggable=\"false\" src=\"https:\/\/s.w.org\/images\/core\/emoji\/16.0.1\/svg\/1f47c-1f3fc.svg\" alt=\"\ud83d\udc7c\ud83c\udffc\" \/> -5 lat Bezp\u0142atnie<\/strong><\/p>\n<h3 data-start=\"2198\" data-end=\"2225\"><strong data-start=\"2205\" data-end=\"2223\">P\u0142atno\u015b\u0107 w USD ($ \ud83c\uddfa\ud83c\uddf8) zamiast EUR (\u20ac \ud83c\uddea\ud83c\uddfa) jest dost\u0119pna zgodnie z dziennym kursem wymiany banku.<\/strong><\/h3>\n<p><strong>Book Through WhatsApp:<\/strong><\/p>\n<p><a href=\"https:\/\/wa.me\/201021058859\" target=\"_blank\" rel=\"noopener\">\u00a0<img decoding=\"async\" class=\"alignnone wp-image-2058\" src=\"https:\/\/poehalisnamiegypt.com\/wp-content\/uploads\/2024\/02\/pngwing.com_-300x300.png\" sizes=\"auto, (max-width: 35px) 100vw, 35px\" srcset=\"https:\/\/poehalisnamiegypt.com\/wp-content\/uploads\/2024\/02\/pngwing.com_-300x300.png 300w, https:\/\/poehalisnamiegypt.com\/wp-content\/uploads\/2024\/02\/pngwing.com_-150x150.png 150w, https:\/\/poehalisnamiegypt.com\/wp-content\/uploads\/2024\/02\/pngwing.com_.png 584w\" alt=\"\" width=\"53\" height=\"53\" \/><\/a><\/p>\n<p>&nbsp;<\/p>\n<div id=\"gtx-trans\" style=\"position: absolute; left: 251px; top: 1.2px;\">\n<div class=\"gtx-trans-icon\"><\/div>\n<\/div>","protected":false},"excerpt":{"rendered":"<p>\ud83d\udca6 Dive into Endless Fun at Makadi Water World! Welcome to Egypt\u2019s largest aqua park \ud83c\udf34, where adventure and excitement await the whole family! Makadi Water World is a true paradise for water lovers, featuring an incredible 50 thrilling slides \ud83c\udfa2 designed to keep everyone entertained all day long. \u2728 Highlights of Makadi Water World: [&hellip;]<\/p>","protected":false},"featured_media":10071,"comment_status":"open","ping_status":"closed","template":"","meta":{"_monsterinsights_skip_tracking":false,"_monsterinsights_sitenote_active":false,"_monsterinsights_sitenote_note":"","_monsterinsights_sitenote_category":0},"product_brand":[],"product_cat":[64],"product_tag":[],"class_list":{"0":"post-10069","1":"product","2":"type-product","3":"status-publish","4":"has-post-thumbnail","6":"product_cat-entertaining","8":"first","9":"instock","10":"shipping-taxable","11":"purchasable","12":"product-type-ovabrw_car_rental"},"_links":{"self":[{"href":"https:\/\/redsea-dream-tours.com\/pl\/wp-json\/wp\/v2\/product\/10069","targetHints":{"allow":["GET"]}}],"collection":[{"href":"https:\/\/redsea-dream-tours.com\/pl\/wp-json\/wp\/v2\/product"}],"about":[{"href":"https:\/\/redsea-dream-tours.com\/pl\/wp-json\/wp\/v2\/types\/product"}],"replies":[{"embeddable":true,"href":"https:\/\/redsea-dream-tours.com\/pl\/wp-json\/wp\/v2\/comments?post=10069"}],"wp:featuredmedia":[{"embeddable":true,"href":"https:\/\/redsea-dream-tours.com\/pl\/wp-json\/wp\/v2\/media\/10071"}],"wp:attachment":[{"href":"https:\/\/redsea-dream-tours.com\/pl\/wp-json\/wp\/v2\/media?parent=10069"}],"wp:term":[{"taxonomy":"product_brand","embeddable":true,"href":"https:\/\/redsea-dream-tours.com\/pl\/wp-json\/wp\/v2\/product_brand?post=10069"},{"taxonomy":"product_cat","embeddable":true,"href":"https:\/\/redsea-dream-tours.com\/pl\/wp-json\/wp\/v2\/product_cat?post=10069"},{"taxonomy":"product_tag","embeddable":true,"href":"https:\/\/redsea-dream-tours.com\/pl\/wp-json\/wp\/v2\/product_tag?post=10069"}],"curies":[{"name":"wp","href":"https:\/\/api.w.org\/{rel}","templated":true}]}}