{"id":10026,"date":"2025-09-08T09:51:45","date_gmt":"2025-09-08T09:51:45","guid":{"rendered":"https:\/\/redsea-dream-tours.com\/?post_type=product&#038;p=10026"},"modified":"2025-11-28T15:03:58","modified_gmt":"2025-11-28T15:03:58","slug":"parachute-trip","status":"publish","type":"product","link":"https:\/\/redsea-dream-tours.com\/pl\/produkt\/parachute-trip\/","title":{"rendered":"Parasailing Hurghada: Lataj wysoko nad Morzem Czerwonym"},"content":{"rendered":"<p data-start=\"78\" data-end=\"148\"><strong data-start=\"78\" data-end=\"146\">Wznie\u015b si\u0119 nad Morze Czerwone - niezapomniana przygoda z parasailingiem!<\/strong><\/p>\n<p data-start=\"150\" data-end=\"426\">Przygotuj si\u0119 na jeden z <strong data-start=\"175\" data-end=\"222\">najbardziej ekscytuj\u0105ce i zapieraj\u0105ce dech w piersiach do\u015bwiadczenia<\/strong> w Hurghadzie! <strong data-start=\"236\" data-end=\"251\">Parasailing<\/strong> oferuje wyj\u0105tkow\u0105 szans\u0119 na <strong data-start=\"278\" data-end=\"320\">lata\u0107 wysoko nad l\u015bni\u0105cymi wodami \ud83c\udf0a<\/strong>poczu\u0107 \u015bwie\u017c\u0105 morsk\u0105 bryz\u0119 \ud83c\udf2c\ufe0f i by\u0107 \u015bwiadkiem <strong data-start=\"365\" data-end=\"405\">panoramiczne widoki na wybrze\u017ce \ud83c\udfd6\ufe0f<\/strong> jak nigdy dot\u0105d.<\/p>\n<p data-start=\"428\" data-end=\"458\"><strong data-start=\"428\" data-end=\"456\">Najwa\u017cniejsze do\u015bwiadczenia:<\/strong><\/p>\n<ul data-start=\"459\" data-end=\"652\">\n<li data-start=\"459\" data-end=\"520\">\n<p data-start=\"461\" data-end=\"520\"><strong data-start=\"461\" data-end=\"481\">Czas trwania lotu:<\/strong> 5 minut czystej ekscytacji! \u23f1\ufe0f<\/p>\n<\/li>\n<li data-start=\"521\" data-end=\"577\">\n<p data-start=\"523\" data-end=\"577\"><strong data-start=\"523\" data-end=\"557\">Osza\u0142amiaj\u0105ce widoki z lotu ptaka \ud83c\udf05<\/strong> nad Morzem Czerwonym.<\/p>\n<\/li>\n<li data-start=\"578\" data-end=\"652\">\n<p data-start=\"580\" data-end=\"652\"><strong data-start=\"580\" data-end=\"607\">Bezpieczna przygoda<\/strong> prowadzone przez do\u015bwiadczonych profesjonalist\u00f3w \ud83d\udc68\u200d\u2708\ufe0f.<\/p>\n<\/li>\n<\/ul>\n<p data-start=\"654\" data-end=\"673\"><strong data-start=\"654\" data-end=\"671\">Czas podr\u00f3\u017cy:<\/strong><\/p>\n<ul data-start=\"674\" data-end=\"740\">\n<li data-start=\"674\" data-end=\"740\">\n<p data-start=\"676\" data-end=\"740\">Codziennie od <strong data-start=\"687\" data-end=\"710\">10:00 do 17:00<\/strong> - wybierz sw\u00f3j idealny czas!<\/p>\n<\/li>\n<\/ul>\n<h5><img decoding=\"async\" class=\"emoji\" role=\"img\" draggable=\"false\" src=\"https:\/\/s.w.org\/images\/core\/emoji\/16.0.1\/svg\/1f4dd.svg\" alt=\"\ud83d\udcdd\" \/>\u00a0Ocena<\/h5>\n<ul>\n<li><img decoding=\"async\" class=\"emoji\" role=\"img\" draggable=\"false\" src=\"https:\/\/s.w.org\/images\/core\/emoji\/16.0.1\/svg\/26a0.svg\" alt=\"\u26a0\ufe0f\" \/>\u00a0Transfer nie jest wliczony w cen\u0119!<\/li>\n<li>Spadochron mo\u017ce pomie\u015bci\u0107 od 1 do 2 os\u00f3b<\/li>\n<li>Od 6 roku \u017cycia<\/li>\n<\/ul>\n<p data-start=\"836\" data-end=\"987\">Niezale\u017cnie od tego, czy szukasz <strong data-start=\"859\" data-end=\"908\">Przygoda, romans lub po prostu nowa perspektywa<\/strong>To parasailingowe do\u015bwiadczenie pozostawi <strong data-start=\"958\" data-end=\"985\">niezapomniane wspomnienia!<\/strong><\/p>\n<article class=\"text-token-text-primary w-full focus:outline-none scroll-mt-[calc(var(--header-height)+min(200px,max(70px,20svh)))]\" dir=\"auto\" tabindex=\"-1\" data-turn-id=\"request-68cf1740-f044-8320-b794-7b729d41709a-24\" data-testid=\"conversation-turn-40\" data-scroll-anchor=\"false\" data-turn=\"assistant\">\n<div class=\"text-base my-auto mx-auto [--thread-content-margin:--spacing(4)] thread-sm:[--thread-content-margin:--spacing(6)] thread-lg:[--thread-content-margin:--spacing(16)] px-(--thread-content-margin)\">\n<div class=\"[--thread-content-max-width:40rem] thread-lg:[--thread-content-max-width:48rem] mx-auto max-w-(--thread-content-max-width) flex-1 group\/turn-messages focus-visible:outline-hidden relative flex w-full min-w-0 flex-col agent-turn\" tabindex=\"-1\">\n<div class=\"flex max-w-full flex-col grow\">\n<div class=\"min-h-8 text-message relative flex w-full flex-col items-end gap-2 text-start break-words whitespace-normal [.text-message+&amp;]:mt-5\" dir=\"auto\" data-message-author-role=\"assistant\" data-message-id=\"50aab9b1-f898-4146-b155-c5fe1ad94cd2\" data-message-model-slug=\"gpt-5-mini\">\n<div class=\"flex w-full flex-col gap-1 empty:hidden first:pt-[3px]\">\n<div class=\"markdown prose dark:prose-invert w-full break-words light markdown-new-styling\">\n<p data-start=\"41\" data-end=\"65\">\ud83e\udd11 <strong data-start=\"44\" data-end=\"63\">Cena aktywno\u015bci:<\/strong><\/p>\n<ul data-start=\"66\" data-end=\"137\" data-is-only-node=\"\">\n<li data-start=\"66\" data-end=\"81\">\n<p data-start=\"68\" data-end=\"81\">Doro\u015bli: 18 \u20ac<\/p>\n<\/li>\n<li data-start=\"82\" data-end=\"103\">\n<p data-start=\"84\" data-end=\"103\">Wiek od 6 do 11 lat: 18 \u20ac<\/p>\n<\/li>\n<li data-start=\"104\" data-end=\"137\">\n<p data-start=\"106\" data-end=\"137\">Poni\u017cej 6 lat: Niedozwolone \ud83d\udeab<\/p>\n<\/li>\n<\/ul>\n<\/div>\n<\/div>\n<\/div>\n<\/div>\n<\/div>\n<\/div>\n<\/article>\n<h3 data-start=\"2198\" data-end=\"2225\"><strong data-start=\"2205\" data-end=\"2223\">P\u0142atno\u015b\u0107 w USD ($ \ud83c\uddfa\ud83c\uddf8) zamiast EUR (\u20ac \ud83c\uddea\ud83c\uddfa) jest dost\u0119pna zgodnie z dziennym kursem wymiany banku.<\/strong><\/h3>\n<p><strong>Book Through WhatsApp:<\/strong><\/p>\n<p><a href=\"https:\/\/wa.me\/201021058859\" target=\"_blank\" rel=\"noopener\">\u00a0<img decoding=\"async\" class=\"alignnone wp-image-2058\" src=\"https:\/\/poehalisnamiegypt.com\/wp-content\/uploads\/2024\/02\/pngwing.com_-300x300.png\" sizes=\"auto, (max-width: 35px) 100vw, 35px\" srcset=\"https:\/\/poehalisnamiegypt.com\/wp-content\/uploads\/2024\/02\/pngwing.com_-300x300.png 300w, https:\/\/poehalisnamiegypt.com\/wp-content\/uploads\/2024\/02\/pngwing.com_-150x150.png 150w, https:\/\/poehalisnamiegypt.com\/wp-content\/uploads\/2024\/02\/pngwing.com_.png 584w\" alt=\"\" width=\"53\" height=\"53\" \/><\/a><\/p>\n<p>&nbsp;<\/p>\n<p data-start=\"836\" data-end=\"987\">\n<div id=\"gtx-trans\" style=\"position: absolute; left: 302px; top: 1.2px;\">\n<div class=\"gtx-trans-icon\"><\/div>\n<\/div>","protected":false},"excerpt":{"rendered":"<p>\ud83e\ude82 Soar Above the Red Sea \u2013 Unforgettable Parasailing Adventure! Get ready for one of the most thrilling and breathtaking experiences in Hurghada! Parasailing offers a unique chance to fly high above the sparkling waters \ud83c\udf0a, feel the fresh sea breeze \ud83c\udf2c\ufe0f, and witness panoramic views of the coastline \ud83c\udfd6\ufe0f like never before. \u2728 Experience [&hellip;]<\/p>","protected":false},"featured_media":10031,"comment_status":"open","ping_status":"closed","template":"","meta":{"_monsterinsights_skip_tracking":false,"_monsterinsights_sitenote_active":false,"_monsterinsights_sitenote_note":"","_monsterinsights_sitenote_category":0},"product_brand":[],"product_cat":[64],"product_tag":[],"class_list":{"0":"post-10026","1":"product","2":"type-product","3":"status-publish","4":"has-post-thumbnail","6":"product_cat-entertaining","8":"first","9":"instock","10":"shipping-taxable","11":"purchasable","12":"product-type-ovabrw_car_rental"},"_links":{"self":[{"href":"https:\/\/redsea-dream-tours.com\/pl\/wp-json\/wp\/v2\/product\/10026","targetHints":{"allow":["GET"]}}],"collection":[{"href":"https:\/\/redsea-dream-tours.com\/pl\/wp-json\/wp\/v2\/product"}],"about":[{"href":"https:\/\/redsea-dream-tours.com\/pl\/wp-json\/wp\/v2\/types\/product"}],"replies":[{"embeddable":true,"href":"https:\/\/redsea-dream-tours.com\/pl\/wp-json\/wp\/v2\/comments?post=10026"}],"wp:featuredmedia":[{"embeddable":true,"href":"https:\/\/redsea-dream-tours.com\/pl\/wp-json\/wp\/v2\/media\/10031"}],"wp:attachment":[{"href":"https:\/\/redsea-dream-tours.com\/pl\/wp-json\/wp\/v2\/media?parent=10026"}],"wp:term":[{"taxonomy":"product_brand","embeddable":true,"href":"https:\/\/redsea-dream-tours.com\/pl\/wp-json\/wp\/v2\/product_brand?post=10026"},{"taxonomy":"product_cat","embeddable":true,"href":"https:\/\/redsea-dream-tours.com\/pl\/wp-json\/wp\/v2\/product_cat?post=10026"},{"taxonomy":"product_tag","embeddable":true,"href":"https:\/\/redsea-dream-tours.com\/pl\/wp-json\/wp\/v2\/product_tag?post=10026"}],"curies":[{"name":"wp","href":"https:\/\/api.w.org\/{rel}","templated":true}]}}